{"id":122,"date":"2025-01-31T15:38:06","date_gmt":"2025-01-31T14:38:06","guid":{"rendered":"https:\/\/www.unioviedo.es\/RIPO\/?page_id=122"},"modified":"2025-01-31T15:43:53","modified_gmt":"2025-01-31T14:43:53","slug":"aviso-legal","status":"publish","type":"page","link":"https:\/\/www.unioviedo.es\/RIPO\/index.php\/aviso-legal\/","title":{"rendered":"Aviso Legal"},"content":{"rendered":"\n<h1 class=\"wp-block-heading\"><\/h1>\n\n\n\n<h2 class=\"wp-block-heading\">Informaci\u00f3n al usuario<\/h2>\n\n\n\n<p><strong>Universidad de Oviedo<\/strong>, con domicilio social en C\/ San Francisco, 3 \u2013 Oviedo 33007 (ASTURIAS) y CIF Q3318001I, en adelante el RESPONSABLE, es el Responsable del tratamiento de los datos personales del Usuario y le informa que estos datos ser\u00e1n tratados de conformidad con lo dispuesto en el Reglamento (UE) 2016\/679 de 27 de abril de 2016 relativo a la protecci\u00f3n de las personas f\u00edsicas en lo que respecta al tratamiento de datos personales y a la libre circulaci\u00f3n de estos datos, la Ley Org\u00e1nica 3\/2018, de 5 de diciembre, de Protecci\u00f3n de Datos Personales y garant\u00eda de los derechos digitales y el Reglamento de Protecci\u00f3n de Datos Personales de la Universidad de Oviedo, aprobado por Acuerdo de 5 de marzo de 2020, del Consejo de Gobierno de la Universidad de Oviedo, por lo que se le facilita la siguiente informaci\u00f3n del tratamiento:<\/p>\n\n\n\n<h2 class=\"wp-block-heading\">Fin del tratamiento<\/h2>\n\n\n\n<p>En el momento de la recogida de los datos se le informar\u00e1 de las finalidades del tratamiento, pudiendo ser:<\/p>\n\n\n\n<ul class=\"wp-block-list\">\n<li>Gesti\u00f3n docente y acad\u00e9mica, en particular la gesti\u00f3n de la matr\u00edcula, la confecci\u00f3n de actas de calificaci\u00f3n y su publicidad, la confecci\u00f3n de certificados personales, expedici\u00f3n de t\u00edtulos, gesti\u00f3n de pr\u00e1cticas en empresa e instituciones, y en general las necesarias para la prestaci\u00f3n de las funciones propias de un Servicio P\u00fablico de Educaci\u00f3n Superior.<\/li>\n\n\n\n<li>Gesti\u00f3n de la investigaci\u00f3n en lo relacionado con la actividad investigadora del Personal Docente e Investigador y contratos de investigaci\u00f3n.<\/li>\n\n\n\n<li>Gesti\u00f3n del personal en las finalidades necesarias para el mantenimiento de las relaciones laborales y el cumplimiento de las normas legales reguladoras de la materia, tanto para el Personal Docente e Investigador como para el Personal de Administraci\u00f3n y Servicios.<\/li>\n\n\n\n<li>&nbsp;Gesti\u00f3n econ\u00f3mica y del patrimonio, en particular el tratamiento y gesti\u00f3n de contratos subscritos y solicitud de servicios ofrecidos por la Universidad de Oviedo.<\/li>\n\n\n\n<li>Gesti\u00f3n de solicitudes y ofertas de empleo, y en su caso del proceso selectivo al que pudiera dar lugar, incluyendo la confecci\u00f3n de bolsas de empleo.<\/li>\n\n\n\n<li>Servicios a la comunidad universitaria, incluyendo, entre otros, servicio de prevenci\u00f3n, biblioteca, transporte, deportes, relaciones internacionales, correo electr\u00f3nico institucional y acceso a servicios telem\u00e1ticos.<\/li>\n\n\n\n<li>Solicitud de informaci\u00f3n, dudas o sugerencias, as\u00ed como la presentaci\u00f3n de instancias y escritos dirigidos a la Universidad de Oviedo.<\/li>\n<\/ul>\n\n\n\n<h2 class=\"wp-block-heading\">Criterios de conservaci\u00f3n de los datos<\/h2>\n\n\n\n<p>Los datos solicitados en los formularios del Sitio Web son, con car\u00e1cter general, obligatorios (salvo que en el campo requerido se especifique lo contrario) para cumplir con las finalidades establecidas. Por lo tanto, si no se facilitan o no se facilitan correctamente, no podr\u00e1n atenderse las solicitudes efectuadas por el Usuario, sin perjuicio de que pueda visualizarse libremente el contenido del Sitio Web. El Usuario garantiza que los datos personales facilitados son veraces y se hace responsable de comunicar cualquier modificaci\u00f3n de los mismos.<\/p>\n\n\n\n<h2 class=\"wp-block-heading\">Fin del tratamiento<\/h2>\n\n\n\n<p>En el momento de la recogida de los datos se le informar\u00e1 de las finalidades del tratamiento, pudiendo ser:<\/p>\n\n\n\n<p>Gesti\u00f3n docente y acad\u00e9mica, en particular la gesti\u00f3n de la matr\u00edcula, la confecci\u00f3n de actas de calificaci\u00f3n y su publicidad, la confecci\u00f3n de certificados personales, expedici\u00f3n de t\u00edtulos, gesti\u00f3n de pr\u00e1cticas en empresa e instituciones, y en general las necesarias para la prestaci\u00f3n de las funciones propias de un Servicio P\u00fablico de Educaci\u00f3n Superior.<\/p>\n\n\n\n<p>Gesti\u00f3n de la investigaci\u00f3n en lo relacionado con la actividad investigadora del Personal Docente e Investigador y contratos de investigaci\u00f3n.<\/p>\n\n\n\n<p>Gesti\u00f3n del personal en las finalidades necesarias para el mantenimiento de las relaciones laborales y el cumplimiento de las normas legales reguladoras de la materia, tanto para el Personal Docente e Investigador como para el Personal de Administraci\u00f3n y Servicios.<\/p>\n\n\n\n<p>Gesti\u00f3n econ\u00f3mica y del patrimonio, en particular el tratamiento y gesti\u00f3n de contratos suscritos y solicitud de servicios ofrecidos por la Universidad de Oviedo.<\/p>\n\n\n\n<p>Gesti\u00f3n de solicitudes y ofertas de empleo, y en su caso del proceso selectivo al que pudiera dar lugar, incluyendo la confecci\u00f3n de bolsas de empleo.<\/p>\n\n\n\n<p>Servicios a la comunidad universitaria, incluyendo, entre otros, servicio de prevenci\u00f3n, biblioteca, transporte, deportes, relaciones internacionales, correo electr\u00f3nico institucional y acceso a servicios telem\u00e1ticos.<\/p>\n\n\n\n<p>Solicitud de informaci\u00f3n, dudas o sugerencias, as\u00ed como la presentaci\u00f3n de instancias y escritos dirigidos a la Universidad de Oviedo.<\/p>\n\n\n\n<h2 class=\"wp-block-heading\">Legitimaci\u00f3n del tratamiento<\/h2>\n\n\n\n<p>El tratamiento de datos relativo a la gesti\u00f3n docente y acad\u00e9mica, a la gesti\u00f3n de la investigaci\u00f3n, del personal en las finalidades necesarias para el mantenimiento de las relaciones laborales, la gesti\u00f3n econ\u00f3mico y patrimonial, en particular el tratamiento y gesti\u00f3n de contratos subscritos y solicitud de servicios ofrecidos por la Universidad de Oviedo, as\u00ed como la gesti\u00f3n de los servicios a la comunidad universitaria es la propia relaci\u00f3n contractual y, en algunos casos, el cumplimiento de obligaciones legales aplicables a la Universidad de Oviedo.<\/p>\n\n\n\n<p>El tratamiento de datos relativo a la gesti\u00f3n de solicitudes y ofertas de empleo, y en su caso del proceso selectivo al que pudiera dar lugar, incluyendo la confecci\u00f3n de bolsas de empleo y la agencia de colocaci\u00f3n, as\u00ed como la solicitud de informaci\u00f3n, dudas o sugerencias, la presentaci\u00f3n de instancias y escritos dirigidos a la Universidad de Oviedo por parte de los usuarios, se legitimar\u00e1 en base al consentimiento de \u00e9stos.<\/p>\n\n\n\n<p>Finalmente, el tratamiento de datos relativo al env\u00edo de comunicaciones informativas con actividades del Responsable encuentra su legitimaci\u00f3n en el inter\u00e9s leg\u00edtimo del Responsable cuando el usuario mantenga una relaci\u00f3n contractual previa con el Responsable. En caso contrario, la base legitimadora ser\u00eda el consentimiento del usuario en la recepci\u00f3n de este tipo de comunicaciones.<\/p>\n\n\n\n<h2 class=\"wp-block-heading\">Plazos de conservaci\u00f3n de los datos<\/h2>\n\n\n\n<p>Los datos tratados ser\u00e1n conservados durante el tiempo necesario para la realizaci\u00f3n de las finalidades para las que fueron recogidos, y, con posterioridad, hasta la prescripci\u00f3n de las eventuales responsabilidades derivadas de aquellas o el cumplimiento de las obligaciones legales.<\/p>\n\n\n\n<p>No obstante, el usuario podr\u00e1 revocar en cualquier momento su consentimiento, en los supuestos se\u00f1alados, si bien ello no afectar\u00e1 a la licitud de los tratamientos efectuados con anterioridad.<\/p>\n\n\n\n<h2 class=\"wp-block-heading\">Criterios de conservaci\u00f3n de los datos<\/h2>\n\n\n\n<p>Se conservar\u00e1n mientras exista un inter\u00e9s mutuo para mantener el fin del tratamiento y cuando ya no sea necesario para tal fin, se suprimir\u00e1n con medidas de seguridad adecuadas para garantizar la seudonimizaci\u00f3n de los datos o la destrucci\u00f3n total de los mismos.<\/p>\n\n\n\n<h2 class=\"wp-block-heading\">Comunicaci\u00f3n de los datos<\/h2>\n\n\n\n<p>El Responsable contrata con terceros encargados del tratamiento para poder prestar sus servicios. En concreto, el Responsable tiene suscritos acuerdos con los siguientes proveedores de servicios:<\/p>\n\n\n\n<p>Microsoft (servicio de correo electr\u00f3nico).<\/p>\n\n\n\n<p>Telecable (servicio de red de datos y comunicaciones).<br>Con excepci\u00f3n de las entidades mencionadas, no se ceder\u00e1n sus datos a otros terceros. Si por alguna raz\u00f3n fuera necesario comunicar dichos datos a terceros, se le informar\u00e1 previamente y, en su caso, se le solicitar\u00e1 su consentimiento y se especificar\u00e1n las finalidades de la comunicaci\u00f3n y la identidad del tercero al que van a ser comunicados.<\/p>\n\n\n\n<p>Todo ello con la excepci\u00f3n de los supuestos en los que la Ley obligue a comunicar dichos datos a un tercero.<\/p>\n\n\n\n<h2 class=\"wp-block-heading\">Derechos que asisten al usuario<\/h2>\n\n\n\n<p>Las personas que nos facilitan sus datos gozan de los siguientes derechos en relaci\u00f3n a los mismos:<\/p>\n\n\n\n<p>Derecho de acceso<\/p>\n\n\n\n<p>Derecho de rectificaci\u00f3n o supresi\u00f3n<\/p>\n\n\n\n<p>Derecho a la limitaci\u00f3n del tratamiento<\/p>\n\n\n\n<p>Derecho a la portabilidad<\/p>\n\n\n\n<p>Derecho de oposici\u00f3n<\/p>\n\n\n\n<p>Derecho a no ser objeto de decisiones automatizadas<\/p>\n\n\n\n<p>Derecho a revocar el consentimiento<\/p>\n\n\n\n<p>Derecho a presentar una reclamaci\u00f3n Autoridad de Control competente, en este caso, la Agencia Espa\u00f1ola de Protecci\u00f3n de Datos, especialmente, en caso de que no haya obtenido satisfacci\u00f3n en el ejercicio de sus derechos. Puede ponerse en contacto con la Agencia Espa\u00f1ola de Protecci\u00f3n de Datos a trav\u00e9s de sus tel\u00e9fonos 901 100 099 y 912 663 517 o visit\u00e1ndoles a su direcci\u00f3n C\/ Jorge Juan, 6. 28001 \u2013 Madrid.<\/p>\n\n\n\n<p>Los derechos 1-7 pueden ejercerse, de acuerdo con el Reglamento de Protecci\u00f3n de Datos de la Universidad de Oviedo, mediante la presentaci\u00f3n de una solicitud en los registros general y auxiliares de la Universidad de Oviedo, as\u00ed como en cualquiera de los lugares establecidos en el art\u00edculo 16.4 de la Ley 39\/2015, de 1 de octubre, de Procedimiento Administrativo Com\u00fan de las Administraciones P\u00fablicas, por medios electr\u00f3nicos, mediante el formulario que a tal efecto se encuentre disponible en la p\u00e1gina web de la Universidad (https:\/\/euniovi.uniovi.es\/PresentarSolicitudes\/privado\/presentarSolicitudAutenticado.xhtml?idConvocatoria=60070), o mediante correo electr\u00f3nico dirigido a la Secretar\u00eda General de la Universidad (<a href=\"mailto:secretariageneral@uniovi.es\">secretariageneral@uniovi.es<\/a>)<\/p>\n\n\n\n<p>Si quiere obtener m\u00e1s informaci\u00f3n acerca de sus derechos, le sugerimos que visite la p\u00e1gina web de la Agencia Espa\u00f1ola de Protecci\u00f3n de Datos.<\/p>\n\n\n\n<h2 class=\"wp-block-heading\">Datos de contacto para ejercer sus derechos<\/h2>\n\n\n\n<p>UNIVERSIDAD DE OVIEDO<br>CIF: Q3318001I<br>C\/ SAN FRANCISCO, 3 33007 Oviedo (ASTURIAS)<br><a href=\"mailto:secretariageneral@uniovi.es\">secretariageneral@uniovi.es<\/a><\/p>\n\n\n\n<h2 class=\"wp-block-heading\">Procedencia de los datos<\/h2>\n\n\n\n<p>La totalidad de los datos recabados proceden del interesado.<\/p>\n\n\n\n<h2 class=\"wp-block-heading\">Delegado de Protecci\u00f3n de Datos<\/h2>\n\n\n\n<p>(DPO) El RESPONSABLE, en aras de garantizar la seguridad de sus datos, ha designado un Delegado de Protecci\u00f3n de Datos al cual puede dirigirse a trav\u00e9s de la siguiente direcci\u00f3n de correo electr\u00f3nico:&nbsp;<a href=\"mailto:delegadopdatos@uniovi.es\">delegadopdatos@uniovi.es<\/a><\/p>\n\n\n\n<h2 class=\"wp-block-heading\">Car\u00e1cter obligatorio o facultativo de la informaci\u00f3n facilitada por el usuario<\/h2>\n\n\n\n<p>Los Usuarios, mediante la marcaci\u00f3n de las casillas correspondientes y entrada de datos en los campos, marcados con un asterisco (*) en el formulario de contacto o presentados en formularios de descarga, aceptan expresamente y de forma libre e inequ\u00edvoca, que sus datos son necesarios para atender su petici\u00f3n, por parte del prestador, siendo voluntaria la inclusi\u00f3n de datos en los campos restantes. El Usuario garantiza que los datos personales facilitados al RESPONSABLE son veraces y se hace responsable de comunicar cualquier modificaci\u00f3n de los mismos.<\/p>\n\n\n\n<p>El RESPONSABLE informa y garantiza expresamente a los usuarios que sus datos personales no ser\u00e1n cedidos en ning\u00fan caso a terceros, y que siempre que realizara alg\u00fan tipo de cesi\u00f3n de datos personales, se pedir\u00e1 previamente el consentimiento expreso, informado e inequ\u00edvoco por parte los Usuarios. Todos los datos solicitados a trav\u00e9s del sitio web son obligatorios, ya que son necesarios para la prestaci\u00f3n de un servicio \u00f3ptimo al Usuario. En caso de que no sean facilitados todos los datos, no se garantiza que la informaci\u00f3n y servicios facilitados sean completamente ajustados a sus necesidades.<\/p>\n\n\n\n<h2 class=\"wp-block-heading\">Medidas de seguridad<\/h2>\n\n\n\n<p>Por \u00faltimo, le informamos de que el Responsable tratar\u00e1 sus datos en todo momento de forma absolutamente confidencial y guardando el preceptivo deber de secreto respecto de los mismos, de conformidad con lo previsto en la normativa de aplicaci\u00f3n, adoptando al efecto las medidas de \u00edndole t\u00e9cnica y organizativas necesarias que garanticen la seguridad de sus datos y eviten su alteraci\u00f3n, p\u00e9rdida, tratamiento o acceso no autorizado, habida cuenta del estado de la tecnolog\u00eda, la naturaleza de los datos almacenados y los riesgos a los que est\u00e1n expuestos.<\/p>\n","protected":false},"excerpt":{"rendered":"<p>Informaci\u00f3n al usuario Universidad de Oviedo, con domicilio social en C\/ San Francisco, 3 \u2013 Oviedo 33007 (ASTURIAS) y CIF Q3318001I, en adelante el RESPONSABLE, es el Responsable del tratamiento de los datos personales del Usuario y le informa que estos datos ser\u00e1n tratados de conformidad con lo dispuesto en el Reglamento (UE) 2016\/679 de [&hellip;]<\/p>\n","protected":false},"author":1,"featured_media":0,"parent":0,"menu_order":0,"comment_status":"closed","ping_status":"closed","template":"","meta":{"footnotes":""},"class_list":["post-122","page","type-page","status-publish","hentry"],"blocksy_meta":[],"_links":{"self":[{"href":"https:\/\/www.unioviedo.es\/RIPO\/index.php\/wp-json\/wp\/v2\/pages\/122","targetHints":{"allow":["GET"]}}],"collection":[{"href":"https:\/\/www.unioviedo.es\/RIPO\/index.php\/wp-json\/wp\/v2\/pages"}],"about":[{"href":"https:\/\/www.unioviedo.es\/RIPO\/index.php\/wp-json\/wp\/v2\/types\/page"}],"author":[{"embeddable":true,"href":"https:\/\/www.unioviedo.es\/RIPO\/index.php\/wp-json\/wp\/v2\/users\/1"}],"replies":[{"embeddable":true,"href":"https:\/\/www.unioviedo.es\/RIPO\/index.php\/wp-json\/wp\/v2\/comments?post=122"}],"version-history":[{"count":2,"href":"https:\/\/www.unioviedo.es\/RIPO\/index.php\/wp-json\/wp\/v2\/pages\/122\/revisions"}],"predecessor-version":[{"id":127,"href":"https:\/\/www.unioviedo.es\/RIPO\/index.php\/wp-json\/wp\/v2\/pages\/122\/revisions\/127"}],"wp:attachment":[{"href":"https:\/\/www.unioviedo.es\/RIPO\/index.php\/wp-json\/wp\/v2\/media?parent=122"}],"curies":[{"name":"wp","href":"https:\/\/api.w.org\/{rel}","templated":true}]}}