{"id":969,"date":"2022-06-28T09:42:44","date_gmt":"2022-06-28T09:42:44","guid":{"rendered":"https:\/\/startersites.io\/elementor\/web-agency\/?page_id=969"},"modified":"2025-11-25T10:50:56","modified_gmt":"2025-11-25T09:50:56","slug":"about","status":"publish","type":"page","link":"https:\/\/www.unioviedo.es\/RIPO\/index.php\/about\/","title":{"rendered":"About"},"content":{"rendered":"\t\t<div data-elementor-type=\"wp-page\" data-elementor-id=\"969\" class=\"elementor elementor-969\">\n\t\t\t\t<div class=\"elementor-element elementor-element-cecf231 e-con-full e-flex e-con e-parent\" data-id=\"cecf231\" data-element_type=\"container\" data-e-type=\"container\">\n\t\t<div class=\"elementor-element elementor-element-6d56151 e-con-full e-flex e-con e-child\" data-id=\"6d56151\" data-element_type=\"container\" data-e-type=\"container\" data-settings=\"{&quot;background_background&quot;:&quot;classic&quot;}\">\n\t\t<div class=\"elementor-element elementor-element-317978c e-flex e-con-boxed e-con e-child\" data-id=\"317978c\" data-element_type=\"container\" data-e-type=\"container\">\n\t\t\t\t\t<div class=\"e-con-inner\">\n\t\t\t\t<div class=\"elementor-element elementor-element-53c2eec elementor-widget__width-initial elementor-widget-tablet__width-inherit elementor-widget elementor-widget-heading\" data-id=\"53c2eec\" data-element_type=\"widget\" data-e-type=\"widget\" data-widget_type=\"heading.default\">\n\t\t\t\t<div class=\"elementor-widget-container\">\n\t\t\t\t\t<h2 class=\"elementor-heading-title elementor-size-default\">Quienes somos<\/h2>\t\t\t\t<\/div>\n\t\t\t\t<\/div>\n\t\t\t\t\t<\/div>\n\t\t\t\t<\/div>\n\t\t\t\t<\/div>\n\t\t\t\t<\/div>\n\t\t<div class=\"elementor-element elementor-element-a7d19dd e-flex e-con-boxed e-con e-parent\" data-id=\"a7d19dd\" data-element_type=\"container\" data-e-type=\"container\">\n\t\t\t\t\t<div class=\"e-con-inner\">\n\t\t<div class=\"elementor-element elementor-element-a0ab4a8 e-con-full e-flex e-con e-child\" data-id=\"a0ab4a8\" data-element_type=\"container\" data-e-type=\"container\">\n\t\t\t\t<div class=\"elementor-element elementor-element-dea0c94 elementor-widget elementor-widget-text-editor\" data-id=\"dea0c94\" data-element_type=\"widget\" data-e-type=\"widget\" data-widget_type=\"text-editor.default\">\n\t\t\t\t<div class=\"elementor-widget-container\">\n\t\t\t\t\t\t\t\t\t<p>La Red Interuniversitaria de Profesorado de Orientaci\u00f3n (RIPO) nace en noviembre de 2009 como un <strong>espacio debate e intercambio de experiencias y conocimientos\u00a0<\/strong>cient\u00edficos de profesorado e investigadores\/as en el \u00e1mbito de la orientaci\u00f3n educativa y profesional.<\/p><p>Desde sus inicios se ha organizado un seminario o reuni\u00f3n anual en el que las personas procedentes de distintas universidades de todos los lugares de Espa\u00f1a nos encontramos para analizar, discutir y hacer propuestas referidas a algunos de los ejes tem\u00e1ticos de la Red.<\/p>\t\t\t\t\t\t\t\t<\/div>\n\t\t\t\t<\/div>\n\t\t\t\t<\/div>\n\t\t\t\t\t<\/div>\n\t\t\t\t<\/div>\n\t\t<div class=\"elementor-element elementor-element-d875255 e-flex e-con-boxed e-con e-parent\" data-id=\"d875255\" data-element_type=\"container\" data-e-type=\"container\">\n\t\t\t\t\t<div class=\"e-con-inner\">\n\t\t<div class=\"elementor-element elementor-element-e2bfe0e e-con-full e-flex e-con e-child\" data-id=\"e2bfe0e\" data-element_type=\"container\" data-e-type=\"container\">\n\t\t\t\t<div class=\"elementor-element elementor-element-73e732e elementor-widget elementor-widget-heading\" data-id=\"73e732e\" data-element_type=\"widget\" data-e-type=\"widget\" data-widget_type=\"heading.default\">\n\t\t\t\t<div class=\"elementor-widget-container\">\n\t\t\t\t\t<h4 class=\"elementor-heading-title elementor-size-default\">Coordinaci\u00f3n<\/h4>\t\t\t\t<\/div>\n\t\t\t\t<\/div>\n\t\t\t\t<div class=\"elementor-element elementor-element-b35260b elementor-widget elementor-widget-text-editor\" data-id=\"b35260b\" data-element_type=\"widget\" data-e-type=\"widget\" data-widget_type=\"text-editor.default\">\n\t\t\t\t<div class=\"elementor-widget-container\">\n\t\t\t\t\t\t\t\t\t<p><span style=\"font-weight: bold;\">Coordinador: <\/span>Juan Llanes Ordo\u00f1ez. Universidad de Barcelona.<\/p>\n<p class=\"MsoNormal\" style=\"font-style: normal; font-variant-ligatures: normal; font-variant-caps: normal; font-weight: 400; font-size: 16px; font-family: -apple-system, BlinkMacSystemFont, 'Segoe UI', Roboto, Helvetica, Arial, sans-serif, 'Apple Color Emoji', 'Segoe UI Emoji', 'Segoe UI Symbol'; margin-block-end: 24px;\"><span style=\"font-weight: bold;\">Equipo de co-coordinadores\/as:<\/span><\/p>\n<ol>\n<li style=\"list-style-type: none;\">\n<ul style=\"margin-top: 0cm; font-style: normal; font-variant-ligatures: normal; font-variant-caps: normal; font-weight: 400; font-size: 16px; font-family: -apple-system, BlinkMacSystemFont, 'Segoe UI', Roboto, Helvetica, Arial, sans-serif, 'Apple Color Emoji', 'Segoe UI Emoji', 'Segoe UI Symbol'; padding-inline-start: 40px; margin-block-end: 24px;\" type=\"disc\">\n<li>\n<div role=\"presentation\"><i data-olk-copy-source=\"MessageBody\">Janire Adri\u00e1n (JovinRipo) (U. Valladolid)<\/i><\/div>\n<\/li>\n<li>\n<div role=\"presentation\"><i>Ana Cris Blasco Serrano (U. Zaragoza)<\/i><\/div>\n<\/li>\n<li>\n<div role=\"presentation\"><i>Manuel Delgado Garc\u00eda (U. Huelva)<\/i><\/div>\n<\/li>\n<li>\n<div role=\"presentation\"><i>Marisa Fari\u00f1a S\u00e1nchez (JovinRipo) (U. Sevilla)<\/i><\/div>\n<\/li>\n<li>\n<div role=\"presentation\"><i>Camino Ferreira (U. Le\u00f3n)<\/i><\/div>\n<\/li>\n<li>\n<div role=\"presentation\"><i>Rebeca Garc\u00eda Mur\u00edas (U. Santiago de Compostela)<\/i><\/div>\n<\/li>\n<li><i>Ainhoa Mart\u00ednez Rodr\u00edguez (JovinRipo) (U. Le\u00f3n)<\/i><\/li>\n<li>\n<div role=\"presentation\"><i>Celia Moreno Morilla (U. Sevilla)<\/i><\/div>\n<\/li>\n<li>\n<div role=\"presentation\"><i>Henar P\u00e9rez Herrero (U. Oviedo)<\/i><\/div>\n<\/li>\n<li>\n<div role=\"presentation\"><i>Robert Valls Figuera (U. Barcelona)<\/i><\/div>\n<\/li>\n<li>\n<div role=\"presentation\"><i>Marta Virg\u00f3s (JovinRipo) (U. Oviedo)<\/i><\/div>\n<\/li>\n<\/ul>\n<\/li>\n<\/ol>\t\t\t\t\t\t\t\t<\/div>\n\t\t\t\t<\/div>\n\t\t\t\t<div class=\"elementor-element elementor-element-e9ebfe3 elementor-widget elementor-widget-heading\" data-id=\"e9ebfe3\" data-element_type=\"widget\" data-e-type=\"widget\" data-widget_type=\"heading.default\">\n\t\t\t\t<div class=\"elementor-widget-container\">\n\t\t\t\t\t<h4 class=\"elementor-heading-title elementor-size-default\"><br><br><br>Objetivos de la red<\/h4>\t\t\t\t<\/div>\n\t\t\t\t<\/div>\n\t\t\t\t<div class=\"elementor-element elementor-element-b876901 elementor-widget elementor-widget-text-editor\" data-id=\"b876901\" data-element_type=\"widget\" data-e-type=\"widget\" data-widget_type=\"text-editor.default\">\n\t\t\t\t<div class=\"elementor-widget-container\">\n\t\t\t\t\t\t\t\t\t<ol><li>Conocer las l\u00edneas de investigaci\u00f3n que se est\u00e1n desarrollando en materia de orientaci\u00f3n en el contexto nacional.<\/li><li>Proporcionar un marco de reflexi\u00f3n te\u00f3rico-pr\u00e1ctico sobre los referentes actuales de la orientaci\u00f3n y su respuesta a las demandas de las sociedad.<\/li><li>Analizar las competencias y el curr\u00edculum de formaci\u00f3n de los profesionales de la orientaci\u00f3n.<\/li><li>Potenciar la investigaci\u00f3n en materia de orientaci\u00f3n en las nuevas generaciones del profesorado y personal investigador, as\u00ed como facilitar las relaciones intergeneracionales.<\/li><li>Debatir acerca de la situaci\u00f3n de la orientaci\u00f3n universitaria en el contexto del EEES y del Estatuto del Estudiante.<\/li><li>Reforzar la relaci\u00f3n humana y profesional en el desarrollo de una red de colaboraci\u00f3n interuniversitaria.<\/li><\/ol>\t\t\t\t\t\t\t\t<\/div>\n\t\t\t\t<\/div>\n\t\t\t\t<\/div>\n\t\t\t\t\t<\/div>\n\t\t\t\t<\/div>\n\t\t<div class=\"elementor-element elementor-element-22e2a92 e-flex e-con-boxed e-con e-parent\" data-id=\"22e2a92\" data-element_type=\"container\" data-e-type=\"container\">\n\t\t\t\t\t<div class=\"e-con-inner\">\n\t\t<div class=\"elementor-element elementor-element-3edb5e4 e-con-full e-flex e-con e-child\" data-id=\"3edb5e4\" data-element_type=\"container\" data-e-type=\"container\">\n\t\t\t\t<div class=\"elementor-element elementor-element-8c90a14 elementor-widget elementor-widget-heading\" data-id=\"8c90a14\" data-element_type=\"widget\" data-e-type=\"widget\" data-widget_type=\"heading.default\">\n\t\t\t\t<div class=\"elementor-widget-container\">\n\t\t\t\t\t<h4 class=\"elementor-heading-title elementor-size-default\">\u00c1reas de investigaci\u00f3n<\/h4>\t\t\t\t<\/div>\n\t\t\t\t<\/div>\n\t\t\t\t<div class=\"elementor-element elementor-element-0243ce0 elementor-widget elementor-widget-text-editor\" data-id=\"0243ce0\" data-element_type=\"widget\" data-e-type=\"widget\" data-widget_type=\"text-editor.default\">\n\t\t\t\t<div class=\"elementor-widget-container\">\n\t\t\t\t\t\t\t\t\t<ul><li>Orientaci\u00f3n educativa<\/li><li>Orientaci\u00f3n profesional \/ para el desarrollo de la carrera<\/li><li>Orientaci\u00f3n para el emprendimiento laboral, educativo y social<\/li><li>Diagn\u00f3stico, evaluaci\u00f3n y acreditaci\u00f3n de competencias profesionales<\/li><li>Evaluaci\u00f3n de la calidad en orientaci\u00f3n<\/li><li>Transiciones acad\u00e9micas, laborales y personales<\/li><li>Dise\u00f1o y evaluaci\u00f3n de programas de orientaci\u00f3n<\/li><li>Procedimientos y t\u00e9cnicas de orientaci\u00f3n<\/li><li>Enfoque y metodolog\u00edas de investigaci\u00f3n aplicadas a la orientaci\u00f3n<\/li><li>Orientaci\u00f3n, equidad, inclusi\u00f3n y justicia social<\/li><\/ul>\t\t\t\t\t\t\t\t<\/div>\n\t\t\t\t<\/div>\n\t\t\t\t<div class=\"elementor-element elementor-element-bf1840c elementor-widget elementor-widget-heading\" data-id=\"bf1840c\" data-element_type=\"widget\" data-e-type=\"widget\" data-widget_type=\"heading.default\">\n\t\t\t\t<div class=\"elementor-widget-container\">\n\t\t\t\t\t<h4 class=\"elementor-heading-title elementor-size-default\"><br><br><br>Actividades Previstas<\/h4>\t\t\t\t<\/div>\n\t\t\t\t<\/div>\n\t\t\t\t<div class=\"elementor-element elementor-element-aa72994 elementor-widget elementor-widget-text-editor\" data-id=\"aa72994\" data-element_type=\"widget\" data-e-type=\"widget\" data-widget_type=\"text-editor.default\">\n\t\t\t\t<div class=\"elementor-widget-container\">\n\t\t\t\t\t\t\t\t\t<ul><li>Encuentros anuales<\/li><li>Actividades formativas sobre investigaci\u00f3n e innovaciones o buenas pr\u00e1cticas en orientaci\u00f3n<\/li><li>Red de apoyo a investigadores\/as noveles<\/li><li>Difusi\u00f3n y divulgaci\u00f3n de investigaciones<\/li><li>Colaboraci\u00f3n y participaci\u00f3n en la organizaci\u00f3n de seminarios y congreso de AIDIPE<\/li><li>Participaci\u00f3n activa en la organizaci\u00f3n de AIDIPE<\/li><li>Reuniones interprofesionales<\/li><\/ul>\t\t\t\t\t\t\t\t<\/div>\n\t\t\t\t<\/div>\n\t\t\t\t<\/div>\n\t\t\t\t\t<\/div>\n\t\t\t\t<\/div>\n\t\t<div class=\"elementor-element elementor-element-f742e27 e-flex e-con-boxed e-con e-parent\" data-id=\"f742e27\" data-element_type=\"container\" data-e-type=\"container\" data-settings=\"{&quot;background_background&quot;:&quot;classic&quot;}\">\n\t\t\t\t\t<div class=\"e-con-inner\">\n\t\t<div class=\"elementor-element elementor-element-570a866 e-con-full e-flex e-con e-child\" data-id=\"570a866\" data-element_type=\"container\" data-e-type=\"container\">\n\t\t<div class=\"elementor-element elementor-element-34251f0 e-con-full e-flex e-con e-child\" data-id=\"34251f0\" data-element_type=\"container\" data-e-type=\"container\">\n\t\t<div class=\"elementor-element elementor-element-2b59ce0 e-flex e-con-boxed e-con e-child\" data-id=\"2b59ce0\" data-element_type=\"container\" data-e-type=\"container\">\n\t\t\t\t\t<div class=\"e-con-inner\">\n\t\t\t\t<div class=\"elementor-element elementor-element-7f0e690 elementor-widget elementor-widget-heading\" data-id=\"7f0e690\" data-element_type=\"widget\" data-e-type=\"widget\" data-widget_type=\"heading.default\">\n\t\t\t\t<div class=\"elementor-widget-container\">\n\t\t\t\t\t<h2 class=\"elementor-heading-title elementor-size-default\">Nuestra Newsletter<\/h2>\t\t\t\t<\/div>\n\t\t\t\t<\/div>\n\t\t\t\t<div class=\"elementor-element elementor-element-4e4c0ee elementor-widget elementor-widget-text-editor\" data-id=\"4e4c0ee\" data-element_type=\"widget\" data-e-type=\"widget\" data-widget_type=\"text-editor.default\">\n\t\t\t\t<div class=\"elementor-widget-container\">\n\t\t\t\t\t\t\t\t\t<p>Ingresa tu email para estar al tanto de todas las novedades<\/p>\t\t\t\t\t\t\t\t<\/div>\n\t\t\t\t<\/div>\n\t\t\t\t<div class=\"elementor-element elementor-element-45c6f29 elementor-widget__width-initial elementor-widget elementor-widget-wpforms\" data-id=\"45c6f29\" data-element_type=\"widget\" data-e-type=\"widget\" data-widget_type=\"wpforms.default\">\n\t\t\t\t<div class=\"elementor-widget-container\">\n\t\t\t\t\t<div class=\"wpforms-container wpforms-render-modern\" id=\"wpforms-299\"><form id=\"wpforms-form-299\" class=\"wpforms-validate wpforms-form wpforms-ajax-form\" data-formid=\"299\" method=\"post\" enctype=\"multipart\/form-data\" action=\"\/RIPO\/index.php\/wp-json\/wp\/v2\/pages\/969\" data-token=\"6d6066254550a1e7c20287bb46cf0e0b\" data-token-time=\"1776673328\"><noscript class=\"wpforms-error-noscript\">Por favor, activa JavaScript en tu navegador para completar este formulario.<\/noscript><div id=\"wpforms-error-noscript\" style=\"display: none;\">Por favor, activa JavaScript en tu navegador para completar este formulario.<\/div><div class=\"wpforms-field-container\"><div id=\"wpforms-299-field_1-container\" class=\"wpforms-field wpforms-field-email\" data-field-id=\"1\"><label class=\"wpforms-field-label wpforms-label-hide\" for=\"wpforms-299-field_1\" aria-hidden=\"false\">Email <span class=\"wpforms-required-label\" aria-hidden=\"true\">*<\/span><\/label><input type=\"email\" id=\"wpforms-299-field_1\" class=\"wpforms-field-large wpforms-field-required\" name=\"wpforms[fields][1]\" placeholder=\"Tu direcci\u00f3n de email\" spellcheck=\"false\" aria-errormessage=\"wpforms-299-field_1-error\" required><\/div><\/div><!-- .wpforms-field-container --><div class=\"wpforms-submit-container\" ><input type=\"hidden\" name=\"wpforms[id]\" value=\"299\"><input type=\"hidden\" name=\"page_title\" value=\"\"><input type=\"hidden\" name=\"page_url\" value=\"https:\/\/www.unioviedo.es\/RIPO\/index.php\/wp-json\/wp\/v2\/pages\/969\"><input type=\"hidden\" name=\"url_referer\" value=\"\"><button type=\"submit\" name=\"wpforms[submit]\" id=\"wpforms-submit-299\" class=\"wpforms-submit\" data-alt-text=\"Enviando...\" data-submit-text=\"\u00danete\" aria-live=\"assertive\" value=\"wpforms-submit\">\u00danete<\/button><img decoding=\"async\" src=\"https:\/\/www.unioviedo.es\/RIPO\/wp-content\/plugins\/wpforms-lite\/assets\/images\/submit-spin.svg\" class=\"wpforms-submit-spinner\" style=\"display: none;\" width=\"26\" height=\"26\" alt=\"Cargando\"><\/div><\/form><\/div>  <!-- .wpforms-container -->\t\t\t\t<\/div>\n\t\t\t\t<\/div>\n\t\t\t\t\t<\/div>\n\t\t\t\t<\/div>\n\t\t\t\t<\/div>\n\t\t\t\t<\/div>\n\t\t\t\t\t<\/div>\n\t\t\t\t<\/div>\n\t\t\t\t<\/div>\n\t\t","protected":false},"excerpt":{"rendered":"<p>Quienes somos La Red Interuniversitaria de Profesorado de Orientaci\u00f3n (RIPO) nace en noviembre de 2009 como un espacio debate e intercambio de experiencias y conocimientos\u00a0cient\u00edficos de profesorado e investigadores\/as en el \u00e1mbito de la orientaci\u00f3n educativa y profesional. Desde sus inicios se ha organizado un seminario o reuni\u00f3n anual en el que las personas procedentes [&hellip;]<\/p>\n","protected":false},"author":1,"featured_media":0,"parent":0,"menu_order":0,"comment_status":"closed","ping_status":"closed","template":"","meta":{"footnotes":""},"class_list":["post-969","page","type-page","status-publish","hentry"],"blocksy_meta":{"page_title_panel":"","has_hero_section":"disabled","6adf8427e3338cacf5ab2f524b7ef8b1":"","hero_section":"type-1","hero_elements":[{"id":"custom_title","enabled":true,"heading_tag":"h1","title":"Home"},{"id":"custom_description","enabled":true,"description_visibility":{"desktop":true,"tablet":true,"mobile":false}},{"id":"custom_meta","enabled":false,"meta_elements":[{"id":"author","enabled":true,"label":"By","has_author_avatar":"yes","avatar_size":25},{"id":"post_date","enabled":true,"label":"On","date_format_source":"default","date_format":"M j, Y"},{"id":"updated_date","enabled":false,"label":"On","date_format_source":"default","date_format":"M j, Y"},{"id":"categories","enabled":false,"label":"In","style":"simple"},{"id":"comments","enabled":true}],"page_meta_elements":{"joined":true,"articles_count":true,"comments":true}},{"id":"breadcrumbs","enabled":false}],"9741cca921386e11d73035f6d3788b1c":"","hero_alignment1":"CT_CSS_SKIP_RULE","hero_margin":40,"hero_alignment2":"center","hero_vertical_alignment":"center","7295e70143525a5f80712cda0789f708":"","hero_structure":"narrow","f28dfdaa4842de3933d4727cb207d2e1":"","page_title_bg_type":"featured_image","custom_hero_background":{"attachment_id":null},"page_title_image_size":"full","parallax":{"desktop":false,"tablet":false,"mobile":false},"5edf9deb27275997a5092861bfebae73":"","hero_height":"250px","pageTitleFont":{"family":"Default","variation":"Default","size":"30px","line-height":"CT_CSS_SKIP_RULE","letter-spacing":"CT_CSS_SKIP_RULE","text-transform":"CT_CSS_SKIP_RULE","text-decoration":"CT_CSS_SKIP_RULE"},"pageTitleFontColor":{"default":{"color":"CT_CSS_SKIP_RULEDEFAULT"}},"pageMetaFont":{"family":"Default","variation":"n6","size":"12px","line-height":"1.3","letter-spacing":"CT_CSS_SKIP_RULE","text-transform":"uppercase","text-decoration":"CT_CSS_SKIP_RULE"},"pageMetaFontColor":{"default":{"color":"CT_CSS_SKIP_RULEDEFAULT"},"hover":{"color":"CT_CSS_SKIP_RULEDEFAULT"}},"page_meta_button_type_font_colors":{"default":{"color":"CT_CSS_SKIP_RULEDEFAULT"},"hover":{"color":"CT_CSS_SKIP_RULEDEFAULT"}},"page_meta_button_type_background_colors":{"default":{"color":"CT_CSS_SKIP_RULEDEFAULT"},"hover":{"color":"CT_CSS_SKIP_RULEDEFAULT"}},"pageExcerptFont":{"family":"Default","variation":"Default","size":"CT_CSS_SKIP_RULE","line-height":"CT_CSS_SKIP_RULE","letter-spacing":"CT_CSS_SKIP_RULE","text-transform":"CT_CSS_SKIP_RULE","text-decoration":"CT_CSS_SKIP_RULE"},"pageExcerptColor":{"default":{"color":"CT_CSS_SKIP_RULEDEFAULT"}},"breadcrumbsFont":{"family":"Default","variation":"Default","size":"CT_CSS_SKIP_RULE","line-height":"CT_CSS_SKIP_RULE","letter-spacing":"CT_CSS_SKIP_RULE","text-transform":"CT_CSS_SKIP_RULE","text-decoration":"CT_CSS_SKIP_RULE"},"breadcrumbsFontColor":{"default":{"color":"CT_CSS_SKIP_RULEDEFAULT"},"initial":{"color":"CT_CSS_SKIP_RULEDEFAULT"},"hover":{"color":"CT_CSS_SKIP_RULEDEFAULT"}},"pageTitleOverlay":{"background_type":"color","background_pattern":"type-1","background_image":{"attachment_id":null,"x":0,"y":0},"gradient":"linear-gradient(135deg,rgba(6,147,227,1) 0%,rgb(155,81,224) 100%)","background_repeat":"repeat","background_size":"auto","background_attachment":"scroll","patternColor":{"default":{"color":"#e5e7ea"}},"overlayColor":{"default":{"color":"CT_CSS_SKIP_RULE"}},"backgroundColor":{"default":{"color":"CT_CSS_SKIP_RULE"}}},"pageTitleBackground":{"background_type":"color","background_pattern":"type-1","background_image":{"attachment_id":null,"x":0,"y":0},"gradient":"linear-gradient(135deg,rgba(6,147,227,1) 0%,rgb(155,81,224) 100%)","background_repeat":"repeat","background_size":"auto","background_attachment":"scroll","patternColor":{"default":{"color":"#e5e7ea"}},"overlayColor":{"default":{"color":"CT_CSS_SKIP_RULE"}},"backgroundColor":{"default":{"color":"var(--theme-palette-color-6)"}}},"pageTitlePadding":{"top":"50px","bottom":"50px","left":"auto","right":"auto","linked":true},"1bb85a443599e4f3c9dda8cd1d52b4f8":"","page_structure_type":"default","858466f3ebd28086503780ff7f37f52f":"","content_style_source":"inherit","content_style":"wide","vertical_spacing_source":"custom","content_area_spacing":"none","background":{"background_type":"color","background_pattern":"type-1","background_image":{"attachment_id":null,"x":0,"y":0},"gradient":"linear-gradient(135deg,rgba(6,147,227,1) 0%,rgb(155,81,224) 100%)","background_repeat":"repeat","background_size":"auto","background_attachment":"scroll","patternColor":{"default":{"color":"#e5e7ea"}},"overlayColor":{"default":{"color":"CT_CSS_SKIP_RULE"}},"backgroundColor":{"default":{"color":"CT_CSS_SKIP_RULE"}}},"content_background":{"background_type":"color","background_pattern":"type-1","background_image":{"attachment_id":null,"x":0,"y":0},"gradient":"linear-gradient(135deg,rgba(6,147,227,1) 0%,rgb(155,81,224) 100%)","background_repeat":"repeat","background_size":"auto","background_attachment":"scroll","patternColor":{"default":{"color":"#e5e7ea"}},"overlayColor":{"default":{"color":"CT_CSS_SKIP_RULE"}},"backgroundColor":{"default":{"color":"var(--theme-palette-color-8)"}}},"content_boxed_shadow":{"inherit":false,"blur":18,"spread":-6,"v_offset":12,"h_offset":0,"inset":false,"enable":true,"color":{"color":"rgba(34, 56, 101, 0.04)"}},"content_boxed_border":{"width":1,"style":"none","color":{"color":"rgba(44,62,80,0.2)"}},"content_boxed_radius":{"top":"3px","bottom":"3px","left":"3px","right":"3px","linked":true},"boxed_content_spacing":{"desktop":{"top":"40px","bottom":"40px","left":"40px","right":"40px","linked":true},"tablet":{"top":"35px","bottom":"35px","left":"35px","right":"35px","linked":true},"mobile":{"top":"20px","bottom":"20px","left":"20px","right":"20px","linked":true}},"89c5690a5759feff4305e208991a1347":"","disable_featured_image":"no","disable_share_box":"no","disable_header":"no","disable_footer":"no","styles_descriptor":{"styles":{"desktop":"","tablet":"","mobile":""},"google_fonts":[],"version":6}},"_links":{"self":[{"href":"https:\/\/www.unioviedo.es\/RIPO\/index.php\/wp-json\/wp\/v2\/pages\/969","targetHints":{"allow":["GET"]}}],"collection":[{"href":"https:\/\/www.unioviedo.es\/RIPO\/index.php\/wp-json\/wp\/v2\/pages"}],"about":[{"href":"https:\/\/www.unioviedo.es\/RIPO\/index.php\/wp-json\/wp\/v2\/types\/page"}],"author":[{"embeddable":true,"href":"https:\/\/www.unioviedo.es\/RIPO\/index.php\/wp-json\/wp\/v2\/users\/1"}],"replies":[{"embeddable":true,"href":"https:\/\/www.unioviedo.es\/RIPO\/index.php\/wp-json\/wp\/v2\/comments?post=969"}],"version-history":[{"count":31,"href":"https:\/\/www.unioviedo.es\/RIPO\/index.php\/wp-json\/wp\/v2\/pages\/969\/revisions"}],"predecessor-version":[{"id":2632,"href":"https:\/\/www.unioviedo.es\/RIPO\/index.php\/wp-json\/wp\/v2\/pages\/969\/revisions\/2632"}],"wp:attachment":[{"href":"https:\/\/www.unioviedo.es\/RIPO\/index.php\/wp-json\/wp\/v2\/media?parent=969"}],"curies":[{"name":"wp","href":"https:\/\/api.w.org\/{rel}","templated":true}]}}