{"id":1066,"date":"2023-04-03T23:23:18","date_gmt":"2023-04-03T21:23:18","guid":{"rendered":"http:\/\/www.unioviedo.es\/RUEI\/?page_id=1066"},"modified":"2024-03-03T16:20:07","modified_gmt":"2024-03-03T15:20:07","slug":"inscribete-en-la-ruei","status":"publish","type":"page","link":"https:\/\/www.unioviedo.es\/RUEI\/index.php\/inscribete-en-la-ruei\/","title":{"rendered":"Inscr\u00edbete en la RUEI"},"content":{"rendered":"\n<p><strong>La RUEI, una red cient\u00edfica y cultural cuya finalidad es contribuir a la mejora educativa y social a trav\u00e9s de la reflexi\u00f3n, la investigaci\u00f3n y la difusi\u00f3n en educaci\u00f3n inclusiva. <\/strong><\/p>\n\n\n\n<div class=\"wp-block-image\"><figure class=\"aligncenter\"><img loading=\"lazy\" decoding=\"async\" width=\"358\" height=\"141\" src=\"http:\/\/www.unioviedo.es\/RUEI\/wp-content\/uploads\/2023\/04\/Inscr\u00edbite-aqu\u00ed.png\" alt=\"\" class=\"wp-image-1053\" srcset=\"https:\/\/www.unioviedo.es\/RUEI\/wp-content\/uploads\/2023\/04\/Inscr\u00edbite-aqu\u00ed.png 358w, https:\/\/www.unioviedo.es\/RUEI\/wp-content\/uploads\/2023\/04\/Inscr\u00edbite-aqu\u00ed-300x118.png 300w\" sizes=\"auto, (max-width: 358px) 100vw, 358px\" \/><\/figure><\/div>\n\n\n\n<p> Para darte de alta formalmente en la RUEI el procedimiento es el siguiente:<\/p>\n\n\n\n<p><strong>1. CUMPLIMENTAR EL FORMULARIO DE INSCRIPCI\u00d3N<\/strong><\/p>\n\n\n\n<ul class=\"wp-block-list\"><li>A trav\u00e9s de este formulario recogeremos tus datos personales y profesionales y, tambi\u00e9n,  comenzaremos a renovar la informaci\u00f3n que actualmente hay en la web de la RUEI. <\/li><li><a href=\"http:\/\/www.unioviedo.es\/RUEI\/wp-content\/uploads\/2024\/03\/Formulario-incripcion-R.U.E.I.pdf\" target=\"_blank\" rel=\"noreferrer noopener\" aria-label=\"Enlace al formulario de inscripci\u00f3n (abre en una nueva pesta\u00f1a)\">Enlace al formulario de inscripci\u00f3n<\/a><\/li><\/ul>\n\n\n\n<p><strong>2. CUMPLIMENTAR LA DOMICILIACI\u00d3N BANCARIA DE LA CUOTA<\/strong><\/p>\n\n\n\n<ul class=\"wp-block-list\"><li>Actualmente, la cuota anual de la RUEI es de 60\u20ac y su cobro se realiza mediante domiciliaci\u00f3n bancaria. Para ello, junto al formulario debes cumplimentar el documento \u00ab<em>Orden de domiciliaci\u00f3n de adeudo directo SEPA<\/em>\u00bb que encontrar\u00e1s en el siguiente enlace.<\/li><li><a href=\"http:\/\/www.unioviedo.es\/RUEI\/wp-content\/uploads\/2024\/03\/Domiciliacion-cuota-asociarse-RUEI.pdf\" target=\"_blank\" rel=\"noreferrer noopener\" aria-label=\"Enlace al documento de dom (abre en una nueva pesta\u00f1a)\">Enlace al documento de dom<\/a><a href=\"http:\/\/www.unioviedo.es\/RUEI\/wp-content\/uploads\/2024\/03\/Domiciliacion-cuota-asociarse-RUEI.pdf\">iciliaci\u00f3n<\/a><\/li><\/ul>\n\n\n\n<p><strong>3. REMITIR LA INSCRIPCI\u00d3N Y LA DOMICILIACI\u00d3N BANCARIA<\/strong><\/p>\n\n\n\n<ul class=\"wp-block-list\"><li>Una vez cumplimentados ambos documentos (inscripci\u00f3n y domiciliaci\u00f3n bancaria), es importante enviarlos a la direcci\u00f3n de correo electr\u00f3nico de la RUEI: <a rel=\"noreferrer noopener\" href=\"mailto:info@ruei.es\" target=\"_blank\">info@ruei.es<\/a>&nbsp;<\/li><\/ul>\n","protected":false},"excerpt":{"rendered":"<p>La RUEI, una red cient\u00edfica y cultural cuya finalidad es contribuir a la mejora educativa y social a trav\u00e9s de&hellip;<\/p>\n","protected":false},"author":1,"featured_media":0,"parent":0,"menu_order":0,"comment_status":"closed","ping_status":"closed","template":"","meta":{"footnotes":""},"class_list":["post-1066","page","type-page","status-publish","hentry"],"_links":{"self":[{"href":"https:\/\/www.unioviedo.es\/RUEI\/index.php\/wp-json\/wp\/v2\/pages\/1066","targetHints":{"allow":["GET"]}}],"collection":[{"href":"https:\/\/www.unioviedo.es\/RUEI\/index.php\/wp-json\/wp\/v2\/pages"}],"about":[{"href":"https:\/\/www.unioviedo.es\/RUEI\/index.php\/wp-json\/wp\/v2\/types\/page"}],"author":[{"embeddable":true,"href":"https:\/\/www.unioviedo.es\/RUEI\/index.php\/wp-json\/wp\/v2\/users\/1"}],"replies":[{"embeddable":true,"href":"https:\/\/www.unioviedo.es\/RUEI\/index.php\/wp-json\/wp\/v2\/comments?post=1066"}],"version-history":[{"count":6,"href":"https:\/\/www.unioviedo.es\/RUEI\/index.php\/wp-json\/wp\/v2\/pages\/1066\/revisions"}],"predecessor-version":[{"id":1099,"href":"https:\/\/www.unioviedo.es\/RUEI\/index.php\/wp-json\/wp\/v2\/pages\/1066\/revisions\/1099"}],"wp:attachment":[{"href":"https:\/\/www.unioviedo.es\/RUEI\/index.php\/wp-json\/wp\/v2\/media?parent=1066"}],"curies":[{"name":"wp","href":"https:\/\/api.w.org\/{rel}","templated":true}]}}