{"id":1071,"date":"2023-04-03T23:34:58","date_gmt":"2023-04-03T21:34:58","guid":{"rendered":"http:\/\/www.unioviedo.es\/RUEI\/?page_id=1071"},"modified":"2025-12-13T10:28:44","modified_gmt":"2025-12-13T09:28:44","slug":"junta-directiva-de-la-ruei","status":"publish","type":"page","link":"https:\/\/www.unioviedo.es\/RUEI\/index.php\/junta-directiva-de-la-ruei\/","title":{"rendered":"Junta Directiva de la RUEI"},"content":{"rendered":"\n<p>La Junta Directiva actual de la RUEI, de acuerdo al art\u00edculo 17 de sus Estatutos, est\u00e1 formada por las siguientes personas: <\/p>\n\n\n\n<ul class=\"wp-block-list\">\n<li><strong>Presidencia:\u00a0 Dolors Forteza Forteza<\/strong><em>(Universitat de les Illes Balears)<\/em><\/li>\n\n\n\n<li><strong>Vicepresidencia: Montserrat Vil\u00e0 Su\u00f1\u00e9<em> <\/em><\/strong><em>(Universitat de Girona)\u00a0\u00a0<\/em> <\/li>\n\n\n\n<li><strong>Secretar\u00eda: Alejandro Rodr\u00edguez Mart\u00edn<\/strong> <em>(Universidad de Oviedo)<\/em><\/li>\n\n\n\n<li><strong>Vicesecretar\u00eda: Jes\u00fas Molina Saor\u00edn<\/strong> <em>(Universidad de Murcia)<\/em><\/li>\n\n\n\n<li><strong>Tesorer\u00eda: Francisca Gonz\u00e1lez Gil<\/strong> <em>(Universidad de Salamanca)<\/em><\/li>\n\n\n\n<li><strong>Vocal\u00eda 1\u00aa: Elena M\u00aa D\u00edaz Pareja<\/strong> <em>(Universidad de J\u00e1en)<\/em><\/li>\n\n\n\n<li><strong>Vocal\u00eda 2\u00aa: Luis Ortiz Jim\u00e9nez<em> <\/em><\/strong><em>(Universidad de Almer\u00eda)<\/em><\/li>\n\n\n\n<li><strong>Vocal\u00eda 3\u00aa: Diana Mar\u00edn Suelves<\/strong> <em>(Universitat de Val\u00e8ncia)<\/em><\/li>\n<\/ul>\n\n\n\n<p><\/p>\n","protected":false},"excerpt":{"rendered":"<p>La Junta Directiva actual de la RUEI, de acuerdo al art\u00edculo 17 de sus Estatutos, est\u00e1 formada por las siguientes&hellip;<\/p>\n","protected":false},"author":1,"featured_media":0,"parent":0,"menu_order":0,"comment_status":"closed","ping_status":"closed","template":"","meta":{"footnotes":""},"class_list":["post-1071","page","type-page","status-publish","hentry"],"_links":{"self":[{"href":"https:\/\/www.unioviedo.es\/RUEI\/index.php\/wp-json\/wp\/v2\/pages\/1071","targetHints":{"allow":["GET"]}}],"collection":[{"href":"https:\/\/www.unioviedo.es\/RUEI\/index.php\/wp-json\/wp\/v2\/pages"}],"about":[{"href":"https:\/\/www.unioviedo.es\/RUEI\/index.php\/wp-json\/wp\/v2\/types\/page"}],"author":[{"embeddable":true,"href":"https:\/\/www.unioviedo.es\/RUEI\/index.php\/wp-json\/wp\/v2\/users\/1"}],"replies":[{"embeddable":true,"href":"https:\/\/www.unioviedo.es\/RUEI\/index.php\/wp-json\/wp\/v2\/comments?post=1071"}],"version-history":[{"count":3,"href":"https:\/\/www.unioviedo.es\/RUEI\/index.php\/wp-json\/wp\/v2\/pages\/1071\/revisions"}],"predecessor-version":[{"id":1484,"href":"https:\/\/www.unioviedo.es\/RUEI\/index.php\/wp-json\/wp\/v2\/pages\/1071\/revisions\/1484"}],"wp:attachment":[{"href":"https:\/\/www.unioviedo.es\/RUEI\/index.php\/wp-json\/wp\/v2\/media?parent=1071"}],"curies":[{"name":"wp","href":"https:\/\/api.w.org\/{rel}","templated":true}]}}