{"id":1193,"date":"2024-03-08T18:16:26","date_gmt":"2024-03-08T17:16:26","guid":{"rendered":"http:\/\/www.unioviedo.es\/RUEI\/?page_id=1193"},"modified":"2024-05-24T09:56:46","modified_gmt":"2024-05-24T07:56:46","slug":"universidad-autonoma-universitat-autonoma-de-barcelona-2","status":"publish","type":"page","link":"https:\/\/www.unioviedo.es\/RUEI\/index.php\/universidad-autonoma-universitat-autonoma-de-barcelona-2\/","title":{"rendered":"Universidad Aut\u00f3noma  \/ Universitat Aut\u00f2noma de Barcelona"},"content":{"rendered":"\n<div class=\"wp-block-image\"><figure class=\"aligncenter is-resized\"><img loading=\"lazy\" decoding=\"async\" src=\"https:\/\/www.unioviedo.es\/RUEI\/wp-content\/uploads\/2024\/03\/Logo-UAB-2-1024x486.jpg\" alt=\"\" class=\"wp-image-1196\" width=\"418\" height=\"198\" srcset=\"https:\/\/www.unioviedo.es\/RUEI\/wp-content\/uploads\/2024\/03\/Logo-UAB-2-1024x486.jpg 1024w, https:\/\/www.unioviedo.es\/RUEI\/wp-content\/uploads\/2024\/03\/Logo-UAB-2-300x142.jpg 300w, https:\/\/www.unioviedo.es\/RUEI\/wp-content\/uploads\/2024\/03\/Logo-UAB-2-768x364.jpg 768w, https:\/\/www.unioviedo.es\/RUEI\/wp-content\/uploads\/2024\/03\/Logo-UAB-2-1600x759.jpg 1600w\" sizes=\"auto, (max-width: 418px) 100vw, 418px\" \/><\/figure><\/div>\n\n\n\n<ul class=\"wp-block-list\"><li><strong>Jurado de los Santos, Pedro<\/strong><\/li><li><strong><a rel=\"noreferrer noopener\" aria-label=\"Sanahuja Gavald\u00e0, Josep Mar\u00eda (abre en una nueva pesta\u00f1a)\" href=\"http:\/\/www.unioviedo.es\/RUEI\/wp-content\/uploads\/2024\/03\/Sanahuja-Gavald\u00e0-Josep-Mar\u00eda.pdf\" target=\"_blank\">Sanahuja Gavald\u00e0, Josep Mar\u00eda<\/a><\/strong><\/li><\/ul>\n\n\n\n<p>Si deseas integrarte o actualizar la informaci\u00f3n, no dudes en escribirnos a: <a href=\"https:\/\/www.unioviedo.es\/RUEI\/index.php\/contacto\/\">info@ruei.es<\/a><\/p>\n","protected":false},"excerpt":{"rendered":"<p>Jurado de los Santos, Pedro Sanahuja Gavald\u00e0, Josep Mar\u00eda Si deseas integrarte o actualizar la informaci\u00f3n, no dudes en escribirnos&hellip;<\/p>\n","protected":false},"author":1,"featured_media":0,"parent":0,"menu_order":0,"comment_status":"closed","ping_status":"closed","template":"","meta":{"footnotes":""},"class_list":["post-1193","page","type-page","status-publish","hentry"],"_links":{"self":[{"href":"https:\/\/www.unioviedo.es\/RUEI\/index.php\/wp-json\/wp\/v2\/pages\/1193","targetHints":{"allow":["GET"]}}],"collection":[{"href":"https:\/\/www.unioviedo.es\/RUEI\/index.php\/wp-json\/wp\/v2\/pages"}],"about":[{"href":"https:\/\/www.unioviedo.es\/RUEI\/index.php\/wp-json\/wp\/v2\/types\/page"}],"author":[{"embeddable":true,"href":"https:\/\/www.unioviedo.es\/RUEI\/index.php\/wp-json\/wp\/v2\/users\/1"}],"replies":[{"embeddable":true,"href":"https:\/\/www.unioviedo.es\/RUEI\/index.php\/wp-json\/wp\/v2\/comments?post=1193"}],"version-history":[{"count":3,"href":"https:\/\/www.unioviedo.es\/RUEI\/index.php\/wp-json\/wp\/v2\/pages\/1193\/revisions"}],"predecessor-version":[{"id":1431,"href":"https:\/\/www.unioviedo.es\/RUEI\/index.php\/wp-json\/wp\/v2\/pages\/1193\/revisions\/1431"}],"wp:attachment":[{"href":"https:\/\/www.unioviedo.es\/RUEI\/index.php\/wp-json\/wp\/v2\/media?parent=1193"}],"curies":[{"name":"wp","href":"https:\/\/api.w.org\/{rel}","templated":true}]}}