{"id":1223,"date":"2024-03-08T19:03:29","date_gmt":"2024-03-08T18:03:29","guid":{"rendered":"http:\/\/www.unioviedo.es\/RUEI\/?page_id=1223"},"modified":"2024-03-08T19:04:30","modified_gmt":"2024-03-08T18:04:30","slug":"universidad-complutense-de-madrid-2","status":"publish","type":"page","link":"https:\/\/www.unioviedo.es\/RUEI\/index.php\/universidad-complutense-de-madrid-2\/","title":{"rendered":"Universidad Complutense de Madrid"},"content":{"rendered":"\n<div class=\"wp-block-image\"><figure class=\"aligncenter is-resized\"><img loading=\"lazy\" decoding=\"async\" src=\"https:\/\/www.unioviedo.es\/RUEI\/wp-content\/uploads\/2024\/03\/Logo-UCM-1024x942.png\" alt=\"\" class=\"wp-image-1225\" width=\"254\" height=\"233\" srcset=\"https:\/\/www.unioviedo.es\/RUEI\/wp-content\/uploads\/2024\/03\/Logo-UCM-1024x942.png 1024w, https:\/\/www.unioviedo.es\/RUEI\/wp-content\/uploads\/2024\/03\/Logo-UCM-300x276.png 300w, https:\/\/www.unioviedo.es\/RUEI\/wp-content\/uploads\/2024\/03\/Logo-UCM-768x706.png 768w, https:\/\/www.unioviedo.es\/RUEI\/wp-content\/uploads\/2024\/03\/Logo-UCM.png 1181w\" sizes=\"auto, (max-width: 254px) 100vw, 254px\" \/><\/figure><\/div>\n\n\n\n<ul class=\"wp-block-list\"><li><strong><a rel=\"noreferrer noopener\" aria-label=\"Ben\u00edtez Sastre, Laura (abre en una nueva pesta\u00f1a)\" href=\"http:\/\/www.unioviedo.es\/RUEI\/wp-content\/uploads\/2024\/03\/Ben\u00edtez-Sastre-Laura.pdf\" target=\"_blank\">Ben\u00edtez Sastre, Laura<\/a><\/strong><\/li><li><strong><a rel=\"noreferrer noopener\" aria-label=\"Mendoza Carretero, M\u00aa del Rosario (abre en una nueva pesta\u00f1a)\" href=\"http:\/\/www.unioviedo.es\/RUEI\/wp-content\/uploads\/2024\/03\/Mendoza-Carretero-M\u00aa-del-Rosario.pdf\" target=\"_blank\">Mendoza Carretero, M\u00aa del Rosario<\/a><\/strong><\/li><li><strong><a href=\"http:\/\/www.unioviedo.es\/RUEI\/wp-content\/uploads\/2024\/03\/S\u00e1enz-Rico-de-Santiago-Bel\u00e9n.pdf\" target=\"_blank\" rel=\"noreferrer noopener\" aria-label=\"S\u00e1enz-Rico de Santiago, Bel\u00e9n (abre en una nueva pesta\u00f1a)\">S\u00e1enz-Rico de Santiago, Bel\u00e9n<\/a><\/strong><\/li><\/ul>\n\n\n\n<p>Si deseas integrarte o actualizar la informaci\u00f3n, no dudes en escribirnos a: <a href=\"https:\/\/www.unioviedo.es\/RUEI\/index.php\/contacto\/\">info@ruei.es<\/a><\/p>\n","protected":false},"excerpt":{"rendered":"<p>Ben\u00edtez Sastre, Laura Mendoza Carretero, M\u00aa del Rosario S\u00e1enz-Rico de Santiago, Bel\u00e9n Si deseas integrarte o actualizar la informaci\u00f3n, no&hellip;<\/p>\n","protected":false},"author":1,"featured_media":0,"parent":0,"menu_order":0,"comment_status":"closed","ping_status":"closed","template":"","meta":{"footnotes":""},"class_list":["post-1223","page","type-page","status-publish","hentry"],"_links":{"self":[{"href":"https:\/\/www.unioviedo.es\/RUEI\/index.php\/wp-json\/wp\/v2\/pages\/1223","targetHints":{"allow":["GET"]}}],"collection":[{"href":"https:\/\/www.unioviedo.es\/RUEI\/index.php\/wp-json\/wp\/v2\/pages"}],"about":[{"href":"https:\/\/www.unioviedo.es\/RUEI\/index.php\/wp-json\/wp\/v2\/types\/page"}],"author":[{"embeddable":true,"href":"https:\/\/www.unioviedo.es\/RUEI\/index.php\/wp-json\/wp\/v2\/users\/1"}],"replies":[{"embeddable":true,"href":"https:\/\/www.unioviedo.es\/RUEI\/index.php\/wp-json\/wp\/v2\/comments?post=1223"}],"version-history":[{"count":2,"href":"https:\/\/www.unioviedo.es\/RUEI\/index.php\/wp-json\/wp\/v2\/pages\/1223\/revisions"}],"predecessor-version":[{"id":1233,"href":"https:\/\/www.unioviedo.es\/RUEI\/index.php\/wp-json\/wp\/v2\/pages\/1223\/revisions\/1233"}],"wp:attachment":[{"href":"https:\/\/www.unioviedo.es\/RUEI\/index.php\/wp-json\/wp\/v2\/media?parent=1223"}],"curies":[{"name":"wp","href":"https:\/\/api.w.org\/{rel}","templated":true}]}}