{"id":1279,"date":"2024-03-08T19:38:52","date_gmt":"2024-03-08T18:38:52","guid":{"rendered":"http:\/\/www.unioviedo.es\/RUEI\/?page_id=1279"},"modified":"2025-10-13T08:33:29","modified_gmt":"2025-10-13T06:33:29","slug":"universidad-del-pais-vasco-euskal-herriko-unibertsitatea","status":"publish","type":"page","link":"https:\/\/www.unioviedo.es\/RUEI\/index.php\/universidad-del-pais-vasco-euskal-herriko-unibertsitatea\/","title":{"rendered":"Universidad del Pa\u00eds Vasco\/ Euskal Herriko Unibertsitatea"},"content":{"rendered":"<div class=\"wp-block-image\">\n<figure class=\"aligncenter is-resized\"><img loading=\"lazy\" decoding=\"async\" width=\"1024\" height=\"470\" src=\"https:\/\/www.unioviedo.es\/RUEI\/wp-content\/uploads\/2024\/03\/Logo-UPV.EHU_-1024x470.jpg\" alt=\"\" class=\"wp-image-1281\" style=\"width:424px;height:194px\" srcset=\"https:\/\/www.unioviedo.es\/RUEI\/wp-content\/uploads\/2024\/03\/Logo-UPV.EHU_-1024x470.jpg 1024w, https:\/\/www.unioviedo.es\/RUEI\/wp-content\/uploads\/2024\/03\/Logo-UPV.EHU_-300x138.jpg 300w, https:\/\/www.unioviedo.es\/RUEI\/wp-content\/uploads\/2024\/03\/Logo-UPV.EHU_-768x352.jpg 768w, https:\/\/www.unioviedo.es\/RUEI\/wp-content\/uploads\/2024\/03\/Logo-UPV.EHU_-1600x734.jpg 1600w\" sizes=\"auto, (max-width: 1024px) 100vw, 1024px\" \/><\/figure><\/div>\n\n\n<ul class=\"wp-block-list\">\n<li><strong><a aria-label=\"Amiama Ibarguren, Jox\u00e9 F. (abre en una nueva pesta\u00f1a)\" href=\"http:\/\/www.unioviedo.es\/RUEI\/wp-content\/uploads\/2024\/03\/Amiama-Ibarguren-Jos\u00e9-Francisco.pdf\" target=\"_blank\" rel=\"noreferrer noopener\">Amiama Ibarguren, Jox\u00e9 F.<\/a><\/strong><\/li>\n\n\n\n<li><strong>Arostegui Barandica, Igone<\/strong><\/li>\n\n\n\n<li><strong>Berasategi Sancho, Naiara<\/strong><\/li>\n\n\n\n<li><strong>Darretxe Urrutxi, Leire<\/strong><\/li>\n\n\n\n<li><strong>Jim\u00e9nez Jim\u00e9nez, Joxe<\/strong><\/li>\n\n\n\n<li><strong><a aria-label=\"L\u00f3pez V\u00e9lez, Ana Luisa (abre en una nueva pesta\u00f1a)\" href=\"http:\/\/www.unioviedo.es\/RUEI\/wp-content\/uploads\/2024\/03\/L\u00f3pez-V\u00e9lez-Ana-Luisa.pdf\" target=\"_blank\" rel=\"noreferrer noopener\">L\u00f3pez V\u00e9lez, Ana Luisa<\/a><\/strong><\/li>\n\n\n\n<li><strong>Orbea Aizpitarte, Maria Goretti<\/strong><\/li>\n\n\n\n<li><strong><a aria-label=\"Ozerinjauregi Beldarrain, Nagore (abre en una nueva pesta\u00f1a)\" href=\"http:\/\/www.unioviedo.es\/RUEI\/wp-content\/uploads\/2024\/03\/Ozerinjauregi-Beldarrain-Nagore.pdf\" target=\"_blank\" rel=\"noreferrer noopener\">Ozerinjauregi Beldarrain, Nagore<\/a><\/strong><\/li>\n<\/ul>\n\n\n\n<p>Si deseas integrarte o actualizar la informaci\u00f3n, no dudes en escribirnos a: <a href=\"https:\/\/www.unioviedo.es\/RUEI\/index.php\/contacto\/\">info@ruei.es<\/a><\/p>\n","protected":false},"excerpt":{"rendered":"<p>Si deseas integrarte o actualizar la informaci\u00f3n, no dudes en escribirnos a: info@ruei.es<\/p>\n","protected":false},"author":1,"featured_media":0,"parent":0,"menu_order":0,"comment_status":"closed","ping_status":"closed","template":"","meta":{"footnotes":""},"class_list":["post-1279","page","type-page","status-publish","hentry"],"_links":{"self":[{"href":"https:\/\/www.unioviedo.es\/RUEI\/index.php\/wp-json\/wp\/v2\/pages\/1279","targetHints":{"allow":["GET"]}}],"collection":[{"href":"https:\/\/www.unioviedo.es\/RUEI\/index.php\/wp-json\/wp\/v2\/pages"}],"about":[{"href":"https:\/\/www.unioviedo.es\/RUEI\/index.php\/wp-json\/wp\/v2\/types\/page"}],"author":[{"embeddable":true,"href":"https:\/\/www.unioviedo.es\/RUEI\/index.php\/wp-json\/wp\/v2\/users\/1"}],"replies":[{"embeddable":true,"href":"https:\/\/www.unioviedo.es\/RUEI\/index.php\/wp-json\/wp\/v2\/comments?post=1279"}],"version-history":[{"count":2,"href":"https:\/\/www.unioviedo.es\/RUEI\/index.php\/wp-json\/wp\/v2\/pages\/1279\/revisions"}],"predecessor-version":[{"id":1476,"href":"https:\/\/www.unioviedo.es\/RUEI\/index.php\/wp-json\/wp\/v2\/pages\/1279\/revisions\/1476"}],"wp:attachment":[{"href":"https:\/\/www.unioviedo.es\/RUEI\/index.php\/wp-json\/wp\/v2\/media?parent=1279"}],"curies":[{"name":"wp","href":"https:\/\/api.w.org\/{rel}","templated":true}]}}