{"id":398,"date":"2019-04-09T01:13:12","date_gmt":"2019-04-08T23:13:12","guid":{"rendered":"http:\/\/www.unioviedo.es\/RUEI\/?page_id=398"},"modified":"2024-03-08T17:04:22","modified_gmt":"2024-03-08T16:04:22","slug":"universidad-de-granada","status":"publish","type":"page","link":"https:\/\/www.unioviedo.es\/RUEI\/index.php\/universidad-de-granada\/","title":{"rendered":"Universidad de Granada"},"content":{"rendered":"\n<div class=\"wp-block-image\"><figure class=\"aligncenter is-resized\"><img loading=\"lazy\" decoding=\"async\" src=\"https:\/\/www.unioviedo.es\/RUEI\/wp-content\/uploads\/2019\/04\/Logo-UGR-4.jpg\" alt=\"\" class=\"wp-image-406\" width=\"251\" height=\"251\" srcset=\"https:\/\/www.unioviedo.es\/RUEI\/wp-content\/uploads\/2019\/04\/Logo-UGR-4.jpg 377w, https:\/\/www.unioviedo.es\/RUEI\/wp-content\/uploads\/2019\/04\/Logo-UGR-4-150x150.jpg 150w, https:\/\/www.unioviedo.es\/RUEI\/wp-content\/uploads\/2019\/04\/Logo-UGR-4-300x300.jpg 300w\" sizes=\"auto, (max-width: 251px) 100vw, 251px\" \/><\/figure><\/div>\n\n\n\n<ul class=\"wp-block-list\"><li><strong><a rel=\"noreferrer noopener\" aria-label=\"Garc\u00eda Guzm\u00e1n, Antonio (abre en una nueva pesta\u00f1a)\" href=\"http:\/\/www.unioviedo.es\/RUEI\/wp-content\/uploads\/2024\/03\/Garc\u00eda-Guzm\u00e1n-Antonio.pdf\" target=\"_blank\">Garc\u00eda Guzm\u00e1n, Antonio<\/a><\/strong><\/li><li><strong><a rel=\"noreferrer noopener\" aria-label=\"Le\u00f3n Guerrero, Mar\u00eda Jos\u00e9 (abre en una nueva pesta\u00f1a)\" href=\"http:\/\/www.unioviedo.es\/RUEI\/wp-content\/uploads\/2019\/04\/Mar\u00eda-Jos\u00e9-Le\u00f3n-Guerrero-Univ.-Granada-1.pdf\" target=\"_blank\">Le\u00f3n Guerrero, Mar\u00eda Jos\u00e9<\/a><\/strong><\/li><li><strong><a rel=\"noreferrer noopener\" aria-label=\"L\u00f3pez L\u00f3pez, Mar\u00eda del Carmen  (abre en una nueva pesta\u00f1a)\" href=\"http:\/\/www.unioviedo.es\/RUEI\/wp-content\/uploads\/2024\/03\/L\u00f3pez-L\u00f3pez-M\u00aa-del-Carmen.pdf\" target=\"_blank\">L\u00f3pez L\u00f3pez, Mar\u00eda del Carmen <\/a><\/strong><\/li><li><strong><a href=\"http:\/\/www.unioviedo.es\/RUEI\/wp-content\/uploads\/2024\/03\/Mi\u00f1\u00e1n-Espigares-Antonio.pdf\" target=\"_blank\" rel=\"noreferrer noopener\" aria-label=\"Mi\u00f1\u00e1n Espigares, Antonio (abre en una nueva pesta\u00f1a)\">Mi\u00f1\u00e1n Espigares, Antonio<\/a><\/strong><\/li><\/ul>\n\n\n\n<p>Si deseas integrarte o actualizar la informaci\u00f3n, no dudes en escribirnos a: <a href=\"https:\/\/www.unioviedo.es\/RUEI\/index.php\/contacto\/\">info@ruei.es<\/a><\/p>\n","protected":false},"excerpt":{"rendered":"<p>Garc\u00eda Guzm\u00e1n, Antonio Le\u00f3n Guerrero, Mar\u00eda Jos\u00e9 L\u00f3pez L\u00f3pez, Mar\u00eda del Carmen Mi\u00f1\u00e1n Espigares, Antonio Si deseas integrarte o actualizar&hellip;<\/p>\n","protected":false},"author":1,"featured_media":0,"parent":0,"menu_order":0,"comment_status":"closed","ping_status":"closed","template":"","meta":{"footnotes":""},"class_list":["post-398","page","type-page","status-publish","hentry"],"_links":{"self":[{"href":"https:\/\/www.unioviedo.es\/RUEI\/index.php\/wp-json\/wp\/v2\/pages\/398","targetHints":{"allow":["GET"]}}],"collection":[{"href":"https:\/\/www.unioviedo.es\/RUEI\/index.php\/wp-json\/wp\/v2\/pages"}],"about":[{"href":"https:\/\/www.unioviedo.es\/RUEI\/index.php\/wp-json\/wp\/v2\/types\/page"}],"author":[{"embeddable":true,"href":"https:\/\/www.unioviedo.es\/RUEI\/index.php\/wp-json\/wp\/v2\/users\/1"}],"replies":[{"embeddable":true,"href":"https:\/\/www.unioviedo.es\/RUEI\/index.php\/wp-json\/wp\/v2\/comments?post=398"}],"version-history":[{"count":6,"href":"https:\/\/www.unioviedo.es\/RUEI\/index.php\/wp-json\/wp\/v2\/pages\/398\/revisions"}],"predecessor-version":[{"id":1122,"href":"https:\/\/www.unioviedo.es\/RUEI\/index.php\/wp-json\/wp\/v2\/pages\/398\/revisions\/1122"}],"wp:attachment":[{"href":"https:\/\/www.unioviedo.es\/RUEI\/index.php\/wp-json\/wp\/v2\/media?parent=398"}],"curies":[{"name":"wp","href":"https:\/\/api.w.org\/{rel}","templated":true}]}}