{"id":4,"date":"2017-01-27T18:01:56","date_gmt":"2017-01-27T17:01:56","guid":{"rendered":"http:\/\/www.unioviedo.es\/RUEI\/?page_id=4"},"modified":"2024-03-08T17:01:41","modified_gmt":"2024-03-08T16:01:41","slug":"inicio","status":"publish","type":"page","link":"https:\/\/www.unioviedo.es\/RUEI\/","title":{"rendered":"Red de Universidades y Educaci\u00f3n Inclusiva"},"content":{"rendered":"<p>La RUEI es la Red de Universidades y Educaci\u00f3n Inclusiva y agrupa profesorado y personal investigador de las universidades de Espa\u00f1a cuyos intereses y l\u00edneas de investigaci\u00f3n abordan la educaci\u00f3n inclusiva con car\u00e1cter general y por \u00e1mbitos concretos. <a href=\"http:\/\/www.unioviedo.es\/RUEI\/wp-content\/uploads\/2019\/04\/color-1.png\"><img loading=\"lazy\" decoding=\"async\" class=\" wp-image-96 alignright\" src=\"http:\/\/www.unioviedo.es\/RUEI\/wp-content\/uploads\/2019\/04\/color-1-300x291.png\" alt=\"\" width=\"147\" height=\"143\" srcset=\"https:\/\/www.unioviedo.es\/RUEI\/wp-content\/uploads\/2019\/04\/color-1-300x291.png 300w, https:\/\/www.unioviedo.es\/RUEI\/wp-content\/uploads\/2019\/04\/color-1-768x744.png 768w, https:\/\/www.unioviedo.es\/RUEI\/wp-content\/uploads\/2019\/04\/color-1-1024x992.png 1024w, https:\/\/www.unioviedo.es\/RUEI\/wp-content\/uploads\/2019\/04\/color-1.png 1198w\" sizes=\"auto, (max-width: 147px) 100vw, 147px\" \/><\/a><\/p>\n<p>La Red inici\u00f3 su andadura hace m\u00e1s de tres d\u00e9cadas. Anualmente, la RUEI en colaboraci\u00f3n con otras entidades y en el marco de una universidad, organiza sus<em> Jornadas de Universidades y Educaci\u00f3n Inclusiva<\/em>. Adem\u00e1s, desde hace tres lustros tambi\u00e9n organiza el <em>Congreso Internacional de Educaci\u00f3n Inclusiva<\/em>.<\/p>\n<p>Ambos encuentros cient\u00edficos suponen un privilegiado espacio para debatir y compartir pol\u00edticas, pr\u00e1cticas y experiencias sobre educaci\u00f3n inclusiva, as\u00ed como reflexionar sobre los retos presentes y futuros que como universidades y como parte de la sociedad tenemos.\u00a0<\/p>\n\n\n<blockquote class=\"wp-block-quote is-layout-flow wp-block-quote-is-layout-flow\"><p>Una escuela que cambia tiende a favorecer la igualdad porque forma parte de su propia naturaleza. <\/p><cite>Francesco Tonucci (2017). La diversidad como valor en una escuela que cambia. <em>Aula Abierta<\/em>, <em>46<\/em>, 9-12. <a rel=\"noreferrer noopener\" aria-label=\"Enlace al art\u00edculo completo (abre en una nueva pesta\u00f1a)\" href=\"https:\/\/www.unioviedo.es\/reunido\/index.php\/AA\/article\/view\/11980\/11042\" target=\"_blank\">Enlace al art\u00edculo completo<\/a>. <\/cite><\/blockquote>\n\n\n\n<div class=\"wp-block-image\"><figure class=\"aligncenter is-resized\"><img loading=\"lazy\" decoding=\"async\" src=\"https:\/\/www.unioviedo.es\/RUEI\/wp-content\/uploads\/2019\/04\/Vi\u00f1eta-de-Frato-para-la-RUEI-979x1024.png\" alt=\"\" class=\"wp-image-231\" width=\"412\" height=\"430\" srcset=\"https:\/\/www.unioviedo.es\/RUEI\/wp-content\/uploads\/2019\/04\/Vi\u00f1eta-de-Frato-para-la-RUEI-979x1024.png 979w, https:\/\/www.unioviedo.es\/RUEI\/wp-content\/uploads\/2019\/04\/Vi\u00f1eta-de-Frato-para-la-RUEI-287x300.png 287w, https:\/\/www.unioviedo.es\/RUEI\/wp-content\/uploads\/2019\/04\/Vi\u00f1eta-de-Frato-para-la-RUEI-768x803.png 768w, https:\/\/www.unioviedo.es\/RUEI\/wp-content\/uploads\/2019\/04\/Vi\u00f1eta-de-Frato-para-la-RUEI.png 1006w\" sizes=\"auto, (max-width: 412px) 100vw, 412px\" \/><figcaption>Vi\u00f1eta de Frato dedicada a la RUEI, 2017<\/figcaption><\/figure><\/div>\n","protected":false},"excerpt":{"rendered":"<p>La RUEI es la Red de Universidades y Educaci\u00f3n Inclusiva y agrupa profesorado y personal investigador de las universidades de&hellip;<\/p>\n","protected":false},"author":1,"featured_media":0,"parent":0,"menu_order":0,"comment_status":"closed","ping_status":"closed","template":"","meta":{"footnotes":""},"class_list":["post-4","page","type-page","status-publish","hentry"],"_links":{"self":[{"href":"https:\/\/www.unioviedo.es\/RUEI\/index.php\/wp-json\/wp\/v2\/pages\/4","targetHints":{"allow":["GET"]}}],"collection":[{"href":"https:\/\/www.unioviedo.es\/RUEI\/index.php\/wp-json\/wp\/v2\/pages"}],"about":[{"href":"https:\/\/www.unioviedo.es\/RUEI\/index.php\/wp-json\/wp\/v2\/types\/page"}],"author":[{"embeddable":true,"href":"https:\/\/www.unioviedo.es\/RUEI\/index.php\/wp-json\/wp\/v2\/users\/1"}],"replies":[{"embeddable":true,"href":"https:\/\/www.unioviedo.es\/RUEI\/index.php\/wp-json\/wp\/v2\/comments?post=4"}],"version-history":[{"count":14,"href":"https:\/\/www.unioviedo.es\/RUEI\/index.php\/wp-json\/wp\/v2\/pages\/4\/revisions"}],"predecessor-version":[{"id":1115,"href":"https:\/\/www.unioviedo.es\/RUEI\/index.php\/wp-json\/wp\/v2\/pages\/4\/revisions\/1115"}],"wp:attachment":[{"href":"https:\/\/www.unioviedo.es\/RUEI\/index.php\/wp-json\/wp\/v2\/media?parent=4"}],"curies":[{"name":"wp","href":"https:\/\/api.w.org\/{rel}","templated":true}]}}