{"id":5,"date":"2017-01-27T18:01:56","date_gmt":"2017-01-27T17:01:56","guid":{"rendered":"http:\/\/www.unioviedo.es\/RUEI\/?page_id=5"},"modified":"2024-03-08T20:13:23","modified_gmt":"2024-03-08T19:13:23","slug":"quienes-somos","status":"publish","type":"page","link":"https:\/\/www.unioviedo.es\/RUEI\/index.php\/quienes-somos\/","title":{"rendered":"Qui\u00e9nes somos"},"content":{"rendered":"<p>La RUEI est\u00e1 integrada por docentes e investigadores\/as de las diferentes universidades de Espa\u00f1a.<\/p>\n<p>Para facilitar la consulta de qui\u00e9nes integran la RUEI, se puede realizar una b\u00fasqueda por grupos de investigaci\u00f3n y personal investigador.<\/p>\n\n\n<figure class=\"wp-block-image\"><img loading=\"lazy\" decoding=\"async\" width=\"1024\" height=\"536\" src=\"http:\/\/www.unioviedo.es\/RUEI\/wp-content\/uploads\/2019\/04\/Foto-RUEI-Salamanca-2019-1024x536.jpg\" alt=\"\" class=\"wp-image-884\" srcset=\"https:\/\/www.unioviedo.es\/RUEI\/wp-content\/uploads\/2019\/04\/Foto-RUEI-Salamanca-2019-1024x536.jpg 1024w, https:\/\/www.unioviedo.es\/RUEI\/wp-content\/uploads\/2019\/04\/Foto-RUEI-Salamanca-2019-300x157.jpg 300w, https:\/\/www.unioviedo.es\/RUEI\/wp-content\/uploads\/2019\/04\/Foto-RUEI-Salamanca-2019-768x402.jpg 768w, https:\/\/www.unioviedo.es\/RUEI\/wp-content\/uploads\/2019\/04\/Foto-RUEI-Salamanca-2019.jpg 1558w\" sizes=\"auto, (max-width: 1024px) 100vw, 1024px\" \/><\/figure>\n\n\n\n<div class=\"wp-block-columns has-2-columns is-layout-flex wp-container-core-columns-is-layout-9d6595d7 wp-block-columns-is-layout-flex\">\n<div class=\"wp-block-column is-layout-flow wp-block-column-is-layout-flow\">\n<div class=\"wp-block-button is-style-outline is-style-outline--1\"><a class=\"wp-block-button__link has-text-color has-very-dark-gray-color has-background has-pale-cyan-blue-background-color\" href=\"https:\/\/www.unioviedo.es\/RUEI\/index.php\/quienes-somos\/grupos-investigacion\/\">&nbsp;<strong> Grupos&nbsp; de Investigaci\u00f3n&nbsp;<\/strong><\/a><\/div>\n<\/div>\n\n\n\n<div class=\"wp-block-column is-layout-flow wp-block-column-is-layout-flow\">\n<div class=\"wp-block-button is-style-outline is-style-outline--2\"><a class=\"wp-block-button__link has-text-color has-very-dark-gray-color has-background has-luminous-vivid-amber-background-color\" href=\"https:\/\/www.unioviedo.es\/RUEI\/index.php\/quienes-somos\/miembros-por-universidad\/\"><strong>Miembros por Universidad<\/strong><\/a><\/div>\n<\/div>\n<\/div>\n","protected":false},"excerpt":{"rendered":"<p>La RUEI est\u00e1 integrada por docentes e investigadores\/as de las diferentes universidades de Espa\u00f1a. Para facilitar la consulta de qui\u00e9nes&hellip;<\/p>\n","protected":false},"author":1,"featured_media":0,"parent":0,"menu_order":0,"comment_status":"closed","ping_status":"closed","template":"","meta":{"footnotes":""},"class_list":["post-5","page","type-page","status-publish","hentry"],"_links":{"self":[{"href":"https:\/\/www.unioviedo.es\/RUEI\/index.php\/wp-json\/wp\/v2\/pages\/5","targetHints":{"allow":["GET"]}}],"collection":[{"href":"https:\/\/www.unioviedo.es\/RUEI\/index.php\/wp-json\/wp\/v2\/pages"}],"about":[{"href":"https:\/\/www.unioviedo.es\/RUEI\/index.php\/wp-json\/wp\/v2\/types\/page"}],"author":[{"embeddable":true,"href":"https:\/\/www.unioviedo.es\/RUEI\/index.php\/wp-json\/wp\/v2\/users\/1"}],"replies":[{"embeddable":true,"href":"https:\/\/www.unioviedo.es\/RUEI\/index.php\/wp-json\/wp\/v2\/comments?post=5"}],"version-history":[{"count":13,"href":"https:\/\/www.unioviedo.es\/RUEI\/index.php\/wp-json\/wp\/v2\/pages\/5\/revisions"}],"predecessor-version":[{"id":1295,"href":"https:\/\/www.unioviedo.es\/RUEI\/index.php\/wp-json\/wp\/v2\/pages\/5\/revisions\/1295"}],"wp:attachment":[{"href":"https:\/\/www.unioviedo.es\/RUEI\/index.php\/wp-json\/wp\/v2\/media?parent=5"}],"curies":[{"name":"wp","href":"https:\/\/api.w.org\/{rel}","templated":true}]}}