{"id":560,"date":"2019-04-16T09:59:15","date_gmt":"2019-04-16T07:59:15","guid":{"rendered":"http:\/\/www.unioviedo.es\/RUEI\/?page_id=560"},"modified":"2024-04-27T20:33:07","modified_gmt":"2024-04-27T18:33:07","slug":"universidad-de-almeria","status":"publish","type":"page","link":"https:\/\/www.unioviedo.es\/RUEI\/index.php\/universidad-de-almeria\/","title":{"rendered":"Universidad de Almer\u00eda"},"content":{"rendered":"\n<div class=\"wp-block-image\"><figure class=\"aligncenter is-resized\"><img loading=\"lazy\" decoding=\"async\" src=\"http:\/\/www.unioviedo.es\/RUEI\/wp-content\/uploads\/2019\/04\/Logo-Almer\u00eda.png\" alt=\"\" class=\"wp-image-543\" width=\"291\" height=\"273\" srcset=\"https:\/\/www.unioviedo.es\/RUEI\/wp-content\/uploads\/2019\/04\/Logo-Almer\u00eda.png 381w, https:\/\/www.unioviedo.es\/RUEI\/wp-content\/uploads\/2019\/04\/Logo-Almer\u00eda-300x282.png 300w\" sizes=\"auto, (max-width: 291px) 100vw, 291px\" \/><\/figure><\/div>\n\n\n\n<ul class=\"wp-block-list\"><li><strong><a href=\"http:\/\/www.unioviedo.es\/RUEI\/wp-content\/uploads\/2024\/04\/Castellary-L\u00f3pez-Macarena.pdf\" target=\"_blank\" rel=\"noreferrer noopener\" aria-label=\"Castellary L\u00f3pez, Macarena (abre en una nueva pesta\u00f1a)\">Castellary L\u00f3pez, Macarena<\/a><\/strong><\/li><li><strong><a rel=\"noreferrer noopener\" aria-label=\"Figueredo Canosa, Victoria (abre en una nueva pesta\u00f1a)\" href=\"http:\/\/www.unioviedo.es\/RUEI\/wp-content\/uploads\/2024\/03\/Figueredo-Canosa-Victoria.pdf\" target=\"_blank\">Figueredo Canosa, Victoria<\/a><\/strong><\/li><li><strong>Gazquez Hern\u00e1ndez, Juan Francisco<\/strong><\/li><li><a rel=\"noreferrer noopener\" aria-label=\"Hern\u00e1ndez Garre, Carmen Mar\u00eda (abre en una nueva pesta\u00f1a)\" href=\"http:\/\/www.unioviedo.es\/RUEI\/wp-content\/uploads\/2024\/03\/Hern\u00e1ndez-Garre-Carmen-Mar\u00eda.pdf\" target=\"_blank\"><strong>Hern\u00e1ndez Garre, Carmen Mar\u00eda<\/strong><\/a><\/li><li> <strong><a rel=\"noreferrer noopener\" aria-label=\"L\u00f3pez Berlanga, Mar\u00eda Carmen  (abre en una nueva pesta\u00f1a)\" href=\"http:\/\/www.unioviedo.es\/RUEI\/wp-content\/uploads\/2024\/03\/L\u00f3pez-Berlanga-Mar\u00eda-Carmen.pdf\" target=\"_blank\">L\u00f3pez Berlanga, Mar\u00eda Carmen<\/a><\/strong><a rel=\"noreferrer noopener\" aria-label=\"L\u00f3pez Berlanga, Mar\u00eda Carmen  (abre en una nueva pesta\u00f1a)\" href=\"http:\/\/www.unioviedo.es\/RUEI\/wp-content\/uploads\/2024\/03\/L\u00f3pez-Berlanga-Mar\u00eda-Carmen.pdf\" target=\"_blank\"> <\/a><\/li><li><strong><a rel=\"noreferrer noopener\" aria-label=\"Ortiz Jim\u00e9nez, Luis (abre en una nueva pesta\u00f1a)\" href=\"http:\/\/www.unioviedo.es\/RUEI\/wp-content\/uploads\/2019\/04\/Luis-Ortiz-Univ.-Almer\u00eda.pdf\" target=\"_blank\">Ortiz Jim\u00e9nez, Luis<\/a><\/strong><\/li><li><strong>Villegas Lirola, Francisco<\/strong><\/li><\/ul>\n\n\n\n<p>\n\nSi deseas integrarte o actualizar la informaci\u00f3n, no dudes en escribirnos a: <a href=\"https:\/\/www.unioviedo.es\/RUEI\/index.php\/contacto\/\">info@ruei.es\ufeff<\/a><\/p>\n","protected":false},"excerpt":{"rendered":"<p>Castellary L\u00f3pez, Macarena Figueredo Canosa, Victoria Gazquez Hern\u00e1ndez, Juan Francisco Hern\u00e1ndez Garre, Carmen Mar\u00eda L\u00f3pez Berlanga, Mar\u00eda Carmen Ortiz Jim\u00e9nez,&hellip;<\/p>\n","protected":false},"author":1,"featured_media":0,"parent":0,"menu_order":0,"comment_status":"closed","ping_status":"closed","template":"","meta":{"footnotes":""},"class_list":["post-560","page","type-page","status-publish","hentry"],"_links":{"self":[{"href":"https:\/\/www.unioviedo.es\/RUEI\/index.php\/wp-json\/wp\/v2\/pages\/560","targetHints":{"allow":["GET"]}}],"collection":[{"href":"https:\/\/www.unioviedo.es\/RUEI\/index.php\/wp-json\/wp\/v2\/pages"}],"about":[{"href":"https:\/\/www.unioviedo.es\/RUEI\/index.php\/wp-json\/wp\/v2\/types\/page"}],"author":[{"embeddable":true,"href":"https:\/\/www.unioviedo.es\/RUEI\/index.php\/wp-json\/wp\/v2\/users\/1"}],"replies":[{"embeddable":true,"href":"https:\/\/www.unioviedo.es\/RUEI\/index.php\/wp-json\/wp\/v2\/comments?post=560"}],"version-history":[{"count":9,"href":"https:\/\/www.unioviedo.es\/RUEI\/index.php\/wp-json\/wp\/v2\/pages\/560\/revisions"}],"predecessor-version":[{"id":1428,"href":"https:\/\/www.unioviedo.es\/RUEI\/index.php\/wp-json\/wp\/v2\/pages\/560\/revisions\/1428"}],"wp:attachment":[{"href":"https:\/\/www.unioviedo.es\/RUEI\/index.php\/wp-json\/wp\/v2\/media?parent=560"}],"curies":[{"name":"wp","href":"https:\/\/api.w.org\/{rel}","templated":true}]}}