{"id":6,"date":"2017-01-27T18:01:56","date_gmt":"2017-01-27T18:01:56","guid":{"rendered":"http:\/\/www.unioviedo.es\/RUEI\/?page_id=6"},"modified":"2023-04-03T23:26:15","modified_gmt":"2023-04-03T21:26:15","slug":"contacto","status":"publish","type":"page","link":"https:\/\/www.unioviedo.es\/RUEI\/index.php\/contacto\/","title":{"rendered":"Contacto"},"content":{"rendered":"<p><strong><a href=\"http:\/\/www.unioviedo.es\/RUEI\/wp-content\/uploads\/2019\/04\/Lugar.png\"><img loading=\"lazy\" decoding=\"async\" class=\" wp-image-199 alignleft\" src=\"http:\/\/www.unioviedo.es\/RUEI\/wp-content\/uploads\/2019\/04\/Lugar.png\" alt=\"\" width=\"80\" height=\"80\" srcset=\"https:\/\/www.unioviedo.es\/RUEI\/wp-content\/uploads\/2019\/04\/Lugar.png 296w, https:\/\/www.unioviedo.es\/RUEI\/wp-content\/uploads\/2019\/04\/Lugar-150x150.png 150w\" sizes=\"auto, (max-width: 80px) 100vw, 80px\" \/><\/a>Direcci\u00f3n<\/strong><\/p>\n<p style=\"padding-left: 40px;\">El domicilio social de la RUEI, de acuerdo a sus Estatutos fundacionales, est\u00e1 en la Universidad de Oviedo, en la Facultad de Formaci\u00f3n del Profesorado y Educaci\u00f3n. Campus de Llamaquique C\/ Aniceto Sela s\/n. CP 33005, Oviedo\/Uvi\u00e9u, Asturias, Spain<\/p>\n<p style=\"padding-left: 40px;\"><a href=\"https:\/\/www.google.es\/maps\/place\/Facultad+de+Formaci%C3%B3n+del+Profesorado+y+Educaci%C3%B3n.+Universidad+de+Oviedo+(Edificio+Norte)\/@43.3581277,-5.8545046,18z\/data=!4m12!1m6!3m5!1s0xd368ce3d66da7a1:0x7982e17c3335b1bc!2sFacultad+de+Formaci%C3%B3n+del+Profesorado+y+Educaci%C3%B3n.+Universidad+de+Oviedo+(Edificio+Norte)!8m2!3d43.3583345!4d-5.8535926!3m4!1s0xd368ce3d66da7a1:0x7982e17c3335b1bc!8m2!3d43.3583345!4d-5.8535926\" target=\"_blank\" rel=\"noopener noreferrer\">Vista en Google Maps<\/a><\/p>\n<p><strong><a href=\"http:\/\/www.unioviedo.es\/RUEI\/wp-content\/uploads\/2019\/04\/tel\u00e9fono.png\"><img loading=\"lazy\" decoding=\"async\" class=\" wp-image-200 alignleft\" src=\"http:\/\/www.unioviedo.es\/RUEI\/wp-content\/uploads\/2019\/04\/tel\u00e9fono.png\" alt=\"\" width=\"73\" height=\"71\" \/><\/a>Tel\u00e9fono<\/strong><\/p>\n<p style=\"padding-left: 40px;\">+34 985 103 175\u00a0<\/p>\n<p><strong><a href=\"http:\/\/www.unioviedo.es\/RUEI\/wp-content\/uploads\/2019\/04\/fax.png\"><img loading=\"lazy\" decoding=\"async\" class=\" wp-image-198 alignleft\" src=\"http:\/\/www.unioviedo.es\/RUEI\/wp-content\/uploads\/2019\/04\/fax.png\" alt=\"\" width=\"67\" height=\"67\" srcset=\"https:\/\/www.unioviedo.es\/RUEI\/wp-content\/uploads\/2019\/04\/fax.png 293w, https:\/\/www.unioviedo.es\/RUEI\/wp-content\/uploads\/2019\/04\/fax-150x150.png 150w\" sizes=\"auto, (max-width: 67px) 100vw, 67px\" \/><\/a>Fax<\/strong><\/p>\n<p style=\"padding-left: 40px;\">+34 985 103 226\u00a0<\/p>\n<p><strong><a href=\"http:\/\/www.unioviedo.es\/RUEI\/wp-content\/uploads\/2019\/04\/email.png\"><img loading=\"lazy\" decoding=\"async\" class=\" wp-image-197 alignleft\" src=\"http:\/\/www.unioviedo.es\/RUEI\/wp-content\/uploads\/2019\/04\/email.png\" alt=\"\" width=\"70\" height=\"70\" srcset=\"https:\/\/www.unioviedo.es\/RUEI\/wp-content\/uploads\/2019\/04\/email.png 294w, https:\/\/www.unioviedo.es\/RUEI\/wp-content\/uploads\/2019\/04\/email-150x150.png 150w\" sizes=\"auto, (max-width: 70px) 100vw, 70px\" \/><\/a>eMail<\/strong><\/p>\n<p style=\"padding-left: 40px;\"><a href=\"mailto:info@ruei.es\">info@ruei.es<\/a><\/p>\n\n\n<p><\/p>\n","protected":false},"excerpt":{"rendered":"<p>Direcci\u00f3n El domicilio social de la RUEI, de acuerdo a sus Estatutos fundacionales, est\u00e1 en la Universidad de Oviedo, en&hellip;<\/p>\n","protected":false},"author":1,"featured_media":0,"parent":0,"menu_order":0,"comment_status":"closed","ping_status":"closed","template":"","meta":{"footnotes":""},"class_list":["post-6","page","type-page","status-publish","hentry"],"_links":{"self":[{"href":"https:\/\/www.unioviedo.es\/RUEI\/index.php\/wp-json\/wp\/v2\/pages\/6","targetHints":{"allow":["GET"]}}],"collection":[{"href":"https:\/\/www.unioviedo.es\/RUEI\/index.php\/wp-json\/wp\/v2\/pages"}],"about":[{"href":"https:\/\/www.unioviedo.es\/RUEI\/index.php\/wp-json\/wp\/v2\/types\/page"}],"author":[{"embeddable":true,"href":"https:\/\/www.unioviedo.es\/RUEI\/index.php\/wp-json\/wp\/v2\/users\/1"}],"replies":[{"embeddable":true,"href":"https:\/\/www.unioviedo.es\/RUEI\/index.php\/wp-json\/wp\/v2\/comments?post=6"}],"version-history":[{"count":6,"href":"https:\/\/www.unioviedo.es\/RUEI\/index.php\/wp-json\/wp\/v2\/pages\/6\/revisions"}],"predecessor-version":[{"id":1069,"href":"https:\/\/www.unioviedo.es\/RUEI\/index.php\/wp-json\/wp\/v2\/pages\/6\/revisions\/1069"}],"wp:attachment":[{"href":"https:\/\/www.unioviedo.es\/RUEI\/index.php\/wp-json\/wp\/v2\/media?parent=6"}],"curies":[{"name":"wp","href":"https:\/\/api.w.org\/{rel}","templated":true}]}}