{"id":63,"date":"2017-02-03T19:46:06","date_gmt":"2017-02-03T18:46:06","guid":{"rendered":"http:\/\/www.unioviedo.es\/RUEI\/?page_id=63"},"modified":"2023-11-29T02:07:34","modified_gmt":"2023-11-29T01:07:34","slug":"congresos-ruei","status":"publish","type":"page","link":"https:\/\/www.unioviedo.es\/RUEI\/index.php\/congresos-ruei\/","title":{"rendered":"Congresos RUEI"},"content":{"rendered":"<p>Cada a\u00f1o, desde el a\u00f1o 1983, la RUEI en colaboraci\u00f3n con una de las universidades miembro de la Red, viene organizando su mayor encuentro a trav\u00e9s de las Jornadas de Universidades y Educaci\u00f3n Inclusiva. Adem\u00e1s, desde el a\u00f1o 2002 impulsa la realizaci\u00f3n de un Congreso Internacional. Estos encuentros cient\u00edficos abordan en cada edici\u00f3n una tem\u00e1tica de gran inter\u00e9s social y cient\u00edfico.<\/p>\n\n\n<p><strong>1984, Barcelona<\/strong><br>Universidad de Barcelona \/  Universitat de Barcelona<br>I  Jornadas de Universidades y Educaci\u00f3n Especial.   <br>T\u00edtulo:<em> Las Facultades Universitarias y la Educaci\u00f3n Especial <\/em><br><a href=\"http:\/\/www.unioviedo.es\/RUEI\/wp-content\/uploads\/2020\/08\/Conclusiones-Jornadas-Universidades-y-EE-Barcelona-1984.pdf\" target=\"_blank\" rel=\"noreferrer noopener\" aria-label=\"Conclusiones (abre en una nueva pesta\u00f1a)\">Conclusiones<\/a><\/p>\n\n\n\n<div class=\"wp-block-image\"><figure class=\"aligncenter is-resized\"><img loading=\"lazy\" decoding=\"async\" src=\"https:\/\/www.unioviedo.es\/RUEI\/wp-content\/uploads\/2019\/04\/Sin-t\u00edtulo-13-1024x675.png\" alt=\"\" class=\"wp-image-474\" width=\"360\" height=\"237\" srcset=\"https:\/\/www.unioviedo.es\/RUEI\/wp-content\/uploads\/2019\/04\/Sin-t\u00edtulo-13-1024x675.png 1024w, https:\/\/www.unioviedo.es\/RUEI\/wp-content\/uploads\/2019\/04\/Sin-t\u00edtulo-13-300x198.png 300w, https:\/\/www.unioviedo.es\/RUEI\/wp-content\/uploads\/2019\/04\/Sin-t\u00edtulo-13-768x506.png 768w, https:\/\/www.unioviedo.es\/RUEI\/wp-content\/uploads\/2019\/04\/Sin-t\u00edtulo-13.png 1434w\" sizes=\"auto, (max-width: 360px) 100vw, 360px\" \/><figcaption>  Banner de Donostia \/ San Sebasti\u00e1n, 1985 <\/figcaption><\/figure><\/div>\n\n\n\n<p><strong>1985, Donostia \/ San Sebasti\u00e1n<\/strong> <br>Universidad del Pa\u00eds Vasco \/  Euskal Herriko Unibertsitatea <br>II  Jornadas de Universidades y Educaci\u00f3n Especial.   <br>T\u00edtulo:<em> Pedagog\u00eda Terap\u00e9utica: Universidades y Educaci\u00f3n Especial <\/em><br><a rel=\"noreferrer noopener\" aria-label=\"Conclusiones (abre en una nueva pesta\u00f1a)\" href=\"http:\/\/www.unioviedo.es\/RUEI\/wp-content\/uploads\/2019\/04\/II-JORNADAS-Universidades-y-EE-S-Sebastia\u0301n-22-25IV1985.pdf\" target=\"_blank\">Conclusiones<\/a> \/ <a href=\"http:\/\/www.unioviedo.es\/RUEI\/wp-content\/uploads\/2019\/10\/II-JORNADAS-Universidades-y-EE-S-Sebastia\u0301n-22-25IV1985.pdf\" target=\"_blank\" rel=\"noreferrer noopener\" aria-label=\"Conclusiones II (abre en una nueva pesta\u00f1a)\">Conclusiones II<\/a><\/p>\n\n\n\n<p><\/p>\n\n\n\n<p><strong>1999, Almer\u00eda<\/strong><br>Universidad de Almer\u00eda<br>XVI Jornadas de Universidades y Educaci\u00f3n Especial.   <br>T\u00edtulo:<em> Los desaf\u00edos de la Educaci\u00f3n Especial en el umbral del siglo XXI<\/em> <br><a href=\"http:\/\/www.unioviedo.es\/RUEI\/wp-content\/uploads\/2019\/04\/XIV-Jornadas-Nacionales-Univ.-y-E.E.-Univer.-Almer\u00eda.pdf\" target=\"_blank\" rel=\"noreferrer noopener\" aria-label=\"Programa de las Jornadas  (abre en una nueva pesta\u00f1a)\">Programa de las Jornadas <\/a><\/p>\n\n\n\n<p><strong>2002, Palma de Mallorca<\/strong><br>Universitat de les Illes Balears<br>XIX Jornadas de Universidades y Educaci\u00f3n Especial.   <br>T\u00edtulo: <em>Educaci\u00f3n, diversidad y calidad de vidaI<\/em> <br><a href=\"https:\/\/books.google.es\/books?id=PHf_fUGQAZQC&amp;pg=PA315&amp;lpg=PA315&amp;dq=ducaci%C3%B3n,+diversidad+y+calidad+de+vida.+Actas+de+las+XIX+Jornadas+Nacionales+de+Universidad+y+Educaci%C3%B3n+Especial.&amp;source=bl&amp;ots=crdvMUqsin&amp;sig=ACfU3U0bPkDDai_Z49H4Dw4XzhDqsj_i0Q&amp;hl=es&amp;sa=X&amp;ved=2ahUKEwiTjr3Forz1AhXVCWMBHTJ9BWEQ6AF6BAgeEAM#v=onepage&amp;q=ducaci%C3%B3n%2C%20diversidad%20y%20calidad%20de%20vida.%20Actas%20de%20las%20XIX%20Jornadas%20Nacionales%20de%20Universidad%20y%20Educaci%C3%B3n%20Especial.&amp;f=false\" target=\"_blank\" rel=\"noreferrer noopener\" aria-label=\"Libro de actas (abre en una nueva pesta\u00f1a)\">Libro de actas<\/a><\/p>\n\n\n\n<p><strong>2006, Murcia<\/strong><br>Universidad de Murcia<br>XXIII Jornadas de Universidades y Educaci\u00f3n Especial.   <br>T\u00edtulo:<em> Hacia una Educaci\u00f3n sin exclusi\u00f3n<\/em><\/p>\n\n\n\n<div class=\"wp-block-image\"><figure class=\"aligncenter is-resized\"><img loading=\"lazy\" decoding=\"async\" src=\"https:\/\/www.unioviedo.es\/RUEI\/wp-content\/uploads\/2019\/04\/Sin-t\u00edtulo-12.png\" alt=\"\" class=\"wp-image-430\" width=\"487\" height=\"179\" srcset=\"https:\/\/www.unioviedo.es\/RUEI\/wp-content\/uploads\/2019\/04\/Sin-t\u00edtulo-12.png 752w, https:\/\/www.unioviedo.es\/RUEI\/wp-content\/uploads\/2019\/04\/Sin-t\u00edtulo-12-300x111.png 300w\" sizes=\"auto, (max-width: 487px) 100vw, 487px\" \/><figcaption>  Banner de C\u00e1diz, 2012 <\/figcaption><\/figure><\/div>\n\n\n\n<p><strong>2012, C\u00e1diz<\/strong>.  <br>Universidad de C\u00e1diz.  <br>IX Congreso Internacional XXIX Jornadas de Universidades y Educaci\u00f3n Especial.   <br>T\u00edtulo:<em> Pr\u00e1cticas en educaci\u00f3n inclusiva: di\u00e1logos entre Escuela, Ciudadan\u00eda y Universidad  <\/em><br><a href=\"http:\/\/www.unioviedo.es\/RUEI\/wp-content\/uploads\/2019\/04\/Actas-Congreso-C\u00e1diz-2012.pdf\">Actas<\/a>   \/  <a href=\"http:\/\/www.revistaeducacioninclusiva.es\/index.php\/REI\/issue\/view\/MARZO%202012\" target=\"_blank\" rel=\"noreferrer noopener\" aria-label=\"Monogr\u00e1fico Revista Educaci\u00f3n Inclusiva (abre en una nueva pesta\u00f1a)\">Monogr\u00e1fico Revista Educaci\u00f3n Inclusiva<\/a><\/p>\n\n\n\n<div class=\"wp-block-image\"><figure class=\"aligncenter is-resized\"><img loading=\"lazy\" decoding=\"async\" src=\"https:\/\/www.unioviedo.es\/RUEI\/wp-content\/uploads\/2019\/04\/Zaragoza.png\" alt=\"\" class=\"wp-image-219\" width=\"404\" height=\"188\" srcset=\"https:\/\/www.unioviedo.es\/RUEI\/wp-content\/uploads\/2019\/04\/Zaragoza.png 722w, https:\/\/www.unioviedo.es\/RUEI\/wp-content\/uploads\/2019\/04\/Zaragoza-300x140.png 300w\" sizes=\"auto, (max-width: 404px) 100vw, 404px\" \/><figcaption> Banner de Zaragoza, 2013<\/figcaption><\/figure><\/div>\n\n\n\n<p><strong>2013, Zaragoza<\/strong>.  <br>Universidad de Zaragoza.  <br>X Congreso Internacional XXX Jornadas de Universidades y Educaci\u00f3n Especial.   <br>T\u00edtulo:<em> Educaci\u00f3n inclusiva: desaf\u00edos y respuestas creativas  <\/em><br><a rel=\"noreferrer noopener\" aria-label=\"Actas (abre en una nueva pesta\u00f1a)\" href=\"http:\/\/www.grupo-edi.com\/documentaci%C3%B3n\/Actas_publicacion.pdf\" target=\"_blank\">Actas<\/a>  \/  <a href=\"https:\/\/drive.google.com\/drive\/folders\/130hlF7z4gVaMGWIMmviCmoQVhGd94jt1\" target=\"_blank\" rel=\"noreferrer noopener\" aria-label=\"Album de fotos (abre en una nueva pesta\u00f1a)\">Album de fotos<\/a><\/p>\n\n\n\n<div class=\"wp-block-image\"><figure class=\"aligncenter is-resized\"><img loading=\"lazy\" decoding=\"async\" src=\"https:\/\/www.unioviedo.es\/RUEI\/wp-content\/uploads\/2019\/04\/Zaragoza-1.png\" alt=\"\" class=\"wp-image-220\" width=\"409\" height=\"185\" srcset=\"https:\/\/www.unioviedo.es\/RUEI\/wp-content\/uploads\/2019\/04\/Zaragoza-1.png 574w, https:\/\/www.unioviedo.es\/RUEI\/wp-content\/uploads\/2019\/04\/Zaragoza-1-300x136.png 300w\" sizes=\"auto, (max-width: 409px) 100vw, 409px\" \/><figcaption> Banner del Castell\u00f3n, 2014<\/figcaption><\/figure><\/div>\n\n\n\n<p><strong>2014, Castell\u00f3n<\/strong>.  <br>Universidad Jaume I de Castell\u00f3n.  <br>XI Congreso Internacional XXXI Jornadas de Universidades y Educaci\u00f3n Especial.   <br>T\u00edtulo:<em> La escuela excluida  <\/em><br><a rel=\"noreferrer noopener\" aria-label=\"Web del Congreso  (abre en una nueva pesta\u00f1a)\" href=\"https:\/\/sites.google.com\/a\/uji.es\/congresoeducacioninclusiva\/home\" target=\"_blank\">Web del Congreso<\/a>  \/  <a rel=\"noreferrer noopener\" aria-label=\"Tr\u00edptico (abre en una nueva pesta\u00f1a)\" href=\"http:\/\/meicri.uji.es\/sites\/default\/files\/Tr%C3%ADptico.pdf\" target=\"_blank\">Tr\u00edptico<\/a>  \/   <a href=\"http:\/\/www.quadernsdigitals.net\/index.php?accionMenu=hemeroteca.VisualizaRevistaIU.visualiza&amp;revista_id=77&amp;PHPSESSID=acbe87eb257b8d764f15954e37cf5edf\" target=\"_blank\" rel=\"noreferrer noopener\" aria-label=\"Libro de Actas (abre en una nueva pesta\u00f1a)\">Libro de Actas<\/a><\/p>\n\n\n\n<div class=\"wp-block-image\"><figure class=\"aligncenter is-resized\"><img loading=\"lazy\" decoding=\"async\" src=\"https:\/\/www.unioviedo.es\/RUEI\/wp-content\/uploads\/2019\/04\/Congreso-educaci\u00f3n-inclusiva-madrid-2015.jpg\" alt=\"\" class=\"wp-image-205\" width=\"423\" height=\"237\" srcset=\"https:\/\/www.unioviedo.es\/RUEI\/wp-content\/uploads\/2019\/04\/Congreso-educaci\u00f3n-inclusiva-madrid-2015.jpg 800w, https:\/\/www.unioviedo.es\/RUEI\/wp-content\/uploads\/2019\/04\/Congreso-educaci\u00f3n-inclusiva-madrid-2015-300x169.jpg 300w, https:\/\/www.unioviedo.es\/RUEI\/wp-content\/uploads\/2019\/04\/Congreso-educaci\u00f3n-inclusiva-madrid-2015-768x432.jpg 768w\" sizes=\"auto, (max-width: 423px) 100vw, 423px\" \/><figcaption>Banner de Madrid, 2015<\/figcaption><\/figure><\/div>\n\n\n\n<p><strong>2015, Madrid.  <\/strong><br>Universidad Complutense de Madrid.  <br>XII Congreso Internacional XXXII Jornadas de Universidades y Educaci\u00f3n Especial.   <br>T\u00edtulo: <em>De la Educaci\u00f3n Especial a la Educaci\u00f3n Inclusiva: Retos y tendencias en la Sociedad Digital  <\/em><br><a rel=\"noreferrer noopener\" href=\"https:\/\/www.cardenalcisneros.es\/sites\/default\/files\/CARTELDEFINITIVO%20CIJUEE%255b1%255d.pdf\" target=\"_blank\">Cartel del Congreso<\/a>      <\/p>\n\n\n\n<div class=\"wp-block-image\"><figure class=\"aligncenter\"><img loading=\"lazy\" decoding=\"async\" width=\"460\" height=\"200\" src=\"https:\/\/www.unioviedo.es\/RUEI\/wp-content\/uploads\/2019\/04\/Congreso-inclusiva-Albacete-1.jpg\" alt=\"\" class=\"wp-image-215\" srcset=\"https:\/\/www.unioviedo.es\/RUEI\/wp-content\/uploads\/2019\/04\/Congreso-inclusiva-Albacete-1.jpg 460w, https:\/\/www.unioviedo.es\/RUEI\/wp-content\/uploads\/2019\/04\/Congreso-inclusiva-Albacete-1-300x130.jpg 300w\" sizes=\"auto, (max-width: 460px) 100vw, 460px\" \/><figcaption> Banner de Albacete, 2016<\/figcaption><\/figure><\/div>\n\n\n\n<p><strong>2016, Albacete<\/strong><br>Universidad de Castilla La La Mancha <br>XIII Congreso Internacional XXXIII Jornadas de Universidades y Educaci\u00f3n Inclusiva.   <br>T\u00edtulo: <em>Liderazgo y empoderamiento docente. Nuevos retos de la educaci\u00f3n inclusiva en la sociedad del conocimiento. <\/em><br><a rel=\"noreferrer noopener\" href=\"http:\/\/planeta.educarex.es\/web\/wp-content\/uploads\/2016\/01\/congreso_Albacete2016.jpg\" target=\"_blank\">Cartel<\/a>  \/  <a rel=\"noreferrer noopener\" href=\"http:\/\/eventos.uclm.es\/file_manager\/getfile\/6794\" target=\"_blank\">Actas <\/a>  \/   <a rel=\"noreferrer noopener\" href=\"https:\/\/www.slideshare.net\/joshhe\/conclusiones-xiii-congreso-internacional-y-xxxiii-jornadas-de-universidades-y-educacin-inclusiva\" target=\"_blank\">Conclusiones<\/a> <\/p>\n\n\n\n<div class=\"wp-block-image\"><figure class=\"aligncenter is-resized\"><img loading=\"lazy\" decoding=\"async\" src=\"https:\/\/www.unioviedo.es\/RUEI\/wp-content\/uploads\/2019\/04\/Congreso-oviedo-2.jpg\" alt=\"\" class=\"wp-image-216\" width=\"499\" height=\"108\" srcset=\"https:\/\/www.unioviedo.es\/RUEI\/wp-content\/uploads\/2019\/04\/Congreso-oviedo-2.jpg 880w, https:\/\/www.unioviedo.es\/RUEI\/wp-content\/uploads\/2019\/04\/Congreso-oviedo-2-300x65.jpg 300w, https:\/\/www.unioviedo.es\/RUEI\/wp-content\/uploads\/2019\/04\/Congreso-oviedo-2-768x166.jpg 768w\" sizes=\"auto, (max-width: 499px) 100vw, 499px\" \/><figcaption> Banner de Asturias, 2017<\/figcaption><\/figure><\/div>\n\n\n\n<p style=\"text-align:left\"><strong>2017, Asturias<\/strong><br>Universidad de Oviedo<br>XIV Congreso Internacional y XXXIV Jornadas de Universidades y Educaci\u00f3n Inclusiva.  <br>T\u00edtulo: <em>Pr\u00e1cticas innovadoras inclusivas: retos y oportunidades    <\/em><br><a rel=\"noreferrer noopener\" href=\"http:\/\/www.unioviedo.es\/RUEI\/wp-content\/uploads\/2019\/04\/Cartel-Congreso-Ed.-Inclusiva-Oviedo-2017.pdf\" target=\"_blank\">Cartel<\/a>  \/  <a rel=\"noreferrer noopener\" href=\"https:\/\/ria.asturias.es\/RIA\/handle\/123456789\/9167\" target=\"_blank\">Libro de Actas<\/a>   \/ <a href=\"http:\/\/www.unioviedo.es\/RUEI\/wp-content\/uploads\/2023\/03\/Comit\u00e9-Cient\u00edfico-Congreso-Internacional-RUEI-2017.pdf\">Comit\u00e9 Cient\u00edfico<\/a> <\/p>\n\n\n\n<div class=\"wp-block-image\"><figure class=\"aligncenter is-resized\"><img loading=\"lazy\" decoding=\"async\" src=\"https:\/\/www.unioviedo.es\/RUEI\/wp-content\/uploads\/2019\/04\/Congreso-Granada-2018.png\" alt=\"\" class=\"wp-image-212\" width=\"496\" height=\"142\" srcset=\"https:\/\/www.unioviedo.es\/RUEI\/wp-content\/uploads\/2019\/04\/Congreso-Granada-2018.png 750w, https:\/\/www.unioviedo.es\/RUEI\/wp-content\/uploads\/2019\/04\/Congreso-Granada-2018-300x86.png 300w\" sizes=\"auto, (max-width: 496px) 100vw, 496px\" \/><figcaption>  Banner de Granada, 2018 <\/figcaption><\/figure><\/div>\n\n\n\n<p style=\"text-align:left\"><strong>2018, Granada<\/strong><br>Universidad de Granada<br>XV Congreso Internacional y XXXV Jornadas de Universidades y Educaci\u00f3n Inclusiva.  <br>T\u00edtulo: <em>Liderando investigaci\u00f3n y pr\u00e1cticas inclusivas <\/em>  <br><a rel=\"noreferrer noopener\" aria-label=\"Libro de Actas    (abre en una nueva pesta\u00f1a)\" href=\"https:\/\/dialnet.unirioja.es\/servlet\/libro?codigo=709946\" target=\"_blank\">Libro de Actas<\/a> <\/p>\n\n\n\n<div class=\"wp-block-image\"><figure class=\"aligncenter is-resized\"><img loading=\"lazy\" decoding=\"async\" src=\"https:\/\/www.unioviedo.es\/RUEI\/wp-content\/uploads\/2019\/04\/Cartel-Congreso-Salamanca-1.jpg\" alt=\"\" class=\"wp-image-235\" width=\"277\" height=\"231\" srcset=\"https:\/\/www.unioviedo.es\/RUEI\/wp-content\/uploads\/2019\/04\/Cartel-Congreso-Salamanca-1.jpg 618w, https:\/\/www.unioviedo.es\/RUEI\/wp-content\/uploads\/2019\/04\/Cartel-Congreso-Salamanca-1-300x250.jpg 300w\" sizes=\"auto, (max-width: 277px) 100vw, 277px\" \/><figcaption>   Banner de Salamanca, 2019<\/figcaption><\/figure><\/div>\n\n\n\n<p style=\"text-align:left\"><strong>2019, Salamanca<\/strong><br>Universidad de Salamanca<br>XVI Congreso Internacional y XXXVI Jornadas de Universidades y Educaci\u00f3n Inclusiva.  <br>T\u00edtulo: <em>Nuevos retos en la formaci\u00f3n del profesorado para la inclusi\u00f3n<\/em>  <br><a rel=\"noreferrer noopener\" aria-label=\"Libro de Actas (abre en una nueva pesta\u00f1a)\" href=\"http:\/\/www.unioviedo.es\/RUEI\/wp-content\/uploads\/2019\/04\/Cartel-Congreso-Salamanca.jpg\" target=\"_blank\">Cartel<\/a>  \/ <a rel=\"noreferrer noopener\" aria-label=\"Alb\u00fam de fotos (abre en una nueva pesta\u00f1a)\" href=\"https:\/\/www.unioviedo.es\/RUEI\/index.php\/album-de-fotos\/\" target=\"_blank\">Alb\u00fam de fotos<\/a>  \/  <a href=\"http:\/\/www.unioviedo.es\/RUEI\/wp-content\/uploads\/2019\/04\/Conclusiones-Salamanca-2019.pdf\" target=\"_blank\" rel=\"noreferrer noopener\" aria-label=\"Conclusiones (abre en una nueva pesta\u00f1a)\">Conclusiones<\/a><\/p>\n\n\n\n<div class=\"wp-block-image\"><figure class=\"aligncenter\"><img loading=\"lazy\" decoding=\"async\" width=\"209\" height=\"300\" src=\"http:\/\/www.unioviedo.es\/RUEI\/wp-content\/uploads\/2022\/01\/Congreso-Burgos.jpg\" alt=\"\" class=\"wp-image-1035\"\/><figcaption>Banner de Burgos, 2020<\/figcaption><\/figure><\/div>\n\n\n\n<p style=\"text-align:left\"><strong>2020, Burgos<\/strong><br>Universidad de Burgos<br>XVII Congreso Internacional y XXXVII Jornadas de Universidades y Educaci\u00f3n Inclusiva.  <br>T\u00edtulo: <em>Universidades y Educaci\u00f3n Inclusiva: ampliando horizontes<\/em><br><a rel=\"noreferrer noopener\" aria-label=\"Libro de Actas (abre en una nueva pesta\u00f1a)\" href=\"http:\/\/www.unioviedo.es\/RUEI\/wp-content\/uploads\/2019\/04\/Cartel-Congreso-Salamanca.jpg\" target=\"_blank\"><\/a><a href=\"https:\/\/www3.ubu.es\/congresoinclusiva2020\/\" target=\"_blank\" rel=\"noreferrer noopener\" aria-label=\"Web del congreso (abre en una nueva pesta\u00f1a)\">Web del congreso<\/a> \/ <a rel=\"noreferrer noopener\" aria-label=\"Programa (abre en una nueva pesta\u00f1a)\" href=\"https:\/\/www3.ubu.es\/congresoinclusiva2020\/programa.html\" target=\"_blank\">Programa<\/a><\/p>\n\n\n\n<div class=\"wp-block-image\"><figure class=\"aligncenter is-resized\"><img loading=\"lazy\" decoding=\"async\" src=\"http:\/\/www.unioviedo.es\/RUEI\/wp-content\/uploads\/2022\/01\/Logo-Congreso-Palma-de-Mallorca-1-1024x359.jpg\" alt=\"\" class=\"wp-image-1036\" width=\"427\" height=\"150\" srcset=\"https:\/\/www.unioviedo.es\/RUEI\/wp-content\/uploads\/2022\/01\/Logo-Congreso-Palma-de-Mallorca-1-1024x359.jpg 1024w, https:\/\/www.unioviedo.es\/RUEI\/wp-content\/uploads\/2022\/01\/Logo-Congreso-Palma-de-Mallorca-1-300x105.jpg 300w, https:\/\/www.unioviedo.es\/RUEI\/wp-content\/uploads\/2022\/01\/Logo-Congreso-Palma-de-Mallorca-1-768x269.jpg 768w, https:\/\/www.unioviedo.es\/RUEI\/wp-content\/uploads\/2022\/01\/Logo-Congreso-Palma-de-Mallorca-1.jpg 1141w\" sizes=\"auto, (max-width: 427px) 100vw, 427px\" \/><figcaption> Banner de Palma, 2022 <\/figcaption><\/figure><\/div>\n\n\n\n<p style=\"text-align:left\"><strong>2022, Palma de Mallorca<\/strong><br>Universitat de les Illes Balears<br>XVIII Congreso Internacional y XXXVIII Jornadas de Universidades y Educaci\u00f3n Inclusiva.  <br>T\u00edtulo: <em>Educaci\u00f3n inclusiva y praxis: caleidoscopio de oportunidades<\/em>  <br><a rel=\"noreferrer noopener\" aria-label=\"Web del congreso (abre en una nueva pesta\u00f1a)\" href=\"https:\/\/agenda.uib.es\/event_detail\/75845\/detail\/xviii-congreso-internacional-y-xxxviii-jornadas-de-universidades-y-educacion-inclusiva..html\" target=\"_blank\">Web del congreso<\/a><\/p>\n\n\n\n<div class=\"wp-block-image\"><figure class=\"aligncenter is-resized\"><a href=\"https:\/\/www.inkluni.eus\/es\/\" target=\"_blank\" rel=\"noreferrer noopener\"><img loading=\"lazy\" decoding=\"async\" src=\"http:\/\/www.unioviedo.es\/RUEI\/wp-content\/uploads\/2023\/11\/Cartel-XIX-Congreso-Internacional-de-Ed.-Inclusiva.png\" alt=\"\" class=\"wp-image-1086\" width=\"281\" height=\"492\" srcset=\"https:\/\/www.unioviedo.es\/RUEI\/wp-content\/uploads\/2023\/11\/Cartel-XIX-Congreso-Internacional-de-Ed.-Inclusiva.png 558w, https:\/\/www.unioviedo.es\/RUEI\/wp-content\/uploads\/2023\/11\/Cartel-XIX-Congreso-Internacional-de-Ed.-Inclusiva-172x300.png 172w\" sizes=\"auto, (max-width: 281px) 100vw, 281px\" \/><\/a><\/figure><\/div>\n\n\n\n<p style=\"text-align:left\"><strong>2024, Donostia \/ San Sebasti\u00e1n<\/strong><br>Universidad del Pa\u00eds Vasco\/Euskal Herriko Unibertsitatea <br>XIX Congreso Internacional y XXXIV Jornadas de Universidades y Educaci\u00f3n Inclusiva.  <br>T\u00edtulo: <em>Tejiendo redes inclusivas: escuela + comunidad + investigaci\u00f3n<\/em><br><a rel=\"noreferrer noopener\" aria-label=\"Web del congreso (abre en una nueva pesta\u00f1a)\" href=\"https:\/\/www.inkluni.eus\/es\/\" target=\"_blank\">Web del congreso<\/a><\/p>\n\n\n\n<p><strong>_______________________<\/strong> <br><strong>Otras Jornadas previas y ediciones publicadas en Dialnet<\/strong><br><a rel=\"noreferrer noopener\" aria-label=\"Enlace (abre en una nueva pesta\u00f1a)\" href=\"https:\/\/dialnet.unirioja.es\/congreso\/27\" target=\"_blank\">Enlace<\/a><\/p>\n","protected":false},"excerpt":{"rendered":"<p>Cada a\u00f1o, desde el a\u00f1o 1983, la RUEI en colaboraci\u00f3n con una de las universidades miembro de la Red, viene&hellip;<\/p>\n","protected":false},"author":1,"featured_media":0,"parent":0,"menu_order":0,"comment_status":"closed","ping_status":"closed","template":"","meta":{"footnotes":""},"class_list":["post-63","page","type-page","status-publish","hentry"],"_links":{"self":[{"href":"https:\/\/www.unioviedo.es\/RUEI\/index.php\/wp-json\/wp\/v2\/pages\/63","targetHints":{"allow":["GET"]}}],"collection":[{"href":"https:\/\/www.unioviedo.es\/RUEI\/index.php\/wp-json\/wp\/v2\/pages"}],"about":[{"href":"https:\/\/www.unioviedo.es\/RUEI\/index.php\/wp-json\/wp\/v2\/types\/page"}],"author":[{"embeddable":true,"href":"https:\/\/www.unioviedo.es\/RUEI\/index.php\/wp-json\/wp\/v2\/users\/1"}],"replies":[{"embeddable":true,"href":"https:\/\/www.unioviedo.es\/RUEI\/index.php\/wp-json\/wp\/v2\/comments?post=63"}],"version-history":[{"count":28,"href":"https:\/\/www.unioviedo.es\/RUEI\/index.php\/wp-json\/wp\/v2\/pages\/63\/revisions"}],"predecessor-version":[{"id":1089,"href":"https:\/\/www.unioviedo.es\/RUEI\/index.php\/wp-json\/wp\/v2\/pages\/63\/revisions\/1089"}],"wp:attachment":[{"href":"https:\/\/www.unioviedo.es\/RUEI\/index.php\/wp-json\/wp\/v2\/media?parent=63"}],"curies":[{"name":"wp","href":"https:\/\/api.w.org\/{rel}","templated":true}]}}