{"id":649,"date":"2019-04-16T12:43:50","date_gmt":"2019-04-16T10:43:50","guid":{"rendered":"http:\/\/www.unioviedo.es\/RUEI\/?page_id=649"},"modified":"2024-03-08T17:15:00","modified_gmt":"2024-03-08T16:15:00","slug":"universidad-de-cadiz","status":"publish","type":"page","link":"https:\/\/www.unioviedo.es\/RUEI\/index.php\/universidad-de-cadiz\/","title":{"rendered":"Universidad de C\u00e1diz"},"content":{"rendered":"\n<div class=\"wp-block-image\"><figure class=\"aligncenter is-resized\"><img loading=\"lazy\" decoding=\"async\" src=\"http:\/\/www.unioviedo.es\/RUEI\/wp-content\/uploads\/2019\/04\/Sin-t\u00edtulo-15.png\" alt=\"\" class=\"wp-image-550\" width=\"211\" height=\"213\" srcset=\"https:\/\/www.unioviedo.es\/RUEI\/wp-content\/uploads\/2019\/04\/Sin-t\u00edtulo-15.png 256w, https:\/\/www.unioviedo.es\/RUEI\/wp-content\/uploads\/2019\/04\/Sin-t\u00edtulo-15-150x150.png 150w\" sizes=\"auto, (max-width: 211px) 100vw, 211px\" \/><\/figure><\/div>\n\n\n\n<ul class=\"wp-block-list\"><li><strong><a rel=\"noreferrer noopener\" aria-label=\"Ben\u00edtez Gavira, Remedios (abre en una nueva pesta\u00f1a)\" href=\"http:\/\/www.unioviedo.es\/RUEI\/wp-content\/uploads\/2024\/03\/Ben\u00edtez-Gavira-Remedios.pdf\" target=\"_blank\">Ben\u00edtez Gavira, Remedios<\/a><\/strong><\/li><li><strong>Dom\u00e9nech Vidal, Ana<\/strong><\/li><li><strong><a rel=\"noreferrer noopener\" aria-label=\"Cotrina Garc\u00eda, Manuel (abre en una nueva pesta\u00f1a)\" href=\"http:\/\/www.unioviedo.es\/RUEI\/wp-content\/uploads\/2019\/12\/MANUEL-COTRINA-GARC\u00cdA.pdf\" target=\"_blank\">Cotrina Garc\u00eda, Manuel<\/a><\/strong><\/li><li><strong><a rel=\"noreferrer noopener\" aria-label=\"Garc\u00eda Garc\u00eda, Mayka (abre en una nueva pesta\u00f1a)\" href=\"http:\/\/www.unioviedo.es\/RUEI\/wp-content\/uploads\/2024\/03\/Garc\u00eda-Garc\u00eda-Mayka.pdf\" target=\"_blank\">Garc\u00eda Garc\u00eda, Mayka<\/a><\/strong><\/li><li><strong>Ru\u00edz-Bejarano, Aurora Mar\u00eda<\/strong><\/li><li><strong><a rel=\"noreferrer noopener\" aria-label=\"S\u00e1nchez \u00c1vila, Carmen (abre en una nueva pesta\u00f1a)\" href=\"http:\/\/www.unioviedo.es\/RUEI\/wp-content\/uploads\/2024\/03\/S\u00e1nchez-\u00c1vila-Carmen.pdf\" target=\"_blank\">S\u00e1nchez \u00c1vila, Carmen<\/a><\/strong><\/li><\/ul>\n\n\n\n<p>Si deseas integrarte o actualizar la informaci\u00f3n, no dudes en escribirnos a: <a href=\"https:\/\/www.unioviedo.es\/RUEI\/index.php\/contacto\/\">info@ruei.es<\/a><\/p>\n","protected":false},"excerpt":{"rendered":"<p>Ben\u00edtez Gavira, Remedios Dom\u00e9nech Vidal, Ana Cotrina Garc\u00eda, Manuel Garc\u00eda Garc\u00eda, Mayka Ru\u00edz-Bejarano, Aurora Mar\u00eda S\u00e1nchez \u00c1vila, Carmen Si deseas&hellip;<\/p>\n","protected":false},"author":1,"featured_media":0,"parent":0,"menu_order":0,"comment_status":"closed","ping_status":"closed","template":"","meta":{"footnotes":""},"class_list":["post-649","page","type-page","status-publish","hentry"],"_links":{"self":[{"href":"https:\/\/www.unioviedo.es\/RUEI\/index.php\/wp-json\/wp\/v2\/pages\/649","targetHints":{"allow":["GET"]}}],"collection":[{"href":"https:\/\/www.unioviedo.es\/RUEI\/index.php\/wp-json\/wp\/v2\/pages"}],"about":[{"href":"https:\/\/www.unioviedo.es\/RUEI\/index.php\/wp-json\/wp\/v2\/types\/page"}],"author":[{"embeddable":true,"href":"https:\/\/www.unioviedo.es\/RUEI\/index.php\/wp-json\/wp\/v2\/users\/1"}],"replies":[{"embeddable":true,"href":"https:\/\/www.unioviedo.es\/RUEI\/index.php\/wp-json\/wp\/v2\/comments?post=649"}],"version-history":[{"count":5,"href":"https:\/\/www.unioviedo.es\/RUEI\/index.php\/wp-json\/wp\/v2\/pages\/649\/revisions"}],"predecessor-version":[{"id":1127,"href":"https:\/\/www.unioviedo.es\/RUEI\/index.php\/wp-json\/wp\/v2\/pages\/649\/revisions\/1127"}],"wp:attachment":[{"href":"https:\/\/www.unioviedo.es\/RUEI\/index.php\/wp-json\/wp\/v2\/media?parent=649"}],"curies":[{"name":"wp","href":"https:\/\/api.w.org\/{rel}","templated":true}]}}