{"id":659,"date":"2019-04-16T12:46:40","date_gmt":"2019-04-16T10:46:40","guid":{"rendered":"http:\/\/www.unioviedo.es\/RUEI\/?page_id=659"},"modified":"2025-10-13T08:30:01","modified_gmt":"2025-10-13T06:30:01","slug":"universidad-de-huelva","status":"publish","type":"page","link":"https:\/\/www.unioviedo.es\/RUEI\/index.php\/universidad-de-huelva\/","title":{"rendered":"Universidad de Huelva"},"content":{"rendered":"<div class=\"wp-block-image\">\n<figure class=\"aligncenter is-resized\"><img loading=\"lazy\" decoding=\"async\" width=\"256\" height=\"259\" src=\"http:\/\/www.unioviedo.es\/RUEI\/wp-content\/uploads\/2019\/04\/Sin-t\u00edtulo-16.png\" alt=\"\" class=\"wp-image-552\" style=\"width:216px;height:218px\"\/><\/figure><\/div>\n\n\n<ul class=\"wp-block-list\">\n<li><strong><a aria-label=\"Cot\u00e1n Fern\u00e1ndez, Almudena (abre en una nueva pesta\u00f1a)\" href=\"http:\/\/www.unioviedo.es\/RUEI\/wp-content\/uploads\/2024\/03\/Cot\u00e1n-Fern\u00e1ndez-Almudena.pdf\" target=\"_blank\" rel=\"noreferrer noopener\">Cot\u00e1n Fern\u00e1ndez, Almudena<\/a><\/strong><\/li>\n\n\n\n<li><strong>Garc\u00eda Rodr\u00edguez, M\u00aa del Pilar<\/strong><\/li>\n\n\n\n<li><strong><a aria-label=\"G\u00f3mez Hurtado, Inmaculada C. (abre en una nueva pesta\u00f1a)\" href=\"http:\/\/www.unioviedo.es\/RUEI\/wp-content\/uploads\/2024\/03\/G\u00f3mez-Hurtado-Inmaculada.pdf\" target=\"_blank\" rel=\"noreferrer noopener\">G\u00f3mez Hurtado, Inmaculada C.<\/a><\/strong><\/li>\n\n\n\n<li><strong><a aria-label=\"Gonz\u00e1lez Falc\u00f3n, Inmaculada (abre en una nueva pesta\u00f1a)\" href=\"http:\/\/www.unioviedo.es\/RUEI\/wp-content\/uploads\/2024\/03\/Gonz\u00e1lez-Falc\u00f3n-Inmaculada.pdf\" target=\"_blank\" rel=\"noreferrer noopener\">Gonz\u00e1lez Falc\u00f3n, Inmaculada<\/a><\/strong><\/li>\n<\/ul>\n\n\n\n<p>Si deseas integrarte o actualizar la informaci\u00f3n, no dudes en escribirnos a: <a href=\"https:\/\/www.unioviedo.es\/RUEI\/index.php\/contacto\/\">info@ruei.es<\/a><\/p>\n","protected":false},"excerpt":{"rendered":"<p>Si deseas integrarte o actualizar la informaci\u00f3n, no dudes en escribirnos a: info@ruei.es<\/p>\n","protected":false},"author":1,"featured_media":0,"parent":0,"menu_order":0,"comment_status":"closed","ping_status":"closed","template":"","meta":{"footnotes":""},"class_list":["post-659","page","type-page","status-publish","hentry"],"_links":{"self":[{"href":"https:\/\/www.unioviedo.es\/RUEI\/index.php\/wp-json\/wp\/v2\/pages\/659","targetHints":{"allow":["GET"]}}],"collection":[{"href":"https:\/\/www.unioviedo.es\/RUEI\/index.php\/wp-json\/wp\/v2\/pages"}],"about":[{"href":"https:\/\/www.unioviedo.es\/RUEI\/index.php\/wp-json\/wp\/v2\/types\/page"}],"author":[{"embeddable":true,"href":"https:\/\/www.unioviedo.es\/RUEI\/index.php\/wp-json\/wp\/v2\/users\/1"}],"replies":[{"embeddable":true,"href":"https:\/\/www.unioviedo.es\/RUEI\/index.php\/wp-json\/wp\/v2\/comments?post=659"}],"version-history":[{"count":15,"href":"https:\/\/www.unioviedo.es\/RUEI\/index.php\/wp-json\/wp\/v2\/pages\/659\/revisions"}],"predecessor-version":[{"id":1473,"href":"https:\/\/www.unioviedo.es\/RUEI\/index.php\/wp-json\/wp\/v2\/pages\/659\/revisions\/1473"}],"wp:attachment":[{"href":"https:\/\/www.unioviedo.es\/RUEI\/index.php\/wp-json\/wp\/v2\/media?parent=659"}],"curies":[{"name":"wp","href":"https:\/\/api.w.org\/{rel}","templated":true}]}}