{"id":732,"date":"2019-04-16T13:37:18","date_gmt":"2019-04-16T11:37:18","guid":{"rendered":"http:\/\/www.unioviedo.es\/RUEI\/?page_id=732"},"modified":"2024-03-08T17:27:07","modified_gmt":"2024-03-08T16:27:07","slug":"universidad-de-oviedo-universida-duvieu","status":"publish","type":"page","link":"https:\/\/www.unioviedo.es\/RUEI\/index.php\/universidad-de-oviedo-universida-duvieu\/","title":{"rendered":"Universidad de Oviedo \/ Universid\u00e1 d\u00b4Uvi\u00e9u"},"content":{"rendered":"\n<div class=\"wp-block-image\"><figure class=\"aligncenter is-resized\"><img loading=\"lazy\" decoding=\"async\" src=\"https:\/\/www.unioviedo.es\/RUEI\/wp-content\/uploads\/2019\/04\/Sin-t\u00edtulo-22.png\" alt=\"\" class=\"wp-image-734\" width=\"230\" height=\"232\" srcset=\"https:\/\/www.unioviedo.es\/RUEI\/wp-content\/uploads\/2019\/04\/Sin-t\u00edtulo-22.png 256w, https:\/\/www.unioviedo.es\/RUEI\/wp-content\/uploads\/2019\/04\/Sin-t\u00edtulo-22-150x150.png 150w\" sizes=\"auto, (max-width: 230px) 100vw, 230px\" \/><\/figure><\/div>\n\n\n\n<ul class=\"wp-block-list\"><li><strong>\u00c1lvarez Arregui, Emilio<\/strong><\/li><li><strong><a href=\"http:\/\/www.unioviedo.es\/RUEI\/wp-content\/uploads\/2024\/03\/Armas-Junco-Laura.pdf\" target=\"_blank\" rel=\"noreferrer noopener\" aria-label=\"Armas Junco, Laura (abre en una nueva pesta\u00f1a)\">Armas Junco, Laura<\/a><\/strong><\/li><li><strong><a rel=\"noreferrer noopener\" aria-label=\"Rodr\u00edguez-Mart\u00edn, Alejandro (abre en una nueva pesta\u00f1a)\" href=\"http:\/\/www.unioviedo.es\/RUEI\/wp-content\/uploads\/2024\/03\/Rodr\u00edguez-Mart\u00edn-Alejandro.pdf\" target=\"_blank\">Rodr\u00edguez-Mart\u00edn, Alejandro<\/a><\/strong><\/li><\/ul>\n\n\n\n<p>Si deseas integrarte o actualizar la informaci\u00f3n, no dudes en escribirnos a: <a href=\"https:\/\/www.unioviedo.es\/RUEI\/index.php\/contacto\/\">info@ruei.es<\/a><\/p>\n","protected":false},"excerpt":{"rendered":"<p>\u00c1lvarez Arregui, Emilio Armas Junco, Laura Rodr\u00edguez-Mart\u00edn, Alejandro Si deseas integrarte o actualizar la informaci\u00f3n, no dudes en escribirnos a:&hellip;<\/p>\n","protected":false},"author":1,"featured_media":0,"parent":0,"menu_order":0,"comment_status":"closed","ping_status":"closed","template":"","meta":{"footnotes":""},"class_list":["post-732","page","type-page","status-publish","hentry"],"_links":{"self":[{"href":"https:\/\/www.unioviedo.es\/RUEI\/index.php\/wp-json\/wp\/v2\/pages\/732","targetHints":{"allow":["GET"]}}],"collection":[{"href":"https:\/\/www.unioviedo.es\/RUEI\/index.php\/wp-json\/wp\/v2\/pages"}],"about":[{"href":"https:\/\/www.unioviedo.es\/RUEI\/index.php\/wp-json\/wp\/v2\/types\/page"}],"author":[{"embeddable":true,"href":"https:\/\/www.unioviedo.es\/RUEI\/index.php\/wp-json\/wp\/v2\/users\/1"}],"replies":[{"embeddable":true,"href":"https:\/\/www.unioviedo.es\/RUEI\/index.php\/wp-json\/wp\/v2\/comments?post=732"}],"version-history":[{"count":3,"href":"https:\/\/www.unioviedo.es\/RUEI\/index.php\/wp-json\/wp\/v2\/pages\/732\/revisions"}],"predecessor-version":[{"id":1140,"href":"https:\/\/www.unioviedo.es\/RUEI\/index.php\/wp-json\/wp\/v2\/pages\/732\/revisions\/1140"}],"wp:attachment":[{"href":"https:\/\/www.unioviedo.es\/RUEI\/index.php\/wp-json\/wp\/v2\/media?parent=732"}],"curies":[{"name":"wp","href":"https:\/\/api.w.org\/{rel}","templated":true}]}}