{"id":760,"date":"2019-04-16T13:56:43","date_gmt":"2019-04-16T11:56:43","guid":{"rendered":"http:\/\/www.unioviedo.es\/RUEI\/?page_id=760"},"modified":"2024-03-08T18:04:22","modified_gmt":"2024-03-08T17:04:22","slug":"universidad-de-burgos","status":"publish","type":"page","link":"https:\/\/www.unioviedo.es\/RUEI\/index.php\/universidad-de-burgos\/","title":{"rendered":"Universidad de Burgos"},"content":{"rendered":"\n<div class=\"wp-block-image\"><figure class=\"aligncenter is-resized\"><img loading=\"lazy\" decoding=\"async\" src=\"http:\/\/www.unioviedo.es\/RUEI\/wp-content\/uploads\/2019\/04\/Sin-t\u00edtulo-28.png\" alt=\"\" class=\"wp-image-756\" width=\"219\" height=\"222\"\/><\/figure><\/div>\n\n\n\n<ul class=\"wp-block-list\"><li><strong><a href=\"http:\/\/www.unioviedo.es\/RUEI\/wp-content\/uploads\/2024\/03\/Fern\u00e1ndez-Hawrylak-Mar\u00eda.pdf\" target=\"_blank\" rel=\"noreferrer noopener\" aria-label=\"Fern\u00e1ndez Hawrylak, Mar\u00eda (abre en una nueva pesta\u00f1a)\">Fern\u00e1ndez Hawrylak, Mar\u00eda<\/a><\/strong><\/li><\/ul>\n\n\n\n<p>Si deseas integrarte o actualizar la informaci\u00f3n, no dudes en escribirnos a: <a href=\"https:\/\/www.unioviedo.es\/RUEI\/index.php\/contacto\/\">info@ruei.es<\/a><\/p>\n","protected":false},"excerpt":{"rendered":"<p>Fern\u00e1ndez Hawrylak, Mar\u00eda Si deseas integrarte o actualizar la informaci\u00f3n, no dudes en escribirnos a: info@ruei.es<\/p>\n","protected":false},"author":1,"featured_media":0,"parent":0,"menu_order":0,"comment_status":"closed","ping_status":"closed","template":"","meta":{"footnotes":""},"class_list":["post-760","page","type-page","status-publish","hentry"],"_links":{"self":[{"href":"https:\/\/www.unioviedo.es\/RUEI\/index.php\/wp-json\/wp\/v2\/pages\/760","targetHints":{"allow":["GET"]}}],"collection":[{"href":"https:\/\/www.unioviedo.es\/RUEI\/index.php\/wp-json\/wp\/v2\/pages"}],"about":[{"href":"https:\/\/www.unioviedo.es\/RUEI\/index.php\/wp-json\/wp\/v2\/types\/page"}],"author":[{"embeddable":true,"href":"https:\/\/www.unioviedo.es\/RUEI\/index.php\/wp-json\/wp\/v2\/users\/1"}],"replies":[{"embeddable":true,"href":"https:\/\/www.unioviedo.es\/RUEI\/index.php\/wp-json\/wp\/v2\/comments?post=760"}],"version-history":[{"count":2,"href":"https:\/\/www.unioviedo.es\/RUEI\/index.php\/wp-json\/wp\/v2\/pages\/760\/revisions"}],"predecessor-version":[{"id":1178,"href":"https:\/\/www.unioviedo.es\/RUEI\/index.php\/wp-json\/wp\/v2\/pages\/760\/revisions\/1178"}],"wp:attachment":[{"href":"https:\/\/www.unioviedo.es\/RUEI\/index.php\/wp-json\/wp\/v2\/media?parent=760"}],"curies":[{"name":"wp","href":"https:\/\/api.w.org\/{rel}","templated":true}]}}