{"id":772,"date":"2019-04-16T13:58:43","date_gmt":"2019-04-16T11:58:43","guid":{"rendered":"http:\/\/www.unioviedo.es\/RUEI\/?page_id=772"},"modified":"2024-03-08T18:10:14","modified_gmt":"2024-03-08T17:10:14","slug":"universidad-de-salamanca","status":"publish","type":"page","link":"https:\/\/www.unioviedo.es\/RUEI\/index.php\/universidad-de-salamanca\/","title":{"rendered":"Universidad de Salamanca"},"content":{"rendered":"\n<div class=\"wp-block-image\"><figure class=\"aligncenter\"><img loading=\"lazy\" decoding=\"async\" width=\"256\" height=\"259\" src=\"http:\/\/www.unioviedo.es\/RUEI\/wp-content\/uploads\/2019\/04\/Sin-t\u00edtulo-30.png\" alt=\"\" class=\"wp-image-758\"\/><\/figure><\/div>\n\n\n\n<ul class=\"wp-block-list\"><li><strong>Calvo \u00c1lvarez, Mar\u00eda Isabel<\/strong><\/li><li><strong><a href=\"http:\/\/www.unioviedo.es\/RUEI\/wp-content\/uploads\/2024\/03\/G\u00f3mez-Vela-Mar\u00eda.pdf\" target=\"_blank\" rel=\"noreferrer noopener\" aria-label=\"G\u00f3mez Vela, Mar\u00eda (abre en una nueva pesta\u00f1a)\">G\u00f3mez Vela, Mar\u00eda<\/a><\/strong><\/li><li><strong><a rel=\"noreferrer noopener\" aria-label=\"Gonz\u00e1lez Gil, Francisca (abre en una nueva pesta\u00f1a)\" href=\"http:\/\/www.unioviedo.es\/RUEI\/wp-content\/uploads\/2024\/03\/Gonz\u00e1lez-Gil-Francisca.pdf\" target=\"_blank\">Gonz\u00e1lez Gil, Francisca<\/a><\/strong><\/li><li><strong><a rel=\"noreferrer noopener\" aria-label=\"Gonz\u00e1lez Santamar\u00eda, Virginia (abre en una nueva pesta\u00f1a)\" href=\"http:\/\/www.unioviedo.es\/RUEI\/wp-content\/uploads\/2024\/03\/Gonz\u00e1lez-Santamar\u00eda-Virginia.pdf\" target=\"_blank\">Gonz\u00e1lez Santamar\u00eda, Virginia<\/a><\/strong><\/li><li><a rel=\"noreferrer noopener\" aria-label=\"Iglesias Rodr\u00edguez, Ana (abre en una nueva pesta\u00f1a)\" href=\"http:\/\/www.unioviedo.es\/RUEI\/wp-content\/uploads\/2024\/03\/Iglesias-Rodr\u00edguez-Ana.pdf\" target=\"_blank\"><strong>Iglesias Rodr\u00edguez, Ana<\/strong><\/a><\/li><li><strong><a rel=\"noreferrer noopener\" aria-label=\"Mart\u00edn Pastor, Mar\u00eda Elena (abre en una nueva pesta\u00f1a)\" href=\"http:\/\/www.unioviedo.es\/RUEI\/wp-content\/uploads\/2024\/03\/Mart\u00edn-Pastor-Elena.pdf\" target=\"_blank\">Mart\u00edn Pastor, Mar\u00eda Elena<\/a><\/strong><\/li><li><strong><a rel=\"noreferrer noopener\" aria-label=\"Rodr\u00edguez Mart\u00edn, In\u00e9s (abre en una nueva pesta\u00f1a)\" href=\"http:\/\/www.unioviedo.es\/RUEI\/wp-content\/uploads\/2024\/03\/Rodr\u00edguez-Mart\u00edn-In\u00e9s.pdf\" target=\"_blank\">Rodr\u00edguez Mart\u00edn, In\u00e9s<\/a><\/strong><\/li><\/ul>\n\n\n\n<p>Si deseas integrarte o actualizar la informaci\u00f3n, no dudes en escribirnos a: <a href=\"https:\/\/www.unioviedo.es\/RUEI\/index.php\/contacto\/\">info@ruei.es<\/a><\/p>\n","protected":false},"excerpt":{"rendered":"<p>Calvo \u00c1lvarez, Mar\u00eda Isabel G\u00f3mez Vela, Mar\u00eda Gonz\u00e1lez Gil, Francisca Gonz\u00e1lez Santamar\u00eda, Virginia Iglesias Rodr\u00edguez, Ana Mart\u00edn Pastor, Mar\u00eda Elena&hellip;<\/p>\n","protected":false},"author":1,"featured_media":0,"parent":0,"menu_order":0,"comment_status":"closed","ping_status":"closed","template":"","meta":{"footnotes":""},"class_list":["post-772","page","type-page","status-publish","hentry"],"_links":{"self":[{"href":"https:\/\/www.unioviedo.es\/RUEI\/index.php\/wp-json\/wp\/v2\/pages\/772","targetHints":{"allow":["GET"]}}],"collection":[{"href":"https:\/\/www.unioviedo.es\/RUEI\/index.php\/wp-json\/wp\/v2\/pages"}],"about":[{"href":"https:\/\/www.unioviedo.es\/RUEI\/index.php\/wp-json\/wp\/v2\/types\/page"}],"author":[{"embeddable":true,"href":"https:\/\/www.unioviedo.es\/RUEI\/index.php\/wp-json\/wp\/v2\/users\/1"}],"replies":[{"embeddable":true,"href":"https:\/\/www.unioviedo.es\/RUEI\/index.php\/wp-json\/wp\/v2\/comments?post=772"}],"version-history":[{"count":5,"href":"https:\/\/www.unioviedo.es\/RUEI\/index.php\/wp-json\/wp\/v2\/pages\/772\/revisions"}],"predecessor-version":[{"id":1188,"href":"https:\/\/www.unioviedo.es\/RUEI\/index.php\/wp-json\/wp\/v2\/pages\/772\/revisions\/1188"}],"wp:attachment":[{"href":"https:\/\/www.unioviedo.es\/RUEI\/index.php\/wp-json\/wp\/v2\/media?parent=772"}],"curies":[{"name":"wp","href":"https:\/\/api.w.org\/{rel}","templated":true}]}}