{"id":815,"date":"2019-04-16T14:25:24","date_gmt":"2019-04-16T12:25:24","guid":{"rendered":"http:\/\/www.unioviedo.es\/RUEI\/?page_id=815"},"modified":"2024-03-08T18:27:06","modified_gmt":"2024-03-08T17:27:06","slug":"universidad-universitat-de-lleida","status":"publish","type":"page","link":"https:\/\/www.unioviedo.es\/RUEI\/index.php\/universidad-universitat-de-lleida\/","title":{"rendered":"Universidad \/ Universitat de Lleida"},"content":{"rendered":"\n<div class=\"wp-block-image\"><figure class=\"aligncenter\"><img loading=\"lazy\" decoding=\"async\" width=\"256\" height=\"259\" src=\"http:\/\/www.unioviedo.es\/RUEI\/wp-content\/uploads\/2019\/04\/Sin-t\u00edtulo-41.png\" alt=\"\" class=\"wp-image-796\"\/><\/figure><\/div>\n\n\n\n<ul class=\"wp-block-list\"><li><strong>Jov\u00e9 Moncl\u00fas, Gl\u00f2ria <\/strong><\/li><\/ul>\n\n\n\n<p>Si deseas integrarte o actualizar la informaci\u00f3n, no dudes en escribirnos a: <a href=\"https:\/\/www.unioviedo.es\/RUEI\/index.php\/contacto\/\">info@ruei.es<\/a><\/p>\n","protected":false},"excerpt":{"rendered":"<p>Jov\u00e9 Moncl\u00fas, Gl\u00f2ria Si deseas integrarte o actualizar la informaci\u00f3n, no dudes en escribirnos a: info@ruei.es<\/p>\n","protected":false},"author":1,"featured_media":0,"parent":0,"menu_order":0,"comment_status":"closed","ping_status":"closed","template":"","meta":{"footnotes":""},"class_list":["post-815","page","type-page","status-publish","hentry"],"_links":{"self":[{"href":"https:\/\/www.unioviedo.es\/RUEI\/index.php\/wp-json\/wp\/v2\/pages\/815","targetHints":{"allow":["GET"]}}],"collection":[{"href":"https:\/\/www.unioviedo.es\/RUEI\/index.php\/wp-json\/wp\/v2\/pages"}],"about":[{"href":"https:\/\/www.unioviedo.es\/RUEI\/index.php\/wp-json\/wp\/v2\/types\/page"}],"author":[{"embeddable":true,"href":"https:\/\/www.unioviedo.es\/RUEI\/index.php\/wp-json\/wp\/v2\/users\/1"}],"replies":[{"embeddable":true,"href":"https:\/\/www.unioviedo.es\/RUEI\/index.php\/wp-json\/wp\/v2\/comments?post=815"}],"version-history":[{"count":2,"href":"https:\/\/www.unioviedo.es\/RUEI\/index.php\/wp-json\/wp\/v2\/pages\/815\/revisions"}],"predecessor-version":[{"id":1208,"href":"https:\/\/www.unioviedo.es\/RUEI\/index.php\/wp-json\/wp\/v2\/pages\/815\/revisions\/1208"}],"wp:attachment":[{"href":"https:\/\/www.unioviedo.es\/RUEI\/index.php\/wp-json\/wp\/v2\/media?parent=815"}],"curies":[{"name":"wp","href":"https:\/\/api.w.org\/{rel}","templated":true}]}}