{"id":834,"date":"2019-04-16T15:36:08","date_gmt":"2019-04-16T13:36:08","guid":{"rendered":"http:\/\/www.unioviedo.es\/RUEI\/?page_id=834"},"modified":"2024-03-08T19:26:16","modified_gmt":"2024-03-08T18:26:16","slug":"universidad-de-murcia","status":"publish","type":"page","link":"https:\/\/www.unioviedo.es\/RUEI\/index.php\/universidad-de-murcia\/","title":{"rendered":"Universidad de Murcia"},"content":{"rendered":"\n<div class=\"wp-block-image\"><figure class=\"aligncenter\"><img loading=\"lazy\" decoding=\"async\" width=\"256\" height=\"259\" src=\"http:\/\/www.unioviedo.es\/RUEI\/wp-content\/uploads\/2019\/04\/Sin-t\u00edtulo-44.png\" alt=\"\" class=\"wp-image-831\"\/><\/figure><\/div>\n\n\n\n<ul class=\"wp-block-list\"><li><strong><a rel=\"noreferrer noopener\" aria-label=\"Abell\u00e1n S\u00e1nchez, Antonia Joaquina (abre en una nueva pesta\u00f1a)\" href=\"http:\/\/www.unioviedo.es\/RUEI\/wp-content\/uploads\/2024\/03\/Abell\u00e1n-S\u00e1nchez-Antonia-Joaquina.pdf\" target=\"_blank\">Abell\u00e1n S\u00e1nchez, Antonia Joaquina<\/a><\/strong><\/li><li><strong><a rel=\"noreferrer noopener\" aria-label=\"Alcaraz Garcia, Salvador (abre en una nueva pesta\u00f1a)\" href=\"http:\/\/www.unioviedo.es\/RUEI\/wp-content\/uploads\/2024\/03\/Alcaraz-Garc\u00eda-Salvador.pdf\" target=\"_blank\">Alcaraz Garcia, Salvador<\/a><\/strong><\/li><li><strong>\u00c1lvarez Mart\u00ednez-Iglesias, Jos\u00e9 Mar\u00eda<\/strong><\/li><li><strong>Arnaiz S\u00e1nchez, Pilar<\/strong><\/li><li><strong>Castillo Reche, Irina Sherezade<\/strong><\/li><li><strong>Cerezo Maiquez, Mar\u00eda del Carmen<\/strong><\/li><li><strong>de Haro Rodr\u00edguez, Remedios<\/strong><\/li><li><strong>D\u00edaz Santa Mar\u00eda, Yonatan<\/strong><\/li><li><strong>Lozano Mart\u00ednez, Josefina<\/strong><\/li><li><strong><a href=\"http:\/\/www.unioviedo.es\/RUEI\/wp-content\/uploads\/2024\/03\/Molina-Saor\u00edn-Jes\u00fas.pdf\" target=\"_blank\" rel=\"noreferrer noopener\" aria-label=\"Molina Saor\u00edn, Jes\u00fas (abre en una nueva pesta\u00f1a)\">Molina Saor\u00edn, Jes\u00fas<\/a><\/strong><\/li><\/ul>\n\n\n\n<p>Si deseas integrarte o actualizar la informaci\u00f3n, no dudes en escribirnos a: <a href=\"https:\/\/www.unioviedo.es\/RUEI\/index.php\/contacto\/\">info@ruei.es<\/a><\/p>\n","protected":false},"excerpt":{"rendered":"<p>Abell\u00e1n S\u00e1nchez, Antonia Joaquina Alcaraz Garcia, Salvador \u00c1lvarez Mart\u00ednez-Iglesias, Jos\u00e9 Mar\u00eda Arnaiz S\u00e1nchez, Pilar Castillo Reche, Irina Sherezade Cerezo Maiquez,&hellip;<\/p>\n","protected":false},"author":1,"featured_media":0,"parent":0,"menu_order":0,"comment_status":"closed","ping_status":"closed","template":"","meta":{"footnotes":""},"class_list":["post-834","page","type-page","status-publish","hentry"],"_links":{"self":[{"href":"https:\/\/www.unioviedo.es\/RUEI\/index.php\/wp-json\/wp\/v2\/pages\/834","targetHints":{"allow":["GET"]}}],"collection":[{"href":"https:\/\/www.unioviedo.es\/RUEI\/index.php\/wp-json\/wp\/v2\/pages"}],"about":[{"href":"https:\/\/www.unioviedo.es\/RUEI\/index.php\/wp-json\/wp\/v2\/types\/page"}],"author":[{"embeddable":true,"href":"https:\/\/www.unioviedo.es\/RUEI\/index.php\/wp-json\/wp\/v2\/users\/1"}],"replies":[{"embeddable":true,"href":"https:\/\/www.unioviedo.es\/RUEI\/index.php\/wp-json\/wp\/v2\/comments?post=834"}],"version-history":[{"count":6,"href":"https:\/\/www.unioviedo.es\/RUEI\/index.php\/wp-json\/wp\/v2\/pages\/834\/revisions"}],"predecessor-version":[{"id":1270,"href":"https:\/\/www.unioviedo.es\/RUEI\/index.php\/wp-json\/wp\/v2\/pages\/834\/revisions\/1270"}],"wp:attachment":[{"href":"https:\/\/www.unioviedo.es\/RUEI\/index.php\/wp-json\/wp\/v2\/media?parent=834"}],"curies":[{"name":"wp","href":"https:\/\/api.w.org\/{rel}","templated":true}]}}