{"id":1428,"date":"2018-08-28T17:08:04","date_gmt":"2018-08-28T15:08:04","guid":{"rendered":"http:\/\/www.unioviedo.es\/SUBproducts4LIFE\/?page_id=1428"},"modified":"2018-09-03T13:58:36","modified_gmt":"2018-09-03T11:58:36","slug":"escenarios","status":"publish","type":"page","link":"https:\/\/www.unioviedo.es\/SUBproducts4LIFE\/escenarios\/","title":{"rendered":"Escenarios"},"content":{"rendered":"<p><div class=\"fusion-bg-parallax\" data-bg-align=\"left top\" data-direction=\"up\" data-mute=\"false\" data-opacity=\"100\" data-velocity=\"-0.3\" data-mobile-enabled=\"false\" data-break_parents=\"0\" data-bg-image=\"http:\/\/www.unioviedo.es\/SUBproducts4LIFE\/wp-content\/uploads\/2018\/08\/escenarios.jpg\" data-bg-repeat=\"false\" ><\/div><div class=\"fusion-fullwidth fullwidth-box fusion-builder-row-1 fusion-parallax-up nonhundred-percent-fullwidth non-hundred-percent-height-scrolling\" style=\"background-color: rgba(255,255,255,0);background-image: url(&quot;http:\/\/www.unioviedo.es\/SUBproducts4LIFE\/wp-content\/uploads\/2018\/08\/escenarios.jpg&quot;);background-position: left top;background-repeat: no-repeat;padding-top:90px;padding-right:0px;padding-bottom:50px;padding-left:0px;margin-bottom: 0px;margin-top: 0px;border-width: 0px 0px 0px 0px;border-color:#eae9e9;border-style:solid;-webkit-background-size:cover;-moz-background-size:cover;-o-background-size:cover;background-size:cover;\" ><div class=\"fusion-builder-row fusion-row\"><div class=\"fusion-layout-column fusion_builder_column fusion-builder-column-0 fusion_builder_column_3_5 3_5 fusion-three-fifth fusion-column-first\" style=\"width:58.4%; margin-right: 4%;margin-top:0px;margin-bottom:20px;\"><div class=\"fusion-column-wrapper fusion-flex-column-wrapper-legacy\" style=\"background-position:left top;background-repeat:no-repeat;-webkit-background-size:cover;-moz-background-size:cover;-o-background-size:cover;background-size:cover;padding: 0px 0px 0px 0px;\"><div class=\"fusion-text fusion-text-1\"><h1><span style=\"color: #ffffff;\">Escenarios <\/span><\/h1>\n<\/div><div class=\"fusion-sep-clear\"><\/div><div class=\"fusion-separator fusion-clearfix\" style=\"float:left;margin-bottom:20px;width:100%;max-width:50px;\"><div class=\"fusion-separator-border sep-single sep-solid\" style=\"border-color:#ffffff;border-top-width:4px;\"><\/div><\/div><div class=\"fusion-sep-clear\"><\/div><div class=\"fusion-text fusion-text-2\"><h4><span style=\"color: #ffffff;\">El principal escenario de SUBproducts4LIFE es La Soterra\u00f1a, una mina abandonada en el Principado de Asturias. La segunda zona piloto es El Terronal.<\/span><\/h4>\n<\/div><div class=\"fusion-sep-clear\"><\/div><div class=\"fusion-separator fusion-full-width-sep\" style=\"margin-left: auto;margin-right: auto;margin-top:20px;width:100%;\"><\/div><div class=\"fusion-sep-clear\"><\/div><div class=\"fusion-clearfix\"><\/div><\/div><\/div><div class=\"fusion-layout-column fusion_builder_column fusion-builder-column-1 fusion_builder_column_1_3 1_3 fusion-one-third fusion-no-small-visibility fusion-no-medium-visibility\" style=\"width:30.6666%; margin-right: 4%;margin-top:0px;margin-bottom:20px;\"><div class=\"fusion-column-wrapper fusion-flex-column-wrapper-legacy\" style=\"background-position:left top;background-repeat:no-repeat;-webkit-background-size:cover;-moz-background-size:cover;-o-background-size:cover;background-size:cover;padding: 0px 0px 0px 0px;\"><div class=\"fusion-clearfix\"><\/div><\/div><\/div><\/div><\/div><div class=\"fusion-fullwidth fullwidth-box fusion-builder-row-2 nonhundred-percent-fullwidth non-hundred-percent-height-scrolling fusion-equal-height-columns\" style=\"background-color: rgba(255,255,255,0);background-position: left top;background-repeat: no-repeat;padding-top:100px;padding-right:0px;padding-bottom:70px;padding-left:0px;margin-bottom: 0px;margin-top: 0px;border-width: 0px 0px 0px 0px;border-color:#eae9e9;border-style:solid;\" id=\"destacado\" ><div class=\"fusion-builder-row fusion-row\"><div class=\"fusion-layout-column fusion_builder_column fusion-builder-column-2 fusion_builder_column_1_2 1_2 fusion-one-half fusion-column-first fusion-animated\" style=\"width:48%; margin-right: 4%;margin-top:0px;margin-bottom:40px;\" data-animationType=\"fadeInLeft\" data-animationDuration=\"1.0\" data-animationOffset=\"100%\"><div class=\"fusion-column-wrapper fusion-flex-column-wrapper-legacy\" style=\"background-position:left top;background-repeat:no-repeat;-webkit-background-size:cover;-moz-background-size:cover;-o-background-size:cover;background-size:cover;background-color:#f8f8f8;padding: 0px 0px 0px 0px;\"><div class=\"imageframe-align-center\"><span class=\" fusion-imageframe imageframe-none imageframe-1 hover-type-zoomin\"><a class=\"fusion-no-lightbox\" href=\"\/SUBproducts4LIFE\/la-soterrana\/\" target=\"_self\" aria-label=\"La Soterrana\"><img width=\"800\" height=\"550\" alt=\"La Soterra\u00f1a\" src=\"http:\/\/www.unioviedo.es\/SUBproducts4LIFE\/wp-content\/uploads\/2018\/09\/La-Soterrana-3.jpg\" class=\"img-responsive wp-image-1642\" srcset=\"https:\/\/www.unioviedo.es\/SUBproducts4LIFE\/wp-content\/uploads\/2018\/09\/La-Soterrana-3-200x138.jpg 200w, https:\/\/www.unioviedo.es\/SUBproducts4LIFE\/wp-content\/uploads\/2018\/09\/La-Soterrana-3-400x275.jpg 400w, https:\/\/www.unioviedo.es\/SUBproducts4LIFE\/wp-content\/uploads\/2018\/09\/La-Soterrana-3-600x413.jpg 600w, https:\/\/www.unioviedo.es\/SUBproducts4LIFE\/wp-content\/uploads\/2018\/09\/La-Soterrana-3.jpg 800w\" sizes=\"(max-width: 800px) 100vw, 600px\" \/><\/a><\/span><\/div><div class=\"fusion-text fusion-text-3\"><div style=\"padding: 40px 25px 10px 25px;\">\n<h4>La Soterra\u00f1a<\/h4>\n<div class=\"fusion-separator sep-single sep-solid\" style=\"border-color: #000000; border-top-width: 4px; margin-top: 20px; margin-bottom: 20px; width: 100%; max-width: 50px;\"><\/div>\n<p>El principal escenario de<strong> SUBproducts4LIFE<\/strong> es <a href=\"http:\/\/www.unioviedo.es\/SUBproducts4LIFE\/la-soterrana\/\">La Soterra\u00f1a<\/a>. Es una mina abandonada (extra\u00eddo por m\u00e9todos de mina de monta\u00f1a, sin eje vertical) y una zona industrial ubicada en el Principado de Asturias. La Soterra\u00f1a, al igual que 9 de las 12 zonas contaminadas inventariadas en el Principado, presenta altas concentraciones de ars\u00e9nico y mercurio.<\/p>\n<p><a href=\"http:\/\/www.unioviedo.es\/SUBproducts4LIFE\/la-soterrana\/\">M\u00e1s Informaci\u00f3n<\/a><\/p>\n<\/div>\n<\/div><div class=\"fusion-sep-clear\"><\/div><div class=\"fusion-separator fusion-full-width-sep\" style=\"margin-left: auto;margin-right: auto;margin-top:20px;width:100%;\"><\/div><div class=\"fusion-sep-clear\"><\/div><div class=\"fusion-clearfix\"><\/div><\/div><\/div><div class=\"fusion-layout-column fusion_builder_column fusion-builder-column-3 fusion_builder_column_1_2 1_2 fusion-one-half fusion-column-last fusion-animated\" style=\"width:48%;margin-top:0px;margin-bottom:20px;\" data-animationType=\"fadeInRight\" data-animationDuration=\"1.0\" data-animationOffset=\"100%\"><div class=\"fusion-column-wrapper fusion-flex-column-wrapper-legacy\" style=\"background-position:left top;background-repeat:no-repeat;-webkit-background-size:cover;-moz-background-size:cover;-o-background-size:cover;background-size:cover;background-color:#f8f8f8;padding: 0px 0px 0px 0px;\"><div class=\"imageframe-align-center\"><span class=\" fusion-imageframe imageframe-none imageframe-2 hover-type-zoomin\"><a class=\"fusion-no-lightbox\" href=\"\/SUBproducts4LIFE\/el-terronal\/\" target=\"_self\" aria-label=\"El Terronal\"><img width=\"800\" height=\"550\" alt=\"El Terronal\" src=\"http:\/\/www.unioviedo.es\/SUBproducts4LIFE\/wp-content\/uploads\/2018\/08\/El-Terronal-2-2.jpg\" class=\"img-responsive wp-image-1393\" srcset=\"https:\/\/www.unioviedo.es\/SUBproducts4LIFE\/wp-content\/uploads\/2018\/08\/El-Terronal-2-2-200x138.jpg 200w, https:\/\/www.unioviedo.es\/SUBproducts4LIFE\/wp-content\/uploads\/2018\/08\/El-Terronal-2-2-400x275.jpg 400w, https:\/\/www.unioviedo.es\/SUBproducts4LIFE\/wp-content\/uploads\/2018\/08\/El-Terronal-2-2-600x413.jpg 600w, https:\/\/www.unioviedo.es\/SUBproducts4LIFE\/wp-content\/uploads\/2018\/08\/El-Terronal-2-2.jpg 800w\" sizes=\"(max-width: 800px) 100vw, 600px\" \/><\/a><\/span><\/div><div class=\"fusion-text fusion-text-4\"><div style=\"padding: 40px 25px 10px 25px;\">\n<h4>El Terronal<\/h4>\n<div class=\"fusion-separator sep-single sep-solid\" style=\"border-color: #000000; border-top-width: 4px; margin-top: 20px; margin-bottom: 20px; width: 100%; max-width: 50px;\"><\/div>\n<p>La segunda zona piloto de SUBproducts4LIFE es <a href=\"http:\/\/www.unioviedo.es\/SUBproducts4LIFE\/el-terronal\/\">El Terronal<\/a>. Se considera una ubicaci\u00f3n secundaria. El Terronal es una mina de mercurio abandonada ubicada en el concejo de Mieres. Es propiedad de Asturbelga de Minas, S.L. (patrocinador del proyecto). Contiene instalaciones mineras antiguas y 8 dep\u00f3sitos de minas en la misma zona.<\/p>\n<p><a href=\"http:\/\/www.unioviedo.es\/SUBproducts4LIFE\/el-terronal\/\">M\u00e1s Informaci\u00f3n\u00a0<\/a><\/p>\n<\/div>\n<\/div><div class=\"fusion-sep-clear\"><\/div><div class=\"fusion-separator fusion-full-width-sep\" style=\"margin-left: auto;margin-right: auto;margin-top:20px;width:100%;\"><\/div><div class=\"fusion-sep-clear\"><\/div><div class=\"fusion-clearfix\"><\/div><\/div><\/div><\/div><\/div><div class=\"fusion-fullwidth fullwidth-box fusion-builder-row-3 hundred-percent-fullwidth non-hundred-percent-height-scrolling\" style=\"background-color: #0f4098;background-position: center center;background-repeat: no-repeat;padding-top:0px;padding-right:0px;padding-bottom:0px;padding-left:0px;margin-bottom: -8px;margin-top: 0px;border-width: 0px 0px 0px 0px;border-color:#eae9e9;border-style:solid;\" ><div class=\"fusion-builder-row fusion-row\"><div class=\"fusion-layout-column fusion_builder_column fusion-builder-column-4 fusion_builder_column_1_1 1_1 fusion-one-full fusion-column-first fusion-column-last\" style=\"margin-top:0px;margin-bottom:20px;\"><div class=\"fusion-column-wrapper fusion-flex-column-wrapper-legacy\" style=\"background-position:left top;background-repeat:no-repeat;-webkit-background-size:cover;-moz-background-size:cover;-o-background-size:cover;background-size:cover;padding: 15px 0px 0px 0px;\"><div class=\"imageframe-align-center\"><span class=\" fusion-imageframe imageframe-none imageframe-3 hover-type-none\"><img width=\"130\" height=\"93\" alt=\"life\" title=\"life\" src=\"http:\/\/www.unioviedo.es\/SUBproducts4LIFE\/wp-content\/uploads\/2018\/08\/life.gif\" class=\"img-responsive wp-image-1362\"\/><\/span><\/div><div class=\"fusion-clearfix\"><\/div><\/div><\/div><\/div><\/div><\/p>\n","protected":false},"excerpt":{"rendered":"","protected":false},"author":1,"featured_media":0,"parent":0,"menu_order":0,"comment_status":"closed","ping_status":"closed","template":"100-width.php","meta":{"_mi_skip_tracking":false,"_monsterinsights_sitenote_active":false,"_monsterinsights_sitenote_note":"","_monsterinsights_sitenote_category":0},"_links":{"self":[{"href":"https:\/\/www.unioviedo.es\/SUBproducts4LIFE\/wp-json\/wp\/v2\/pages\/1428"}],"collection":[{"href":"https:\/\/www.unioviedo.es\/SUBproducts4LIFE\/wp-json\/wp\/v2\/pages"}],"about":[{"href":"https:\/\/www.unioviedo.es\/SUBproducts4LIFE\/wp-json\/wp\/v2\/types\/page"}],"author":[{"embeddable":true,"href":"https:\/\/www.unioviedo.es\/SUBproducts4LIFE\/wp-json\/wp\/v2\/users\/1"}],"replies":[{"embeddable":true,"href":"https:\/\/www.unioviedo.es\/SUBproducts4LIFE\/wp-json\/wp\/v2\/comments?post=1428"}],"version-history":[{"count":11,"href":"https:\/\/www.unioviedo.es\/SUBproducts4LIFE\/wp-json\/wp\/v2\/pages\/1428\/revisions"}],"predecessor-version":[{"id":1643,"href":"https:\/\/www.unioviedo.es\/SUBproducts4LIFE\/wp-json\/wp\/v2\/pages\/1428\/revisions\/1643"}],"wp:attachment":[{"href":"https:\/\/www.unioviedo.es\/SUBproducts4LIFE\/wp-json\/wp\/v2\/media?parent=1428"}],"curies":[{"name":"wp","href":"https:\/\/api.w.org\/{rel}","templated":true}]}}