{"id":1686,"date":"2018-09-17T18:52:14","date_gmt":"2018-09-17T16:52:14","guid":{"rendered":"http:\/\/www.unioviedo.es\/SUBproducts4LIFE\/?page_id=1686"},"modified":"2018-10-08T15:39:02","modified_gmt":"2018-10-08T13:39:02","slug":"patrocinadores","status":"publish","type":"page","link":"https:\/\/www.unioviedo.es\/SUBproducts4LIFE\/beneficiarios\/patrocinadores\/","title":{"rendered":"Patrocinadores"},"content":{"rendered":"<p><div class=\"fusion-bg-parallax\" data-bg-align=\"left top\" data-direction=\"up\" data-mute=\"false\" data-opacity=\"100\" data-velocity=\"-0.3\" data-mobile-enabled=\"false\" data-break_parents=\"0\" data-bg-image=\"http:\/\/www.unioviedo.es\/SUBproducts4LIFE\/wp-content\/uploads\/2018\/08\/beneficiarios-SUBproducts4LIFE-2.jpg\" data-bg-repeat=\"false\" ><\/div><div class=\"fusion-fullwidth fullwidth-box fusion-builder-row-1 fusion-parallax-up nonhundred-percent-fullwidth non-hundred-percent-height-scrolling\" style=\"background-color: rgba(255,255,255,0);background-image: url(&quot;http:\/\/www.unioviedo.es\/SUBproducts4LIFE\/wp-content\/uploads\/2018\/08\/beneficiarios-SUBproducts4LIFE-2.jpg&quot;);background-position: left top;background-repeat: no-repeat;padding-top:90px;padding-right:0px;padding-bottom:50px;padding-left:0px;margin-bottom: 0px;margin-top: 0px;border-width: 0px 0px 0px 0px;border-color:#eae9e9;border-style:solid;-webkit-background-size:cover;-moz-background-size:cover;-o-background-size:cover;background-size:cover;\" ><div class=\"fusion-builder-row fusion-row\"><div class=\"fusion-layout-column fusion_builder_column fusion-builder-column-0 fusion_builder_column_2_3 2_3 fusion-two-third fusion-column-first\" style=\"width:65.3333%; margin-right: 4%;margin-top:0px;margin-bottom:20px;\"><div class=\"fusion-column-wrapper fusion-flex-column-wrapper-legacy\" style=\"background-position:left top;background-repeat:no-repeat;-webkit-background-size:cover;-moz-background-size:cover;-o-background-size:cover;background-size:cover;padding: 0px 0px 0px 0px;\"><div class=\"fusion-text fusion-text-1\"><h1><span style=\"color: #ffffff;\">Co-financiadores y Patrocinadores<\/span><\/h1>\n<\/div><div class=\"fusion-sep-clear\"><\/div><div class=\"fusion-separator fusion-clearfix\" style=\"float:left;margin-bottom:20px;width:100%;max-width:50px;\"><div class=\"fusion-separator-border sep-single sep-solid\" style=\"border-color:#ffffff;border-top-width:4px;\"><\/div><\/div><div class=\"fusion-sep-clear\"><\/div><div class=\"fusion-text fusion-text-2\"><h4><span style=\"color: #ffffff;\">SUBproducts4LIFE est\u00e1 llevado a cabo por entidades de distinta clase, dicho consorcio est\u00e1 formado por un Beneficiario Coordinador, Beneficiarios Asociados, Co-financiadores y Patrocinadores.<\/span><\/h4>\n<\/div><div class=\"fusion-sep-clear\"><\/div><div class=\"fusion-separator fusion-full-width-sep\" style=\"margin-left: auto;margin-right: auto;margin-top:20px;width:100%;\"><\/div><div class=\"fusion-sep-clear\"><\/div><div class=\"fusion-clearfix\"><\/div><\/div><\/div><div class=\"fusion-layout-column fusion_builder_column fusion-builder-column-1 fusion_builder_column_1_4 1_4 fusion-one-fourth fusion-no-small-visibility fusion-no-medium-visibility\" style=\"width:22%; margin-right: 4%;margin-top:0px;margin-bottom:20px;\"><div class=\"fusion-column-wrapper fusion-flex-column-wrapper-legacy\" style=\"background-position:left top;background-repeat:no-repeat;-webkit-background-size:cover;-moz-background-size:cover;-o-background-size:cover;background-size:cover;padding: 0px 0px 0px 0px;\"><div class=\"fusion-clearfix\"><\/div><\/div><\/div><\/div><\/div><div class=\"fusion-fullwidth fullwidth-box fusion-builder-row-2 nonhundred-percent-fullwidth non-hundred-percent-height-scrolling\" style=\"background-color: rgba(255,255,255,0);background-position: center center;background-repeat: no-repeat;padding-top:80px;padding-right:0px;padding-bottom:0px;padding-left:0px;margin-bottom: 0px;margin-top: 0px;border-width: 0px 0px 0px 0px;border-color:#eae9e9;border-style:solid;\" ><div class=\"fusion-builder-row fusion-row\"><div class=\"fusion-layout-column fusion_builder_column fusion-builder-column-2 fusion_builder_column_2_3 2_3 fusion-two-third fusion-column-first\" style=\"width:66.666666666667%;width:calc(66.666666666667% - ( ( 4% ) * 0.66666666666667 ) );margin-right: 4%;margin-top:0px;margin-bottom:20px;\"><div class=\"fusion-column-wrapper fusion-flex-column-wrapper-legacy\" style=\"background-position:left top;background-repeat:no-repeat;-webkit-background-size:cover;-moz-background-size:cover;-o-background-size:cover;background-size:cover;padding: 0px 5% 0px 0px;\"><div class=\"fusion-text fusion-text-3\"><h3><span class=\"beneficiarios\">Ayuntamiento de Lena<\/span><\/h3>\n<\/div><div class=\"fusion-text fusion-text-4\"><h4>Co-financiador<\/h4>\n<ul>\n<li>Acr\u00f3nimo: AYTOLENA<\/li>\n<li>Ubicaci\u00f3n: Lena, Asturias, Espa\u00f1a<\/li>\n<li>Tipo: Entidad p\u00fablica<\/li>\n<li>Mails de contacto:<\/li>\n<li>P\u00e1gina web: <a href=\"https:\/\/www.aytolena.es\/\" target=\"_blank\" rel=\"noopener\">https:\/\/www.aytolena.es\/<\/a><\/li>\n<li>El ayuntamiento de Lena, municipio donde se encuentra La Soterra\u00f1a, est\u00e1 altamente sensibilizado con el proyecto y contribuye con 8.000 \u20ac para la ejecuci\u00f3n del mismo.<\/li>\n<\/ul>\n<\/div><div class=\"fusion-clearfix\"><\/div><\/div><\/div><div class=\"fusion-layout-column fusion_builder_column fusion-builder-column-3 fusion_builder_column_1_3 1_3 fusion-one-third fusion-column-last fusion-animated\" style=\"width:33.333333333333%;width:calc(33.333333333333% - ( ( 4% ) * 0.33333333333333 ) );margin-top:0px;margin-bottom:20px;\" data-animationType=\"fadeInRight\" data-animationDuration=\"1.0\" data-animationOffset=\"100%\"><div class=\"fusion-column-wrapper fusion-flex-column-wrapper-legacy\" style=\"background-position:left top;background-repeat:no-repeat;-webkit-background-size:cover;-moz-background-size:cover;-o-background-size:cover;background-size:cover;padding: 0px 0px 0px 0px;\"><div class=\"imageframe-align-center\"><span class=\" fusion-imageframe imageframe-none imageframe-1 hover-type-none\" style=\"width:100%;max-width:190px;\"><a class=\"fusion-no-lightbox\" href=\"https:\/\/www.aytolena.es\/\" target=\"_blank\" aria-label=\"Ayuntamiento de Lena\" rel=\"noopener noreferrer\"><img width=\"219\" height=\"375\" alt=\"Ayuntamiento de Lena\" src=\"http:\/\/www.unioviedo.es\/SUBproducts4LIFE\/wp-content\/uploads\/2018\/09\/Ayuntamiento-de-Lena-2.jpg\" class=\"img-responsive wp-image-1637\" srcset=\"https:\/\/www.unioviedo.es\/SUBproducts4LIFE\/wp-content\/uploads\/2018\/09\/Ayuntamiento-de-Lena-2-200x342.jpg 200w, https:\/\/www.unioviedo.es\/SUBproducts4LIFE\/wp-content\/uploads\/2018\/09\/Ayuntamiento-de-Lena-2.jpg 219w\" sizes=\"(max-width: 800px) 100vw, 219px\" \/><\/a><\/span><\/div><div class=\"fusion-clearfix\"><\/div><\/div><\/div><div class=\"fusion-layout-column fusion_builder_column fusion-builder-column-4 fusion_builder_column_1_1 1_1 fusion-one-full fusion-column-first fusion-column-last\" style=\"margin-top:0px;margin-bottom:20px;\"><div class=\"fusion-column-wrapper fusion-flex-column-wrapper-legacy\" style=\"background-position:left top;background-repeat:no-repeat;-webkit-background-size:cover;-moz-background-size:cover;-o-background-size:cover;background-size:cover;padding: 30px 0px 0px 0px;\"><div class=\"fusion-sep-clear\"><\/div><div class=\"fusion-separator fusion-full-width-sep\" style=\"margin-left: auto;margin-right: auto;width:100%;\"><div class=\"fusion-separator-border sep-single sep-solid\" style=\"border-color:#2e9a38;border-top-width:1px;\"><\/div><\/div><div class=\"fusion-sep-clear\"><\/div><div class=\"fusion-clearfix\"><\/div><\/div><\/div><\/div><\/div><div id=\"tecmim\"><div class=\"fusion-fullwidth fullwidth-box fusion-builder-row-3 nonhundred-percent-fullwidth non-hundred-percent-height-scrolling\" style=\"background-color: rgba(255,255,255,0);background-position: center center;background-repeat: no-repeat;padding-top:50px;padding-right:0px;padding-bottom:0px;padding-left:0px;margin-bottom: 0px;margin-top: 0px;border-width: 0px 0px 0px 0px;border-color:#eae9e9;border-style:solid;\" ><div class=\"fusion-builder-row fusion-row\"><div class=\"fusion-layout-column fusion_builder_column fusion-builder-column-5 fusion_builder_column_2_3 2_3 fusion-two-third fusion-column-first\" style=\"width:66.666666666667%;width:calc(66.666666666667% - ( ( 4% ) * 0.66666666666667 ) );margin-right: 4%;margin-top:0px;margin-bottom:20px;\"><div class=\"fusion-column-wrapper fusion-flex-column-wrapper-legacy\" style=\"background-position:left top;background-repeat:no-repeat;-webkit-background-size:cover;-moz-background-size:cover;-o-background-size:cover;background-size:cover;padding: 0px 5% 0px 0px;\"><div class=\"fusion-text fusion-text-5\"><h3><span class=\"beneficiarios\">Gobierno del Principado de Asturias<\/span><\/h3>\n<\/div><div class=\"fusion-text fusion-text-6\"><h4>Patrocinador<\/h4>\n<ul>\n<li>Ubicaci\u00f3n: Oviedo, Asturias, Espa\u00f1a<\/li>\n<li>Tipo: Administraci\u00f3n p\u00fablica<\/li>\n<li>Mails de contacto: <a href=\"mailto:SAC@asturias.org\">SAC@asturias.org<\/a><\/li>\n<li>P\u00e1gina web: <a href=\"http:\/\/www.asturias.es\" target=\"_blank\" rel=\"noopener\">www.asturias.es<\/a><\/li>\n<\/ul>\n<p>El <strong>Gobierno del Principado de Asturias<\/strong> es la autoridad de la regi\u00f3n a la que pertenecen todas las zonas piloto de SUBproducts4LIFE. Colaborar\u00e1 estrechamente con el consorcio para que todas las actividades del proyecto se lleven a cabo correctamente.<\/p>\n<p>El Gobierno del Principado de Asturias contribuir\u00e1 a <a href=\"\/SUBproducts4LIFE\/el-proyecto\/\">SUBproducts4LIFE<\/a> en tareas de comunicaci\u00f3n y difusi\u00f3n del proyecto mediante sus canales oficiales.<\/p>\n<\/div><div class=\"fusion-clearfix\"><\/div><\/div><\/div><div class=\"fusion-layout-column fusion_builder_column fusion-builder-column-6 fusion_builder_column_1_3 1_3 fusion-one-third fusion-column-last fusion-animated\" style=\"width:33.333333333333%;width:calc(33.333333333333% - ( ( 4% ) * 0.33333333333333 ) );margin-top:0px;margin-bottom:20px;\" data-animationType=\"fadeInRight\" data-animationDuration=\"1.0\" data-animationOffset=\"100%\"><div class=\"fusion-column-wrapper fusion-flex-column-wrapper-legacy\" style=\"background-position:left top;background-repeat:no-repeat;-webkit-background-size:cover;-moz-background-size:cover;-o-background-size:cover;background-size:cover;padding: 0px 0px 0px 0px;\"><div class=\"imageframe-align-center\"><span class=\" fusion-imageframe imageframe-none imageframe-2 hover-type-none\" style=\"width:100%;max-width:310px;\"><img width=\"430\" height=\"240\" alt=\"Tecnolog\u00eda del Medio Ambiente y Miner\u00eda\" title=\"principado de asturias\" src=\"http:\/\/www.unioviedo.es\/SUBproducts4LIFE\/wp-content\/uploads\/2018\/09\/principado-de-asturias.gif\" class=\"img-responsive wp-image-1790\"\/><\/span><\/div><div class=\"fusion-clearfix\"><\/div><\/div><\/div><div class=\"fusion-layout-column fusion_builder_column fusion-builder-column-7 fusion_builder_column_1_1 1_1 fusion-one-full fusion-column-first fusion-column-last\" style=\"margin-top:0px;margin-bottom:20px;\"><div class=\"fusion-column-wrapper fusion-flex-column-wrapper-legacy\" style=\"background-position:left top;background-repeat:no-repeat;-webkit-background-size:cover;-moz-background-size:cover;-o-background-size:cover;background-size:cover;padding: 30px 0px 0px 0px;\"><div class=\"fusion-sep-clear\"><\/div><div class=\"fusion-separator fusion-full-width-sep\" style=\"margin-left: auto;margin-right: auto;width:100%;\"><div class=\"fusion-separator-border sep-single sep-solid\" style=\"border-color:#2e9a38;border-top-width:1px;\"><\/div><\/div><div class=\"fusion-sep-clear\"><\/div><div class=\"fusion-clearfix\"><\/div><\/div><\/div><\/div><\/div><\/div><div id=\"tecmim\"><div class=\"fusion-fullwidth fullwidth-box fusion-builder-row-4 nonhundred-percent-fullwidth non-hundred-percent-height-scrolling\" style=\"background-color: rgba(255,255,255,0);background-position: center center;background-repeat: no-repeat;padding-top:50px;padding-right:0px;padding-bottom:0px;padding-left:0px;margin-bottom: 0px;margin-top: 0px;border-width: 0px 0px 0px 0px;border-color:#eae9e9;border-style:solid;\" ><div class=\"fusion-builder-row fusion-row\"><div class=\"fusion-layout-column fusion_builder_column fusion-builder-column-8 fusion_builder_column_2_3 2_3 fusion-two-third fusion-column-first\" style=\"width:66.666666666667%;width:calc(66.666666666667% - ( ( 4% ) * 0.66666666666667 ) );margin-right: 4%;margin-top:0px;margin-bottom:20px;\"><div class=\"fusion-column-wrapper fusion-flex-column-wrapper-legacy\" style=\"background-position:left top;background-repeat:no-repeat;-webkit-background-size:cover;-moz-background-size:cover;-o-background-size:cover;background-size:cover;padding: 0px 5% 0px 0px;\"><div class=\"fusion-text fusion-text-7\"><h3><span class=\"beneficiarios\">ArcelorMittal<\/span><\/h3>\n<\/div><div class=\"fusion-text fusion-text-8\"><h4>Patrocinador<\/h4>\n<ul>\n<li>Ubicaci\u00f3n: Oviedo, Asturias, Espa\u00f1a<\/li>\n<li><strong>Tipo<\/strong>: Empresa<\/li>\n<li>Mails de contacto:<\/li>\n<li>P\u00e1gina web: <a href=\"https:\/\/spain.arcelormittal.com\/ \" target=\"_blank\" rel=\"noopener\">https:\/\/spain.arcelormittal.com\/ <\/a><\/li>\n<\/ul>\n<p><strong>ArcelorMittal<\/strong> es la mayor compa\u00f1\u00eda sider\u00fargica mundial. Ha liderado la consolidaci\u00f3n del sector sider\u00fargico internacional. Fue fundada en 2006 mediante la fusi\u00f3n entre Mittal Steel y Arcelor. \u00a0ArcelorMittal Asturias es la \u00fanica planta sider\u00fargica integral de Espa\u00f1a y el mayor centro sider\u00fargico del pa\u00eds\u200b. Consta de dos factor\u00edas, Gij\u00f3n y Avil\u00e9s.<\/p>\n<p>En cuanto a la contribuci\u00f3n de la empresa a <a href=\"\/SUBproducts4LIFE\/el-proyecto\/\">SUBproducts4LIFE<\/a>, ArcelorMittal contribuye al proyecto aportando 150 toneladas de escoria para la ejecuci\u00f3n del proyecto.<\/p>\n<\/div><div class=\"fusion-clearfix\"><\/div><\/div><\/div><div class=\"fusion-layout-column fusion_builder_column fusion-builder-column-9 fusion_builder_column_1_3 1_3 fusion-one-third fusion-column-last fusion-animated\" style=\"width:33.333333333333%;width:calc(33.333333333333% - ( ( 4% ) * 0.33333333333333 ) );margin-top:0px;margin-bottom:20px;\" data-animationType=\"fadeInRight\" data-animationDuration=\"1.0\" data-animationOffset=\"100%\"><div class=\"fusion-column-wrapper fusion-flex-column-wrapper-legacy\" style=\"background-position:left top;background-repeat:no-repeat;-webkit-background-size:cover;-moz-background-size:cover;-o-background-size:cover;background-size:cover;padding: 0px 0px 0px 0px;\"><div class=\"imageframe-align-center\"><span class=\" fusion-imageframe imageframe-none imageframe-3 hover-type-none\" style=\"width:100%;max-width:310px;\"><img width=\"430\" height=\"192\" alt=\"Tecnolog\u00eda del Medio Ambiente y Miner\u00eda\" title=\"Arcelor\" src=\"http:\/\/www.unioviedo.es\/SUBproducts4LIFE\/wp-content\/uploads\/2018\/09\/arcelor.png\" class=\"img-responsive wp-image-1795\" srcset=\"https:\/\/www.unioviedo.es\/SUBproducts4LIFE\/wp-content\/uploads\/2018\/09\/arcelor-200x89.png 200w, https:\/\/www.unioviedo.es\/SUBproducts4LIFE\/wp-content\/uploads\/2018\/09\/arcelor-400x179.png 400w, https:\/\/www.unioviedo.es\/SUBproducts4LIFE\/wp-content\/uploads\/2018\/09\/arcelor.png 430w\" sizes=\"(max-width: 800px) 100vw, 400px\" \/><\/span><\/div><div class=\"fusion-clearfix\"><\/div><\/div><\/div><div class=\"fusion-layout-column fusion_builder_column fusion-builder-column-10 fusion_builder_column_1_1 1_1 fusion-one-full fusion-column-first fusion-column-last\" style=\"margin-top:0px;margin-bottom:20px;\"><div class=\"fusion-column-wrapper fusion-flex-column-wrapper-legacy\" style=\"background-position:left top;background-repeat:no-repeat;-webkit-background-size:cover;-moz-background-size:cover;-o-background-size:cover;background-size:cover;padding: 30px 0px 0px 0px;\"><div class=\"fusion-sep-clear\"><\/div><div class=\"fusion-separator fusion-full-width-sep\" style=\"margin-left: auto;margin-right: auto;width:100%;\"><div class=\"fusion-separator-border sep-single sep-solid\" style=\"border-color:#2e9a38;border-top-width:1px;\"><\/div><\/div><div class=\"fusion-sep-clear\"><\/div><div class=\"fusion-clearfix\"><\/div><\/div><\/div><\/div><\/div><\/div><div id=\"tecmim\"><div class=\"fusion-fullwidth fullwidth-box fusion-builder-row-5 nonhundred-percent-fullwidth non-hundred-percent-height-scrolling\" style=\"background-color: rgba(255,255,255,0);background-position: center center;background-repeat: no-repeat;padding-top:50px;padding-right:0px;padding-bottom:0px;padding-left:0px;margin-bottom: 0px;margin-top: 0px;border-width: 0px 0px 0px 0px;border-color:#eae9e9;border-style:solid;\" ><div class=\"fusion-builder-row fusion-row\"><div class=\"fusion-layout-column fusion_builder_column fusion-builder-column-11 fusion_builder_column_2_3 2_3 fusion-two-third fusion-column-first\" style=\"width:66.666666666667%;width:calc(66.666666666667% - ( ( 4% ) * 0.66666666666667 ) );margin-right: 4%;margin-top:0px;margin-bottom:20px;\"><div class=\"fusion-column-wrapper fusion-flex-column-wrapper-legacy\" style=\"background-position:left top;background-repeat:no-repeat;-webkit-background-size:cover;-moz-background-size:cover;-o-background-size:cover;background-size:cover;padding: 0px 5% 0px 0px;\"><div class=\"fusion-text fusion-text-9\"><h3><span class=\"beneficiarios\">Ingenier\u00eda Montajes Norte, S.A.<\/span><\/h3>\n<\/div><div class=\"fusion-text fusion-text-10\"><h4>Patrocinador<\/h4>\n<ul>\n<li>Ubicaci\u00f3n: Avil\u00e9s, Asturias, Espa\u00f1a.<\/li>\n<li><strong>Tipo<\/strong>: Empresa<\/li>\n<li>Mails de contacto:\u00a0<a href=\"mailto:imsagrupo@imsagrupo.es\">imsagrupo@imsagrupo.es<\/a><\/li>\n<li>P\u00e1gina web: <a href=\"http:\/\/www.imsagrupo.es\/es\/ \" target=\"_blank\" rel=\"noopener\">http:\/\/www.imsagrupo.es\/es\/<\/a><\/li>\n<\/ul>\n<p>IMSA es un grupo multidisciplinario con m\u00e1s de 30 a\u00f1os de experiencia dando soluciones de calidad a nuestros clientes en los sectores de generaci\u00f3n energ\u00e9tica, siderurgia, \u201coil&amp;gas\u201d, miner\u00eda, construcci\u00f3n y naval. IMSA aportar\u00e1 7.000 m<sup>2<\/sup> de geotextil, que se utilizar\u00e1 para la elaboraci\u00f3n de las membranas.<\/p>\n<\/div><div class=\"fusion-clearfix\"><\/div><\/div><\/div><div class=\"fusion-layout-column fusion_builder_column fusion-builder-column-12 fusion_builder_column_1_3 1_3 fusion-one-third fusion-column-last fusion-animated\" style=\"width:33.333333333333%;width:calc(33.333333333333% - ( ( 4% ) * 0.33333333333333 ) );margin-top:0px;margin-bottom:20px;\" data-animationType=\"fadeInRight\" data-animationDuration=\"1.0\" data-animationOffset=\"100%\"><div class=\"fusion-column-wrapper fusion-flex-column-wrapper-legacy\" style=\"background-position:left top;background-repeat:no-repeat;-webkit-background-size:cover;-moz-background-size:cover;-o-background-size:cover;background-size:cover;padding: 0px 0px 0px 0px;\"><div class=\"imageframe-align-center\"><span class=\" fusion-imageframe imageframe-none imageframe-4 hover-type-none\" style=\"width:100%;max-width:330px;\"><img width=\"430\" height=\"165\" alt=\"Tecnolog\u00eda del Medio Ambiente y Miner\u00eda\" title=\"IMSA\" src=\"http:\/\/www.unioviedo.es\/SUBproducts4LIFE\/wp-content\/uploads\/2018\/09\/imsa.gif\" class=\"img-responsive wp-image-1800\"\/><\/span><\/div><div class=\"fusion-clearfix\"><\/div><\/div><\/div><div class=\"fusion-layout-column fusion_builder_column fusion-builder-column-13 fusion_builder_column_1_1 1_1 fusion-one-full fusion-column-first fusion-column-last\" style=\"margin-top:0px;margin-bottom:20px;\"><div class=\"fusion-column-wrapper fusion-flex-column-wrapper-legacy\" style=\"background-position:left top;background-repeat:no-repeat;-webkit-background-size:cover;-moz-background-size:cover;-o-background-size:cover;background-size:cover;padding: 30px 0px 0px 0px;\"><div class=\"fusion-sep-clear\"><\/div><div class=\"fusion-separator fusion-full-width-sep\" style=\"margin-left: auto;margin-right: auto;width:100%;\"><div class=\"fusion-separator-border sep-single sep-solid\" style=\"border-color:#2e9a38;border-top-width:1px;\"><\/div><\/div><div class=\"fusion-sep-clear\"><\/div><div class=\"fusion-clearfix\"><\/div><\/div><\/div><\/div><\/div><\/div><div id=\"tecmim\"><div class=\"fusion-fullwidth fullwidth-box fusion-builder-row-6 nonhundred-percent-fullwidth non-hundred-percent-height-scrolling\" style=\"background-color: rgba(255,255,255,0);background-position: center center;background-repeat: no-repeat;padding-top:50px;padding-right:0px;padding-bottom:80px;padding-left:0px;margin-bottom: 0px;margin-top: 0px;border-width: 0px 0px 0px 0px;border-color:#eae9e9;border-style:solid;\" ><div class=\"fusion-builder-row fusion-row\"><div class=\"fusion-layout-column fusion_builder_column fusion-builder-column-14 fusion_builder_column_2_3 2_3 fusion-two-third fusion-column-first\" style=\"width:66.666666666667%;width:calc(66.666666666667% - ( ( 4% ) * 0.66666666666667 ) );margin-right: 4%;margin-top:0px;margin-bottom:20px;\"><div class=\"fusion-column-wrapper fusion-flex-column-wrapper-legacy\" style=\"background-position:left top;background-repeat:no-repeat;-webkit-background-size:cover;-moz-background-size:cover;-o-background-size:cover;background-size:cover;padding: 0px 5% 0px 0px;\"><div class=\"fusion-text fusion-text-11\"><h3><span class=\"beneficiarios\">Asturbelga de Minas, S.A.<\/span><\/h3>\n<\/div><div class=\"fusion-text fusion-text-12\"><h4>Patrocinador<\/h4>\n<ul>\n<li>Ubicaci\u00f3n: Oviedo, Asturias, Espa\u00f1a.<\/li>\n<li>Tipo: Empresa<\/li>\n<li>Mails de contacto:<\/li>\n<li>P\u00e1gina web:<\/li>\n<\/ul>\n<p>Asturbelga de Minas, S.A. es una empresa dedicada a la adquisici\u00f3n, administraci\u00f3n, explotaci\u00f3n, arrendamiento y enajenaci\u00f3n de toda clase de minas y minerales. Asturbelga de Minas, S.A. es la empresa propietaria de <a href=\"\/SUBproducts4LIFE\/escenarios\/el-terronal\/\">El Terronal<\/a>, que cede sus terrenos para que <a href=\"\/SUBproducts4LIFE\/el-proyecto\/\">SUBproducts4LIFE<\/a> pueda tener lugar.<\/p>\n<h4 style=\"padding-bottom: 10px;\">Han expresado su apoyo al proyecto:<\/h4>\n<p>Universidad de Vigo, Confederaci\u00f3n Asturiana de Construcci\u00f3n (ASPORCON), JOVE Tunneling and Mining S.L., Silesian University, Atalaya Riotinto Minera S.L.U., Colegio Oficial de Ingenieros de Minas del Noroeste de Espa\u00f1a, Colegio de Ingenieros de Caminos, Canales y Puertos, EUROMINES AISBL<\/p>\n<\/div><div class=\"fusion-clearfix\"><\/div><\/div><\/div><div class=\"fusion-layout-column fusion_builder_column fusion-builder-column-15 fusion_builder_column_1_3 1_3 fusion-one-third fusion-column-last fusion-animated\" style=\"width:33.333333333333%;width:calc(33.333333333333% - ( ( 4% ) * 0.33333333333333 ) );margin-top:0px;margin-bottom:20px;\" data-animationType=\"fadeInRight\" data-animationDuration=\"1.0\" data-animationOffset=\"100%\"><div class=\"fusion-column-wrapper fusion-flex-column-wrapper-legacy\" style=\"background-position:left top;background-repeat:no-repeat;-webkit-background-size:cover;-moz-background-size:cover;-o-background-size:cover;background-size:cover;padding: 0px 0px 0px 0px;\"><div class=\"fusion-clearfix\"><\/div><\/div><\/div><\/div><\/div><\/div><div class=\"fusion-fullwidth fullwidth-box fusion-builder-row-7 hundred-percent-fullwidth non-hundred-percent-height-scrolling\" style=\"background-color: #0f4098;background-position: center center;background-repeat: no-repeat;padding-top:0px;padding-right:0px;padding-bottom:0px;padding-left:0px;margin-bottom: -8px;margin-top: 0px;border-width: 0px 0px 0px 0px;border-color:#eae9e9;border-style:solid;\" ><div class=\"fusion-builder-row fusion-row\"><div class=\"fusion-layout-column fusion_builder_column fusion-builder-column-16 fusion_builder_column_1_1 1_1 fusion-one-full fusion-column-first fusion-column-last\" style=\"margin-top:0px;margin-bottom:20px;\"><div class=\"fusion-column-wrapper fusion-flex-column-wrapper-legacy\" style=\"background-position:left top;background-repeat:no-repeat;-webkit-background-size:cover;-moz-background-size:cover;-o-background-size:cover;background-size:cover;padding: 15px 0px 0px 0px;\"><div class=\"imageframe-align-center\"><span class=\" fusion-imageframe imageframe-none imageframe-5 hover-type-none\"><img width=\"130\" height=\"93\" alt=\"life\" title=\"life\" src=\"http:\/\/www.unioviedo.es\/SUBproducts4LIFE\/wp-content\/uploads\/2018\/08\/life.gif\" class=\"img-responsive wp-image-1362\"\/><\/span><\/div><div class=\"fusion-clearfix\"><\/div><\/div><\/div><\/div><\/div><\/p>\n","protected":false},"excerpt":{"rendered":"","protected":false},"author":1,"featured_media":0,"parent":940,"menu_order":0,"comment_status":"closed","ping_status":"closed","template":"100-width.php","meta":{"_mi_skip_tracking":false,"_monsterinsights_sitenote_active":false,"_monsterinsights_sitenote_note":"","_monsterinsights_sitenote_category":0},"_links":{"self":[{"href":"https:\/\/www.unioviedo.es\/SUBproducts4LIFE\/wp-json\/wp\/v2\/pages\/1686"}],"collection":[{"href":"https:\/\/www.unioviedo.es\/SUBproducts4LIFE\/wp-json\/wp\/v2\/pages"}],"about":[{"href":"https:\/\/www.unioviedo.es\/SUBproducts4LIFE\/wp-json\/wp\/v2\/types\/page"}],"author":[{"embeddable":true,"href":"https:\/\/www.unioviedo.es\/SUBproducts4LIFE\/wp-json\/wp\/v2\/users\/1"}],"replies":[{"embeddable":true,"href":"https:\/\/www.unioviedo.es\/SUBproducts4LIFE\/wp-json\/wp\/v2\/comments?post=1686"}],"version-history":[{"count":30,"href":"https:\/\/www.unioviedo.es\/SUBproducts4LIFE\/wp-json\/wp\/v2\/pages\/1686\/revisions"}],"predecessor-version":[{"id":1878,"href":"https:\/\/www.unioviedo.es\/SUBproducts4LIFE\/wp-json\/wp\/v2\/pages\/1686\/revisions\/1878"}],"up":[{"embeddable":true,"href":"https:\/\/www.unioviedo.es\/SUBproducts4LIFE\/wp-json\/wp\/v2\/pages\/940"}],"wp:attachment":[{"href":"https:\/\/www.unioviedo.es\/SUBproducts4LIFE\/wp-json\/wp\/v2\/media?parent=1686"}],"curies":[{"name":"wp","href":"https:\/\/api.w.org\/{rel}","templated":true}]}}