{"id":639,"date":"2015-07-01T01:46:53","date_gmt":"2015-07-01T01:46:53","guid":{"rendered":"http:\/\/www.unioviedo.es\/SUBproducts4LIFE\/?page_id=639"},"modified":"2018-09-03T14:08:57","modified_gmt":"2018-09-03T12:08:57","slug":"el-proyecto","status":"publish","type":"page","link":"https:\/\/www.unioviedo.es\/SUBproducts4LIFE\/el-proyecto\/","title":{"rendered":"El Proyecto"},"content":{"rendered":"<p><div class=\"fusion-fullwidth fullwidth-box fusion-builder-row-1 fusion-parallax-none nonhundred-percent-fullwidth non-hundred-percent-height-scrolling\" style=\"background-color: rgba(255,255,255,0);background-image: url(&quot;http:\/\/www.unioviedo.es\/SUBproducts4LIFE\/wp-content\/uploads\/2018\/08\/descargas.jpg&quot;);background-position: left top;background-repeat: no-repeat;padding-top:90px;padding-right:0px;padding-bottom:70px;padding-left:0px;margin-bottom: 0px;margin-top: 0px;border-width: 0px 0px 0px 0px;border-color:#eae9e9;border-style:solid;-webkit-background-size:cover;-moz-background-size:cover;-o-background-size:cover;background-size:cover;\" ><div class=\"fusion-builder-row fusion-row\"><div class=\"fusion-layout-column fusion_builder_column fusion-builder-column-0 fusion_builder_column_3_5 3_5 fusion-three-fifth fusion-column-first\" style=\"width:58.4%; margin-right: 4%;margin-top:0px;margin-bottom:20px;\"><div class=\"fusion-column-wrapper fusion-flex-column-wrapper-legacy\" style=\"background-position:left top;background-repeat:no-repeat;-webkit-background-size:cover;-moz-background-size:cover;-o-background-size:cover;background-size:cover;padding: 0px 0px 0px 0px;\"><div class=\"fusion-text fusion-text-1\"><h1><span style=\"color: #ffffff;\">SUBproducts4LIFE<\/span><\/h1>\n<\/div><div class=\"fusion-sep-clear\"><\/div><div class=\"fusion-separator fusion-clearfix\" style=\"float:left;margin-top:0px;margin-bottom:20px;width:100%;max-width:50px;\"><div class=\"fusion-separator-border sep-single sep-solid\" style=\"border-color:#ffffff;border-top-width:4px;\"><\/div><\/div><div class=\"fusion-sep-clear\"><\/div><div class=\"fusion-text fusion-text-2\"><h4><span style=\"color: #ffffff;\">Cuatro subproductos industriales valorizados en Cuatro escenarios degradados. Un 4&#215;4 para la mejora medioambiental y el desarrollo de la econom\u00eda circular.<\/span><\/h4>\n<\/div><div class=\"fusion-clearfix\"><\/div><\/div><\/div><div class=\"fusion-layout-column fusion_builder_column fusion-builder-column-1 fusion_builder_column_1_3 1_3 fusion-one-third fusion-no-small-visibility fusion-no-medium-visibility\" style=\"width:30.6666%; margin-right: 4%;margin-top:0px;margin-bottom:20px;\"><div class=\"fusion-column-wrapper fusion-flex-column-wrapper-legacy\" style=\"background-position:left top;background-repeat:no-repeat;-webkit-background-size:cover;-moz-background-size:cover;-o-background-size:cover;background-size:cover;padding: 0px 0px 0px 0px;\"><div class=\"fusion-clearfix\"><\/div><\/div><\/div><\/div><\/div><div class=\"fusion-fullwidth fullwidth-box fusion-builder-row-2 nonhundred-percent-fullwidth non-hundred-percent-height-scrolling\" style=\"background-color: rgba(255,255,255,0);background-position: left top;background-repeat: no-repeat;padding-top:70px;padding-right:0px;padding-bottom:60px;padding-left:0px;margin-bottom: 0px;margin-top: 0px;border-width: 0px 0px 0px 0px;border-color:#eae9e9;border-style:solid;\" ><div class=\"fusion-builder-row fusion-row\"><div class=\"fusion-layout-column fusion_builder_column fusion-builder-column-2 fusion_builder_column_2_3 2_3 fusion-two-third fusion-column-first\" style=\"width:65.3333%; margin-right: 4%;margin-top:0px;margin-bottom:20px;\"><div class=\"fusion-column-wrapper fusion-flex-column-wrapper-legacy\" style=\"background-position:left top;background-repeat:no-repeat;-webkit-background-size:cover;-moz-background-size:cover;-o-background-size:cover;background-size:cover;padding: 0px 5% 0px 0px;\"><div class=\"fusion-text fusion-text-3\"><h2>El Proyecto<\/h2>\n<\/div><div class=\"fusion-sep-clear\"><\/div><div class=\"fusion-separator fusion-clearfix\" style=\"float:left;margin-top:0px;margin-bottom:20px;width:100%;max-width:50px;\"><div class=\"fusion-separator-border sep-single sep-solid\" style=\"border-color:#399947;border-top-width:4px;\"><\/div><\/div><div class=\"fusion-sep-clear\"><\/div><div class=\"fusion-text fusion-text-4\"><h4>El proyecto SUBproducts4LIFE (Innovative circular economy concepts by reusing industrial subproducts and waste), de cuatro a\u00f1os de duraci\u00f3n, est\u00e1 cofinanciado por el instrumento financiero LIFE de la Uni\u00f3n Europea con un total de 882.176 \u20ac, el 60 % del presupuesto total de 1.470.296 \u20ac.<\/h4>\n<\/div><div class=\"fusion-sep-clear\"><\/div><div class=\"fusion-separator fusion-clearfix\" style=\"float:left;margin-top:0px;margin-bottom:20px;width:100%;max-width:80px;\"><\/div><div class=\"fusion-sep-clear\"><\/div><div class=\"fusion-text fusion-text-5\"><p><strong>SUBproducts4LIFE<\/strong> propone demostrar conceptos innovadores de econom\u00eda circular mediante la reutilizaci\u00f3n de subproductos industriales y residuos para la remediaci\u00f3n de suelos contaminados y \u00e1reas de industriales degradadas.<\/p>\n<p>El principal objetivo es promover la simbiosis industrial entre industrias activas y abandonadas (\u00e1reas productivas e improductivas), extendiendo a trav\u00e9s de metodolog\u00edas de descontaminaci\u00f3n la cadena de valor y asegurando la reutilizaci\u00f3n de recursos secundarios.<\/p>\n<p>Este proyecto sentar\u00e1 las bases para la recuperaci\u00f3n de la explotaci\u00f3n de <a href=\"http:\/\/www.unioviedo.es\/SUBproducts4LIFE\/el-proyecto\/objetivos\/\">La Soterra\u00f1a<\/a>, ubicada en el alto del valle de Mu\u00f1\u00f3n, concejo de Lena, que funcion\u00f3 desde 1950 hasta 1974, afectada por la contaminaci\u00f3n de metales como el ars\u00e9nico y el mercurio. M\u00e1s de cuarenta a\u00f1os despu\u00e9s de su cierre, este ser\u00e1 el primer proyecto que afronte su descontaminaci\u00f3n parcial. Tambi\u00e9n est\u00e1n previstas actuaciones en <a href=\"http:\/\/www.unioviedo.es\/SUBproducts4LIFE\/el-terronal\/\">El Terronal<\/a> en Mieres.<\/p>\n<\/div><div class=\"fusion-clearfix\"><\/div><\/div><\/div><div class=\"fusion-layout-column fusion_builder_column fusion-builder-column-3 fusion_builder_column_1_3 1_3 fusion-one-third fusion-column-last\" style=\"width:30.6666%;margin-top:0px;margin-bottom:20px;\"><div class=\"fusion-column-wrapper fusion-flex-column-wrapper-legacy\" style=\"background-position:left top;background-repeat:no-repeat;-webkit-background-size:cover;-moz-background-size:cover;-o-background-size:cover;background-size:cover;padding: 100px 0px 0px 0px;\"><span class=\" fusion-imageframe imageframe-none imageframe-1 hover-type-none fusion-animated\" style=\"width:100%;max-width:340px;\" data-animationType=\"fadeInDown\" data-animationDuration=\"1.0\" data-animationOffset=\"100%\"><img width=\"750\" height=\"1097\" alt=\"2c Zona Piloto SUBproducts4LIFE\" title=\"2c Zona Piloto SUBproducts4LIFE\" src=\"http:\/\/www.unioviedo.es\/SUBproducts4LIFE\/wp-content\/uploads\/2018\/07\/2c-Zona-Piloto.jpg\" class=\"img-responsive wp-image-804\" srcset=\"https:\/\/www.unioviedo.es\/SUBproducts4LIFE\/wp-content\/uploads\/2018\/07\/2c-Zona-Piloto-200x293.jpg 200w, https:\/\/www.unioviedo.es\/SUBproducts4LIFE\/wp-content\/uploads\/2018\/07\/2c-Zona-Piloto-400x585.jpg 400w, https:\/\/www.unioviedo.es\/SUBproducts4LIFE\/wp-content\/uploads\/2018\/07\/2c-Zona-Piloto-600x878.jpg 600w, https:\/\/www.unioviedo.es\/SUBproducts4LIFE\/wp-content\/uploads\/2018\/07\/2c-Zona-Piloto.jpg 750w\" sizes=\"(max-width: 800px) 100vw, 400px\" \/><\/span><div class=\"fusion-clearfix\"><\/div><\/div><\/div><\/div><\/div><div class=\"fusion-fullwidth fullwidth-box fusion-builder-row-3 nonhundred-percent-fullwidth non-hundred-percent-height-scrolling\" style=\"background-color: #2e9a38;background-position: center center;background-repeat: no-repeat;padding-top:50px;padding-right:0px;padding-bottom:30px;padding-left:0px;margin-bottom: 0px;margin-top: 0px;border-width: 0px 0px 0px 0px;border-color:#2e9a38;border-style:solid;\" ><div class=\"fusion-builder-row fusion-row\"><div class=\"fusion-layout-column fusion_builder_column fusion-builder-column-4 fusion_builder_column_1_3 1_3 fusion-one-third fusion-column-first\" style=\"width:30.6666%; margin-right: 4%;margin-top:0px;margin-bottom:0px;\"><div class=\"fusion-column-wrapper fusion-flex-column-wrapper-legacy\" style=\"background-position:right center;background-repeat:no-repeat;-webkit-background-size:cover;-moz-background-size:cover;-o-background-size:cover;background-size:cover;border-right:3px solid #ffffff;padding: 0px 0px 0px 0px;\"><div class=\"fusion-text fusion-text-6\"><h2><span style=\"color: #ffffff; font-size: 44px; line-height: 0.1em; margin-bottom: 0px;\">Innovative<br \/>\nCircular<br \/>\nEconomy<\/span><\/h2>\n<\/div><div class=\"fusion-clearfix\"><\/div><\/div><\/div><div class=\"fusion-layout-column fusion_builder_column fusion-builder-column-5 fusion_builder_column_2_3 2_3 fusion-two-third fusion-column-last\" style=\"width:65.3333%;margin-top:0px;margin-bottom:20px;\"><div class=\"fusion-column-wrapper fusion-flex-column-wrapper-legacy\" style=\"background-position:left top;background-repeat:no-repeat;-webkit-background-size:cover;-moz-background-size:cover;-o-background-size:cover;background-size:cover;padding: 0px 130px 0px 0px;\"><div class=\"fusion-text fusion-text-7\"><h4><span style=\"color: #ffffff; font-size: 36px;\">El principal objetivo es promover<br \/>\nla simbiosis industrial entre<br \/>\nindustrias activas y abandonadas.<\/span><\/h4>\n<\/div><div class=\"fusion-clearfix\"><\/div><\/div><\/div><\/div><\/div><div class=\"fusion-fullwidth fullwidth-box fusion-builder-row-4 nonhundred-percent-fullwidth non-hundred-percent-height-scrolling fusion-equal-height-columns\" style=\"background-color: rgba(255,255,255,0);background-position: left top;background-repeat: no-repeat;padding-top:110px;padding-right:0px;padding-bottom:50px;padding-left:0px;margin-bottom: 0px;margin-top: 0px;border-width: 0px 0px 0px 0px;border-color:#eae9e9;border-style:solid;\" ><div class=\"fusion-builder-row fusion-row\"><div class=\"fusion-layout-column fusion_builder_column fusion-builder-column-6 fusion_builder_column_1_2 1_2 fusion-one-half fusion-column-first fusion-animated\" style=\"width:48%; margin-right: 4%;margin-top:0px;margin-bottom:40px;\" data-animationType=\"fadeInLeft\" data-animationDuration=\"1.0\" data-animationOffset=\"100%\" id=\"destacado\"><div class=\"fusion-column-wrapper fusion-flex-column-wrapper-legacy\" style=\"background-position:left top;background-repeat:no-repeat;-webkit-background-size:cover;-moz-background-size:cover;-o-background-size:cover;background-size:cover;background-color:#f8f8f8;padding: 0px 0px 0px 0px;\"><div class=\"imageframe-align-center\"><span class=\" fusion-imageframe imageframe-none imageframe-2 hover-type-zoomin\"><a class=\"fusion-no-lightbox\" href=\"\/SUBproducts4LIFE\/la-soterrana\/\" target=\"_self\" aria-label=\"La Soterrana\"><img width=\"800\" height=\"550\" alt=\"La Soterra\u00f1a\" src=\"http:\/\/www.unioviedo.es\/SUBproducts4LIFE\/wp-content\/uploads\/2018\/09\/La-Soterrana-3.jpg\" class=\"img-responsive wp-image-1642\" srcset=\"https:\/\/www.unioviedo.es\/SUBproducts4LIFE\/wp-content\/uploads\/2018\/09\/La-Soterrana-3-200x138.jpg 200w, https:\/\/www.unioviedo.es\/SUBproducts4LIFE\/wp-content\/uploads\/2018\/09\/La-Soterrana-3-400x275.jpg 400w, https:\/\/www.unioviedo.es\/SUBproducts4LIFE\/wp-content\/uploads\/2018\/09\/La-Soterrana-3-600x413.jpg 600w, https:\/\/www.unioviedo.es\/SUBproducts4LIFE\/wp-content\/uploads\/2018\/09\/La-Soterrana-3.jpg 800w\" sizes=\"(max-width: 800px) 100vw, 600px\" \/><\/a><\/span><\/div><div class=\"fusion-text fusion-text-8\"><div style=\"padding: 40px 25px 10px 25px;\">\n<h4>La Soterra\u00f1a<\/h4>\n<div class=\"fusion-separator sep-single sep-solid\" style=\"border-color: #000000; border-top-width: 4px; margin-top: 20px; margin-bottom: 20px; width: 100%; max-width: 50px;\"><\/div>\n<p>El principal escenario de<strong> SUBproducts4LIFE<\/strong> es <a href=\"http:\/\/www.unioviedo.es\/SUBproducts4LIFE\/la-soterrana\/\">La Soterra\u00f1a<\/a>. Es una mina abandonada (extra\u00eddo por m\u00e9todos de mina de monta\u00f1a, sin eje vertical) y una zona industrial ubicada en el Principado de Asturias. La Soterra\u00f1a, al igual que 9 de las 12 zonas contaminadas inventariadas en el Principado, presenta altas concentraciones de ars\u00e9nico y mercurio.<\/p>\n<p><a href=\"http:\/\/www.unioviedo.es\/SUBproducts4LIFE\/la-soterrana\/\">M\u00e1s Informaci\u00f3n<\/a><\/p>\n<\/div>\n<\/div><div class=\"fusion-sep-clear\"><\/div><div class=\"fusion-separator fusion-full-width-sep\" style=\"margin-left: auto;margin-right: auto;margin-top:20px;width:100%;\"><\/div><div class=\"fusion-sep-clear\"><\/div><div class=\"fusion-clearfix\"><\/div><\/div><\/div><div class=\"fusion-layout-column fusion_builder_column fusion-builder-column-7 fusion_builder_column_1_2 1_2 fusion-one-half fusion-column-last fusion-animated\" style=\"width:48%;margin-top:0px;margin-bottom:20px;\" data-animationType=\"fadeInRight\" data-animationDuration=\"1.0\" data-animationOffset=\"100%\" id=\"destacado\"><div class=\"fusion-column-wrapper fusion-flex-column-wrapper-legacy\" style=\"background-position:left top;background-repeat:no-repeat;-webkit-background-size:cover;-moz-background-size:cover;-o-background-size:cover;background-size:cover;background-color:#f8f8f8;padding: 0px 0px 0px 0px;\"><div class=\"imageframe-align-center\"><span class=\" fusion-imageframe imageframe-none imageframe-3 hover-type-zoomin\"><a class=\"fusion-no-lightbox\" href=\"\/SUBproducts4LIFE\/el-terronal\/\" target=\"_self\" aria-label=\"El Terronal\"><img width=\"800\" height=\"550\" alt=\"El Terronal\" src=\"http:\/\/www.unioviedo.es\/SUBproducts4LIFE\/wp-content\/uploads\/2018\/08\/El-Terronal-2-2.jpg\" class=\"img-responsive wp-image-1393\" srcset=\"https:\/\/www.unioviedo.es\/SUBproducts4LIFE\/wp-content\/uploads\/2018\/08\/El-Terronal-2-2-200x138.jpg 200w, https:\/\/www.unioviedo.es\/SUBproducts4LIFE\/wp-content\/uploads\/2018\/08\/El-Terronal-2-2-400x275.jpg 400w, https:\/\/www.unioviedo.es\/SUBproducts4LIFE\/wp-content\/uploads\/2018\/08\/El-Terronal-2-2-600x413.jpg 600w, https:\/\/www.unioviedo.es\/SUBproducts4LIFE\/wp-content\/uploads\/2018\/08\/El-Terronal-2-2.jpg 800w\" sizes=\"(max-width: 800px) 100vw, 600px\" \/><\/a><\/span><\/div><div class=\"fusion-text fusion-text-9\"><div style=\"padding: 40px 25px 10px 25px;\">\n<h4>El Terronal<\/h4>\n<div class=\"fusion-separator sep-single sep-solid\" style=\"border-color: #000000; border-top-width: 4px; margin-top: 20px; margin-bottom: 20px; width: 100%; max-width: 50px;\"><\/div>\n<p>La segunda zona piloto de SUBproducts4LIFE es <a href=\"http:\/\/www.unioviedo.es\/SUBproducts4LIFE\/el-terronal\/\">El Terronal<\/a>. Se considera una ubicaci\u00f3n secundaria. El Terronal es una mina de mercurio abandonada ubicada en el concejo de Mieres. Es propiedad de Asturbelga de Minas, S.L. (patrocinador del proyecto). Contiene instalaciones mineras antiguas y 8 dep\u00f3sitos de minas en la misma zona.<\/p>\n<p><a href=\"http:\/\/www.unioviedo.es\/SUBproducts4LIFE\/el-terronal\/\">M\u00e1s Informaci\u00f3n\u00a0<\/a><\/p>\n<\/div>\n<\/div><div class=\"fusion-sep-clear\"><\/div><div class=\"fusion-separator fusion-full-width-sep\" style=\"margin-left: auto;margin-right: auto;margin-top:20px;width:100%;\"><\/div><div class=\"fusion-sep-clear\"><\/div><div class=\"fusion-clearfix\"><\/div><\/div><\/div><\/div><\/div><div class=\"fusion-fullwidth fullwidth-box fusion-builder-row-5 nonhundred-percent-fullwidth non-hundred-percent-height-scrolling\" style=\"background-color: rgba(255,255,255,0);background-position: center center;background-repeat: no-repeat;padding-top:10px;padding-right:0px;padding-bottom:70px;padding-left:0px;margin-bottom: 0px;margin-top: 0px;border-width: 0px 0px 0px 0px;border-color:#eae9e9;border-style:solid;\" ><div class=\"fusion-builder-row fusion-row\"><div class=\"fusion-layout-column fusion_builder_column fusion-builder-column-8 fusion_builder_column_1_1 1_1 fusion-one-full fusion-column-first fusion-column-last\" style=\"margin-top:0px;margin-bottom:20px;\"><div class=\"fusion-column-wrapper fusion-flex-column-wrapper-legacy\" style=\"background-position:left top;background-repeat:no-repeat;-webkit-background-size:cover;-moz-background-size:cover;-o-background-size:cover;background-size:cover;padding: 0px 0px 60px 0px;\"><div class=\"fusion-sep-clear\"><\/div><div class=\"fusion-separator fusion-full-width-sep\" style=\"margin-left: auto;margin-right: auto;width:100%;\"><div class=\"fusion-separator-border sep-single sep-solid\" style=\"border-color:#2e9a38;border-top-width:1px;\"><\/div><\/div><div class=\"fusion-sep-clear\"><\/div><div class=\"fusion-clearfix\"><\/div><\/div><\/div><div class=\"fusion-layout-column fusion_builder_column fusion-builder-column-9 fusion_builder_column_2_3 2_3 fusion-two-third fusion-column-first\" style=\"width:66.666666666667%;width:calc(66.666666666667% - ( ( 4% ) * 0.66666666666667 ) );margin-right: 4%;margin-top:0px;margin-bottom:20px;\"><div class=\"fusion-column-wrapper fusion-flex-column-wrapper-legacy\" style=\"background-position:left top;background-repeat:no-repeat;-webkit-background-size:cover;-moz-background-size:cover;-o-background-size:cover;background-size:cover;padding: 0px 5% 0px 0px;\"><div class=\"fusion-text fusion-text-10\"><h4 style=\"color: #3b9947; font-size: 28px;\">El Programa LIFE<\/h4>\n<\/div><div class=\"fusion-sep-clear\"><\/div><div class=\"fusion-separator fusion-full-width-sep\" style=\"margin-left: auto;margin-right: auto;margin-top:10px;width:100%;\"><\/div><div class=\"fusion-sep-clear\"><\/div><div class=\"fusion-text fusion-text-11\"><p>El proyecto <strong>SUBproducts4LIFE<\/strong> est\u00e1 financiado por el <a href=\"http:\/\/ec.europa.eu\/environment\/life\/about\/index.htm\" target=\"_blank\" rel=\"noopener\">Programa LIFE de la Comisi\u00f3n Europea<\/a>. Dicho programa es el \u00fanico instrumento financiero de la Uni\u00f3n Europea dedicado, de forma exclusiva, al medio ambiente. Su objetivo general para el per\u00edodo 2004-2020 es contribuir al desarrollo sostenible y al logro de los objetivos y metas de la Estrategia Europa 2020 y de las estrategias y planes pertinentes de la Uni\u00f3n en materia de medio ambiente y clima.<\/p>\n<\/div><div class=\"fusion-sep-clear\"><\/div><div class=\"fusion-separator fusion-full-width-sep\" style=\"margin-left: auto;margin-right: auto;margin-top:20px;width:100%;\"><\/div><div class=\"fusion-sep-clear\"><\/div><div class=\"fusion-button-wrapper\"><style type=\"text\/css\">.fusion-button.button-1 .fusion-button-text, .fusion-button.button-1 i {color:#ffffff;}.fusion-button.button-1 .fusion-button-icon-divider{border-color:#ffffff;}.fusion-button.button-1:hover .fusion-button-text, .fusion-button.button-1:hover i,.fusion-button.button-1:focus .fusion-button-text, .fusion-button.button-1:focus i,.fusion-button.button-1:active .fusion-button-text, .fusion-button.button-1:active{color:#2e9a38;}.fusion-button.button-1:hover .fusion-button-icon-divider, .fusion-button.button-1:hover .fusion-button-icon-divider, .fusion-button.button-1:active .fusion-button-icon-divider{border-color:#2e9a38;}.fusion-button.button-1:hover, .fusion-button.button-1:focus, .fusion-button.button-1:active{border-color:#2e9a38;border-width:1px;}.fusion-button.button-1 {border-color:#ffffff;border-width:1px;border-radius:0px;}.fusion-button.button-1{background: #2e9a38;}.fusion-button.button-1:hover,.button-1:focus,.fusion-button.button-1:active{background: rgba(255,255,255,.035);}<\/style><a class=\"fusion-button button-flat button-large button-custom button-1 fusion-button-default-span \" target=\"_blank\" rel=\"noopener noreferrer\" href=\"http:\/\/ec.europa.eu\/environment\/life\/about\/index.htm\"><span class=\"fusion-button-text\">Programa LIFE<\/span><\/a><\/div><div class=\"fusion-clearfix\"><\/div><\/div><\/div><div class=\"fusion-layout-column fusion_builder_column fusion-builder-column-10 fusion_builder_column_1_3 1_3 fusion-one-third fusion-column-last\" style=\"width:33.333333333333%;width:calc(33.333333333333% - ( ( 4% ) * 0.33333333333333 ) );margin-top:0px;margin-bottom:20px;\"><div class=\"fusion-column-wrapper fusion-flex-column-wrapper-legacy\" style=\"background-position:left top;background-repeat:no-repeat;-webkit-background-size:cover;-moz-background-size:cover;-o-background-size:cover;background-size:cover;padding: 60px 0px 0px 0px;\"><span class=\" fusion-imageframe imageframe-none imageframe-4 hover-type-none\" style=\"width:100%;max-width:250px;\"><a class=\"fusion-no-lightbox\" href=\"http:\/\/ec.europa.eu\/environment\/life\/about\/index.htm\" target=\"_blank\" aria-label=\"LIFE Programme\" rel=\"noopener noreferrer\"><img width=\"300\" height=\"215\" alt=\"El Programa LIFE\" src=\"http:\/\/www.unioviedo.es\/SUBproducts4LIFE\/wp-content\/uploads\/2018\/07\/LIFE-Programme-300x215.gif\" class=\"img-responsive wp-image-822\" srcset=\"https:\/\/www.unioviedo.es\/SUBproducts4LIFE\/wp-content\/uploads\/2018\/07\/LIFE-Programme-200x144.gif 200w, https:\/\/www.unioviedo.es\/SUBproducts4LIFE\/wp-content\/uploads\/2018\/07\/LIFE-Programme-400x287.gif 400w, https:\/\/www.unioviedo.es\/SUBproducts4LIFE\/wp-content\/uploads\/2018\/07\/LIFE-Programme.gif 500w\" sizes=\"(max-width: 800px) 100vw, 400px\" \/><\/a><\/span><div class=\"fusion-clearfix\"><\/div><\/div><\/div><\/div><\/div><div class=\"fusion-fullwidth fullwidth-box fusion-builder-row-6 hundred-percent-fullwidth non-hundred-percent-height-scrolling\" style=\"background-color: #0f4098;background-position: center center;background-repeat: no-repeat;padding-top:0px;padding-right:0px;padding-bottom:0px;padding-left:0px;margin-bottom: -8px;margin-top: 0px;border-width: 0px 0px 0px 0px;border-color:#eae9e9;border-style:solid;\" ><div class=\"fusion-builder-row fusion-row\"><div class=\"fusion-layout-column fusion_builder_column fusion-builder-column-11 fusion_builder_column_1_1 1_1 fusion-one-full fusion-column-first fusion-column-last\" style=\"margin-top:0px;margin-bottom:20px;\"><div class=\"fusion-column-wrapper fusion-flex-column-wrapper-legacy\" style=\"background-position:left top;background-repeat:no-repeat;-webkit-background-size:cover;-moz-background-size:cover;-o-background-size:cover;background-size:cover;padding: 15px 0px 0px 0px;\"><div class=\"imageframe-align-center\"><span class=\" fusion-imageframe imageframe-none imageframe-5 hover-type-none\"><img width=\"130\" height=\"93\" alt=\"life\" title=\"life\" src=\"http:\/\/www.unioviedo.es\/SUBproducts4LIFE\/wp-content\/uploads\/2018\/08\/life.gif\" class=\"img-responsive wp-image-1362\"\/><\/span><\/div><div class=\"fusion-clearfix\"><\/div><\/div><\/div><\/div><\/div><\/p>\n","protected":false},"excerpt":{"rendered":"","protected":false},"author":1,"featured_media":0,"parent":0,"menu_order":0,"comment_status":"closed","ping_status":"open","template":"100-width.php","meta":{"_mi_skip_tracking":false,"_monsterinsights_sitenote_active":false,"_monsterinsights_sitenote_note":"","_monsterinsights_sitenote_category":0},"_links":{"self":[{"href":"https:\/\/www.unioviedo.es\/SUBproducts4LIFE\/wp-json\/wp\/v2\/pages\/639"}],"collection":[{"href":"https:\/\/www.unioviedo.es\/SUBproducts4LIFE\/wp-json\/wp\/v2\/pages"}],"about":[{"href":"https:\/\/www.unioviedo.es\/SUBproducts4LIFE\/wp-json\/wp\/v2\/types\/page"}],"author":[{"embeddable":true,"href":"https:\/\/www.unioviedo.es\/SUBproducts4LIFE\/wp-json\/wp\/v2\/users\/1"}],"replies":[{"embeddable":true,"href":"https:\/\/www.unioviedo.es\/SUBproducts4LIFE\/wp-json\/wp\/v2\/comments?post=639"}],"version-history":[{"count":159,"href":"https:\/\/www.unioviedo.es\/SUBproducts4LIFE\/wp-json\/wp\/v2\/pages\/639\/revisions"}],"predecessor-version":[{"id":1648,"href":"https:\/\/www.unioviedo.es\/SUBproducts4LIFE\/wp-json\/wp\/v2\/pages\/639\/revisions\/1648"}],"wp:attachment":[{"href":"https:\/\/www.unioviedo.es\/SUBproducts4LIFE\/wp-json\/wp\/v2\/media?parent=639"}],"curies":[{"name":"wp","href":"https:\/\/api.w.org\/{rel}","templated":true}]}}