{"id":814,"date":"2018-07-23T19:46:35","date_gmt":"2018-07-23T17:46:35","guid":{"rendered":"http:\/\/www.unioviedo.es\/SUBproducts4LIFE\/?page_id=814"},"modified":"2018-08-31T21:36:12","modified_gmt":"2018-08-31T19:36:12","slug":"objetivos","status":"publish","type":"page","link":"https:\/\/www.unioviedo.es\/SUBproducts4LIFE\/el-proyecto\/objetivos\/","title":{"rendered":"Objetivos"},"content":{"rendered":"<p><div class=\"fusion-bg-parallax\" data-bg-align=\"left center\" data-direction=\"up\" data-mute=\"false\" data-opacity=\"100\" data-velocity=\"-0.3\" data-mobile-enabled=\"false\" data-break_parents=\"0\" data-bg-image=\"http:\/\/www.unioviedo.es\/SUBproducts4LIFE\/wp-content\/uploads\/2018\/08\/descargas.jpg\" data-bg-repeat=\"false\" ><\/div><div class=\"fusion-fullwidth fullwidth-box fusion-builder-row-1 fusion-parallax-up nonhundred-percent-fullwidth non-hundred-percent-height-scrolling\" style=\"background-color: rgba(255,255,255,0);background-image: url(&quot;http:\/\/www.unioviedo.es\/SUBproducts4LIFE\/wp-content\/uploads\/2018\/08\/descargas.jpg&quot;);background-position: left center;background-repeat: no-repeat;padding-top:90px;padding-right:0px;padding-bottom:70px;padding-left:0px;margin-bottom: 0px;margin-top: 0px;border-width: 0px 0px 0px 0px;border-color:#eae9e9;border-style:solid;-webkit-background-size:cover;-moz-background-size:cover;-o-background-size:cover;background-size:cover;\" ><div class=\"fusion-builder-row fusion-row\"><div class=\"fusion-layout-column fusion_builder_column fusion-builder-column-0 fusion_builder_column_3_5 3_5 fusion-three-fifth fusion-column-first\" style=\"width:58.4%; margin-right: 4%;margin-top:0px;margin-bottom:20px;\"><div class=\"fusion-column-wrapper fusion-flex-column-wrapper-legacy\" style=\"background-position:left top;background-repeat:no-repeat;-webkit-background-size:cover;-moz-background-size:cover;-o-background-size:cover;background-size:cover;padding: 0px 0px 0px 0px;\"><div class=\"fusion-text fusion-text-1\"><h1><span style=\"color: #ffffff;\">Objetivos<\/span><\/h1>\n<\/div><div class=\"fusion-sep-clear\"><\/div><div class=\"fusion-separator fusion-clearfix\" style=\"float:left;margin-bottom:20px;width:100%;max-width:50px;\"><div class=\"fusion-separator-border sep-single sep-solid\" style=\"border-color:#ffffff;border-top-width:4px;\"><\/div><\/div><div class=\"fusion-sep-clear\"><\/div><div class=\"fusion-text fusion-text-2\"><h4><span style=\"color: #ffffff;\">Cuatro subproductos industriales valorizados en Cuatro escenarios degradados. Un 4&#215;4 para la mejora medioambiental y el desarrollo de la econom\u00eda circular.<\/span><\/h4>\n<\/div><div class=\"fusion-clearfix\"><\/div><\/div><\/div><\/div><\/div><div class=\"fusion-fullwidth fullwidth-box fusion-builder-row-2 nonhundred-percent-fullwidth non-hundred-percent-height-scrolling fusion-equal-height-columns\" style=\"background-color: rgba(255,255,255,0);background-position: left top;background-repeat: no-repeat;padding-top:80px;padding-right:0px;padding-bottom:50px;padding-left:0px;margin-bottom: 0px;margin-top: 0px;border-width: 0px 0px 0px 0px;border-color:#eae9e9;border-style:solid;\" id=\"grey-text\" ><div class=\"fusion-builder-row fusion-row\"><div class=\"fusion-layout-column fusion_builder_column fusion-builder-column-1 fusion_builder_column_1_1 1_1 fusion-one-full fusion-column-first fusion-column-last fusion-column-no-min-height\" style=\"margin-top:0px;margin-bottom:20px;\"><div class=\"fusion-column-wrapper fusion-flex-column-wrapper-legacy\" style=\"background-position:left top;background-repeat:no-repeat;-webkit-background-size:cover;-moz-background-size:cover;-o-background-size:cover;background-size:cover;padding: 0px 0px 0px 0px;\"><div class=\"fusion-text fusion-text-3\"><h4 style=\"color: #3b9947; font-size: 28px;\">El proyecto SUBproducts4LIFE define 8 objetivos singulares:<\/h4>\n<\/div><div class=\"fusion-clearfix\"><\/div><\/div><\/div><div class=\"fusion-layout-column fusion_builder_column fusion-builder-column-2 fusion_builder_column_1_2 1_2 fusion-one-half fusion-column-first fusion-animated\" style=\"width:48%; margin-right: 4%;margin-top:0px;margin-bottom:20px;\" data-animationType=\"fadeInLeft\" data-animationDuration=\"1.0\" data-animationOffset=\"100%\"><div class=\"fusion-column-wrapper fusion-flex-column-wrapper-legacy\" style=\"background-position:left top;background-repeat:no-repeat;-webkit-background-size:cover;-moz-background-size:cover;-o-background-size:cover;background-size:cover;padding: 0px 0px 30px 0px;\"><div class=\"fusion-text fusion-text-4\"><ul>\n<li>Revalorizar 4 subproductos de diferentes procesos industriales, concretamente; cenizas de combusti\u00f3n de carb\u00f3n, yeso generado en procesos de desulfuraci\u00f3n de los gases de centrales el\u00e9ctricas y escorias del sector de producci\u00f3n de acero y del sector cementero, promoviendo sinergias de econom\u00eda circular \/ reciclaje y analizando su ciclo de vida.<\/li>\n<li>Promover la simbiosis industrial entre industrias activas con altos niveles de producci\u00f3n (centrales el\u00e9ctricas y producci\u00f3n de acero) y emplazamientos contaminados (minas abandonadas y plantas de producci\u00f3n de metales), mediante:\n<ul>\n<li>Demostraci\u00f3n de metodolog\u00edas para el nuevo uso de subproductos industriales (escorias de alto horno) como \u00abagentes de fijaci\u00f3n\u00bb de metales pesados y cierre del ciclo de vida de los residuos industriales (ceniza de carb\u00f3n, yeso y escorias de acero)<\/li>\n<li>Aplicaci\u00f3n de estos subproductos al tratamiento de residuos mineros y de demolici\u00f3n, agua, y suelo, promoviendo los conceptos de econom\u00eda verde y eficiencia de los recursos.<\/li>\n<\/ul>\n<\/li>\n<li>Lograr una mejor gesti\u00f3n del suelo y reutilizaci\u00f3n de los terrenos:\n<ul>\n<li>En industrias activas, reutilizando 4 tipos de subproductos.<\/li>\n<li>En zonas ya reconstruidas en antiguas instalaciones mineras e industriales.<\/li>\n<\/ul>\n<\/li>\n<\/ul>\n<\/div><div class=\"fusion-clearfix\"><\/div><\/div><\/div><div class=\"fusion-layout-column fusion_builder_column fusion-builder-column-3 fusion_builder_column_1_2 1_2 fusion-one-half fusion-column-last fusion-animated\" style=\"width:48%;margin-top:0px;margin-bottom:20px;\" data-animationType=\"fadeInRight\" data-animationDuration=\"1.0\" data-animationOffset=\"100%\"><div class=\"fusion-column-wrapper fusion-flex-column-wrapper-legacy\" style=\"background-position:left top;background-repeat:no-repeat;-webkit-background-size:cover;-moz-background-size:cover;-o-background-size:cover;background-size:cover;padding: 0px 0px 0px 0px;\"><div class=\"fusion-text fusion-text-5\"><ul>\n<li>Reducir el impacto ambiental de \u00e1reas industriales en dos escenarios:\n<ul>\n<li>En industrias activas mediante la reutilizaci\u00f3n de subproductos y residuos de procesos industriales.<\/li>\n<li>En \u00e1reas contaminadas tanto en antiguas instalaciones mineras como en antiguas instalaciones de producci\u00f3n metal\u00fargica.<\/li>\n<\/ul>\n<\/li>\n<li>Mejorar las condiciones medio ambientales, reducci\u00f3n del contenido de ars\u00e9nico y mercurio en el suelo y en el agua de lixiviado, a trav\u00e9s de procesos \u00abnaturales\u00bb.<\/li>\n<li>Comprobar la eficacia in situ de t\u00e9cnicas y metodolog\u00edas alternativas para prevenir la contaminaci\u00f3n del agua de lluvia.<\/li>\n<li>Promover activamente soluciones y metodolog\u00edas de conceptos de econom\u00eda circular a nivel local, nacional y de la Uni\u00f3n Europea; Contribuir activamente a la aplicaci\u00f3n de las pol\u00edticas medioambientales europeas, a la ordenaci\u00f3n de los suelos y los residuos y a los marcos de seguridad y salud.<\/li>\n<li>Desarrollar planes de difusi\u00f3n y comunicaci\u00f3n innovadores mediante la implementaci\u00f3n de un \u00abCentro VIVO para la Reutilizaci\u00f3n de Subproductos Industriales\u00bb, abierto a todos los grupos de inter\u00e9s, los responsables pol\u00edticos y los profesionales en el que se organicen visitas, capacitaciones e intercambio de conocimientos sobre la tem\u00e1tica del proyecto.<\/li>\n<\/ul>\n<\/div><div class=\"fusion-clearfix\"><\/div><\/div><\/div><\/div><\/div><div class=\"fusion-fullwidth fullwidth-box fusion-builder-row-3 hundred-percent-fullwidth non-hundred-percent-height-scrolling\" style=\"background-color: #0f4098;background-position: center center;background-repeat: no-repeat;padding-top:0px;padding-right:0px;padding-bottom:0px;padding-left:0px;margin-bottom: -8px;margin-top: 0px;border-width: 0px 0px 0px 0px;border-color:#eae9e9;border-style:solid;\" ><div class=\"fusion-builder-row fusion-row\"><div class=\"fusion-layout-column fusion_builder_column fusion-builder-column-4 fusion_builder_column_1_1 1_1 fusion-one-full fusion-column-first fusion-column-last\" style=\"margin-top:0px;margin-bottom:20px;\"><div class=\"fusion-column-wrapper fusion-flex-column-wrapper-legacy\" style=\"background-position:left top;background-repeat:no-repeat;-webkit-background-size:cover;-moz-background-size:cover;-o-background-size:cover;background-size:cover;padding: 15px 0px 0px 0px;\"><div class=\"imageframe-align-center\"><span class=\" fusion-imageframe imageframe-none imageframe-1 hover-type-none\"><img width=\"130\" height=\"93\" alt=\"life\" title=\"life\" src=\"http:\/\/www.unioviedo.es\/SUBproducts4LIFE\/wp-content\/uploads\/2018\/08\/life.gif\" class=\"img-responsive wp-image-1362\"\/><\/span><\/div><div class=\"fusion-clearfix\"><\/div><\/div><\/div><\/div><\/div><\/p>\n","protected":false},"excerpt":{"rendered":"","protected":false},"author":1,"featured_media":0,"parent":639,"menu_order":0,"comment_status":"closed","ping_status":"closed","template":"100-width.php","meta":{"_mi_skip_tracking":false,"_monsterinsights_sitenote_active":false,"_monsterinsights_sitenote_note":"","_monsterinsights_sitenote_category":0},"_links":{"self":[{"href":"https:\/\/www.unioviedo.es\/SUBproducts4LIFE\/wp-json\/wp\/v2\/pages\/814"}],"collection":[{"href":"https:\/\/www.unioviedo.es\/SUBproducts4LIFE\/wp-json\/wp\/v2\/pages"}],"about":[{"href":"https:\/\/www.unioviedo.es\/SUBproducts4LIFE\/wp-json\/wp\/v2\/types\/page"}],"author":[{"embeddable":true,"href":"https:\/\/www.unioviedo.es\/SUBproducts4LIFE\/wp-json\/wp\/v2\/users\/1"}],"replies":[{"embeddable":true,"href":"https:\/\/www.unioviedo.es\/SUBproducts4LIFE\/wp-json\/wp\/v2\/comments?post=814"}],"version-history":[{"count":59,"href":"https:\/\/www.unioviedo.es\/SUBproducts4LIFE\/wp-json\/wp\/v2\/pages\/814\/revisions"}],"predecessor-version":[{"id":1593,"href":"https:\/\/www.unioviedo.es\/SUBproducts4LIFE\/wp-json\/wp\/v2\/pages\/814\/revisions\/1593"}],"up":[{"embeddable":true,"href":"https:\/\/www.unioviedo.es\/SUBproducts4LIFE\/wp-json\/wp\/v2\/pages\/639"}],"wp:attachment":[{"href":"https:\/\/www.unioviedo.es\/SUBproducts4LIFE\/wp-json\/wp\/v2\/media?parent=814"}],"curies":[{"name":"wp","href":"https:\/\/api.w.org\/{rel}","templated":true}]}}