{"id":816,"date":"2018-07-23T19:46:57","date_gmt":"2018-07-23T17:46:57","guid":{"rendered":"http:\/\/www.unioviedo.es\/SUBproducts4LIFE\/?page_id=816"},"modified":"2018-08-31T21:38:58","modified_gmt":"2018-08-31T19:38:58","slug":"resultados-esperados","status":"publish","type":"page","link":"https:\/\/www.unioviedo.es\/SUBproducts4LIFE\/el-proyecto\/resultados-esperados\/","title":{"rendered":"Resultados Esperados"},"content":{"rendered":"<p><div class=\"fusion-bg-parallax\" data-bg-align=\"left center\" data-direction=\"up\" data-mute=\"false\" data-opacity=\"100\" data-velocity=\"-0.3\" data-mobile-enabled=\"false\" data-break_parents=\"0\" data-bg-image=\"http:\/\/www.unioviedo.es\/SUBproducts4LIFE\/wp-content\/uploads\/2018\/08\/descargas.jpg\" data-bg-repeat=\"false\" ><\/div><div class=\"fusion-fullwidth fullwidth-box fusion-builder-row-1 fusion-parallax-up nonhundred-percent-fullwidth non-hundred-percent-height-scrolling\" style=\"background-color: rgba(255,255,255,0);background-image: url(&quot;http:\/\/www.unioviedo.es\/SUBproducts4LIFE\/wp-content\/uploads\/2018\/08\/descargas.jpg&quot;);background-position: left center;background-repeat: no-repeat;padding-top:90px;padding-right:0px;padding-bottom:70px;padding-left:0px;margin-bottom: 0px;margin-top: 0px;border-width: 0px 0px 0px 0px;border-color:#eae9e9;border-style:solid;-webkit-background-size:cover;-moz-background-size:cover;-o-background-size:cover;background-size:cover;\" ><div class=\"fusion-builder-row fusion-row\"><div class=\"fusion-layout-column fusion_builder_column fusion-builder-column-0 fusion_builder_column_2_3 2_3 fusion-two-third fusion-column-first\" style=\"width:65.3333%; margin-right: 4%;margin-top:0px;margin-bottom:20px;\"><div class=\"fusion-column-wrapper fusion-flex-column-wrapper-legacy\" style=\"background-position:left top;background-repeat:no-repeat;-webkit-background-size:cover;-moz-background-size:cover;-o-background-size:cover;background-size:cover;padding: 0px 0px 0px 0px;\"><div class=\"fusion-text fusion-text-1\"><h1><span style=\"color: #ffffff;\">Resultados Esperados<\/span><\/h1>\n<\/div><div class=\"fusion-sep-clear\"><\/div><div class=\"fusion-separator fusion-clearfix\" style=\"float:left;margin-bottom:20px;width:100%;max-width:50px;\"><div class=\"fusion-separator-border sep-single sep-solid\" style=\"border-color:#ffffff;border-top-width:4px;\"><\/div><\/div><div class=\"fusion-sep-clear\"><\/div><div class=\"fusion-text fusion-text-2\"><h4><span style=\"color: #ffffff;\">Cuatro subproductos industriales valorizados en Cuatro escenarios degradados. Un 4&#215;4 para la mejora medioambiental y el desarrollo de la econom\u00eda circular.<\/span><\/h4>\n<\/div><div class=\"fusion-clearfix\"><\/div><\/div><\/div><div class=\"fusion-layout-column fusion_builder_column fusion-builder-column-1 fusion_builder_column_1_3 1_3 fusion-one-third fusion-column-last\" style=\"width:30.6666%;margin-top:0px;margin-bottom:20px;\"><div class=\"fusion-column-wrapper fusion-flex-column-wrapper-legacy\" style=\"background-position:left top;background-repeat:no-repeat;-webkit-background-size:cover;-moz-background-size:cover;-o-background-size:cover;background-size:cover;padding: 0px 0px 0px 0px;\"><div class=\"fusion-clearfix\"><\/div><\/div><\/div><\/div><\/div><div class=\"fusion-fullwidth fullwidth-box fusion-builder-row-2 nonhundred-percent-fullwidth non-hundred-percent-height-scrolling fusion-equal-height-columns\" style=\"background-color: rgba(255,255,255,0);background-position: left top;background-repeat: no-repeat;padding-top:70px;padding-right:0px;padding-bottom:0px;padding-left:0px;margin-bottom: -50x;margin-top: 0px;border-width: 0px 0px 0px 0px;border-color:#eae9e9;border-style:solid;\" id=\"grey-text\" ><div class=\"fusion-builder-row fusion-row\"><div class=\"fusion-layout-column fusion_builder_column fusion-builder-column-2 fusion_builder_column_1_1 1_1 fusion-one-full fusion-column-first fusion-column-last fusion-column-no-min-height\" style=\"margin-top:0px;margin-bottom:20px;\"><div class=\"fusion-column-wrapper fusion-flex-column-wrapper-legacy\" style=\"background-position:left top;background-repeat:no-repeat;-webkit-background-size:cover;-moz-background-size:cover;-o-background-size:cover;background-size:cover;padding: 0px 0px 0px 0px;\"><div class=\"fusion-text fusion-text-3\"><h4 style=\"color: #3b9947; font-size: 28px;\">El Proyecto cuenta con una serie de resultados esperados directos a alcanzar<br \/>\ndurante su implementaci\u00f3n:<\/h4>\n<\/div><div class=\"fusion-clearfix\"><\/div><\/div><\/div><div class=\"fusion-layout-column fusion_builder_column fusion-builder-column-3 fusion_builder_column_1_2 1_2 fusion-one-half fusion-column-first fusion-animated\" style=\"width:48%; margin-right: 4%;margin-top:0px;margin-bottom:20px;\" data-animationType=\"fadeInLeft\" data-animationDuration=\"1.0\" data-animationOffset=\"100%\"><div class=\"fusion-column-wrapper fusion-flex-column-wrapper-legacy\" style=\"background-position:left top;background-repeat:no-repeat;-webkit-background-size:cover;-moz-background-size:cover;-o-background-size:cover;background-size:cover;padding: 10px 0px 30px 0px;\"><div class=\"fusion-text fusion-text-4\"><ul>\n<li>4 proyectos t\u00e9cnicos, incluyendo los relacionados con salud y prevenci\u00f3n de riesgos. Se har\u00e1n planes de evaluaci\u00f3n y contingencia de impacto ambiental <strong>(Acciones A)<\/strong>.<\/li>\n<li>Recuperaci\u00f3n de al menos el 25 % de las \u00e1reas piloto, actualmente selladas (5.000 m<sup>2<\/sup> en la escombrera superior y 2.000 m2 en el \u00e1rea de producci\u00f3n), incrementando as\u00ed la superficie de suelo <strong>(Acciones B1 y B2)<\/strong>.<\/li>\n<li>Recuperaci\u00f3n de dep\u00f3sitos de residuos mineros (superficie recuperada total de 5.000 m<sup>2<\/sup>, mediante la reutilizaci\u00f3n de ceniza de carb\u00f3n, yeso y escoria de alto horno <strong>(Acci\u00f3n B1)<\/strong>, as\u00ed como otros resultados: disminuci\u00f3n de la contaminaci\u00f3n y mejora de las condiciones de estabilidad.<\/li>\n<li>9 zanjas para filtrar y tratar el agua, de 25 metros de largo y 1.5 de ancho <strong>(Acciones A4 y B).<\/strong><\/li>\n<li>Mejora de la gesti\u00f3n de aguas: recogida de agua de lluvia con una zanja perimetral, reduciendo as\u00ed un 40-50 % de agua de lixiviado <strong>(Acci\u00f3n B3)<\/strong> de agua.<\/li>\n<li>Reducci\u00f3n de la contaminaci\u00f3n por ars\u00e9nico y mercurio en el suelo y el agua de lixiviado (al menos un 20 %) en las \u00e1reas piloto, pudi\u00e9ndose, en el futuro, implementar distintos tama\u00f1os de filtro en al menos en 40-50 % <strong>(Acciones B)<\/strong>.<\/li>\n<\/ul>\n<\/div><div class=\"fusion-clearfix\"><\/div><\/div><\/div><div class=\"fusion-layout-column fusion_builder_column fusion-builder-column-4 fusion_builder_column_1_2 1_2 fusion-one-half fusion-column-last fusion-animated\" style=\"width:48%;margin-top:0px;margin-bottom:20px;\" data-animationType=\"fadeInRight\" data-animationDuration=\"1.0\" data-animationOffset=\"100%\"><div class=\"fusion-column-wrapper fusion-flex-column-wrapper-legacy\" style=\"background-position:left top;background-repeat:no-repeat;-webkit-background-size:cover;-moz-background-size:cover;-o-background-size:cover;background-size:cover;padding: 10px 0px 30px 0px;\"><div class=\"fusion-text fusion-text-5\"><ul>\n<li>Reciclado \/ reutilizaci\u00f3n de 14530 toneladas de residuo: aproximadamente 12310 toneladas de cenizas de carb\u00f3n, 2070 toneladas de yeso y 150 toneladas de escoria sider\u00fargica para ser utilizados en 3 casos piloto propuestos en dos \u00e1reas mineras <strong>(Acciones B)<\/strong>.<\/li>\n<li>Reutilizaci\u00f3n de recursos o subproductos secundarios metal\u00fargicos: 4000 toneladas de escoria de alto horno <strong>(Acciones B)<\/strong>.<\/li>\n<li>Un plan de replicabilidad y transferibilidad <strong>(Acci\u00f3n B3)<\/strong> y 4 conceptos innovadores en econom\u00eda circular, mediante la verificaci\u00f3n a escala real de la capacidad de fijado de 4 subproductos industriales <strong>(Acci\u00f3n C3)<\/strong>.<\/li>\n<li>4 conceptos innovadores de An\u00e1lisis de Ciclo de Vida definidos a partir de los 4 subproductos y residuos reutilizados <strong>(Acciones C4 y C5)<\/strong>.<\/li>\n<li>Fitorremediaci\u00f3n de dos parcelas de 200-300 m<sup>2<\/sup>, plantando al menos 100 especies locales, 200 especies de \u00e1rboles y creaci\u00f3n de una valla de seguridad para animales salvajes y dom\u00e9sticos.<\/li>\n<li>Desarrollo adicional e implementaci\u00f3n del plan de comunicaci\u00f3n y difusi\u00f3n del proyecto <strong>(Acci\u00f3n D)<\/strong>. Se espera concienciar a, al menos, el 50 % de los habitantes de los municipios de las \u00e1reas piloto (aproximadamente 12.000 en Lena y 41.000 habitantes en Mieres): 22.500 personas.<\/li>\n<\/ul>\n<\/div><div class=\"fusion-clearfix\"><\/div><\/div><\/div><\/div><\/div><div class=\"fusion-fullwidth fullwidth-box fusion-builder-row-3 nonhundred-percent-fullwidth non-hundred-percent-height-scrolling\" style=\"background-color: rgba(255,255,255,0);background-position: center center;background-repeat: no-repeat;padding-top:0px;padding-right:0px;padding-bottom:60px;padding-left:0px;margin-bottom: 0px;margin-top: 0px;border-width: 0px 0px 0px 0px;border-color:#eae9e9;border-style:solid;\" id=\"grey-text\" ><div class=\"fusion-builder-row fusion-row\"><div class=\"fusion-layout-column fusion_builder_column fusion-builder-column-5 fusion_builder_column_1_1 1_1 fusion-one-full fusion-column-first fusion-column-last\" style=\"margin-top:0px;margin-bottom:20px;\"><div class=\"fusion-column-wrapper fusion-flex-column-wrapper-legacy\" style=\"background-position:left top;background-repeat:no-repeat;-webkit-background-size:cover;-moz-background-size:cover;-o-background-size:cover;background-size:cover;padding: 0px 0px 80px 0px;\"><div class=\"fusion-sep-clear\"><\/div><div class=\"fusion-separator fusion-full-width-sep\" style=\"margin-left: auto;margin-right: auto;width:100%;\"><div class=\"fusion-separator-border sep-single sep-solid\" style=\"border-color:#2e9a38;border-top-width:1px;\"><\/div><\/div><div class=\"fusion-sep-clear\"><\/div><div class=\"fusion-clearfix\"><\/div><\/div><\/div><div class=\"fusion-layout-column fusion_builder_column fusion-builder-column-6 fusion_builder_column_1_1 1_1 fusion-one-full fusion-column-first fusion-column-last\" style=\"margin-top:-40px;margin-bottom:20px;\"><div class=\"fusion-column-wrapper fusion-flex-column-wrapper-legacy\" style=\"background-position:left top;background-repeat:no-repeat;-webkit-background-size:cover;-moz-background-size:cover;-o-background-size:cover;background-size:cover;padding: 0px 0px 0px 0px;\"><div class=\"fusion-text fusion-text-6\"><h4 style=\"color: #3b9947; font-size: 28px;\">Existe tambi\u00e9n una serie de resultados esperados una vez acabado el Proyecto (a\u00f1os 4 a 10)<\/h4>\n<\/div><div class=\"fusion-sep-clear\"><\/div><div class=\"fusion-separator fusion-full-width-sep\" style=\"margin-left: auto;margin-right: auto;margin-bottom:20px;width:100%;\"><\/div><div class=\"fusion-sep-clear\"><\/div><div class=\"fusion-text fusion-text-7\"><ul>\n<li>Reducci\u00f3n de los indicadores de impacto ambiental (suelo, agua, biota) reduciendo su valor de evaluaci\u00f3n cuantitativa al menos 40% y cambiando su valor cualitativo actual (alto a extremadamente alto) a un impacto bajo-medio asumible <strong>(Acciones B y C)<\/strong>.<\/li>\n<li>Resultados secundarios: recuperaci\u00f3n ambiental de un dep\u00f3sito de residuos inferior en <a href=\"\/SUBproducts4LIFE\/la-soterrana\/\">La Soterra\u00f1a<\/a> (20.000 m2) y de <a href=\"\/SUBproducts4LIFE\/el-terronal\/\">El Terronal<\/a> (3.600 m2) aplicando los resultados obtenidos del proyecto.<\/li>\n<\/ul>\n<\/div><div class=\"fusion-clearfix\"><\/div><\/div><\/div><\/div><\/div><div class=\"fusion-fullwidth fullwidth-box fusion-builder-row-4 hundred-percent-fullwidth non-hundred-percent-height-scrolling\" style=\"background-color: #0f4098;background-position: center center;background-repeat: no-repeat;padding-top:0px;padding-right:0px;padding-bottom:0px;padding-left:0px;margin-bottom: -8px;margin-top: 0px;border-width: 0px 0px 0px 0px;border-color:#eae9e9;border-style:solid;\" ><div class=\"fusion-builder-row fusion-row\"><div class=\"fusion-layout-column fusion_builder_column fusion-builder-column-7 fusion_builder_column_1_1 1_1 fusion-one-full fusion-column-first fusion-column-last\" style=\"margin-top:0px;margin-bottom:20px;\"><div class=\"fusion-column-wrapper fusion-flex-column-wrapper-legacy\" style=\"background-position:left top;background-repeat:no-repeat;-webkit-background-size:cover;-moz-background-size:cover;-o-background-size:cover;background-size:cover;padding: 15px 0px 0px 0px;\"><div class=\"imageframe-align-center\"><span class=\" fusion-imageframe imageframe-none imageframe-1 hover-type-none\"><img width=\"130\" height=\"93\" alt=\"life\" title=\"life\" src=\"http:\/\/www.unioviedo.es\/SUBproducts4LIFE\/wp-content\/uploads\/2018\/08\/life.gif\" class=\"img-responsive wp-image-1362\"\/><\/span><\/div><div class=\"fusion-clearfix\"><\/div><\/div><\/div><\/div><\/div><\/p>\n","protected":false},"excerpt":{"rendered":"","protected":false},"author":1,"featured_media":0,"parent":639,"menu_order":0,"comment_status":"closed","ping_status":"closed","template":"100-width.php","meta":{"_mi_skip_tracking":false,"_monsterinsights_sitenote_active":false,"_monsterinsights_sitenote_note":"","_monsterinsights_sitenote_category":0},"_links":{"self":[{"href":"https:\/\/www.unioviedo.es\/SUBproducts4LIFE\/wp-json\/wp\/v2\/pages\/816"}],"collection":[{"href":"https:\/\/www.unioviedo.es\/SUBproducts4LIFE\/wp-json\/wp\/v2\/pages"}],"about":[{"href":"https:\/\/www.unioviedo.es\/SUBproducts4LIFE\/wp-json\/wp\/v2\/types\/page"}],"author":[{"embeddable":true,"href":"https:\/\/www.unioviedo.es\/SUBproducts4LIFE\/wp-json\/wp\/v2\/users\/1"}],"replies":[{"embeddable":true,"href":"https:\/\/www.unioviedo.es\/SUBproducts4LIFE\/wp-json\/wp\/v2\/comments?post=816"}],"version-history":[{"count":55,"href":"https:\/\/www.unioviedo.es\/SUBproducts4LIFE\/wp-json\/wp\/v2\/pages\/816\/revisions"}],"predecessor-version":[{"id":1598,"href":"https:\/\/www.unioviedo.es\/SUBproducts4LIFE\/wp-json\/wp\/v2\/pages\/816\/revisions\/1598"}],"up":[{"embeddable":true,"href":"https:\/\/www.unioviedo.es\/SUBproducts4LIFE\/wp-json\/wp\/v2\/pages\/639"}],"wp:attachment":[{"href":"https:\/\/www.unioviedo.es\/SUBproducts4LIFE\/wp-json\/wp\/v2\/media?parent=816"}],"curies":[{"name":"wp","href":"https:\/\/api.w.org\/{rel}","templated":true}]}}