{"id":867,"date":"2018-07-25T20:08:31","date_gmt":"2018-07-25T18:08:31","guid":{"rendered":"http:\/\/www.unioviedo.es\/SUBproducts4LIFE\/?page_id=867"},"modified":"2018-09-03T19:03:29","modified_gmt":"2018-09-03T17:03:29","slug":"la-soterrana","status":"publish","type":"page","link":"https:\/\/www.unioviedo.es\/SUBproducts4LIFE\/escenarios\/la-soterrana\/","title":{"rendered":"La Soterra\u00f1a"},"content":{"rendered":"<p><div class=\"fusion-bg-parallax\" data-bg-align=\"left top\" data-direction=\"up\" data-mute=\"false\" data-opacity=\"100\" data-velocity=\"-0.3\" data-mobile-enabled=\"false\" data-break_parents=\"0\" data-bg-image=\"http:\/\/www.unioviedo.es\/SUBproducts4LIFE\/wp-content\/uploads\/2018\/08\/La-Soterrana-1.jpg\" data-bg-repeat=\"false\" ><\/div><div class=\"fusion-fullwidth fullwidth-box fusion-builder-row-1 fusion-parallax-up nonhundred-percent-fullwidth non-hundred-percent-height-scrolling\" style=\"background-color: rgba(255,255,255,0);background-image: url(&quot;http:\/\/www.unioviedo.es\/SUBproducts4LIFE\/wp-content\/uploads\/2018\/08\/La-Soterrana-1.jpg&quot;);background-position: left top;background-repeat: no-repeat;padding-top:90px;padding-right:0px;padding-bottom:50px;padding-left:0px;margin-bottom: 0px;margin-top: 0px;border-width: 0px 0px 0px 0px;border-color:#eae9e9;border-style:solid;-webkit-background-size:cover;-moz-background-size:cover;-o-background-size:cover;background-size:cover;\" ><div class=\"fusion-builder-row fusion-row\"><div class=\"fusion-layout-column fusion_builder_column fusion-builder-column-0 fusion_builder_column_3_5 3_5 fusion-three-fifth fusion-column-first\" style=\"width:58.4%; margin-right: 4%;margin-top:0px;margin-bottom:20px;\"><div class=\"fusion-column-wrapper fusion-flex-column-wrapper-legacy\" style=\"background-position:left top;background-repeat:no-repeat;-webkit-background-size:cover;-moz-background-size:cover;-o-background-size:cover;background-size:cover;padding: 0px 0px 0px 0px;\"><div class=\"fusion-text fusion-text-1\"><h1><span style=\"color: #ffffff;\">La Soterra\u00f1a <\/span><\/h1>\n<\/div><div class=\"fusion-sep-clear\"><\/div><div class=\"fusion-separator fusion-clearfix\" style=\"float:left;margin-bottom:20px;width:100%;max-width:50px;\"><div class=\"fusion-separator-border sep-single sep-solid\" style=\"border-color:#ffffff;border-top-width:4px;\"><\/div><\/div><div class=\"fusion-sep-clear\"><\/div><div class=\"fusion-text fusion-text-2\"><h4><span style=\"color: #ffffff;\">El principal escenario de SUBproducts4LIFE es La Soterra\u00f1a. Una mina abandonada y una zona industrial ubicada en el Principado de Asturias.<\/span><\/h4>\n<\/div><div class=\"fusion-sep-clear\"><\/div><div class=\"fusion-separator fusion-full-width-sep\" style=\"margin-left: auto;margin-right: auto;margin-top:20px;width:100%;\"><\/div><div class=\"fusion-sep-clear\"><\/div><div class=\"fusion-clearfix\"><\/div><\/div><\/div><div class=\"fusion-layout-column fusion_builder_column fusion-builder-column-1 fusion_builder_column_1_3 1_3 fusion-one-third fusion-no-small-visibility fusion-no-medium-visibility\" style=\"width:30.6666%; margin-right: 4%;margin-top:0px;margin-bottom:20px;\"><div class=\"fusion-column-wrapper fusion-flex-column-wrapper-legacy\" style=\"background-position:left top;background-repeat:no-repeat;-webkit-background-size:cover;-moz-background-size:cover;-o-background-size:cover;background-size:cover;padding: 0px 0px 0px 0px;\"><div class=\"fusion-clearfix\"><\/div><\/div><\/div><\/div><\/div><div class=\"fusion-fullwidth fullwidth-box fusion-builder-row-2 nonhundred-percent-fullwidth non-hundred-percent-height-scrolling\" style=\"background-color: rgba(255,255,255,0);background-position: left top;background-repeat: no-repeat;padding-top:70px;padding-right:0px;padding-bottom:70px;padding-left:0px;margin-bottom: 0px;margin-top: 0px;border-width: 0px 0px 0px 0px;border-color:#eae9e9;border-style:solid;\" ><div class=\"fusion-builder-row fusion-row\"><div class=\"fusion-layout-column fusion_builder_column fusion-builder-column-2 fusion_builder_column_2_3 2_3 fusion-two-third fusion-column-first\" style=\"width:65.3333%; margin-right: 4%;margin-top:0px;margin-bottom:20px;\"><div class=\"fusion-column-wrapper fusion-flex-column-wrapper-legacy\" style=\"background-position:left top;background-repeat:no-repeat;-webkit-background-size:cover;-moz-background-size:cover;-o-background-size:cover;background-size:cover;padding: 0px 5% 0px 0px;\"><div class=\"fusion-text fusion-text-3\"><h2>El Escenario<\/h2>\n<\/div><div class=\"fusion-sep-clear\"><\/div><div class=\"fusion-separator fusion-clearfix\" style=\"float:left;margin-top:5px;margin-bottom:17px;width:100%;max-width:50px;\"><div class=\"fusion-separator-border sep-single sep-solid\" style=\"border-color:#399947;border-top-width:4px;\"><\/div><\/div><div class=\"fusion-sep-clear\"><\/div><div class=\"fusion-text fusion-text-4\"><ul>\n<li>Ubicaci\u00f3n: Lena, Asturias, Espa\u00f1a<\/li>\n<li>Casos piloto: 1, 2, 3a<\/li>\n<li>Contaminantes principales: Mercurio y Ars\u00e9nico<\/li>\n<li>Superficie a mejorar (directamente): 6.800 m<sup>2<\/sup><\/li>\n<li>Superficie a mejorar (indirectamente): 39.000 m<sup>2<\/sup><\/li>\n<\/ul>\n<\/div><div class=\"fusion-sep-clear\"><\/div><div class=\"fusion-separator fusion-clearfix\" style=\"float:left;margin-top:0px;margin-bottom:20px;width:100%;max-width:80px;\"><\/div><div class=\"fusion-sep-clear\"><\/div><div class=\"fusion-text fusion-text-5\"><p>El principal escenario de <strong>SUBproducts4LIFE<\/strong> es La Soterra\u00f1a. Es una mina abandonada (extra\u00eddo por m\u00e9todos de mina de monta\u00f1a, sin eje vertical) y una zona industrial ubicada en el Principado de Asturias. La Soterra\u00f1a, al igual que 9 de las 12 zonas contaminadas inventariadas en el Principado, presenta altas concentraciones de ars\u00e9nico y mercurio.<\/p>\n<p>La Soterra\u00f1a est\u00e1 considerada la segunda instalaci\u00f3n m\u00e1s grande de Espa\u00f1a y una de las mayores de Europa. Inaugurada en 1844 para la obtenci\u00f3n de ars\u00e9nico y mercurio, ces\u00f3 su actividad en 1974. A lo largo de ese tiempo ha tenido muchos propietarios hasta que pas\u00f3 a manos de Siderfluor S.A., parte interesada en el proyecto y actual propietario. Debido al inadecuado desmantelamiento de las instalaciones al cesar sus actividades, la contaminaci\u00f3n persiste.<\/p>\n<\/div><div class=\"fusion-clearfix\"><\/div><\/div><\/div><div class=\"fusion-layout-column fusion_builder_column fusion-builder-column-3 fusion_builder_column_1_3 1_3 fusion-one-third fusion-column-last\" style=\"width:30.6666%;margin-top:0px;margin-bottom:20px;\"><div class=\"fusion-column-wrapper fusion-flex-column-wrapper-legacy\" style=\"background-position:left top;background-repeat:no-repeat;-webkit-background-size:cover;-moz-background-size:cover;-o-background-size:cover;background-size:cover;padding: 90px 0px 0px 0px;\"><span class=\" fusion-imageframe imageframe-none imageframe-1 hover-type-none fusion-animated\" style=\"width:100%;max-width:340px;\" data-animationType=\"fadeInDown\" data-animationDuration=\"1.0\" data-animationOffset=\"100%\"><img width=\"750\" height=\"1097\" alt=\"2c Zona Piloto SUBproducts4LIFE\" title=\"2c Zona Piloto SUBproducts4LIFE\" src=\"http:\/\/www.unioviedo.es\/SUBproducts4LIFE\/wp-content\/uploads\/2018\/07\/2c-Zona-Piloto.jpg\" class=\"img-responsive wp-image-804\" srcset=\"https:\/\/www.unioviedo.es\/SUBproducts4LIFE\/wp-content\/uploads\/2018\/07\/2c-Zona-Piloto-200x293.jpg 200w, https:\/\/www.unioviedo.es\/SUBproducts4LIFE\/wp-content\/uploads\/2018\/07\/2c-Zona-Piloto-400x585.jpg 400w, https:\/\/www.unioviedo.es\/SUBproducts4LIFE\/wp-content\/uploads\/2018\/07\/2c-Zona-Piloto-600x878.jpg 600w, https:\/\/www.unioviedo.es\/SUBproducts4LIFE\/wp-content\/uploads\/2018\/07\/2c-Zona-Piloto.jpg 750w\" sizes=\"(max-width: 800px) 100vw, 400px\" \/><\/span><div class=\"fusion-clearfix\"><\/div><\/div><\/div><\/div><\/div><div class=\"fusion-fullwidth fullwidth-box fusion-builder-row-3 nonhundred-percent-fullwidth non-hundred-percent-height-scrolling\" style=\"background-color: #2e9a38;background-position: center center;background-repeat: no-repeat;padding-top:50px;padding-right:0px;padding-bottom:30px;padding-left:0px;margin-bottom: 0px;margin-top: 0px;border-width: 0px 0px 0px 0px;border-color:#eae9e9;border-style:solid;\" ><div class=\"fusion-builder-row fusion-row\"><div class=\"fusion-layout-column fusion_builder_column fusion-builder-column-4 fusion_builder_column_1_3 1_3 fusion-one-third fusion-column-first\" style=\"width:30.6666%; margin-right: 4%;margin-top:0px;margin-bottom:0px;\"><div class=\"fusion-column-wrapper fusion-flex-column-wrapper-legacy\" style=\"background-position:right center;background-repeat:no-repeat;-webkit-background-size:cover;-moz-background-size:cover;-o-background-size:cover;background-size:cover;border-right:3px solid #ffffff;padding: 0px 0px 0px 0px;\"><div class=\"fusion-text fusion-text-6\"><h2><span style=\"color: #ffffff;\">Principal<br \/>\nescenario<br \/>\nLa Soterra\u00f1a<\/span><\/h2>\n<\/div><div class=\"fusion-clearfix\"><\/div><\/div><\/div><div class=\"fusion-layout-column fusion_builder_column fusion-builder-column-5 fusion_builder_column_2_3 2_3 fusion-two-third fusion-column-last\" style=\"width:65.3333%;margin-top:0px;margin-bottom:20px;\"><div class=\"fusion-column-wrapper fusion-flex-column-wrapper-legacy\" style=\"background-position:left top;background-repeat:no-repeat;-webkit-background-size:cover;-moz-background-size:cover;-o-background-size:cover;background-size:cover;padding: 0px 0px 0px 0px;\"><div class=\"fusion-text fusion-text-7\"><h4><span style=\"color: #ffffff; font-size: 36px;\">Est\u00e1 considerada la segunda instalaci\u00f3n<br \/>\nm\u00e1s grande de Espa\u00f1a y una<br \/>\nde las mayores de Europa<\/span><\/h4>\n<\/div><div class=\"fusion-clearfix\"><\/div><\/div><\/div><\/div><\/div><div class=\"fusion-fullwidth fullwidth-box fusion-builder-row-4 nonhundred-percent-fullwidth non-hundred-percent-height-scrolling fusion-equal-height-columns\" style=\"background-color: rgba(255,255,255,0);background-position: left top;background-repeat: no-repeat;padding-top:90px;padding-right:0px;padding-bottom:0px;padding-left:0px;margin-bottom: 0px;margin-top: 0px;border-width: 0px 0px 0px 0px;border-color:#eae9e9;border-style:solid;\" ><div class=\"fusion-builder-row fusion-row\"><div class=\"fusion-layout-column fusion_builder_column fusion-builder-column-6 fusion_builder_column_1_1 1_1 fusion-one-full fusion-column-first fusion-column-last\" style=\"margin-top:0px;margin-bottom:20px;\"><div class=\"fusion-column-wrapper fusion-flex-column-wrapper-legacy\" style=\"background-position:left top;background-repeat:no-repeat;-webkit-background-size:cover;-moz-background-size:cover;-o-background-size:cover;background-size:cover;padding: 0px 0px 0px 0px;\"><style type=\"text\/css\"><\/style><div class=\"fusion-title title fusion-title-1 fusion-sep-none fusion-title-text fusion-title-size-one\" style=\"margin-top:0px;margin-right:0px;margin-bottom:30px;margin-left:0px;\"><h1 class=\"title-heading-left fusion-responsive-typography-calculated\" style=\"margin:0;--fontSize:52;line-height:1.3;\"><h3 style=\"text-align: center;\">GALER\u00cdA DE IM\u00c1GENES<\/h3><\/h1><\/div><div class=\"fusion-sep-clear\"><\/div><div class=\"fusion-separator\" style=\"margin-left: auto;margin-right: auto;margin-bottom:40px;width:100%;max-width:50px;\"><div class=\"fusion-separator-border sep-single sep-solid\" style=\"border-color:#2e9a38;border-top-width:4px;\"><\/div><\/div><div class=\"fusion-sep-clear\"><\/div><style type=\"text\/css\">.fusion-gallery-1 .fusion-gallery-image {border:0px solid #f6f6f6;}<\/style><div class=\"fusion-gallery fusion-gallery-container fusion-grid-4 fusion-columns-total-4 fusion-gallery-layout-grid fusion-gallery-1\" style=\"margin:-5px;\"><div style=\"padding:5px;\" class=\"fusion-grid-column fusion-gallery-column fusion-gallery-column-4 hover-type-none\"><div class=\"fusion-gallery-image\"><a href=\"https:\/\/www.unioviedo.es\/SUBproducts4LIFE\/wp-content\/uploads\/2018\/08\/zona-piloto-1b.jpg\" rel=\"noreferrer\" data-rel=\"iLightbox[gallery_image_1]\" class=\"fusion-lightbox\"><img src=\"https:\/\/www.unioviedo.es\/SUBproducts4LIFE\/wp-content\/uploads\/2018\/08\/zona-piloto-1b.jpg\" width=\"1067\" height=\"800\" alt=\"La Soterra\u00f1a\" title=\"La Soterra\u00f1a\" aria-label=\"La Soterra\u00f1a\" class=\"img-responsive wp-image-1091\" srcset=\"https:\/\/www.unioviedo.es\/SUBproducts4LIFE\/wp-content\/uploads\/2018\/08\/zona-piloto-1b-200x150.jpg 200w, https:\/\/www.unioviedo.es\/SUBproducts4LIFE\/wp-content\/uploads\/2018\/08\/zona-piloto-1b-400x300.jpg 400w, https:\/\/www.unioviedo.es\/SUBproducts4LIFE\/wp-content\/uploads\/2018\/08\/zona-piloto-1b-600x450.jpg 600w, https:\/\/www.unioviedo.es\/SUBproducts4LIFE\/wp-content\/uploads\/2018\/08\/zona-piloto-1b-800x600.jpg 800w, https:\/\/www.unioviedo.es\/SUBproducts4LIFE\/wp-content\/uploads\/2018\/08\/zona-piloto-1b.jpg 1067w\" sizes=\"(min-width: 2200px) 100vw, (min-width: 915px) 289px, (min-width: 824px) 385px, (min-width: 732px) 578px, (min-width: 640px) 732px, \" \/><\/a><\/div><\/div><div style=\"padding:5px;\" class=\"fusion-grid-column fusion-gallery-column fusion-gallery-column-4 hover-type-none\"><div class=\"fusion-gallery-image\"><a href=\"https:\/\/www.unioviedo.es\/SUBproducts4LIFE\/wp-content\/uploads\/2018\/08\/zona-piloto-1c.jpg\" rel=\"noreferrer\" data-rel=\"iLightbox[gallery_image_1]\" class=\"fusion-lightbox\"><img src=\"https:\/\/www.unioviedo.es\/SUBproducts4LIFE\/wp-content\/uploads\/2018\/08\/zona-piloto-1c.jpg\" width=\"1067\" height=\"800\" alt=\"zona piloto 1\" title=\"zona piloto 1\" aria-label=\"zona piloto 1\" class=\"img-responsive wp-image-1092\" srcset=\"https:\/\/www.unioviedo.es\/SUBproducts4LIFE\/wp-content\/uploads\/2018\/08\/zona-piloto-1c-200x150.jpg 200w, https:\/\/www.unioviedo.es\/SUBproducts4LIFE\/wp-content\/uploads\/2018\/08\/zona-piloto-1c-400x300.jpg 400w, https:\/\/www.unioviedo.es\/SUBproducts4LIFE\/wp-content\/uploads\/2018\/08\/zona-piloto-1c-600x450.jpg 600w, https:\/\/www.unioviedo.es\/SUBproducts4LIFE\/wp-content\/uploads\/2018\/08\/zona-piloto-1c-800x600.jpg 800w, https:\/\/www.unioviedo.es\/SUBproducts4LIFE\/wp-content\/uploads\/2018\/08\/zona-piloto-1c.jpg 1067w\" sizes=\"(min-width: 2200px) 100vw, (min-width: 915px) 289px, (min-width: 824px) 385px, (min-width: 732px) 578px, (min-width: 640px) 732px, \" \/><\/a><\/div><\/div><div style=\"padding:5px;\" class=\"fusion-grid-column fusion-gallery-column fusion-gallery-column-4 hover-type-none\"><div class=\"fusion-gallery-image\"><a href=\"https:\/\/www.unioviedo.es\/SUBproducts4LIFE\/wp-content\/uploads\/2018\/08\/zona-piloto-2c.jpg\" rel=\"noreferrer\" data-rel=\"iLightbox[gallery_image_1]\" class=\"fusion-lightbox\"><img src=\"https:\/\/www.unioviedo.es\/SUBproducts4LIFE\/wp-content\/uploads\/2018\/08\/zona-piloto-2c.jpg\" width=\"1067\" height=\"800\" alt=\"zona piloto 2\" title=\"zona piloto 2\" aria-label=\"zona piloto 2\" class=\"img-responsive wp-image-1095\" srcset=\"https:\/\/www.unioviedo.es\/SUBproducts4LIFE\/wp-content\/uploads\/2018\/08\/zona-piloto-2c-200x150.jpg 200w, https:\/\/www.unioviedo.es\/SUBproducts4LIFE\/wp-content\/uploads\/2018\/08\/zona-piloto-2c-400x300.jpg 400w, https:\/\/www.unioviedo.es\/SUBproducts4LIFE\/wp-content\/uploads\/2018\/08\/zona-piloto-2c-600x450.jpg 600w, https:\/\/www.unioviedo.es\/SUBproducts4LIFE\/wp-content\/uploads\/2018\/08\/zona-piloto-2c-800x600.jpg 800w, https:\/\/www.unioviedo.es\/SUBproducts4LIFE\/wp-content\/uploads\/2018\/08\/zona-piloto-2c.jpg 1067w\" sizes=\"(min-width: 2200px) 100vw, (min-width: 915px) 289px, (min-width: 824px) 385px, (min-width: 732px) 578px, (min-width: 640px) 732px, \" \/><\/a><\/div><\/div><div style=\"padding:5px;\" class=\"fusion-grid-column fusion-gallery-column fusion-gallery-column-4 hover-type-none\"><div class=\"fusion-gallery-image\"><a href=\"https:\/\/www.unioviedo.es\/SUBproducts4LIFE\/wp-content\/uploads\/2018\/08\/zona-piloto-2.jpg\" rel=\"noreferrer\" data-rel=\"iLightbox[gallery_image_1]\" class=\"fusion-lightbox\"><img src=\"https:\/\/www.unioviedo.es\/SUBproducts4LIFE\/wp-content\/uploads\/2018\/08\/zona-piloto-2.jpg\" width=\"1067\" height=\"800\" alt=\"zona piloto 2\" title=\"zona piloto 2\" aria-label=\"zona piloto 2\" class=\"img-responsive wp-image-1093\" srcset=\"https:\/\/www.unioviedo.es\/SUBproducts4LIFE\/wp-content\/uploads\/2018\/08\/zona-piloto-2-200x150.jpg 200w, https:\/\/www.unioviedo.es\/SUBproducts4LIFE\/wp-content\/uploads\/2018\/08\/zona-piloto-2-400x300.jpg 400w, https:\/\/www.unioviedo.es\/SUBproducts4LIFE\/wp-content\/uploads\/2018\/08\/zona-piloto-2-600x450.jpg 600w, https:\/\/www.unioviedo.es\/SUBproducts4LIFE\/wp-content\/uploads\/2018\/08\/zona-piloto-2-800x600.jpg 800w, https:\/\/www.unioviedo.es\/SUBproducts4LIFE\/wp-content\/uploads\/2018\/08\/zona-piloto-2.jpg 1067w\" sizes=\"(min-width: 2200px) 100vw, (min-width: 915px) 289px, (min-width: 824px) 385px, (min-width: 732px) 578px, (min-width: 640px) 732px, \" \/><\/a><\/div><\/div><div class=\"clearfix\"><\/div><\/div><div class=\"fusion-clearfix\"><\/div><\/div><\/div><\/div><\/div><div class=\"fusion-fullwidth fullwidth-box fusion-builder-row-5 nonhundred-percent-fullwidth non-hundred-percent-height-scrolling\" style=\"background-color: rgba(255,255,255,0);background-position: center center;background-repeat: no-repeat;padding-top:0px;padding-right:0px;padding-bottom:0px;padding-left:0px;margin-bottom: 0px;margin-top: 0px;border-width: 0px 0px 0px 0px;border-color:#eae9e9;border-style:solid;\" ><div class=\"fusion-builder-row fusion-row\"><div class=\"fusion-layout-column fusion_builder_column fusion-builder-column-7 fusion_builder_column_1_1 1_1 fusion-one-full fusion-column-first fusion-column-last\" style=\"margin-top:0px;margin-bottom:20px;\"><div class=\"fusion-column-wrapper fusion-flex-column-wrapper-legacy\" style=\"background-position:left top;background-repeat:no-repeat;-webkit-background-size:cover;-moz-background-size:cover;-o-background-size:cover;background-size:cover;padding: 0px 0px 0px 0px;\"><div class=\"fusion-sep-clear\"><\/div><div class=\"fusion-separator fusion-full-width-sep\" style=\"margin-left: auto;margin-right: auto;margin-top:60px;margin-bottom:50px;width:100%;\"><div class=\"fusion-separator-border sep-single sep-solid\" style=\"border-color:#2e9a38;border-top-width:1px;\"><\/div><\/div><div class=\"fusion-sep-clear\"><\/div><div class=\"fusion-clearfix\"><\/div><\/div><\/div><\/div><\/div><div class=\"fusion-fullwidth fullwidth-box fusion-builder-row-6 nonhundred-percent-fullwidth non-hundred-percent-height-scrolling\" style=\"background-color: rgba(255,255,255,0);background-position: center center;background-repeat: no-repeat;padding-top:0px;padding-right:0px;padding-bottom:90px;padding-left:0px;margin-bottom: 0px;margin-top: 0px;border-width: 0px 0px 0px 0px;border-color:#eae9e9;border-style:solid;\" ><div class=\"fusion-builder-row fusion-row\"><div class=\"fusion-layout-column fusion_builder_column fusion-builder-column-8 fusion_builder_column_2_3 2_3 fusion-two-third fusion-column-first\" style=\"width:66.666666666667%;width:calc(66.666666666667% - ( ( 4% ) * 0.66666666666667 ) );margin-right: 4%;margin-top:0px;margin-bottom:20px;\"><div class=\"fusion-column-wrapper fusion-flex-column-wrapper-legacy\" style=\"background-position:left top;background-repeat:no-repeat;-webkit-background-size:cover;-moz-background-size:cover;-o-background-size:cover;background-size:cover;padding: 0px 0px 0px 0px;\"><div class=\"fusion-text fusion-text-8\"><h4 style=\"color: #3b9947; font-size: 28px;\">El Programa LIFE<\/h4>\n<\/div><div class=\"fusion-sep-clear\"><\/div><div class=\"fusion-separator fusion-full-width-sep\" style=\"margin-left: auto;margin-right: auto;margin-top:10px;width:100%;\"><\/div><div class=\"fusion-sep-clear\"><\/div><div class=\"fusion-text fusion-text-9\"><p>El proyecto <strong>SUBproducts4LIFE<\/strong> est\u00e1 financiado por el <a href=\"http:\/\/ec.europa.eu\/environment\/life\/about\/index.htm\" target=\"_blank\" rel=\"noopener\">Programa LIFE de la Comisi\u00f3n Europea<\/a>. Dicho programa es el \u00fanico instrumento financiero de la Uni\u00f3n Europea dedicado, de forma exclusiva, al medio ambiente. Su objetivo general para el per\u00edodo 2004-2020 es contribuir al desarrollo sostenible y al logro de los objetivos y metas de la Estrategia Europa 2020 y de las estrategias y planes pertinentes de la Uni\u00f3n en materia de medio ambiente y clima.<\/p>\n<\/div><div class=\"fusion-sep-clear\"><\/div><div class=\"fusion-separator fusion-full-width-sep\" style=\"margin-left: auto;margin-right: auto;margin-top:30px;width:100%;\"><\/div><div class=\"fusion-sep-clear\"><\/div><div class=\"fusion-button-wrapper\"><style type=\"text\/css\">.fusion-button.button-1 .fusion-button-text, .fusion-button.button-1 i {color:#ffffff;}.fusion-button.button-1 .fusion-button-icon-divider{border-color:#ffffff;}.fusion-button.button-1:hover .fusion-button-text, .fusion-button.button-1:hover i,.fusion-button.button-1:focus .fusion-button-text, .fusion-button.button-1:focus i,.fusion-button.button-1:active .fusion-button-text, .fusion-button.button-1:active{color:#2e9a38;}.fusion-button.button-1:hover .fusion-button-icon-divider, .fusion-button.button-1:hover .fusion-button-icon-divider, .fusion-button.button-1:active .fusion-button-icon-divider{border-color:#2e9a38;}.fusion-button.button-1:hover, .fusion-button.button-1:focus, .fusion-button.button-1:active{border-color:#2e9a38;border-width:1px;}.fusion-button.button-1 {border-color:#ffffff;border-width:1px;border-radius:0px;}.fusion-button.button-1{background: #2e9a38;}.fusion-button.button-1:hover,.button-1:focus,.fusion-button.button-1:active{background: rgba(255,255,255,.035);}<\/style><a class=\"fusion-button button-flat button-large button-custom button-1 fusion-button-default-span \" target=\"_blank\" rel=\"noopener noreferrer\" href=\"http:\/\/ec.europa.eu\/environment\/life\/about\/index.htm\"><span class=\"fusion-button-text\">Programa LIFE<\/span><\/a><\/div><div class=\"fusion-clearfix\"><\/div><\/div><\/div><div class=\"fusion-layout-column fusion_builder_column fusion-builder-column-9 fusion_builder_column_1_3 1_3 fusion-one-third fusion-column-last\" style=\"width:33.333333333333%;width:calc(33.333333333333% - ( ( 4% ) * 0.33333333333333 ) );margin-top:0px;margin-bottom:20px;\"><div class=\"fusion-column-wrapper fusion-flex-column-wrapper-legacy\" style=\"background-position:left top;background-repeat:no-repeat;-webkit-background-size:cover;-moz-background-size:cover;-o-background-size:cover;background-size:cover;padding: 50px 0px 0px 0px;\"><div class=\"imageframe-align-center\"><span class=\" fusion-imageframe imageframe-none imageframe-2 hover-type-none\" style=\"width:100%;max-width:250px;\"><a class=\"fusion-no-lightbox\" href=\"http:\/\/ec.europa.eu\/environment\/life\/about\/index.htm\" target=\"_blank\" aria-label=\"LIFE Programme\" rel=\"noopener noreferrer\"><img width=\"300\" height=\"215\" alt=\"El Programa LIFE\" src=\"http:\/\/www.unioviedo.es\/SUBproducts4LIFE\/wp-content\/uploads\/2018\/07\/LIFE-Programme-300x215.gif\" class=\"img-responsive wp-image-822\" srcset=\"https:\/\/www.unioviedo.es\/SUBproducts4LIFE\/wp-content\/uploads\/2018\/07\/LIFE-Programme-200x144.gif 200w, https:\/\/www.unioviedo.es\/SUBproducts4LIFE\/wp-content\/uploads\/2018\/07\/LIFE-Programme-400x287.gif 400w, https:\/\/www.unioviedo.es\/SUBproducts4LIFE\/wp-content\/uploads\/2018\/07\/LIFE-Programme.gif 500w\" sizes=\"(max-width: 800px) 100vw, 400px\" \/><\/a><\/span><\/div><div class=\"fusion-clearfix\"><\/div><\/div><\/div><\/div><\/div><div class=\"fusion-fullwidth fullwidth-box fusion-builder-row-7 hundred-percent-fullwidth non-hundred-percent-height-scrolling\" style=\"background-color: #0f4098;background-position: center center;background-repeat: no-repeat;padding-top:0px;padding-right:0px;padding-bottom:0px;padding-left:0px;margin-bottom: -8px;margin-top: 0px;border-width: 0px 0px 0px 0px;border-color:#eae9e9;border-style:solid;\" ><div class=\"fusion-builder-row fusion-row\"><div class=\"fusion-layout-column fusion_builder_column fusion-builder-column-10 fusion_builder_column_1_1 1_1 fusion-one-full fusion-column-first fusion-column-last\" style=\"margin-top:0px;margin-bottom:20px;\"><div class=\"fusion-column-wrapper fusion-flex-column-wrapper-legacy\" style=\"background-position:left top;background-repeat:no-repeat;-webkit-background-size:cover;-moz-background-size:cover;-o-background-size:cover;background-size:cover;padding: 15px 0px 0px 0px;\"><div class=\"imageframe-align-center\"><span class=\" fusion-imageframe imageframe-none imageframe-3 hover-type-none\"><img width=\"130\" height=\"93\" alt=\"life\" title=\"life\" src=\"http:\/\/www.unioviedo.es\/SUBproducts4LIFE\/wp-content\/uploads\/2018\/08\/life.gif\" class=\"img-responsive wp-image-1362\"\/><\/span><\/div><div class=\"fusion-clearfix\"><\/div><\/div><\/div><\/div><\/div><\/p>\n","protected":false},"excerpt":{"rendered":"","protected":false},"author":1,"featured_media":0,"parent":1428,"menu_order":0,"comment_status":"closed","ping_status":"closed","template":"100-width.php","meta":{"_mi_skip_tracking":false,"_monsterinsights_sitenote_active":false,"_monsterinsights_sitenote_note":"","_monsterinsights_sitenote_category":0},"_links":{"self":[{"href":"https:\/\/www.unioviedo.es\/SUBproducts4LIFE\/wp-json\/wp\/v2\/pages\/867"}],"collection":[{"href":"https:\/\/www.unioviedo.es\/SUBproducts4LIFE\/wp-json\/wp\/v2\/pages"}],"about":[{"href":"https:\/\/www.unioviedo.es\/SUBproducts4LIFE\/wp-json\/wp\/v2\/types\/page"}],"author":[{"embeddable":true,"href":"https:\/\/www.unioviedo.es\/SUBproducts4LIFE\/wp-json\/wp\/v2\/users\/1"}],"replies":[{"embeddable":true,"href":"https:\/\/www.unioviedo.es\/SUBproducts4LIFE\/wp-json\/wp\/v2\/comments?post=867"}],"version-history":[{"count":89,"href":"https:\/\/www.unioviedo.es\/SUBproducts4LIFE\/wp-json\/wp\/v2\/pages\/867\/revisions"}],"predecessor-version":[{"id":1667,"href":"https:\/\/www.unioviedo.es\/SUBproducts4LIFE\/wp-json\/wp\/v2\/pages\/867\/revisions\/1667"}],"up":[{"embeddable":true,"href":"https:\/\/www.unioviedo.es\/SUBproducts4LIFE\/wp-json\/wp\/v2\/pages\/1428"}],"wp:attachment":[{"href":"https:\/\/www.unioviedo.es\/SUBproducts4LIFE\/wp-json\/wp\/v2\/media?parent=867"}],"curies":[{"name":"wp","href":"https:\/\/api.w.org\/{rel}","templated":true}]}}