{"id":172,"date":"2019-02-27T23:35:25","date_gmt":"2019-02-27T23:35:25","guid":{"rendered":"https:\/\/www.unioviedo.es\/TBR\/wp\/?page_id=172"},"modified":"2020-06-04T09:26:38","modified_gmt":"2020-06-04T09:26:38","slug":"doctoral-thesis","status":"publish","type":"page","link":"https:\/\/www.unioviedo.es\/TBR\/doctoral-thesis\/","title":{"rendered":"Doctoral thesis"},"content":{"rendered":"\n<p>1. \u00abHidrodin\u00e1mica y transferencia de\nmateria en una torre de&nbsp;&nbsp;\npulverizaci\u00f3n\u00bb E.A. Pinilla (1985)<\/p>\n\n\n\n<p>2. \u00abCin\u00e9tica\u00a0 de alquilaci\u00f3n y proceso de intercambio en sistemas\u00a0\u00a0 bif\u00e1sicos\u00a0 l\u00edquido-l\u00edquido (PTC)\u00bb F. Varona (1986)<\/p>\n\n\n\n<p>3. \u00abDistribuci\u00f3n,&nbsp; transporte y din\u00e1mica de elementos qu\u00edmicos\nen&nbsp;&nbsp; sistemas&nbsp;&nbsp;&nbsp;&nbsp;&nbsp;&nbsp;&nbsp; vegetales naturales\u00bb M.V. Azpiazu (1987)<\/p>\n\n\n\n<p>4. \u00abCin\u00e9tica y eficacia\u00a0 global de la digesti\u00f3n anaerobia de\u00a0\u00a0 residuos porcinos en reactores continuos y discont\u00ednuos\u00bb L.M.Camarero (1989) <\/p>\n\n\n\n<p>5. \u00abAn\u00e1lisis&nbsp; y&nbsp;\nmodelado de la recuperaci\u00f3n de metales por&nbsp;&nbsp; intercambio i\u00f3nico&nbsp; de efluentes hidrometal\u00fargicos\u00bb F. Mijangos (1989)<\/p>\n\n\n\n<p>6. \u00abAn\u00e1lisis de reactores anaerobios\ncontinuos de alta velocidad para el&nbsp;&nbsp;&nbsp; tratamiento\nde aguas residuales de origen porcino y lacteo\u00bb&nbsp;&nbsp;&nbsp;&nbsp;&nbsp;&nbsp;&nbsp;&nbsp; C. Urbano (1990)<\/p>\n\n\n\n<p>7. \u00abAn\u00e1lisis de la recuperaci\u00f3n de\nmetales por intercambio i\u00f3nico con resina complejante\niminodiacetato\u00bb M.A. Fern\u00e1ndez (1991)<\/p>\n\n\n\n<p>8. \u00abAn\u00e1lisis y control del proceso de\nconversi\u00f3n en acer\u00eda LD\u00bb C. Blanco (1992)<\/p>\n\n\n\n<p>9. \u00abProcesos cin\u00e9ticos y de mezcla en\nla fermentaci\u00f3n de cerveza\u00bb A. I. Garc\u00eda (1992)<\/p>\n\n\n\n<p>10. \u00abSeparaci\u00f3n de etapas en el\ntratamiento anaerobio de efluentes con reactores UASB\u00bb A.\nElias (1993)<\/p>\n\n\n\n<p>11. \u00abProcesos de transporte y mezcla\nen el convertidor de acero\u00bb M. Mart\u00edn (1994)<\/p>\n\n\n\n<p>12.\u00bbIntercambio i\u00f3nico en altas\nconcentraciones. Fen\u00f3menos de transferencia de co-iones\u00bb M.\nRendueles (1995)<\/p>\n\n\n\n<p>13. \u00abEvoluci\u00f3n de CO2 y\nfluidodin\u00e1mica en el proceso de fermentaci\u00f3n de cerveza\u00bb S. Su\u00e1rez (1995)<\/p>\n\n\n\n<p>14. \u00abProducci\u00f3n de proteasas por\nfermentaci\u00f3n de residuos alimentarios:&nbsp;&nbsp; Caracterizaci\u00f3n\ny modelizaci\u00f3n de sistemas libres e inmovilizados\u00bb C. Quir\u00f3s (1995)<\/p>\n\n\n\n<p>15. \u201cCaracterizaci\u00f3n de reactores de\nbombeo por aire y su aplicaci\u00f3n al&nbsp;&nbsp;&nbsp; tratamiento\nde&nbsp;&nbsp;&nbsp; aguas residuales de la industria\nl\u00e1ctea\u201d J.C.Garc\u00eda (1996)<\/p>\n\n\n\n<p>16. \u201cComportamiento del sistema\nmetal\/H\/proteina sobre resina iminodiac\u00e9tica\u201d J.E. Ar\u00e9valo (1997)<\/p>\n\n\n\n<p>17. \u201cAn\u00e1lisis de las etapas de operaci\u00f3n\nen reactores discont\u00ednuos-secuenciales biol\u00f3gicos\u201d I.J.Trelles\n(1997)<\/p>\n\n\n\n<p>18. \u201cAn\u00e1lisis y modelizaci\u00f3n de sistemas\ncon c\u00e9lulas inmovilizadas\u201d A. Laca (1999)&nbsp;&nbsp;&nbsp;&nbsp;&nbsp;&nbsp;&nbsp;&nbsp;&nbsp;&nbsp;&nbsp;&nbsp;&nbsp;&nbsp;&nbsp;&nbsp;&nbsp; <\/p>\n\n\n\n<p>19. \u201cModelizaci\u00f3n del proceso de fermentaci\u00f3n\ncontrolada de sidra\u201d C. de la Roza (1999)&nbsp;&nbsp;&nbsp;&nbsp;&nbsp;&nbsp;&nbsp;&nbsp;&nbsp;&nbsp;&nbsp;&nbsp;&nbsp;&nbsp;&nbsp;&nbsp;&nbsp;&nbsp;&nbsp;&nbsp;&nbsp; \n&nbsp;<\/p>\n\n\n\n<p>20. \u201cSeparaci\u00f3n de proteinas de sangre:\nAn\u00e1lisis de alternativas\u201d F.Moure (2000)<\/p>\n\n\n\n<p>21. \u201cTratamiento biol\u00f3gico de aguas\nresiduales de coquer\u00eda\u201d A.Ranca\u00f1o (2000)<\/p>\n\n\n\n<p>22.\u201d Producci\u00f3n de proteasas\nextracelulares por Serratia marcescens en lactosuero.\nPurificaci\u00f3n y caracterizaci\u00f3n\u201d F. Romero (2000)<\/p>\n\n\n\n<p>23. \u201cAprovechamiento del suero l\u00e1cteo por fermentaci\u00f3n alcoh\u00f3lica con Kluyveromyces fragilis\u201d J. Parrondo  (2002)<\/p>\n\n\n\n<p>24. \u201cDise\u00f1o y funcionalizaci\u00f3n de resinas\nde base metacritato-dimetacrilato para la separaci\u00f3n por\nintercambio i\u00f3nico de proteinas residuales de la industria\nalimentaria\u201d Benjam\u00edn Paredes (2002)<\/p>\n\n\n\n<p>25. \u201cOxidaci\u00f3n h\u00fameda de fenol y\ntiocianato\u201d Jes\u00fas Vicente Santiago (2003)<\/p>\n\n\n\n<p>26. \u201cProducci\u00f3n de proteasas\nextracelulares por Serratia marcescens en medios proteicos\u201d Francisco\nJavier Ust\u00e1riz Fajardo (2004)<\/p>\n\n\n\n<p>27. \u201cTransporte en medios porosos\nsaturados de materias particuladas e inmiscibles\u201d Jaime D\u00edaz Garc\u00eda (2006)&nbsp;&nbsp;&nbsp;&nbsp;&nbsp;&nbsp;&nbsp;&nbsp;&nbsp;&nbsp;&nbsp; <\/p>\n\n\n\n<p>28&nbsp;&nbsp;&nbsp;&nbsp;&nbsp;&nbsp;&nbsp; \u201cBiorremediaci\u00f3n\n\u201cex situ\u201d de suelos arenosos contaminados con compuestos fen\u00f3licos\u201d Federico\nGularte (2006) <\/p>\n\n\n\n<p>29.&nbsp;&nbsp;&nbsp;&nbsp;&nbsp;&nbsp; \u201cProducci\u00f3n\nde anticuerpos monoclonales (IgG) para uso en la separaci\u00f3n de prote\u00ednas alimentarias\u201d Lorea Legazpi Olavide\n(2007)<\/p>\n\n\n\n<p>30. &nbsp;&nbsp;&nbsp;&nbsp;&nbsp; \u201cReolog\u00eda, mojabilidad y tribolog\u00eda de\nmezclas nanopart\u00edculas-lubricantes polialfaolef\u00ednicos\u201d Jos\u00e9 Luis Biesca\nRodr\u00edguez (2007)<\/p>\n\n\n\n<p>31.&nbsp;&nbsp;&nbsp;&nbsp;&nbsp;&nbsp; \u201cDesarrollo de modelos cin\u00e9ticos\nsegregados para el control de procesos fermentativos\u201d Covadonga Quir\u00f3s (2008)<\/p>\n\n\n\n<p>32.&nbsp;&nbsp;&nbsp;&nbsp;&nbsp;&nbsp; \u201cSeguridad alimentaria: Modelizaci\u00f3n y\ncontrol del desarrollo de <em>Listeria<\/em> en\nsistemas estructurados\u201d Estefan\u00eda Noriega\n(2010)<\/p>\n\n\n\n<p>33&nbsp;&nbsp;&nbsp;&nbsp;&nbsp;&nbsp;&nbsp; \u201cFraccionamiento y aprovechamiento de la\nyema de huevo\u201d Amanda Laca (2010)&nbsp;&nbsp;&nbsp;&nbsp;&nbsp;&nbsp;&nbsp;&nbsp;&nbsp;&nbsp;&nbsp;&nbsp;&nbsp;&nbsp;&nbsp;&nbsp;&nbsp;&nbsp;&nbsp;&nbsp;&nbsp;&nbsp; <\/p>\n\n\n\n<p>34&nbsp;&nbsp;&nbsp;&nbsp;&nbsp;&nbsp;&nbsp; \u201cOxidaci\u00f3n h\u00fameda de compuestos\ncianurazos y fen\u00f3licos\u201d Sergio Collado Alonso (2010)<\/p>\n\n\n\n<p>35. \u201cDesarrollo de\ncultivos iniciadores malol\u00e1cticos para la producci\u00f3n industrial de sidra\u201d&nbsp;&nbsp;&nbsp;&nbsp;&nbsp;&nbsp;&nbsp; Ainoa S\u00e1nchez Blanco (2011)<\/p>\n\n\n\n<p>36. \u201cTransformaciones de proteinas de\nsangre. Propiedades funcionales de materias primas y\nproductos\u201d Carlos Alvarez Garc\u00eda (2012)<\/p>\n\n\n\n<p>37&nbsp;&nbsp;&nbsp;&nbsp;&nbsp;&nbsp;&nbsp; \u201cValorizaci\u00f3n\nde sangre de mataderos mediante el desarrollo de nuevos materiales y\nproductos\u201d Mar\u00eda Pilar del Hoyo Gonz\u00e1lez (2012)&nbsp;&nbsp;&nbsp;&nbsp;&nbsp; <\/p>\n\n\n\n<p>38\u00a0\u00a0\u00a0\u00a0\u00a0\u00a0\u00a0 \u201cObtenci\u00f3n de \u00e1cidos org\u00e1nicos por fermentaci\u00f3n de subproductos l\u00e1cteos\u201d\u00a0 Saul Alonso Tuero (2013)<\/p>\n\n\n\n<p>39\u00a0\u00a0\u00a0\u00a0\u00a0\u00a0\u00a0 Ana Mar\u00eda L\u00f3pez (2014)\u00a0\u00a0\u00a0\u00a0\u00a0\u00a0\u00a0\u00a0\u00a0\u00a0\u00a0\u00a0\u00a0\u00a0\u00a0\u00a0\u00a0\u00a0\u00a0 <\/p>\n\n\n\n<p>40\u00a0\u00a0\u00a0\u00a0\u00a0\u00a0\u00a0 \u201cWet oxidation of Coke Oven Wastewaters and Landfill Leachates\u201d Paula Oulego Blanco (2015) <\/p>\n\n\n\n<p>41&nbsp;&nbsp;&nbsp;&nbsp;&nbsp;&nbsp;&nbsp; \u201cHidr\u00f3lisis,\nseparaci\u00f3n y aprovechamiento de yema de huevo\u201d Ismael Marcet Manrique (2015)<\/p>\n\n\n\n<p>42 &nbsp;&nbsp;&nbsp;&nbsp;&nbsp;&nbsp; \u201cBenzo(a)pyrene control and\ntransport processes in smoked meat products\u201d Estefania Ledesma Santiso (2015)<\/p>\n\n\n\n<p>43. \u201cBiodegradaci\u00f3n de \u00e1cido salic\u00edlico\npor Pseudomonas putida: Efecto de Materiales particulados, microorganismos y\notros sustratos\u201d Rosana Gonz\u00e1lez Combarros (2016)<\/p>\n\n\n\n<p>44. &nbsp;&nbsp;&nbsp;&nbsp;&nbsp; \u201cHydrothermal treatment of\nsewage sludge under oxidative and non-oxidative conditions\u201d Jos\u00e9 Luis Urrea Mar\u00edn (2018)<\/p>\n\n\n\n<p>45. \u201cProducci\u00f3n de \u00e1cidos\nlactobi\u00f3nico\/l\u00e1ctico y sistemas experimentales considerando la intereacci\u00f3n\nentre microorganismos productores\u201d Cristina Garc\u00eda P\u00e9rez (2018)&nbsp;&nbsp;&nbsp;&nbsp;&nbsp;&nbsp;&nbsp;&nbsp;&nbsp;&nbsp;&nbsp;&nbsp;&nbsp;&nbsp;&nbsp;&nbsp;&nbsp;&nbsp;&nbsp;&nbsp;&nbsp; <\/p>\n","protected":false},"excerpt":{"rendered":"<p>1. \u00abHidrodin\u00e1mica y transferencia de materia en una torre de&nbsp;&nbsp; pulverizaci\u00f3n\u00bb E.A. Pinilla (1985) 2. \u00abCin\u00e9tica\u00a0 de alquilaci\u00f3n y proceso de intercambio en sistemas\u00a0\u00a0 bif\u00e1sicos\u00a0 l\u00edquido-l\u00edquido (PTC)\u00bb F. Varona (1986) 3. \u00abDistribuci\u00f3n,&nbsp; transporte y din\u00e1mica de elementos qu\u00edmicos en&nbsp;&nbsp; sistemas&nbsp;&nbsp;&nbsp;&nbsp;&nbsp;&nbsp;&nbsp; vegetales naturales\u00bb M.V. Azpiazu (1987) 4. \u00abCin\u00e9tica y eficacia\u00a0 global de la digesti\u00f3n anaerobia de\u00a0\u00a0 [&hellip;]<\/p>\n","protected":false},"author":1,"featured_media":0,"parent":0,"menu_order":0,"comment_status":"closed","ping_status":"closed","template":"","meta":{"ngg_post_thumbnail":0},"_links":{"self":[{"href":"https:\/\/www.unioviedo.es\/TBR\/wp-json\/wp\/v2\/pages\/172"}],"collection":[{"href":"https:\/\/www.unioviedo.es\/TBR\/wp-json\/wp\/v2\/pages"}],"about":[{"href":"https:\/\/www.unioviedo.es\/TBR\/wp-json\/wp\/v2\/types\/page"}],"author":[{"embeddable":true,"href":"https:\/\/www.unioviedo.es\/TBR\/wp-json\/wp\/v2\/users\/1"}],"replies":[{"embeddable":true,"href":"https:\/\/www.unioviedo.es\/TBR\/wp-json\/wp\/v2\/comments?post=172"}],"version-history":[{"count":4,"href":"https:\/\/www.unioviedo.es\/TBR\/wp-json\/wp\/v2\/pages\/172\/revisions"}],"predecessor-version":[{"id":448,"href":"https:\/\/www.unioviedo.es\/TBR\/wp-json\/wp\/v2\/pages\/172\/revisions\/448"}],"wp:attachment":[{"href":"https:\/\/www.unioviedo.es\/TBR\/wp-json\/wp\/v2\/media?parent=172"}],"curies":[{"name":"wp","href":"https:\/\/api.w.org\/{rel}","templated":true}]}}