{"id":357,"date":"2020-02-12T09:49:46","date_gmt":"2020-02-12T09:49:46","guid":{"rendered":"https:\/\/www.unioviedo.es\/TBR\/?page_id=357"},"modified":"2020-02-12T12:57:59","modified_gmt":"2020-02-12T12:57:59","slug":"357-2","status":"publish","type":"page","link":"https:\/\/www.unioviedo.es\/TBR\/357-2\/","title":{"rendered":"1986-1995"},"content":{"rendered":"\n<p><strong>1995<\/strong><\/p>\n\n\n\n<p>Fern\u00e1ndez,\nM. D\u00edaz, A. Rodrigues. \u00abKinetic mechanisms in ion exchange\nprocesses\u00bb.The Chemical Engineering Journal 57, 17-25 (1995).<\/p>\n\n\n\n<p>M. E.\nGarc\u00eda, M. D\u00edaz. \u201cAn\u00e1lisis de la mezcla en reactores\u201d. Ingenier\u00eda Qu\u00edmica,\nOctubre, 157-163 (1995).<\/p>\n\n\n\n<p>Fern\u00e1ndez,\nF. Mijangos, E. Ar\u00e9valo, M. D\u00edaz. \u201cM\u00e9todos microsc\u00f3picos en el estudio de\nadsorci\u00f3n\/reacci\u00f3n en procesos industriales\u201d. Afinidad 52, 379-386 (1995).<\/p>\n\n\n\n<p>R. Rosal, C.\nBlanco, M. D\u00edaz, J. Sainz. \u00abModelizaci\u00f3n aplicada al dise\u00f1o de sistemas de\ncontrol en el horno alto\u00bb. Revista Metalurgia Madrid 31, 172-181 (1995).<\/p>\n\n\n\n<p>S.S.\nPandiella, L.A. Garc\u00eda, M. D\u00edaz, I.S.Daoud. \u00abMonitoring the production of\ncarbon dioxide during beer production\u00bb. Technical Quaterly 32, 126-131\n(1995).<\/p>\n\n\n\n<p>M. D\u00edaz,\nA.G. Lav\u00edn, A. Fern\u00e1ndez. \u00abAguas residuales. Tratamiento\u00bb.\nInvestigaci\u00f3n y Ciencia, Septiembre , 86-88 (1995).<\/p>\n\n\n\n<p>S.S.\nPandiella, L.A. Garc\u00eda, M. D\u00edaz, C. Webb. \u00abAplicaci\u00f3n de m\u00e9todos num\u00e9ricos\na la determinaci\u00f3n de la fluidodin\u00e1mica en la fermentaci\u00f3n de cerveza\u00bb.\nAlimentaci\u00f3n, Equipos y Tecnolog\u00eda, Junio, 69-75 (1995).<\/p>\n\n\n\n<p>A.I. Garc\u00eda,\nL.A. Garc\u00eda, M. D\u00edaz. \u00abAnalysis of internal concentration profiles in\nindustrial beer fermentations\u00bb.Technical Quaterly 32, 201-207 (1995).<\/p>\n\n\n\n<p>F. Romero,\nM. D\u00edaz. \u00abAprovechamiento del lactosuero por fermentaci\u00f3n.\nMecanismos\u00bb. Revista Espa\u00f1ola de Lecher\u00eda, Jul\/Ago, 27-36 (1995).<\/p>\n\n\n\n<p>Fern\u00e1ndez,\nM. D\u00edaz. \u00abAprovechamiento de residuos de la Industria Alimentaria\u00bb.\nAlimentaci\u00f3n Equipos y Tecnolog\u00eda, Abril, 105-111 (1995).<\/p>\n\n\n\n<p>C. Quir\u00f3s,\nM. Rendueles, L.A. Garc\u00eda, M. D\u00edaz. \u00ab\u00bbDiffusion\u00bb of\nmicroorganisms in calcium alginate beads\u00bb.Biotechnology Techniques 9,\n809-814 (1995).<\/p>\n\n\n\n<p>C. Blanco,\nA. Vega, M. D\u00edaz.\u00bbProcesos de conversi\u00f3n de acero y efecto de variables en\nconvertidores tipo L.B.E.\u00bb. Revista Metalurgia Madrid 31, 286-297 (1995).<\/p>\n\n\n\n<p>C. Quir\u00f3s,\nL.A. Garc\u00eda, M. D\u00edaz. \u00abProtease production in industrial food wastes by\nSerratia marcescens\u00bb. Resource and Environmental Biotechnology 1, 33-45,\n(1995).<\/p>\n\n\n\n<p>L.A. Garc\u00eda., F. Arg\u00fceso, A.I. Garc\u00eda, M. D\u00edaz. \u00abApplication of neural networks for controlling and predicting quality parameters in beer fermentation\u00bb.Journal of Industrial Microbiology 15, 401-406 (1995).<\/p>\n\n\n\n<p><strong>1994<\/strong><\/p>\n\n\n\n<p>A.I. Garc\u00eda,\nL. Garc\u00eda, M. D\u00edaz.\u00bbPrediction of esters production in industrial beer\nfermentation\u00bb.Enzyme &amp; Microbial Technology 16, 66-71 (1994).<\/p>\n\n\n\n<p>A.I. Garc\u00eda,\nL. Garc\u00eda, M. D\u00edaz. \u00abMechanism for mixing and homogeneization in beer\nfermentation\u00bb.Bioprocess Engineering 10, 179-184 (1994).<\/p>\n\n\n\n<p>Fern\u00e1ndez,\nA. Rodrigues, M. D\u00edaz. \u00abModelling of K\/Na exchange in fixed bed with high\nconcentrated feed\u00bb. The Chemical Engineering Journal 54, 17-22 (1994).<\/p>\n\n\n\n<p>C. Quir\u00f3s,\nL.A. Garc\u00eda, M. D\u00edaz.\u00bb Production and purification of Serratia marcescens\nprotease from whey\u00bb. Progress in Biotechnology, vol 9, L. Alberghina, L.\nFrontali, P. Sensi (eds) , Elsevier ISBN: 0444-89992-8 Amsterdam., 1155-1158\n(1994).<\/p>\n\n\n\n<p>A.I. Garc\u00eda,\nL. Garc\u00eda, M. D\u00edaz. \u00abFusel alcohols evolution in beer fermentation\nprocesses\u00bb.Process Biochemistry 29, 303-309 (1994).<\/p>\n\n\n\n<p>F. Mijangos,\nM. D\u00edaz.\u00bbKinetic analysis of a bimetallic ion exchange system by\nmicroscopic measurement of the moving boundaries\u00bb.Journal of Colloid &amp;\nInterface Science 164, 215-222 (1994).<\/p>\n\n\n\n<p>C. Quir\u00f3s,\nL.A. Garc\u00eda, M. D\u00edaz. \u00abModelling protease production by immobilised\nSerratia marcescens\u00bb. Advances in Bioprocess Engineering p. 227-232.E.\nGalindo y O.T. Ramirez (eds.) Kluwer Academic Pub, ISBN: 0 7923 3072-2,\nDordrecht (1994).<\/p>\n\n\n\n<p>A.I. Garc\u00eda,\nL. Garc\u00eda, M. D\u00edaz. \u00abModelling of diacetyl evolution during\nfermentation\u00bb. Journal of Institute.of Brewing 100, 179-183 (1994).<\/p>\n\n\n\n<p>A.I. Garc\u00eda,\nL.A. Garc\u00eda, M. D\u00edaz. \u00abAn\u00e1lisis de las condiciones de inoculaci\u00f3n en la\nfermentaci\u00f3n de cerveza\u00bb Cerveza y Malta 31 (4), 26-37 (1994).<\/p>\n\n\n\n<p>Fern\u00e1ndez,\nM. Rendueles, A. Rodrigues, M. D\u00edaz. \u00abCo-ion behaviour at high\nconcentration cationic ion exchange\u00bb.Industrial &amp; Engineering\nChemistry Research 33, 2789-2794 (1994).<\/p>\n\n\n\n<p>M. Mu\u00f1iz, A.G.\nLav\u00edn, M. D\u00edaz \u00abStart-up strategy for SBR treatment of complex &amp;\nIndustrial Wastewater\u00bb. Water Science and Technology 30, 149-155 (1994).<\/p>\n\n\n\n<p>F. Mijangos,\nM. D\u00edaz.\u00bbKinetic of copper ion exchange onto iminodiacetic resin\u00bb,\nCanadian Journal of Chemical Engineering 72, 1028-1035 (1994).<\/p>\n\n\n\n<p>C. Quir\u00f3s, L.A. Garc\u00eda, M. D\u00edaz. \u00abProtease production from whey fermentation\u00bb, AgroFood Industry Hi-Tech, Nov. 30-33, (1994).<\/p>\n\n\n\n<p><strong>1993<\/strong><\/p>\n\n\n\n<p>C. Blanco,\nM. D\u00edaz.\u00bbModel of mixed control for carbon and silicon in a steel\nconverter\u00bb.ISIJ International 33, 757-763 (1993).<\/p>\n\n\n\n<p>A.I. Garc\u00eda,\nL. Garc\u00eda, M. D\u00edaz.\u00bbMixing in unstirred batch fermenters\u00bb. The\nChemical Engineering Journal 51, 857-861 (1993).<\/p>\n\n\n\n<p>K.N. Wood,\nS. M. de Turk, M. D\u00edaz.\u201cSBR system meets challenges of greenfield, world-class\nindustrial site in Spain\u201d. 10 pag (1993).<\/p>\n\n\n\n<p>A.I. Garc\u00eda,\nL.A. Garc\u00eda, M. D\u00edaz. \u00abCaracter\u00edsticas de crecimiento durante la\nfermentaci\u00f3n de cerveza\u00bb. Alimentaci\u00f3n, Equipos y Tecnolog\u00eda, Junio, 69-75\n(1993).<\/p>\n\n\n\n<p>Fern\u00e1ndez, C. Su\u00e1rez, M. D\u00edaz, \u00abKinetics of metal ion exchange in iminodiacetic resins at low concentrations\u00bb, Journal of Chemical Technology and Biotechnology.58, 225-260 (1993).<\/p>\n\n\n\n<p><strong>1992<\/strong><\/p>\n\n\n\n<p>Fern\u00e1ndez,\nM. D\u00edaz.\u00bbEquilibria for metal binding with iminodiacetic acid resin in\nhigh salinity media\u00bb.Reactive Polymers 17, 89-94 (1992).<\/p>\n\n\n\n<p>A.E. Rodrigues,\nA.M.D. Ramos, J.M. Loureiro, M. D\u00edaz, Z.P. Lu. \u00abInfluence of\nadsorption-desorption kinetics on the performance of chromatographic processes\nusing large-pore supports\u00bb.Chemical Engineering Science 47, 4415-4413\n(1992).<\/p>\n\n\n\n<p>F. Mijangos,\nM. D\u00edaz.\u00bbMetal-proton equilibrium relations in a chelating iminodiacetic\nresin\u00bb.Industrial &amp; Engineering Chemistry Research 31, 2524-2532\n(1992).<\/p>\n\n\n\n<p>M.A. Longo,\nI.S. Novella, L.Garc\u00eda, M. D\u00edaz. \u00abDiffusion of proteases in calcium\nalginate beads\u00bb.Enzyme &amp; Microbial Technology 14, 586-590 (1992).<\/p>\n\n\n\n<p>F. Mijangos,\nP. Apeztegu\u00eda, F. Varona, J.I. Lombra\u00f1a, M. D\u00edaz. \u00abLixiviaci\u00f3n en tanque\nagitado de una mezcla (pisos-fluidizado) de cenizas pir\u00edticas retostadas\u00bb,\nRevista Metalurgia 28, 32-38 (1992).<\/p>\n\n\n\n<p>M. D\u00edaz, \u00abEcuaciones de transporte. An\u00e1lisis y aplicaciones a procesos qu\u00edmicos\u00bb, Ingenier\u00eda Qu\u00edmica, Septiembre, 211-218 (1992).<\/p>\n\n\n\n<p><strong>1991<\/strong><\/p>\n\n\n\n<p>L.A. Garc\u00eda,\nA.I. Garc\u00eda, J.M. D\u00edaz. \u00abSeparaci\u00f3n de levaduras por floculaci\u00f3n en\nprocesos fermentativos\u00bb. Alimentaci\u00f3n, Equipos y Tecnolog\u00eda, Enero, 97-105\n(1991).<\/p>\n\n\n\n<p>Fern\u00e1ndez,\nJ.M. D\u00edaz. \u00abDesmineralizaci\u00f3n de suero l\u00e1cteo por intercambio\ni\u00f3nico\u00bb. Alimentaci\u00f3n, Equipos y Tecnolog\u00eda, Junio, 81-87 (1991).<\/p>\n\n\n\n<p>C. Quir\u00f3s,\nA. Longo, L.A. Garc\u00eda, J.M. D\u00edaz. \u00abProducci\u00f3n de proteasas con melaza en\nreactor discont\u00ednuo por cultivos libres e inmovilizados de Serratia\nmarcescens\u00bb Afinidad 48, 377-380 (1991).<\/p>\n\n\n\n<p>C. Elejalde,\nF. Romero, J.M. D\u00edaz. \u00abSeparation and recovery of heavy metals from\nhydrometallurgical effluents by solvent extraction\u00bb.Fresenius Journal of\nAnalytical Chemistry 340, 182-185 (1991).<\/p>\n\n\n\n<p>C. Blanco,\nM. Mart\u00edn, A. Vega, M. D\u00edaz.\u00bbFollowing of industrial processes using\nempirical behaviour models\u00bb. Computer Oriented Process Engineering,\nElsevier Ed., ISBN 0-444-88786-5, 171-176 (1991).<\/p>\n\n\n\n<p>J.C. Garc\u00eda,\nA. Gutierrez, M. D\u00edaz. \u00abReactor continuo de lodos activados: competencia\nentre microorganismos granulares y filamentosos\u00bb. Tecnolog\u00eda del Agua 85,\n17-24 (1991).<\/p>\n\n\n\n<p>Fern\u00e1ndez,\nM. D\u00edaz. \u00abBombeo param\u00e9trico. Aplicaciones\u00bb Ingenier\u00eda Qu\u00edmica,\nDiciembre, 143-148 (1991).<\/p>\n\n\n\n<p>F. Mijangos,\nI. Galarza, P. Apectegu\u00eda, M. D\u00edaz. \u00abRecuperaci\u00f3n de metales pesados con\nresinas selectivas. I Experimentos en lechos fijos con disoluciones\ncomplejas\u00bb, Afinidad 436, 227-231 (1991).<\/p>\n\n\n\n<p>F. Mijangos, I. Galarza, P. Aperteguia, M. D\u00edaz. \u00abRecuperaci\u00f3n de metales pesados con resinas selectivas. (II) Recuperacion selectiva de iones de baja afinidad\u00bb. Afinidad 436, 367-370 (1991).<\/p>\n\n\n\n<p><strong>1990<\/strong><\/p>\n\n\n\n<p>F. Mijangos,\nJ.M. D\u00edaz.\u00bbIon exchange recovery of metals from waste water of complex\nsulphide hydrometallurgy\u00bb.Hydrometallurgy 23, 365-375 (1990).<\/p>\n\n\n\n<p>J.M. D\u00edaz,\nA. Saenz. \u00abGas holdup and flow heterogeneity in air lift pumps of small\nheinght and diameter\u00bb. Multiphase Transport and Particulate Phenomena.\nHemisphere Pub. Co., USA, 235-254 (1990).<\/p>\n\n\n\n<p>L.A. Garc\u00eda,\nA.I. Arcia, M.T. \u00c1lvarez, J.M. D\u00edaz. \u00abValoraci\u00f3n de la floculaci\u00f3n en\nfermentaciones alcoh\u00f3licas\u00bb. Alimentaci\u00f3n, Equipos y Tecnolog\u00eda,\nNoviembre, 111-116 (1990).<\/p>\n\n\n\n<p>E. Cepeda,\nM. Olivo, J.M. D\u00edaz. \u00abAprovechamiento del aceite de antraceno\u00bb.\nIngenier\u00eda Qu\u00edmica, Noviembre, 167-174 (1990).<\/p>\n\n\n\n<p>M. D\u00edaz, F.\nVarona, J. Gonz\u00e1lez. \u00abEmpleo de catalizadores s\u00f3lidos en reacciones de\nalquilaci\u00f3n L-L. Cat\u00e1lisis trif\u00e1sica\u00bb. Afinidad 47, 105-108 (1990).<\/p>\n\n\n\n<p>F. Mijangos, J.J. Lombra\u00f1a, F. Varona, J.M. D\u00edaz. \u00abExtraction of non-ferrous metals from diluted hydrometallurgical waste waters. Planning product recycling using Ssparation techniques\u00bb I. Chemical European Symposium Series. N\u00b0 119, 61-78, 1990. (Also in \u00abExtraction 90\u00bb, ISBN 0-85295-254-6) (1990).<\/p>\n\n\n\n<p><strong>1989<\/strong><\/p>\n\n\n\n<p>E. Cepeda,\nB. Gomez, J.M. D\u00edaz.\u00bbSolubility of anthracene and anthraquinone in some\npure and mixed solvents\u00bb. Journal of Chemical &amp; Engineering Data 34,\n273-275 (1989).<\/p>\n\n\n\n<p>J.M. D\u00edaz,\nA.T. Aguayo.\u00bbDise\u00f1o de reactores fluido-fluido con dispersi\u00f3n en dos fases\npara reacciones irreversibles r\u00e1pidas en una fase\u00bb. Anales de Qu\u00edmica 85,\n530-537 (1989).<\/p>\n\n\n\n<p>A.E.\nFern\u00e1ndez, M. D\u00edaz. \u201cTratamiento del hierro de corrientes acuosas residuales y\nalgunos de sus efectos medioambientales\u201d. Actas Smagua, 275-285 (1989).<\/p>\n\n\n\n<p>F. Varona,\nJ.M.D\u00edaz. \u00abReacciones con transferencia de catalizador (PTC) y sus\naplicaciones\u00bb. Industria Farmac\u00e9utica Investigaci\u00f3n y Tecnolog\u00eda,\nNov-Dic., 47-52 (1989).<\/p>\n\n\n\n<p>M.A.\nFern\u00e1ndez, F. Mijangos, J.M. D\u00edaz. \u00abRecuperaci\u00f3n de metales de corrientes\nindustriales por bombeo param\u00e9trico\u00bb. Actas VIII Congreso Nacional de\nQu\u00edmica. Ciencia y Tecnolog\u00eda de Materiales Met\u00e1licos. Vol. II, 337-344 (1989).<\/p>\n\n\n\n<p>C. Blanco,\nA. P\u00e9rez, J.M. D\u00edaz \u00abAproximaci\u00f3n a la modelizaci\u00f3n de los convertidores\nde acero\u00bb. Actas VIII Congreso Nacional de Qu\u00edmica. Ciencia y Tecnolog\u00eda\nde Materiales Met\u00e1licos. Vol. I, 285-292 (1989).<\/p>\n\n\n\n<p>Aguayo, J. Viguri, A.E. Fern\u00e1ndez, J.M. D\u00edaz. \u00abExperiments on the simultaneous oxidising extraction process of Fe(II)\u00bb. Metals Speciation, Separation and Recovery, Vol. II. J.W. Patterson &amp; R. Passion (Eds) Vol. II Lewis Publishers, , ISBN 0-87371-034-7, 149-168 (1989).<\/p>\n\n\n\n<p><strong>1988<\/strong><\/p>\n\n\n\n<p>J.M. D\u00edaz,\nA. Vega, J. Coca. \u00abDiffusivities of CO2 and N2O in aqueous alcohol\nSolutions\u00bb.Journal of Chemical &amp; Engineering Data 33, 10-12 (1988).<\/p>\n\n\n\n<p>J.M.\nD\u00edaz.\u00bbThree-phase extractive fermentation\u00bb.Trends in Biotechnology 6,\n126-130 (1988).<\/p>\n\n\n\n<p>J.M. Merino,\nC. Urbano, L. Camarero, F. Romero, J.M. D\u00edaz. \u00abPar\u00e1metros de contaminaci\u00f3n\ny normativa en colectores urbanos\u00bb. Tecnolog\u00eda del Agua 46, 35-40, (1988).<\/p>\n\n\n\n<p>C. Urbano,\nL. Camarero, J.M. Merino, A. El\u00edas, F. Romero, J.M. D\u00edaz \u00abEnergy\nproduction and COD removal of pig wastes in D.S.F.F. and C.M. reactor\u00bb.\nFirst International Symposium on Anaerobic Digestion, 425- 428 (1988).<\/p>\n\n\n\n<p>L. Camarero,\nC. Urbano, J.M. Merino, A. El\u00edas, F. Romero, J.M. D\u00edaz.\u00bbSedimentation as\nfinal treatment of the anaerobic digestion of pig wastes\u00bb. First\nInternational Symposium on Anaerobic Digestion, 371-374 (1988).<\/p>\n\n\n\n<p>J.M. D\u00edaz.\n\u00abProcesos biotecnol\u00f3gicos en el Medio Ambiente\u00bb. Biotecnolog\u00eda de\nProcesos. Serv. Ed. Univ. Pa\u00eds Vasco, 171-186 (1988).<\/p>\n\n\n\n<p>C. Urbano,\nL. Camarero, J.M. Merino, F. Romero, J.M. D\u00edaz. \u00abDepuraci\u00f3n de aguas\nresiduales urbanas y concentraci\u00f3n de metales en fangos digeridos\u00bb.\nTecnolog\u00eda del Agua 48, 46-50 (1988).<\/p>\n\n\n\n<p>M. D\u00edaz, J.M. Merino, A. El\u00edas, L. Camarero, C. Urbano, F. Romero. \u00abToxic limits and distribution in the S\/L system of anaerobic digestion\u00bb. Alternative Energy Sources I. Edici\u00f3n Hemisph. Pub. Corp., ISBN 0-89116-186-4, 877-886 (1988).<\/p>\n\n\n\n<p><strong>1987<\/strong><\/p>\n\n\n\n<p>M. D\u00edaz, I.\nZubizarreta. \u00abCuantificaci\u00f3n del sobredimensionado en plantas\nQu\u00edmicas\u00bb. Ingenier\u00eda Qu\u00edmica, Octubre ,185-213 (1987).<\/p>\n\n\n\n<p>M.N.\nAzpiazu, F. Romero, J.M. D\u00edaz. \u00abCin\u00e9tica y distribuci\u00f3n de componentes\nmet\u00e1licos en un sistema polif\u00e1sico con crecimiento vegetal\u00bb. Afinidad 410,\n313-319 (1987) .<\/p>\n\n\n\n<p>M.N. Azpiazu,\nF. Romero, J.M. D\u00edaz. \u00abDistribuci\u00f3n de componentes met\u00e1licos\npotencialmente t\u00f3xicos en plantas\u00bb Afinidad 411, 385-389 (1987).<\/p>\n\n\n\n<p>M. D\u00edaz, A.\nVega, J. Coca. \u00abCorrelation for the estimation of gas-liquid\ndiffusivity\u00bb Chemical Engineering Communications 52, 271-281 (1987).<\/p>\n\n\n\n<p>M. D\u00edaz, A.\nAguayo. \u00abHow flow dispersion affects exchanger performance\u00bb.\nHydrocarbon Processing 66, 57-60 (1987).<\/p>\n\n\n\n<p>J.R. Viguri,\nJ.M. D\u00edaz. \u00abDisoluci\u00f3n y tratamiento de residuos s\u00f3lidos cianurados\u00bb.\nTecnolog\u00eda del Agua 35, 35-44 (1987).<\/p>\n\n\n\n<p>F. Romero,\nC. Elejalde, I. Gracia, M. D\u00edaz. \u00abMetal relations from environmental\npollution segment analysis\u00bb. Toxicology &amp; Enviromental Chemistry 14,\n297-306 (1987).<\/p>\n\n\n\n<p>M. D\u00edaz, F.\nMijangos.\u00bbMetal recovery from hydrometallurgic wastes\u00bb.Journal of\nMetals, July, 42-44 (1987).<\/p>\n\n\n\n<p>Lombra\u00f1a, M.\nD\u00edaz. \u00abHeating programming to improve efficiency in a batch freeze\ndryer\u00bb. The Biochemical Engineering Journal 35, B23-B30 (1987).<\/p>\n\n\n\n<p>J. Coca, M.\nD\u00edaz.\u00bbKinetics of heterogeneous oxidation of diluted sulphite\nsolutions\u00bb Hungary Journal of Industrial Chemistry 15, 187-195 (1987).<\/p>\n\n\n\n<p>J.R. Viguri,\nM. D\u00edaz. \u00abCaracter\u00edsticas y utilizaci\u00f3n de cianuros en tratamiento t\u00e9rmico\nde metales y deposici\u00f3n de residuos s\u00f3lidos\u00bb. Pinturas y Acabados\nIndustriales 154, 65-75 (1987).<\/p>\n\n\n\n<p>J.I.\nLombra\u00f1a, M. D\u00edaz.\u00bbCoupled vacuum and heating power control for\nfreeze-drying time reduction of solutions in phials\u00bb. Vacuum Science &amp;\nTechnology 37 (5-6), 473-476 (1987).<\/p>\n\n\n\n<p>M. D\u00edaz, A.T.\nAguayo, G. Rojo. \u00abDispersion in liquid-phases for a three-phase extractive\nfermentation reactor\u00bb.Proceedings in 4th European Congress on\nBiotechnology Elsevier Vol.1, 89-92 (1987).<\/p>\n\n\n\n<p>J.I.\nLombra\u00f1a, M. D\u00edaz.\u00bbSolute redistribution during the freezing of aqueous\nsolutions under instability conditions\u00bb.Cryoletter 8, 244-259 (1987).<\/p>\n\n\n\n<p>E. Cepeda,\nM. D\u00edaz. \u00abCatalyzed oxidation kinetics of anthracene with oxygen in\nethylene glycol\u00bb. Industrial &amp; Engineering Chemistry Research 26,\n2401-2403, (1987).<\/p>\n\n\n\n<p>F. Mijangos, A. Irabien, M. D\u00edaz. \u00abEquilibrio y simulaci\u00f3n de retenci\u00f3n de cobalto por resina de cambio i\u00f3nico con grupo amidoxina en tanque agitado\u00bb. Anales de Qu\u00edmica, 358-363 (1987).<\/p>\n\n\n\n<p><strong>1986<\/strong><\/p>\n\n\n\n<p>I.Lombra\u00f1a,\nM.D\u00edaz. \u00abCongelaci\u00f3n de disoluciones azucaradas: predicci\u00f3n de tiempos de congelaci\u00f3n\u00bb.\nAnales de Qu\u00edmica 386-392(1986).<\/p>\n\n\n\n<p>I.Lombra\u00f1a,\nM.D\u00edaz. \u00abEstrategia de velocidad instant\u00e1nea m\u00e1xima de secado con\ntemperaturas controlantes de liofilizaci\u00f3n\u00bb. Anales de Qu\u00edmica\n374-380(1986).<\/p>\n\n\n\n<p>M.A.\nBusturia, I. Lombra\u00f1a, M.D\u00edaz. \u00abTransferencia de materia en la evaporaci\u00f3n\na trav\u00e9s de pel\u00edculas insolubles\u00bb. Anales de Qu\u00edmica, 381-385(1986).<\/p>\n\n\n\n<p>M.N.\nAzpiazu, F. Romero, M. D\u00edaz. \u00abMetal distribution and interaction in plant\ncultives on artificial soil\u00bb.Water, Air &amp;Soil Pollution 28, 1-26\n(1986).<\/p>\n\n\n\n<p>M. D\u00edaz,\nA.Aguayo. \u00abC\u00e1lculo de columnas de transferencia de materia a\ncontracorriente con dispersi\u00f3n en ambas fases\u00bb Anales de Qu\u00edmica 82,\n282-287 (1986).<\/p>\n\n\n\n<p>C.Elvira,\nM.D\u00edaz, I.Lombra\u00f1a. \u00abModelo de poros al azar para liofilizaci\u00f3n de\ndisoluciones congeladas con control t\u00e9rmico\u00bb. Rev. Agroquim. Tecnol.\nAliment 26, 148-156 (1986).<\/p>\n\n\n\n<p>V. Reyes, I.\nLombra\u00f1a, M. D\u00edaz. \u00abConsideraciones sobre la liofilizaci\u00f3n por viales\nfarmace\u00faticos\u00bb. Ind. Farmac. Inv. Tecnol. 1, 95-101 (1986).<\/p>\n\n\n\n<p>F. Varona,\nM. D\u00edaz. \u00abCin\u00e9tica de intercambio de haluros por reacci\u00f3n de cat\u00e1lisis con\ntransferencia entre fases\u00bb. Actas Symp. Iberoam Catal. 1, 311-319, (1986).<\/p>\n\n\n\n<p>C. Elvira,\nM. D\u00edaz, I. Lombra\u00f1a. \u00abEfecto de par\u00e1metros f\u00edsicoqu\u00edmicos y\nconfiguracionales en la temperatura y tiempos de liofilizaci\u00f3n de capas de\ndisoluci\u00f3n congeladas\u00bb. Rev. Agroquim. Tecnol. Aliment. 26, 405-414\n(1986).<\/p>\n\n\n\n<p>C. Elejalde,\nR. Suarez, F. Romero, M. D\u00edaz. \u00abInformation of metals pollution in the\nrainfall-plants-soil system in industrial\/urban and rural area\u00bb. Proceed.\nworld Cong. III Chem. Eng, 671-673, (1986).<\/p>\n\n\n\n<p>I. Lombra\u00f1a,\nM. D\u00edaz. \u00abEvaporation of mixtures troughout on surface insoluble\nfilms\u00bb Proceed World Cong. III Chem. Eng., 548-551 (1986).<\/p>\n\n\n\n<p>A. Elias, F.\nVarona, M. D\u00edaz. \u00abTratamiento y degradaci\u00f3n en pelado qu\u00edmico\nvegetal\u00bb. Alimentaci\u00f3n, Equipos y Tecnol 4, 157-161 (1986).<\/p>\n\n\n\n<p>F. Romero,\nC. Elejalde, I. Gracia, M. D\u00edaz. \u00abRelaciones entre bloques\nmedioambientales y balances de materia para contaminantes met\u00e1licos\u00bb.\nAnales Edaf. y Agrobiolog\u00eda, 1455-1468, (1986).<\/p>\n\n\n\n<p>M. D\u00edaz, A.\nSaez, F. Varona. \u00abPressure drop for air lift pumps\u00bb.\nRev.Latinoam.Ing.Qu\u00edm.y Qu\u00edm.Aplic. 16, 335-350 (1986).<\/p>\n\n\n\n<p>M. D\u00edaz.\n\u00abTecnolog\u00eda de procesos anaerobios\u00bb. Biotecnolog\u00eda. Desarrollo\ninterdistiplinar Ed. U. Pa\u00eds Vasco, 135-156 (1986).<\/p>\n\n\n\n<p>M. D\u00edaz, F.\nMijangos. \u00abFixed-bed ion-exchange for metal recovery from hydrometallurgic\nwastes\u00bb.Abstracts of papers of the American Chemical Society, 191, 154\n(1986).<\/p>\n","protected":false},"excerpt":{"rendered":"<p>1995 Fern\u00e1ndez, M. D\u00edaz, A. Rodrigues. \u00abKinetic mechanisms in ion exchange processes\u00bb.The Chemical Engineering Journal 57, 17-25 (1995). M. E. Garc\u00eda, M. D\u00edaz. \u201cAn\u00e1lisis de la mezcla en reactores\u201d. Ingenier\u00eda Qu\u00edmica, Octubre, 157-163 (1995). Fern\u00e1ndez, F. Mijangos, E. Ar\u00e9valo, M. D\u00edaz. \u201cM\u00e9todos microsc\u00f3picos en el estudio de adsorci\u00f3n\/reacci\u00f3n en procesos industriales\u201d. Afinidad 52, 379-386 (1995). [&hellip;]<\/p>\n","protected":false},"author":1,"featured_media":0,"parent":0,"menu_order":0,"comment_status":"closed","ping_status":"closed","template":"","meta":{"ngg_post_thumbnail":0},"_links":{"self":[{"href":"https:\/\/www.unioviedo.es\/TBR\/wp-json\/wp\/v2\/pages\/357"}],"collection":[{"href":"https:\/\/www.unioviedo.es\/TBR\/wp-json\/wp\/v2\/pages"}],"about":[{"href":"https:\/\/www.unioviedo.es\/TBR\/wp-json\/wp\/v2\/types\/page"}],"author":[{"embeddable":true,"href":"https:\/\/www.unioviedo.es\/TBR\/wp-json\/wp\/v2\/users\/1"}],"replies":[{"embeddable":true,"href":"https:\/\/www.unioviedo.es\/TBR\/wp-json\/wp\/v2\/comments?post=357"}],"version-history":[{"count":4,"href":"https:\/\/www.unioviedo.es\/TBR\/wp-json\/wp\/v2\/pages\/357\/revisions"}],"predecessor-version":[{"id":377,"href":"https:\/\/www.unioviedo.es\/TBR\/wp-json\/wp\/v2\/pages\/357\/revisions\/377"}],"wp:attachment":[{"href":"https:\/\/www.unioviedo.es\/TBR\/wp-json\/wp\/v2\/media?parent=357"}],"curies":[{"name":"wp","href":"https:\/\/api.w.org\/{rel}","templated":true}]}}