{"id":54,"date":"2019-01-13T18:45:40","date_gmt":"2019-01-13T18:45:40","guid":{"rendered":"https:\/\/www.unioviedo.es\/TBR\/wp\/?page_id=54"},"modified":"2020-02-12T12:51:04","modified_gmt":"2020-02-12T12:51:04","slug":"1975-1985","status":"publish","type":"page","link":"https:\/\/www.unioviedo.es\/TBR\/1975-1985\/","title":{"rendered":"1975-1985"},"content":{"rendered":"\n<p><strong>1985<\/strong><\/p>\n\n\n\n<p>A. Aguayo, J.M. D\u00edaz \u00abEfecto de Coeficientes de Transferencia de Materia y Dispersi\u00f3n en Operaciones de Transferencia de Materia\u00bb Ing. Qu\u00edmica Ag.67-73, 1985.<\/p>\n\n\n\n<p>J.M. D\u00edaz, L. Fonseca, J. Coca \u00abKinetics of Limestone Slurries Dissolution in Sulfuric Acid\u00bb Chemie Ingenieur Technik 57,10 882-883, 1985.<\/p>\n\n\n\n<p>E.A. Pinilla, J. Coca, J.M. D\u00edaz \u00abMedida de la Dispersi\u00f3n Axial en una Columna de Pulverizaci\u00f3n para el Contacto Gas-L\u00edquido\u00bb Ing. Qu\u00edmica 161-166, 1985.<\/p>\n\n\n\n<p>F. Mijangos, A. Irabien, J.M. D\u00edaz \u00abEtapas Previas a la Depuraci\u00f3n y Recuperaci\u00f3n de Metales de Aguas Residuales de la Lixiviaci\u00f3n de Cenizas Residuales\u00bb Actas SMAGUA 85 257-264 1985.<\/p>\n\n\n\n<p>I. Lombra\u00f1a, J.M. D\u00edaz \u00abRheological and Chemical Changes in Stored Carrot Juice\u00bb Canad. Inst. Food. Sci. Tech. J., 18,3 213-219, 1985.<\/p>\n\n\n\n<p>J.M. D\u00edaz,A. Aguayo, R. Alvarez \u00abHydrodynamics of a Liquid-Liquid Counter Current Extraction Column with Upflow Gas Agitation\u00bb Chemie Ingenieur Techn. 74-75, 1985.<\/p>\n\n\n\n<p>H. Sastre, J.M. D\u00edaz \u00abLa Alternativa Energ\u00e9tica del Hidr\u00f3geno\u00bb Energ\u00eda, Sept. OC. 89-100.<\/p>\n\n\n\n<p>J.R. Viguri, A. Aguayo, J.M. D\u00edaz \u00abOxidaci\u00f3n de Hierro en Fase Acuosa con Formaci\u00f3n Simult\u00e1nea de Precipitado\u00bb Tecnolog\u00eda del agua 21 49-53, 1985.<\/p>\n\n\n\n<p>M.A. Busturia, I. Lombra\u00f1a,J.M. D\u00edaz,C. Quintana \u00abReducci\u00f3n de la Evaporaci\u00f3n de Agua por Producto Base de Cremas Cosm\u00e9ticas\u00bb Cosm\u00e9tica &amp; Arom\u00e1tica 4 11-15, 1985.<\/p>\n\n\n\n<p>L. Camarero, J.M. Merino, C. Urbano,F. Romero, J.M. D\u00edaz\u00bbAspectos Cin\u00e9ticos, Efectos de Inhibidores y An\u00e1lisis de Resultados en la Obtenci\u00f3n de Biog\u00e1s a Partir de Purinas de Cerdo\u00bb Actas VI Cong. Nal. de Qu\u00edmica IV, 457-466,1985.<\/p>\n\n\n\n<p>C. Urbano, L. Camarero, J.M. Merino, F. Romero,J.M. D\u00edaz\n\u00abProducci\u00f3n de Biogas, Efecto de la Temperatura y Tiempo de Residencia en\nla Fermentaci\u00f3n Anaerobia de Residuos de Porcino\u00bb Actas V Cong. Planif.\nAhor. Alt. Energ, 411-419, 1985.<\/p>\n\n\n\n<p><strong>1984<\/strong><\/p>\n\n\n\n<p>J.M. D\u00edaz, A. Saez \u00abHidrodin\u00e1mica y Optimizaci\u00f3n de la Potencia de Bombas de Aire a baja Altura y Flujo de Gas Limitado\u00bb Anales de Qu\u00edmica 80, 289-294, 1984.<\/p>\n\n\n\n<p>J.M. D\u00edaz, J.F.Hernanz \u00abFlotation and Sulphur Selectivity of a Bituminous Coal with Different Degrees of Oxidation\u00bb Fuel 63 1466-67, 1984.<\/p>\n\n\n\n<p>J.M. D\u00edaz, \u00abFuentes y Evoluci\u00f3n de Contaminantes Acuosos\u00bb Curso Ext. Universitario U. Pa\u00eds Vasco 222-235, 1984.<\/p>\n\n\n\n<p>J.M. D\u00edaz, \u00abAlgunos Aspectos del Consumo Futuro de Energ\u00eda\u00bb Curso Ext. Universitario U. Pa\u00eds Vasco 436-450, 1984.<\/p>\n\n\n\n<p>A. Saez, J.M. D\u00edaz \u00abAn\u00e1lisis y Optimaci\u00f3n Energ\u00e9tica de la Impulsi\u00f3n de L\u00edquidos Mediante Bomba de Aire\u00bb DYNA 59,7-9 53-55, 1984.<\/p>\n\n\n\n<p>I. Lombra\u00f1a, J.M. D\u00edaz \u00abSimulaci\u00f3n y Optimaci\u00f3n Energ\u00e9tica de la Liofilizaci\u00f3n Discontinua I.\u00bb DYNA 59,10 52-54, 1984.<\/p>\n\n\n\n<p>E.A. Pinilla, J.M. D\u00edaz, J. Coca \u00abMass Transfer and Axial Dispersion in a Spray Tower for Gas-liquid Contacting\u00bb The Canadian. J. of Chem. Eng.62, 617-622, 1984.<\/p>\n\n\n\n<p>I. Lombra\u00f1a, J.M. D\u00edaz \u00abSimulaci\u00f3n y Optimaci\u00f3n Energ\u00e9tica de la Liofilizaci\u00f3n Discont\u00ednua II\u00bb DYNA 59,11 31-32, 1984.<\/p>\n\n\n\n<p><strong>1983<\/strong><\/p>\n\n\n\n<p>J.M. D\u00edaz, L. Fonseca, J. Coca \u00abChemical and Geometrical Factors in Limestone Slurries Dissolution in Stirred Tanks\u00bb Hung. J. of Ind. Chem. Vol. 11, 81-89, 1983.<\/p>\n\n\n\n<p>I. Lombra\u00f1a, J.M. D\u00edaz \u00abCar\u00e1cter Pseudopl\u00e1stico y Efecto de la Temperatura en Zumos Vegetales\u00bb Afinidad, 327-330, 1983.<\/p>\n\n\n\n<p>I. Lombra\u00f1a, J.M. D\u00edaz \u00abProcedimiento para la Optimaci\u00f3n del Coste Energ\u00e9tico de Liofiliaci\u00f3n\u00bb Actas 3\u00ba Conf. Planif. Ahorro Alt. Energ\u00e9ticas, 193-204, 1983.<\/p>\n\n\n\n<p>A.T. Aguayo, J.M. D\u00edaz \u00abDisminuci\u00f3n de la Eficacia de Cambiadoras de Calor debido a la Estructura del Flujo y Dispersi\u00f3n de los Fluidos\u00bb Actas 3\u00ba Conf. Planif. Ah. Alt. Energ\u00e9tico, 169-180, 1983.<\/p>\n\n\n\n<p>A. Saez, J.M. D\u00edaz \u00abConsumo Energ\u00e9tico y Caracteristicas en la Impulsi\u00f3n de Fluidos mediante Bombas de Aire\u00bb Actas 3\u00ba Conf. Planif. Aj. Alt. Energ\u00e9tico, 181-192, 1983.<\/p>\n\n\n\n<p>I. Lombra\u00f1a, J.M. D\u00edaz, X. Goenaga \u00abGarraio-Fenomenak ernekien izozlehorketan. I.-lurrinaren barreaikortasunaren ekerketa\u00bb Elhuyar 9,4 391-400, 1983.<\/p>\n\n\n\n<p>I. Lombra\u00f1a, J.M. D\u00edaz, X.Goenaga \u00abGarraio-Fenomenak ernekien izozlehorketan. II.-masa eta bero garraio-koefizienteen determinazio experimentala\u00bb Elhuyar 9,5 503-511, 1983.<\/p>\n\n\n\n<p>J.R. Iglesia, A. Irabien, J.M. D\u00edaz, E.Chapela \u00abAdsorci\u00f3n de Fluoruro en Aguas residuales Mediante Al\u00famina\u00bb Act. V.Cong. Nal. Qu\u00edm. 2, 141-, 1983.<\/p>\n\n\n\n<p>M. Irabien, F. Mijangos, J.M. D\u00edaz \u00abInfluencia del pH y la Salinidad en la Recuperaci\u00f3n de Cobalto de Aguas Residuales Industriales por Cambio I\u00f3nico\u00bb Act. V.Cong.Nal.Qu\u00edm. 1 141-, 1983.<\/p>\n\n\n\n<p>Garc\u00eda, L.A., J.A. Salas, &amp; C. Hardisson. \u00abIntracellular pool of Streptomyces spores: amino acids, nucleosides, adenine nucleotide levels and energy charge\u00bb. FEMS Microbiol. Letters. 19: 215-219. 1983<\/p>\n\n\n\n<p><strong>1981<\/strong><\/p>\n\n\n\n<p>J.M. D\u00edaz, A. Vega, J. Coca \u00abTransferencia de Materia S\u00f3lido-L\u00edquido en Tanques Agitados\u00bb Ingenier\u00eda Qu\u00edmica, 109-116, 1981.<\/p>\n\n\n\n<p>S.S. Laddha, J.M. D\u00edaz, P.V. Danckwerts \u00abThe N2O Analogy: The Solubilities of CO2 and N2O in Aqueous Solutions of Organic Compounds\u00bb Chem. Eng. Sci. 36, 228-229, 1981.<\/p>\n\n\n\n<p>J.M. D\u00edaz, E.A. Pinilla, J. Coca \u00abEliminaci\u00f3n de SO2 en Gases Residuales Mediante Lavado con Suspensi\u00f3n de Caliza\u00bb Ingenier\u00eda Qu\u00edmica, 105-115.<\/p>\n\n\n\n<p><strong>1980<\/strong><\/p>\n\n\n\n<p>J. Coca, J.M. D\u00edaz \u00abSO2 Absorption with Chemical Reaction in a Slurry Reactor\u00bb Dechema Monograph. Series Verlag Ch. 517-528, 1980.<\/p>\n\n\n\n<p><strong>1979<\/strong><\/p>\n\n\n\n<p>J. Coca, J.M. D\u00edaz \u00abProcesos para la Eliminaci\u00f3n del SO2 en Gases Residuales\u00bb Ing. Qu\u00edmica, 89-94, 1979.<\/p>\n\n\n\n<p>J.M. D\u00edaz, H.Sastre, J.F.Hernanz \u00abEfecto de la Composici\u00f3n en la Flotaci\u00f3n de Carb\u00f3n\u00bb T.I.T. Medio Ambiente 1.3, 43-51, 1979.<\/p>\n\n\n\n<p><strong>1978<\/strong><\/p>\n\n\n\n<p>J.M. D\u00edaz \u00abAbsorci\u00f3n de SO2 con Reacci\u00f3n Qu\u00edmica en Suspensi\u00f3n de Caliza\u00bb Ext.Tesis Doctorales Serv.Pub.Univ. 1978.<\/p>\n\n\n\n<p><strong>1977<\/strong><\/p>\n\n\n\n<p>J. Coca, J.L. Bueno, J.M. D\u00edaz \u00abAbsorption of Sulphur Dioxide in a Stirred Tank\u00bb Act. I Cong. Nac. Qu\u00edmica, Vol. 1, 235-243, 1977.<\/p>\n\n\n\n<p>J.M. D\u00edaz, J. Coca \u00abOxidaci\u00f3n Heterog\u00e9nea de Sulfito a Concentraciones Bajas\u00bb Actas 1er Cong. Medit. de Ing.Qu\u00edmica, vol1, 570- 583.<\/p>\n","protected":false},"excerpt":{"rendered":"<p>1985 A. Aguayo, J.M. D\u00edaz \u00abEfecto de Coeficientes de Transferencia de Materia y Dispersi\u00f3n en Operaciones de Transferencia de Materia\u00bb Ing. Qu\u00edmica Ag.67-73, 1985. J.M. D\u00edaz, L. Fonseca, J. Coca \u00abKinetics of Limestone Slurries Dissolution in Sulfuric Acid\u00bb Chemie Ingenieur Technik 57,10 882-883, 1985. E.A. Pinilla, J. Coca, J.M. D\u00edaz \u00abMedida de la Dispersi\u00f3n Axial [&hellip;]<\/p>\n","protected":false},"author":1,"featured_media":375,"parent":0,"menu_order":0,"comment_status":"closed","ping_status":"closed","template":"","meta":{"ngg_post_thumbnail":0},"_links":{"self":[{"href":"https:\/\/www.unioviedo.es\/TBR\/wp-json\/wp\/v2\/pages\/54"}],"collection":[{"href":"https:\/\/www.unioviedo.es\/TBR\/wp-json\/wp\/v2\/pages"}],"about":[{"href":"https:\/\/www.unioviedo.es\/TBR\/wp-json\/wp\/v2\/types\/page"}],"author":[{"embeddable":true,"href":"https:\/\/www.unioviedo.es\/TBR\/wp-json\/wp\/v2\/users\/1"}],"replies":[{"embeddable":true,"href":"https:\/\/www.unioviedo.es\/TBR\/wp-json\/wp\/v2\/comments?post=54"}],"version-history":[{"count":4,"href":"https:\/\/www.unioviedo.es\/TBR\/wp-json\/wp\/v2\/pages\/54\/revisions"}],"predecessor-version":[{"id":374,"href":"https:\/\/www.unioviedo.es\/TBR\/wp-json\/wp\/v2\/pages\/54\/revisions\/374"}],"wp:featuredmedia":[{"embeddable":true,"href":"https:\/\/www.unioviedo.es\/TBR\/wp-json\/wp\/v2\/media\/375"}],"wp:attachment":[{"href":"https:\/\/www.unioviedo.es\/TBR\/wp-json\/wp\/v2\/media?parent=54"}],"curies":[{"name":"wp","href":"https:\/\/api.w.org\/{rel}","templated":true}]}}