{"id":605,"date":"2020-09-28T14:05:52","date_gmt":"2020-09-28T14:05:52","guid":{"rendered":"https:\/\/www.unioviedo.es\/TBR\/?page_id=605"},"modified":"2020-11-10T16:48:01","modified_gmt":"2020-11-10T16:48:01","slug":"solid-liquid-separation","status":"publish","type":"page","link":"https:\/\/www.unioviedo.es\/TBR\/solid-liquid-separation\/","title":{"rendered":"Solid-liquid Separation"},"content":{"rendered":"\n<p class=\"has-medium-font-size\"><strong>2.1. Ionic forces. Ionic exchange<\/strong><\/p>\n\n\n\n<p><br> 2.1.1.Models<\/p>\n\n\n\n<ul><li>\u00abInfluence of adsorption-desorption kinetics on the performance of chromatographic processes using large-pore supports\u00bb. A.E. Rodrigues, A.M.D. Ramos, J.M. Loureiro, M. D\u00edaz, Z.P. Lu. Chemical Engineering Science 47, 4415-4413 (1992).<\/li><li>\u00abKinetics of metal ion exchange in iminodiacetic resins at low concentrations\u00bb, A. Fern\u00e1ndez, C. Su\u00e1rez, M. D\u00edaz, Journal of Chemical Technology and Biotechnology. 58, 225-260 (1993).<\/li><li>\u00abKinetic of copper ion exchange onto iminodiacetic resin\u00bb, F. Mijangos, M. D\u00edaz. Canadian Journal of Chemical Engineering 72, 1028-1035 (1994).<\/li><li>\u00abKinetic analysis of a bimetallic ion exchange system by microscopic measurement of the moving boundaries\u00bb. F. Mijangos, M. D\u00edaz. Journal of Colloid &amp; Interface Science 164, 215-222 (1994).<\/li><li>\u201cM\u00e9todos microsc\u00f3picos en el estudio de adsorci\u00f3n\/reacci\u00f3n en procesos industriales\u201d. A. Fern\u00e1ndez, F. Mijangos, E. Ar\u00e9valo, M. D\u00edaz. Afinidad 52, 379-386 (1995).<\/li><li>\u00abKinetic mechanisms in ion exchange processes\u00bb. A. Fern\u00e1ndez, M. D\u00edaz, A. Rodrigues. The Chemical Engineering Journal 57, 17-25 (1995).<\/li><li>\u00abRecuperaci\u00f3n de metales de corrientes industriales por bombeo param\u00e9trico\u00bb. M.A. Fern\u00e1ndez, F. Mijangos, J.M. D\u00edaz. Actas VIII Congreso Nacional de Qu\u00edmica. Ciencia y Tecnolog\u00eda de Materiales Met\u00e1licos. Vol. II, 337-344 (1989).<\/li><li>\u00abBombeo param\u00e9trico. Aplicaciones\u00bb, A. Fern\u00e1ndez, M. D\u00edaz. Ingenier\u00eda Qu\u00edmica, Diciembre, 143-148 (1991).<br><br><\/li><\/ul>\n\n\n\n<p>  2.1.2.Cations <\/p>\n\n\n\n<ul><li>\u00abModelling of K\/Na exchange in fixed bed with high concentrated feed\u00bb. A. Fern\u00e1ndez, A. Rodrigues, M. D\u00edaz. The Chemical Engineering Journal 54, 17-22 (1994).<\/li><li>\u00abDesmineralizaci\u00f3n de suero l\u00e1cteo por intercambio i\u00f3nico\u00bb. A. Fern\u00e1ndez, J.M. D\u00edaz. Alimentaci\u00f3n, Equipos y Tecnolog\u00eda, Junio, 81-87 (1991).<\/li><li>\u201dDise\u00f1o y operaci\u00f3n de un sistema de intercambio i\u00f3nico de alimentaci\u00f3n continua para el tratamiento de efluentes industriales\u201d. M. Rendueles, A. Fern\u00e1ndez, J.M. Fidalgo, M. D\u00edaz. Tecnolog\u00eda del Agua 158, 53-59 (1996).<\/li><li>\u201cTecnolog\u00eda de separaci\u00f3n por cromatograf\u00eda de intercambio i\u00f3nico aplicada a la Industria Alimentaria. (II) Equipo y Operaci\u00f3n\u201d. M. Rendueles, M. D\u00edaz, Alimentaci\u00f3n, Equipos y Tecnolog\u00eda 18, 125-131 (1999).<br><\/li><\/ul>\n\n\n\n<p>  2.1.3.Donnan effect <\/p>\n\n\n\n<ul><li>\u00abEquilibria for metal binding with iminodiacetic acid resin in high salinity media\u00bb. A. Fern\u00e1ndez, M. D\u00edaz. Reactive Polymers 17, 89-94 (1992).<\/li><li>\u00abCo-ion behaviour at high concentration cationic ion exchange\u00bb. A. Fern\u00e1ndez, M. Rendueles, A. Rodrigues, M. D\u00edaz. Industrial &amp; Engineering Chemistry Research 33, 2789-2794 (1994).<\/li><li>\u201cSorption of counter and co-ions at high concentration in ion exchangers\u201d. M. Rendueles, A. Fern\u00e1ndez, M. D\u00edaz. Solvent Extraction &amp; Ion Exchange, 15, 665-688 (1997).<\/li><li>\u201cAbsence of Donnan Exclusion at high-concentration ion exchange for macroporous anionic resin\u201d. M. Torre, M. Rendueles, M. D\u00edaz. Solvent Extraction &amp; Ion Exchange 25, 529-544 (2007).<\/li><li>\u00abTratamiento por intercambio i\u00f3nico de aguas con altas concentraciones en sales\u00bb. M. Rendueles, A. Fern\u00e1ndez, J.M. Fidalgo, M. D\u00edaz. Tecnolog\u00eda del Agua 151, 38-45 (1996).<br><\/li><\/ul>\n\n\n\n<p>  2.1.4.Cyanide, gold <\/p>\n\n\n\n<ul><li>\u00abEquilibrium and activity coefficients in metal iminodiacetic ion exchange\u00bb. A. Fern\u00e1ndez, M. Rendueles, M. D\u00edaz. Afinidad 464, 251-254, (1996).<\/li><li>\u201cCyanide recovery by ion exchange from gold ore waste effluent containing copper\u201d. D. Bachiller, M. Torre, M. Rendueles, M. D\u00edaz. Minerals Engineering 17 (6), 767-774 (2004).<\/li><li>\u201cCyanide recovery from gold extraction process waste effluents by ion exchange II. Modelling of the Fixed Bed Operation\u201d. M. Torre, D. Bachiller, J.P. Fern\u00e1ndez, M. Rendueles, M. D\u00edaz. Solvent Extraction and Ion Exchange 24, 81-97 (2006).<\/li><li>\u201cCyanide recovery from gold extraction process waste effluents by ion exchange I. Equilibrium and kinetics\u201d. M. Torre, D. Bachiller, M. Rendueles, C.O. Men\u00e9ndez, M. D\u00edaz. Solvent Extraction and Ion Exchange 24, 99-117 (2006).<br><\/li><\/ul>\n\n\n\n<p>  2.1.5.Heavy metals <\/p>\n\n\n\n<ul><li>\u00abEquilibrio y simulaci\u00f3n de retenci\u00f3n de cobalto por resina de cambio i\u00f3nico con grupo amidoxina en tanque agitado\u00bb. F. Mijangos, A. Irabien, M. D\u00edaz. Anales de Qu\u00edmica, 358-363 (1987).<\/li><li>\u00abIon exchange recovery of metals from waste water of complex sulphide hydrometallurgy\u00bb. F. Mijangos, J.M. D\u00edaz. Hydrometallurgy 23, 365-375 (1990).<\/li><li>\u00abRecuperaci\u00f3n de metales pesados con resinas selectivas. (II) Recuperacion selectiva de iones de baja afinidad\u00bb. F. Mijangos, I. Galarza, P. Aperteguia, M. D\u00edaz. Afinidad 436, 367-370 (1991).<\/li><li>\u00abRecuperaci\u00f3n de metales pesados con resinas selectivas. I Experimentos en lechos fijos con disoluciones complejas\u00bb, F. Mijangos, I. Galarza, P. Apectegu\u00eda, M. D\u00edaz. Afinidad 436, 227-231 (1991).<\/li><li>\u00abMetal-proton equilibrium relations in a chelating iminodiacetic resin\u00bb. F. Mijangos, M. D\u00edaz. Industrial &amp; Engineering Chemistry Research 31, 2524-2532 (1992).<\/li><li>\u201cUptake of copper and cobalt in a complexing resin: shrinking core model with two reaction fronts\u201d. A. Fern\u00e1ndez, E. Ar\u00e9valo, M. Rendueles, A. Rodrigues, M. D\u00edaz. Separation &amp; Purification Technology 13, 37-46 (1998).<\/li><li>\u201cEquilibrium of metals with iminodiacetic resin in binary and ternary systems\u201d. E. Arevalo, A. Fern\u00e1ndez, M. Rendueles, M. D\u00edaz. Solvent Extraction &amp; Ion Exchange 17, 429-454 (1999).<\/li><li>\u00abRelaciones entre bloques medioambientales y balances de materia para contaminantes met\u00e1licos\u00bb. F. Romero, C. Elejalde, I. Gracia, M. D\u00edaz. Anales Edaf. y Agrobiolog\u00eda, 1455-1468, (1986).<\/li><li>\u00abExtraction of non-ferrous metals from diluted hydrometallurgical waste waters. Planning product recycling using Ssparation techniques\u00bb, F. Mijangos, J.J. Lombra\u00f1a, F. Varona, J.M. D\u00edaz. I. Chemical European Symposium Series. N\u00b0 119, 61-78, 1990. (Also in \u00abExtraction 90\u00bb, ISBN 0-85295-254-6) (1990)<br><\/li><\/ul>\n\n\n\n<p>  2.1.6.Emergent compounds<\/p>\n\n\n\n<ul><li>\u201cTreatment of condensates of gas coke by anionic exchange resins. Thiocyanate and phenol retention\u201d. A.M. L\u00f3pez, M. Rendueles, M. D\u00edaz. Solvent Extraction &amp; Ion Exchange 30 (1), 212-227 (2012).<\/li><li>\u201cSulfamethoxazole Removal from synthetic solutions by ion exchange using a strong anionic resin in fixed bed\u201d. A.M. L\u00f3pez, M. Rendueles, M. D\u00edaz. Solvent Extraction &amp; Ion Exchange 31, 763-781 (2013).<\/li><li>\u201cCompetitive retention of sulfamethoxazole (SMX) and sulfamethazine (SMZ) from synthetic solutions in a strong anionic ion exchange resin\u201d. A.M. L\u00f3pez, M. Rendueles, M. D\u00edaz. Solvent Extraction &amp; Ion Exchange 32, 763-781 (2014).<\/li><li>\u201dCompetition of salts with sufamethoxazole in an anionic ion Exchange process\u201d. A.M.L\u00f3pez, M. Rendueles, M.Diaz. J. of Environmental Eng. 144, 3 (2018)<br><br><\/li><\/ul>\n\n\n\n<p>  2.1.7.Proteins <\/p>\n\n\n\n<ul><li>\u201cMecanismos de transporte intraparticulares en la retenci\u00f3n de prote\u00ednas en adsorbentes hidroxiapatito\u201d. A. Fern\u00e1ndez, M. Rendueles, C. Fargues, M.O. Simmonot, G. Grevillot, M. D\u00edaz. Afinidad 53, 392-398 (1996).<\/li><li>\u201cBovine plasma protein fractionation by ion exchange chromatography\u201d. F. Moure, M. Rendueles, M. D\u00edaz. Bioprocess &amp; Biosystems Engineering 27, 17-24 (2004).<\/li><li>\u201cChromatographic separation at a preparative scale of egg white ovoalbumin and its application in the elaboration of yogurt mousse\u201d. B. Paredes, S. Gonz\u00e1lez, M. Rendueles, M. D\u00edaz. Journal of Food Process Engineering, 29, 36-52 (2006).<\/li><li>\u201cProtein recovery from solubilized sludge by hydrothermal treatments\u201d. Manuel Garc\u00eda, Jos\u00e9 L. Urrea, Sergio Collado, Paula Oulego, Mario D\u00edaz. Waste Management, 67, 278-287 (2017)<\/li><li>\u00abProduction and purification of Serratia marcescens protease from whey\u00bb. C. Quir\u00f3s, L.A. Garc\u00eda, M. D\u00edaz. Progress in Biotechnology, vol 9, L. Alberghina, L. Frontali, P. Sensi (eds), Elsevier ISBN: 0444-89992-8 Amsterdam., 1155-1158 (1994).<\/li><li>\u201cSeparaci\u00f3n en columna por cromatograf\u00eda de intercambio i\u00f3nico en la Industria Alimentaria\u201d. M. D\u00edaz, M. Rendueles. Alimentaci\u00f3n, Equipos y Tecnolog\u00eda 18, 125-132 (1999).<\/li><li>\u201cSeparaci\u00f3n de ovoalb\u00famina de clara de huevo residual por cromatograf\u00eda y su aplicaci\u00f3n en la elaboraci\u00f3n de mousse de yogurt\u201d. B. Paredes, S. Gonz\u00e1lez, M. D\u00edaz, M. Rendueles. Alimentaci\u00f3n, Equipos y Tecnolog\u00eda 201, 82-86 (2005).<br><\/li><\/ul>\n\n\n\n<p class=\"has-medium-font-size\"><strong>  2.2. Affinity forces <\/strong><\/p>\n\n\n\n<p>  2.2.1.Proteins adsorption <\/p>\n\n\n\n<ul><li>\u201cFunctionalized glycidyl based polymers as stationary phases for protein retention\u201d. E. Su\u00e1rez, B. Paredes, F. Rubiera, M. Rendueles, M.A. Villa-Garc\u00eda, J.M. D\u00edaz. Separation &amp; Purification Technology 27, 1-10 (2002).<\/li><li>\u201cEgg-white protein fractionation using new weak anion-exchange resins based on Poly(Glycidyl Methacrylate-co-Ethylendimethacrylate). Preparation and characterization\u201d. B. Paredes, S. Gonz\u00e1lez, M. Rendueles, M.A. Villa-Garc\u00eda, M. D\u00edaz. Journal of Chromatographic Science 43, 241-248 (2005).<\/li><li>\u201cDemineralization by ion exchange of slaughterhouse porcine blood plasma\u201d. F. Moure, P. del Hoyo, M. Rendueles, M. D\u00edaz. Journal of Food Process Engineering 31, 517-532 (2008).<\/li><li>\u201cPreparation of \u00f3rgano-modified kaolinite sorbents: The effect of surface functionalization on protein adsorption performance\u201d. Mario Diaz, Mar\u00eda A. Villa-Garc\u00eda, Renata Duarte-Silva, Manuel Rendueles. Colloids and Surfaces A, 530, 181-190 (2017)<\/li><li>\u201cEquilibria and kinetics of fluoride adsorption on alumina\u201d. A. Irabien, M. D\u00edaz. Chisa (1984).<\/li><li>\u201cSeparaci\u00f3n de prote\u00ednas de suero l\u00e1cteo\u201d, E. Su\u00e1rez, M. Rendueles, M. D\u00edaz. Alimentaci\u00f3n, Equipos y Tecnolog\u00eda, Abril, 123-130 (1998).<br><\/li><li>\u201cAplicaciones de las prote\u00ednas de la sangre de abasto como aditivos alimentarios. Obtenci\u00f3n y usos de la globina\u201d. M. Rendueles, F. Moure, M. Bances, B. Paredes, M. D\u00edaz. Alimentaci\u00f3n, Equipos y Tecnolog\u00eda 1, 165-169 (2000).<br><\/li><\/ul>\n\n\n\n<p>  2.2.2.IMAC. Proteins <\/p>\n\n\n\n<ul><li>\u201cEquilibrium and simulation of the operation for the adsorption of albumin proteins in an iminodiacetic-Cu bounded ion exchange Resin (IMAC)\u201d. E. Ar\u00e9valo, M. Rendueles, A. Fern\u00e1ndez, M. D\u00edaz. Separation &amp; Purification Technology 18, 217-225 (2000).<\/li><li>\u201cAdsorption of albumin proteins in iminodiacetic-Cu bounded ion exchange resin\u201d. E. Ar\u00e9valo, M. Rendueles, A. Fern\u00e1ndez, M. D\u00edaz. Preprints Topical Conf. Sep. Sci. &amp;Technol. ISBN0-8169-9938-4, AIChE Ed., 1016-1019 (1997).<br><\/li><\/ul>\n\n\n\n<p class=\"has-medium-font-size\"><strong>  2.3. Size<\/strong><\/p>\n\n\n\n<p>  2.3.1.Membranes <\/p>\n\n\n\n<ul><li>\u201cMembrane technology purification of phosvitin from lipoprotein mixtures\u201d. I. Marcet, B. Paredes, M. D\u00edaz. New Biotechnology, 29, Supplement, 23-26 September 2012, Page S218.<\/li><li>\u201cFouling in pleated microfiltration cartridges caused by Pseudomonas putida\u201d. I. Rosas, S. Collado, I. Fern\u00e1ndez, A. Guti\u00e9rrez-Lav\u00edn, M. D\u00edaz. Journal of Membrane Science 443, 107-114 (2013).<\/li><li>\u201cEffect of landfill leachate ageing on ultrafiltration performance and membrane fouling behaviour\u201d Sergio Collado, Daniel Nu\u00f1ez, Paula Oulego, Francisco Riera, Mario D\u00edaz, J. Of Water Process Engineering 36, 2020, 101291<br><\/li><\/ul>\n\n\n\n<p class=\"has-medium-font-size\"><strong>  2.4. Gravity<\/strong><\/p>\n\n\n\n<p>  2.4.1.Settling<\/p>\n\n\n\n<ul><li>\u201cSludge settling prediciton in sequencing batch reactor plants\u201d, I. Trelles, M. Mahamud, A.G. Lav\u00edn, M. D\u00edaz. J. of Cleaner Production 152, 115-124 (2017)<\/li><li>\u00abSeparaci\u00f3n de levaduras por floculaci\u00f3n en procesos fermentativos\u00bb. L.A. Garc\u00eda, A.I. Garc\u00eda, J.M. D\u00edaz. Alimentaci\u00f3n, Equipos y Tecnolog\u00eda, Enero, 97-105 (1991).<\/li><li>\u201cFactors involved in the production and separation of the sludges of wastewaters plant of the chemical industry\u201d. M.F. Mart\u00ednez, A. Guti\u00e9rrez, M. D\u00edaz. 7th International Chemical Engineering Conference Proceedings, ISBN-972-97882-0-0, Vol. II, p. 1121-1128 (Chempor, Sept. 98, Lisboa) (1998).<br><\/li><\/ul>\n\n\n\n<p>  2.4.2.Precipitation<\/p>\n\n\n\n<ul><li>\u201cCoupling process for plasma protein fractionation using ethanol precipitation and ion exchange chromatography\u201d. F. Moure, M. Rendueles, M. D\u00edaz. Meat Science 64, 391-398 (2003).<\/li><li>\u00abToxic limits and distribution in the S\/L system of anaerobic digestion\u00bb. M. D\u00edaz, J.M. Merino, A. El\u00edas, L. Camarero, C. Urbano, F. Romero. Alternative Energy Sources I. Edici\u00f3n Hemisph. Pub. Corp., ISBN 0-89116-186-4, 877-886 (1988).<\/li><li>\u00abReacciones con transferencia de catalizador (PTC) y sus aplicaciones\u00bb. F. Varona, J.M.D\u00edaz. Industria Farmac\u00e9utica Investigaci\u00f3n y Tecnolog\u00eda, Nov-Dic., 47-52 (1989).<br><\/li><li>\u00abValoraci\u00f3n de la floculaci\u00f3n en fermentaciones alcoh\u00f3licas\u00bb. L.A. Garc\u00eda, A.I. Arcia, M.T. \u00c1lvarez, J.M. D\u00edaz. Alimentaci\u00f3n, Equipos y Tecnolog\u00eda, Noviembre, 111-116 (1990).<br><\/li><\/ul>\n\n\n\n<p class=\"has-medium-font-size\"><strong>  2.5. Extraction<\/strong><\/p>\n\n\n\n<p>  2.5.1.Phenolics<\/p>\n\n\n\n<ul><li>\u201cDialysis-free extraction and characterization of cellulose crystals from almond (Prunus dulcis) shells\u201d, Maaloul N., Ben Arfi R., Rendueles M., Ghorbal A., Diaz M. Journal. Mater. Environ. Sci. 8 (11) (2017) 4171-4181.<\/li><li>\u201cOptimization of the extraction of phenolic compounds from Scirpus holoschoenus using a simplex centroid design for antioxidant and antibacterial applications\u201d, Saliha Oussaid , Mohamed Chibane, Khodir Madani , Tahar Amrouche, Sabiha Achat , Farid Dahmoune, Karim Houali, Manuel Rendueles, Mario Diaz. LWT Food Sci and Tech. 86, 635-642(2017)<br><\/li><\/ul>\n\n\n\n<p>  2.5.2.Metals <\/p>\n\n\n\n<ul><li>\u00abSeparation and recovery of heavy metals from hydrometallurgical effluents by solvent extraction\u00bb. C. Elejalde, F. Romero, J.M. D\u00edaz. Fresenius Journal of Analytical Chemistry 340, 182-185 (1991).<br><\/li><\/ul>\n\n\n\n<p class=\"has-medium-font-size\"><strong>  2.6. Coupling<\/strong><\/p>\n\n\n\n<p>  2.6.1.Organic <\/p>\n\n\n\n<ul><li>\u201cDemineralization of animal blood plasma by ion exchange and ultrafiltration\u201d. P. del Hoyo, F. Moure, M. Rendueles, M. D\u00edaz. Meat Science 76, 402-410 (2007).<\/li><li>\u201cA method of egg yolk fractionation. Characterization of fractions\u201d. A. Laca, B. Paredes, M. D\u00edaz. Food Hydrocolloids 24, 243-252 (2010).<\/li><li>\u201cPrevalent lactic acid bacteria in cider cellars and efficiency of Oenococcus oeni strains\u201d. A. S\u00e1nchez, M. Coton, E. Coton, M. Herrero, L. A. Garc\u00eda, M. D\u00edaz. Food Microbiology 32, 1-6 (2012).<\/li><li>\u201cEgg yolk granules: Separation, characteristics and applications in food industry\u201d. A. Laca, B. Paredes, M. Rendueles, M. D\u00edaz. LWT-Food Science and Technology 59, 1-5 (2014).<\/li><li>\u201cEgg yolk plasma: Separation, characteristics and future prospects\u201d. A. Laca, B. Paredes, M. Rendueles, M. D\u00edaz. LWT-Food Science and Technology 62, 7-10 (2015).<\/li><li>\u201cThe disassembly problem and the blood cracking decision process\u201d, B. Adenso-Diaz, F. Moure, M. Rendueles, M. Diaz. in Proceedings of SPIE vol. 4193, S. M. Gupta Ed., 391-402 (2001).<br><\/li><\/ul>\n\n\n\n<p>  2.6.2.With reaction <\/p>\n\n\n\n<ul><li>\u201cCoupling of ion exchange with industrial processes. Application in fertilizer production and modeling of the key elution step\u201d. M. Rendueles, A. Fern\u00e1ndez, M. D\u00edaz, Solvent Extraction and Ion Exchange 15, 143-168 (1997).<br><\/li><li>\u201cInfluence of Biofilm on Activated Carbon on the Adsorption and Biodegradation of Salicylic Acid in Wastewater\u201d. R.G. Combarros, I. Rosas, A.G. Lav\u00edn, M. Rendueles, M. D\u00edaz. Water, Air &amp; Soil Pollution 225, 1858-1869 (2014).<\/li><li>\u00abAbsorption of Sulphur Dioxide in a Stirred Tank\u00bb J. Coca, J.L. Bueno, M. D\u00edaz. Act. I Cong. Nac. Qu\u00edmica, Vol. 1, 235-243 (1977).<\/li><li>\u00abEliminaci\u00f3n de SO2 en gases residuales mediante lavado con suspensi\u00f3n de caliza\u00bb. M. D\u00edaz, E.A. Pinilla, J. Coca. Ingenier\u00eda Qu\u00edmica, 105-115 (1982).<\/li><li>\u00abTratamiento y degradaci\u00f3n en pelado qu\u00edmico vegetal\u00bb. A. Elias, F. Varona, M. D\u00edaz. Alimentaci\u00f3n, Equipos y Tecnol 4, 157-161 (1986).<\/li><li>\u00abExperiments on the simultaneous oxidising extraction process of Fe(II)\u00bb. A. Aguayo, J. Viguri, A.E. Fern\u00e1ndez, J.M. D\u00edaz. Metals Speciation, Separation and Recovery, Vol. II. J.W. Patterson &amp; R. Passion (Eds) Vol. II Lewis Publishers, , ISBN 0-87371-034-7, 149-168 (1989).<br><\/li><\/ul>\n\n\n\n<p>  2.6.3.Metal in continuum <\/p>\n\n\n\n<ul><li>\u201cHydrometallurgy wastewater split-up by a fluidized bed ion exchange continuous equipment\u201d. A. Fern\u00e1ndez, C. Su\u00e1rez, M. Rendueles, M. D\u00edaz. Separation Science &amp; Technology 33, 1025-1042 (1998).<\/li><\/ul>\n","protected":false},"excerpt":{"rendered":"<p>2.1. Ionic forces. Ionic exchange 2.1.1.Models \u00abInfluence of adsorption-desorption kinetics on the performance of chromatographic processes using large-pore supports\u00bb. A.E. Rodrigues, A.M.D. Ramos, J.M. Loureiro, M. D\u00edaz, Z.P. Lu. Chemical Engineering Science 47, 4415-4413 (1992). \u00abKinetics of metal ion exchange in iminodiacetic resins at low concentrations\u00bb, A. Fern\u00e1ndez, C. Su\u00e1rez, M. D\u00edaz, Journal of Chemical [&hellip;]<\/p>\n","protected":false},"author":1,"featured_media":0,"parent":0,"menu_order":0,"comment_status":"closed","ping_status":"closed","template":"","meta":{"ngg_post_thumbnail":0},"_links":{"self":[{"href":"https:\/\/www.unioviedo.es\/TBR\/wp-json\/wp\/v2\/pages\/605"}],"collection":[{"href":"https:\/\/www.unioviedo.es\/TBR\/wp-json\/wp\/v2\/pages"}],"about":[{"href":"https:\/\/www.unioviedo.es\/TBR\/wp-json\/wp\/v2\/types\/page"}],"author":[{"embeddable":true,"href":"https:\/\/www.unioviedo.es\/TBR\/wp-json\/wp\/v2\/users\/1"}],"replies":[{"embeddable":true,"href":"https:\/\/www.unioviedo.es\/TBR\/wp-json\/wp\/v2\/comments?post=605"}],"version-history":[{"count":4,"href":"https:\/\/www.unioviedo.es\/TBR\/wp-json\/wp\/v2\/pages\/605\/revisions"}],"predecessor-version":[{"id":661,"href":"https:\/\/www.unioviedo.es\/TBR\/wp-json\/wp\/v2\/pages\/605\/revisions\/661"}],"wp:attachment":[{"href":"https:\/\/www.unioviedo.es\/TBR\/wp-json\/wp\/v2\/media?parent=605"}],"curies":[{"name":"wp","href":"https:\/\/api.w.org\/{rel}","templated":true}]}}