{"id":67,"date":"2019-01-13T18:52:47","date_gmt":"2019-01-13T18:52:47","guid":{"rendered":"https:\/\/www.unioviedo.es\/TBR\/wp\/?page_id=67"},"modified":"2019-01-13T18:52:49","modified_gmt":"2019-01-13T18:52:49","slug":"patents","status":"publish","type":"page","link":"https:\/\/www.unioviedo.es\/TBR\/patents\/","title":{"rendered":"Patents"},"content":{"rendered":"\n<ol><li><\/li><\/ol>\n\n\n\n<p>1- Patente: \u00abSistema integrado flotaci\u00f3n-biol\u00f3gico de tratamiento de aguas residuales\u00bb, Espa\u00f1a, 23 Febr.1994, N\u00ba: 9400391 (I) (Universidad de Oviedo: Mario D\u00edaz y Antonio Gutierrez).PCT en marzo 1995. Vendida por 3 a\u00f1os a Ingemas\/BabcockWilkox. La 1a planta funcionando en Arias en Junio 1995.<\/p>\n\n\n\n<p>2- Patente: \u201cSistema con ahorro energ\u00e9tico en biorreactores y plantas integradas de tratamiento de agua por soplado c\u00edclico en la escala de tiempos del tiempo de contacto de burbujas y agua\u201d Oct. 97: P 9702287. Espa\u00f1a.<\/p>\n\n\n\n<p>3- Patente: \u201cProcedimiento para la recuperaci\u00f3n y pufificaci\u00f3n de globina y su utilizaci\u00f3n en productos alimentarios\u201d, Sept 98: P 98 02055. Espa\u00f1a<\/p>\n\n\n\n<p>4- Patente: \u201cProcedimiento mejorado para la producci\u00f3n de sulfato pot\u00e1sico por el m\u00e9todo de la glaserita\u201d P200100073 (M. D\u00edaz, M. Rendueles, J.A.Cejalvo, F. Gonzalo)F.Pub.Conce.20041016<\/p>\n\n\n\n<p>5-Patente:\u201dFracciones diferenciadas de yema de huevo, su procedimiento de obtenci\u00f3n y sus usos\u201d, Diaz Fern\u00e1ndez Mario, Paredes Garcia-Viniegras Benjam\u00edn, Laca P\u00e9rez, Amanda; Pub. Conce ES 2310500, fecha de concesi\u00f3n (02.03.2010)<\/p>\n\n\n\n<p>6-Patente: \u201cProcedimiento para la producci\u00f3n de p\u00e9ptidos y amino\u00e1cidos mediante hidr\u00f3liiss \u00e1cida y b\u00e1sica en paralelo\u201d, P. 2414279, fecha de publicaci\u00f3n concesi\u00f3n29.01.2014<\/p>\n\n\n\n<p>7-Patente:\u201dProcedimiento para la producci\u00f3n de p\u00e9ptidos decolorados a partir de prote\u00ednas de origen animal\u201d P. 2412961 (C. Alvarez, M. Rendueles, M. D\u00edaz). Pub. de la Concesi\u00f3n: 19.02.2014<\/p>\n\n\n\n<ul><li><\/li><\/ul>\n","protected":false},"excerpt":{"rendered":"<p>1- Patente: \u00abSistema integrado flotaci\u00f3n-biol\u00f3gico de tratamiento de aguas residuales\u00bb, Espa\u00f1a, 23 Febr.1994, N\u00ba: 9400391 (I) (Universidad de Oviedo: Mario D\u00edaz y Antonio Gutierrez).PCT en marzo 1995. Vendida por 3 a\u00f1os a Ingemas\/BabcockWilkox. La 1a planta funcionando en Arias en Junio 1995. 2- Patente: \u201cSistema con ahorro energ\u00e9tico en biorreactores y plantas integradas de tratamiento [&hellip;]<\/p>\n","protected":false},"author":1,"featured_media":0,"parent":0,"menu_order":0,"comment_status":"closed","ping_status":"closed","template":"","meta":{"ngg_post_thumbnail":0},"_links":{"self":[{"href":"https:\/\/www.unioviedo.es\/TBR\/wp-json\/wp\/v2\/pages\/67"}],"collection":[{"href":"https:\/\/www.unioviedo.es\/TBR\/wp-json\/wp\/v2\/pages"}],"about":[{"href":"https:\/\/www.unioviedo.es\/TBR\/wp-json\/wp\/v2\/types\/page"}],"author":[{"embeddable":true,"href":"https:\/\/www.unioviedo.es\/TBR\/wp-json\/wp\/v2\/users\/1"}],"replies":[{"embeddable":true,"href":"https:\/\/www.unioviedo.es\/TBR\/wp-json\/wp\/v2\/comments?post=67"}],"version-history":[{"count":2,"href":"https:\/\/www.unioviedo.es\/TBR\/wp-json\/wp\/v2\/pages\/67\/revisions"}],"predecessor-version":[{"id":800,"href":"https:\/\/www.unioviedo.es\/TBR\/wp-json\/wp\/v2\/pages\/67\/revisions\/800"}],"wp:attachment":[{"href":"https:\/\/www.unioviedo.es\/TBR\/wp-json\/wp\/v2\/media?parent=67"}],"curies":[{"name":"wp","href":"https:\/\/api.w.org\/{rel}","templated":true}]}}