{"id":1057,"date":"2025-12-11T13:33:15","date_gmt":"2025-12-11T12:33:15","guid":{"rendered":"https:\/\/www.unioviedo.es\/Transferencia2026\/?page_id=1057"},"modified":"2026-01-15T18:42:55","modified_gmt":"2026-01-15T17:42:55","slug":"la-semana","status":"publish","type":"page","link":"https:\/\/www.unioviedo.es\/Transferencia2026\/index.php\/la-semana\/","title":{"rendered":"La Semana"},"content":{"rendered":"\t\t<div data-elementor-type=\"wp-page\" data-elementor-id=\"1057\" class=\"elementor elementor-1057\" data-elementor-post-type=\"page\">\n\t\t\t\t\t\t<section class=\"elementor-section elementor-top-section elementor-element elementor-element-71f4353a elementor-section-height-min-height elementor-section-boxed elementor-section-height-default elementor-section-items-middle\" data-id=\"71f4353a\" data-element_type=\"section\" data-e-type=\"section\" data-settings=\"{&quot;background_background&quot;:&quot;classic&quot;}\">\n\t\t\t\t\t\t<div class=\"elementor-container elementor-column-gap-default\">\n\t\t\t\t\t<div class=\"elementor-column elementor-col-100 elementor-top-column elementor-element elementor-element-6c11e78a\" data-id=\"6c11e78a\" data-element_type=\"column\" data-e-type=\"column\">\n\t\t\t<div class=\"elementor-widget-wrap elementor-element-populated\">\n\t\t\t\t\t\t<div class=\"elementor-element elementor-element-55143ec7 elementor-widget elementor-widget-heading\" data-id=\"55143ec7\" data-element_type=\"widget\" data-e-type=\"widget\" data-widget_type=\"heading.default\">\n\t\t\t\t<div class=\"elementor-widget-container\">\n\t\t\t\t\t<h1 class=\"elementor-heading-title elementor-size-default\">La Semana de Transferencia<\/h1>\t\t\t\t<\/div>\n\t\t\t\t<\/div>\n\t\t\t\t\t<\/div>\n\t\t<\/div>\n\t\t\t\t\t<\/div>\n\t\t<\/section>\n\t\t\t\t<section class=\"elementor-section elementor-top-section elementor-element elementor-element-767f5cac elementor-section-boxed elementor-section-height-default elementor-section-height-default\" data-id=\"767f5cac\" data-element_type=\"section\" data-e-type=\"section\">\n\t\t\t\t\t\t<div class=\"elementor-container elementor-column-gap-default\">\n\t\t\t\t\t<div class=\"elementor-column elementor-col-50 elementor-top-column elementor-element elementor-element-3fdd162e\" data-id=\"3fdd162e\" data-element_type=\"column\" data-e-type=\"column\">\n\t\t\t<div class=\"elementor-widget-wrap elementor-element-populated\">\n\t\t\t\t\t\t<div class=\"elementor-element elementor-element-59dc00a4 elementor-widget__width-initial elementor-widget elementor-widget-image\" data-id=\"59dc00a4\" data-element_type=\"widget\" data-e-type=\"widget\" data-widget_type=\"image.default\">\n\t\t\t\t<div class=\"elementor-widget-container\">\n\t\t\t\t\t\t\t\t\t\t\t\t\t\t\t<img decoding=\"async\" width=\"150\" height=\"150\" src=\"https:\/\/www.unioviedo.es\/Transferencia2026\/wp-content\/uploads\/2025\/12\/2025-03-12-OTC-01-identidad-digital-uniovi-2023-negro-04-150x150.png\" class=\"attachment-thumbnail size-thumbnail wp-image-1125\" alt=\"\" srcset=\"https:\/\/www.unioviedo.es\/Transferencia2026\/wp-content\/uploads\/2025\/12\/2025-03-12-OTC-01-identidad-digital-uniovi-2023-negro-04-150x150.png 150w, https:\/\/www.unioviedo.es\/Transferencia2026\/wp-content\/uploads\/2025\/12\/2025-03-12-OTC-01-identidad-digital-uniovi-2023-negro-04-300x300.png 300w, https:\/\/www.unioviedo.es\/Transferencia2026\/wp-content\/uploads\/2025\/12\/2025-03-12-OTC-01-identidad-digital-uniovi-2023-negro-04-1024x1024.png 1024w, https:\/\/www.unioviedo.es\/Transferencia2026\/wp-content\/uploads\/2025\/12\/2025-03-12-OTC-01-identidad-digital-uniovi-2023-negro-04-768x768.png 768w, https:\/\/www.unioviedo.es\/Transferencia2026\/wp-content\/uploads\/2025\/12\/2025-03-12-OTC-01-identidad-digital-uniovi-2023-negro-04.png 1080w\" sizes=\"(max-width: 150px) 100vw, 150px\" \/>\t\t\t\t\t\t\t\t\t\t\t\t\t\t\t<\/div>\n\t\t\t\t<\/div>\n\t\t\t\t<div class=\"elementor-element elementor-element-64cb30ae elementor-widget__width-initial elementor-widget elementor-widget-heading\" data-id=\"64cb30ae\" data-element_type=\"widget\" data-e-type=\"widget\" data-widget_type=\"heading.default\">\n\t\t\t\t<div class=\"elementor-widget-container\">\n\t\t\t\t\t<h2 class=\"elementor-heading-title elementor-size-default\">Presentaci\u00f3n<\/h2>\t\t\t\t<\/div>\n\t\t\t\t<\/div>\n\t\t\t\t<div class=\"elementor-element elementor-element-6c65eda2 elementor-widget__width-initial elementor-blockquote--skin-border elementor-blockquote--button-color-official elementor-widget elementor-widget-blockquote\" data-id=\"6c65eda2\" data-element_type=\"widget\" data-e-type=\"widget\" data-widget_type=\"blockquote.default\">\n\t\t\t\t<div class=\"elementor-widget-container\">\n\t\t\t\t\t\t\t<blockquote class=\"elementor-blockquote\">\n\t\t\t<p class=\"elementor-blockquote__content\">\n\t\t\t\t<span style=\"font-family: &quot;Barlow Condensed&quot;, sans-serif; white-space-collapse: collapse;\">Este encuentro se concibe como un espacio clave para generar sinergias y reforzar la colaboraci\u00f3n entre la universidad y la empresa, facilitando la transferencia&nbsp;<\/span><span style=\"font-weight: 700; font-family: &quot;Barlow Condensed&quot;, sans-serif; white-space-collapse: collapse;\">del conocimiento cient\u00edfico al mercado.<\/span>\t\t\t<\/p>\n\t\t\t\t\t<\/blockquote>\n\t\t\t\t\t\t<\/div>\n\t\t\t\t<\/div>\n\t\t\t\t<div class=\"elementor-element elementor-element-c90b805 elementor-align-center elementor-widget elementor-widget-button\" data-id=\"c90b805\" data-element_type=\"widget\" data-e-type=\"widget\" data-widget_type=\"button.default\">\n\t\t\t\t<div class=\"elementor-widget-container\">\n\t\t\t\t\t\t\t\t\t<div class=\"elementor-button-wrapper\">\n\t\t\t\t\t<a class=\"elementor-button elementor-button-link elementor-size-sm\" href=\"https:\/\/www.unioviedo.es\/Transferencia2026\/index.php\/inscripcion-st2026\/\">\n\t\t\t\t\t\t<span class=\"elementor-button-content-wrapper\">\n\t\t\t\t\t\t\t\t\t<span class=\"elementor-button-text\">Inscripci\u00f3n<\/span>\n\t\t\t\t\t<\/span>\n\t\t\t\t\t<\/a>\n\t\t\t\t<\/div>\n\t\t\t\t\t\t\t\t<\/div>\n\t\t\t\t<\/div>\n\t\t\t\t\t<\/div>\n\t\t<\/div>\n\t\t\t\t<div class=\"elementor-column elementor-col-50 elementor-top-column elementor-element elementor-element-18d7fbc\" data-id=\"18d7fbc\" data-element_type=\"column\" data-e-type=\"column\">\n\t\t\t<div class=\"elementor-widget-wrap elementor-element-populated\">\n\t\t\t\t\t\t<div class=\"elementor-element elementor-element-b4c149e elementor-widget elementor-widget-text-editor\" data-id=\"b4c149e\" data-element_type=\"widget\" data-e-type=\"widget\" data-widget_type=\"text-editor.default\">\n\t\t\t\t<div class=\"elementor-widget-container\">\n\t\t\t\t\t\t\t\t\t<p>La\u00a0<strong>Semana de la Transferencia<\/strong>\u00a0se celebrar\u00e1 del\u00a0<strong>19 al 23 de enero<\/strong>\u00a0de 2026 en diferentes localizaciones:<\/p><ul><li><strong>19 de enero<\/strong>\u00a0Aulario Sur EPI \u2013 Campus de Gij\u00f3n<\/li><li><strong>20 de enero<\/strong> Edificio Severo Ochoa \u2013 Oviedo<\/li><li><strong>21 de enero<\/strong> Edificio de Investigaci\u00f3n \u2013 Mieres<\/li><li><strong>22 de enero<\/strong> Centro Niemeyer \u2013 Avil\u00e9s<\/li><li><strong>23 de enero<\/strong> Edificio Hist\u00f3rico &#8211; Oviedo<br data-start=\"695\" data-end=\"698\" \/><em data-start=\"700\" data-end=\"756\"><em data-start=\"700\" data-end=\"756\">(VII Jornada de C\u00e1tedras Institucionales y de Empresa)<\/em><\/em><\/li><\/ul><p>Un evento dise\u00f1ado para acercar el talento investigador al tejido empresarial asturiano, en cuatro ubicaciones.\u00a0La Semana de la Transferencia constituye un escaparate \u00fanico del conocimiento, los proyectos innovadores y las capacidades de\u00a0los grupos de investigaci\u00f3n de la Universidad de Oviedo, con el<br \/>objetivo de <b>generar sinergias, fomentar la\u00a0colaboraci\u00f3n con la empresa y transformar la ciencia en innovaci\u00f3n real.\u00a0<\/b><\/p><p>El encuentro incluir\u00e1:<\/p><ul><li><strong>Ponencias de expertos y mesas redondas<\/strong>, con un enfoque en marcos estrat\u00e9gicos y experiencias innovadoras en transferencia del conocimiento.<\/li><li><strong>Casos reales y buenas pr\u00e1cticas<\/strong>, con ejemplos de a colaboraci\u00f3n entre universidades y empresa,<span style=\"font-weight: bold;\">\u00a0<\/span>en los que se compartir\u00e1n experiencias reconocidas de \u00e9xito en transferencia.<\/li><li><b>Visitas a laboratorios <\/b>para conocer las infraestructuras cient\u00edfico-t\u00e9cnicas y los equipamientos punteros de los grupos de investigaci\u00f3n.<\/li><li>Exposici\u00f3n de <b>p\u00f3sters y demostradores<\/b>, orientada a fomentar la difusi\u00f3n, la interacci\u00f3n y el intercambio de ideas entre los participantes.<\/li><li><b>Reuniones bilaterales <em>One-to-One<\/em> para\u00a0<\/b>facilitar el contacto de la empresa con el grupo de investigaci\u00f3n interesado.<\/li><li><b>VII Jornada Anual de C\u00e1tedras Institucionales y de Empresa de la Universidad de Oviedo <\/b>(23 de enero), en la que se presentar\u00e1n los resultados de la colaboraci\u00f3n entre las entidades promotoras de las c\u00e1tedras y la Universidad, as\u00ed como su contribuci\u00f3n a la sociedad en distintos \u00e1mbitos.<\/li><\/ul><div><b>\u00a0<\/b><\/div><p>Este encuentro se configura como un <strong data-start=\"2386\" data-end=\"2528\">espacio fundamental para impulsar la colaboraci\u00f3n universidad-empresa y avanzar en la transferencia del conocimiento cient\u00edfico al mercado<\/strong>, en respuesta a los retos y necesidades del siglo XXI.<\/p><p>\u00a1Os esperamos!<\/p>\t\t\t\t\t\t\t\t<\/div>\n\t\t\t\t<\/div>\n\t\t\t\t\t<\/div>\n\t\t<\/div>\n\t\t\t\t\t<\/div>\n\t\t<\/section>\n\t\t<div class=\"elementor-element elementor-element-9997d45 e-con-full e-flex e-con e-parent\" data-id=\"9997d45\" data-element_type=\"container\" data-e-type=\"container\" data-settings=\"{&quot;background_background&quot;:&quot;classic&quot;}\">\n\t\t<div class=\"elementor-element elementor-element-be25a7f e-grid e-con-boxed e-con e-child\" data-id=\"be25a7f\" data-element_type=\"container\" data-e-type=\"container\" data-settings=\"{&quot;background_background&quot;:&quot;classic&quot;}\">\n\t\t\t\t\t<div class=\"e-con-inner\">\n\t\t\t\t<div class=\"elementor-element elementor-element-bbbd693 elementor-position-inline-start elementor-view-default elementor-mobile-position-block-start elementor-widget elementor-widget-icon-box\" data-id=\"bbbd693\" data-element_type=\"widget\" data-e-type=\"widget\" data-widget_type=\"icon-box.default\">\n\t\t\t\t<div class=\"elementor-widget-container\">\n\t\t\t\t\t\t\t<div class=\"elementor-icon-box-wrapper\">\n\n\t\t\t\t\t\t<div class=\"elementor-icon-box-icon\">\n\t\t\t\t<a href=\"https:\/\/www.unioviedo.es\/Transferencia2026\/wp-content\/uploads\/2026\/01\/Programa-Semana-de-la-Transferencia-2026.pdf\" class=\"elementor-icon\" tabindex=\"-1\" aria-label=\"Programa\">\n\t\t\t\t<svg aria-hidden=\"true\" class=\"e-font-icon-svg e-far-calendar-alt\" viewBox=\"0 0 448 512\" xmlns=\"http:\/\/www.w3.org\/2000\/svg\"><path d=\"M148 288h-40c-6.6 0-12-5.4-12-12v-40c0-6.6 5.4-12 12-12h40c6.6 0 12 5.4 12 12v40c0 6.6-5.4 12-12 12zm108-12v-40c0-6.6-5.4-12-12-12h-40c-6.6 0-12 5.4-12 12v40c0 6.6 5.4 12 12 12h40c6.6 0 12-5.4 12-12zm96 0v-40c0-6.6-5.4-12-12-12h-40c-6.6 0-12 5.4-12 12v40c0 6.6 5.4 12 12 12h40c6.6 0 12-5.4 12-12zm-96 96v-40c0-6.6-5.4-12-12-12h-40c-6.6 0-12 5.4-12 12v40c0 6.6 5.4 12 12 12h40c6.6 0 12-5.4 12-12zm-96 0v-40c0-6.6-5.4-12-12-12h-40c-6.6 0-12 5.4-12 12v40c0 6.6 5.4 12 12 12h40c6.6 0 12-5.4 12-12zm192 0v-40c0-6.6-5.4-12-12-12h-40c-6.6 0-12 5.4-12 12v40c0 6.6 5.4 12 12 12h40c6.6 0 12-5.4 12-12zm96-260v352c0 26.5-21.5 48-48 48H48c-26.5 0-48-21.5-48-48V112c0-26.5 21.5-48 48-48h48V12c0-6.6 5.4-12 12-12h40c6.6 0 12 5.4 12 12v52h128V12c0-6.6 5.4-12 12-12h40c6.6 0 12 5.4 12 12v52h48c26.5 0 48 21.5 48 48zm-48 346V160H48v298c0 3.3 2.7 6 6 6h340c3.3 0 6-2.7 6-6z\"><\/path><\/svg>\t\t\t\t<\/a>\n\t\t\t<\/div>\n\t\t\t\n\t\t\t\t\t\t<div class=\"elementor-icon-box-content\">\n\n\t\t\t\t\t\t\t\t\t<h3 class=\"elementor-icon-box-title\">\n\t\t\t\t\t\t<a href=\"https:\/\/www.unioviedo.es\/Transferencia2026\/wp-content\/uploads\/2026\/01\/Programa-Semana-de-la-Transferencia-2026.pdf\" >\n\t\t\t\t\t\t\tPrograma\t\t\t\t\t\t<\/a>\n\t\t\t\t\t<\/h3>\n\t\t\t\t\n\t\t\t\t\n\t\t\t<\/div>\n\t\t\t\n\t\t<\/div>\n\t\t\t\t\t\t<\/div>\n\t\t\t\t<\/div>\n\t\t\t\t<div class=\"elementor-element elementor-element-54f42aa elementor-position-inline-start elementor-view-default elementor-mobile-position-block-start elementor-widget elementor-widget-icon-box\" data-id=\"54f42aa\" data-element_type=\"widget\" data-e-type=\"widget\" data-widget_type=\"icon-box.default\">\n\t\t\t\t<div class=\"elementor-widget-container\">\n\t\t\t\t\t\t\t<div class=\"elementor-icon-box-wrapper\">\n\n\t\t\t\t\t\t<div class=\"elementor-icon-box-icon\">\n\t\t\t\t<a href=\"https:\/\/www.unioviedo.es\/Transferencia2026\/index.php\/localizaciones-st2026\/\" class=\"elementor-icon\" tabindex=\"-1\" aria-label=\"Consulta localizaciones\">\n\t\t\t\t<svg aria-hidden=\"true\" class=\"e-font-icon-svg e-fas-map-marker-alt\" viewBox=\"0 0 384 512\" xmlns=\"http:\/\/www.w3.org\/2000\/svg\"><path d=\"M172.268 501.67C26.97 291.031 0 269.413 0 192 0 85.961 85.961 0 192 0s192 85.961 192 192c0 77.413-26.97 99.031-172.268 309.67-9.535 13.774-29.93 13.773-39.464 0zM192 272c44.183 0 80-35.817 80-80s-35.817-80-80-80-80 35.817-80 80 35.817 80 80 80z\"><\/path><\/svg>\t\t\t\t<\/a>\n\t\t\t<\/div>\n\t\t\t\n\t\t\t\t\t\t<div class=\"elementor-icon-box-content\">\n\n\t\t\t\t\t\t\t\t\t<h3 class=\"elementor-icon-box-title\">\n\t\t\t\t\t\t<a href=\"https:\/\/www.unioviedo.es\/Transferencia2026\/index.php\/localizaciones-st2026\/\" >\n\t\t\t\t\t\t\tConsulta localizaciones\t\t\t\t\t\t<\/a>\n\t\t\t\t\t<\/h3>\n\t\t\t\t\n\t\t\t\t\n\t\t\t<\/div>\n\t\t\t\n\t\t<\/div>\n\t\t\t\t\t\t<\/div>\n\t\t\t\t<\/div>\n\t\t\t\t<div class=\"elementor-element elementor-element-c938d44 elementor-position-inline-start elementor-view-default elementor-mobile-position-block-start elementor-widget elementor-widget-icon-box\" data-id=\"c938d44\" data-element_type=\"widget\" data-e-type=\"widget\" data-widget_type=\"icon-box.default\">\n\t\t\t\t<div class=\"elementor-widget-container\">\n\t\t\t\t\t\t\t<div class=\"elementor-icon-box-wrapper\">\n\n\t\t\t\t\t\t<div class=\"elementor-icon-box-icon\">\n\t\t\t\t<a href=\"https:\/\/www.unioviedo.es\/Transferencia2026\/index.php\/inscripcion-st2026\/\" class=\"elementor-icon\" tabindex=\"-1\" aria-label=\"Formularios&lt;br&gt;de inscripci\u00f3n\">\n\t\t\t\t<svg aria-hidden=\"true\" class=\"e-font-icon-svg e-fas-pencil-alt\" viewBox=\"0 0 512 512\" xmlns=\"http:\/\/www.w3.org\/2000\/svg\"><path d=\"M497.9 142.1l-46.1 46.1c-4.7 4.7-12.3 4.7-17 0l-111-111c-4.7-4.7-4.7-12.3 0-17l46.1-46.1c18.7-18.7 49.1-18.7 67.9 0l60.1 60.1c18.8 18.7 18.8 49.1 0 67.9zM284.2 99.8L21.6 362.4.4 483.9c-2.9 16.4 11.4 30.6 27.8 27.8l121.5-21.3 262.6-262.6c4.7-4.7 4.7-12.3 0-17l-111-111c-4.8-4.7-12.4-4.7-17.1 0zM124.1 339.9c-5.5-5.5-5.5-14.3 0-19.8l154-154c5.5-5.5 14.3-5.5 19.8 0s5.5 14.3 0 19.8l-154 154c-5.5 5.5-14.3 5.5-19.8 0zM88 424h48v36.3l-64.5 11.3-31.1-31.1L51.7 376H88v48z\"><\/path><\/svg>\t\t\t\t<\/a>\n\t\t\t<\/div>\n\t\t\t\n\t\t\t\t\t\t<div class=\"elementor-icon-box-content\">\n\n\t\t\t\t\t\t\t\t\t<h3 class=\"elementor-icon-box-title\">\n\t\t\t\t\t\t<a href=\"https:\/\/www.unioviedo.es\/Transferencia2026\/index.php\/inscripcion-st2026\/\" >\n\t\t\t\t\t\t\tFormularios<br>de inscripci\u00f3n\t\t\t\t\t\t<\/a>\n\t\t\t\t\t<\/h3>\n\t\t\t\t\n\t\t\t\t\n\t\t\t<\/div>\n\t\t\t\n\t\t<\/div>\n\t\t\t\t\t\t<\/div>\n\t\t\t\t<\/div>\n\t\t\t\t\t<\/div>\n\t\t\t\t<\/div>\n\t\t\t\t<\/div>\n\t\t\t\t<\/div>\n\t\t","protected":false},"excerpt":{"rendered":"<p>La Semana de Transferencia Presentaci\u00f3n Este encuentro se concibe como un espacio clave para generar sinergias y reforzar la colaboraci\u00f3n entre la universidad y la empresa, facilitando la transferencia&nbsp;del conocimiento cient\u00edfico al mercado. Inscripci\u00f3n La\u00a0Semana de la Transferencia\u00a0se celebrar\u00e1 del\u00a019 al 23 de enero\u00a0de 2026 en diferentes localizaciones: 19 de enero\u00a0Aulario Sur EPI \u2013 Campus [&hellip;]<\/p>\n","protected":false},"author":1,"featured_media":0,"parent":0,"menu_order":0,"comment_status":"closed","ping_status":"closed","template":"elementor_header_footer","meta":{"footnotes":""},"class_list":["post-1057","page","type-page","status-publish","hentry"],"yoast_head":"<!-- This site is optimized with the Yoast SEO plugin v27.3 - https:\/\/yoast.com\/product\/yoast-seo-wordpress\/ -->\n<title>La Semana - La Semana de Transferencia<\/title>\n<meta name=\"robots\" content=\"index, follow, max-snippet:-1, max-image-preview:large, max-video-preview:-1\" \/>\n<link rel=\"canonical\" href=\"https:\/\/www.unioviedo.es\/Transferencia2026\/index.php\/la-semana\/\" \/>\n<meta property=\"og:locale\" content=\"es_ES\" \/>\n<meta property=\"og:type\" content=\"article\" \/>\n<meta property=\"og:title\" content=\"La Semana - La Semana de Transferencia\" \/>\n<meta property=\"og:description\" content=\"La Semana de Transferencia Presentaci\u00f3n Este encuentro se concibe como un espacio clave para generar sinergias y reforzar la colaboraci\u00f3n entre la universidad y la empresa, facilitando la transferencia&nbsp;del conocimiento cient\u00edfico al mercado. Inscripci\u00f3n La\u00a0Semana de la Transferencia\u00a0se celebrar\u00e1 del\u00a019 al 23 de enero\u00a0de 2026 en diferentes localizaciones: 19 de enero\u00a0Aulario Sur EPI \u2013 Campus [&hellip;]\" \/>\n<meta property=\"og:url\" content=\"https:\/\/www.unioviedo.es\/Transferencia2026\/index.php\/la-semana\/\" \/>\n<meta property=\"og:site_name\" content=\"La Semana de Transferencia\" \/>\n<meta property=\"article:modified_time\" content=\"2026-01-15T17:42:55+00:00\" \/>\n<meta property=\"og:image\" content=\"https:\/\/www.unioviedo.es\/Transferencia2026\/wp-content\/uploads\/2025\/12\/2025-03-12-OTC-01-identidad-digital-uniovi-2023-negro-04.png\" \/>\n\t<meta property=\"og:image:width\" content=\"1080\" \/>\n\t<meta property=\"og:image:height\" content=\"1080\" \/>\n\t<meta property=\"og:image:type\" content=\"image\/png\" \/>\n<meta name=\"twitter:card\" content=\"summary_large_image\" \/>\n<meta name=\"twitter:label1\" content=\"Tiempo de lectura\" \/>\n\t<meta name=\"twitter:data1\" content=\"2 minutos\" \/>\n<script type=\"application\/ld+json\" class=\"yoast-schema-graph\">{\"@context\":\"https:\\\/\\\/schema.org\",\"@graph\":[{\"@type\":\"WebPage\",\"@id\":\"https:\\\/\\\/www.unioviedo.es\\\/Transferencia2026\\\/index.php\\\/la-semana\\\/\",\"url\":\"https:\\\/\\\/www.unioviedo.es\\\/Transferencia2026\\\/index.php\\\/la-semana\\\/\",\"name\":\"La Semana - La Semana de Transferencia\",\"isPartOf\":{\"@id\":\"https:\\\/\\\/www.unioviedo.es\\\/Transferencia2026\\\/#website\"},\"primaryImageOfPage\":{\"@id\":\"https:\\\/\\\/www.unioviedo.es\\\/Transferencia2026\\\/index.php\\\/la-semana\\\/#primaryimage\"},\"image\":{\"@id\":\"https:\\\/\\\/www.unioviedo.es\\\/Transferencia2026\\\/index.php\\\/la-semana\\\/#primaryimage\"},\"thumbnailUrl\":\"https:\\\/\\\/www.unioviedo.es\\\/Transferencia2026\\\/wp-content\\\/uploads\\\/2025\\\/12\\\/2025-03-12-OTC-01-identidad-digital-uniovi-2023-negro-04-150x150.png\",\"datePublished\":\"2025-12-11T12:33:15+00:00\",\"dateModified\":\"2026-01-15T17:42:55+00:00\",\"breadcrumb\":{\"@id\":\"https:\\\/\\\/www.unioviedo.es\\\/Transferencia2026\\\/index.php\\\/la-semana\\\/#breadcrumb\"},\"inLanguage\":\"es\",\"potentialAction\":[{\"@type\":\"ReadAction\",\"target\":[\"https:\\\/\\\/www.unioviedo.es\\\/Transferencia2026\\\/index.php\\\/la-semana\\\/\"]}]},{\"@type\":\"ImageObject\",\"inLanguage\":\"es\",\"@id\":\"https:\\\/\\\/www.unioviedo.es\\\/Transferencia2026\\\/index.php\\\/la-semana\\\/#primaryimage\",\"url\":\"https:\\\/\\\/www.unioviedo.es\\\/Transferencia2026\\\/wp-content\\\/uploads\\\/2025\\\/12\\\/2025-03-12-OTC-01-identidad-digital-uniovi-2023-negro-04.png\",\"contentUrl\":\"https:\\\/\\\/www.unioviedo.es\\\/Transferencia2026\\\/wp-content\\\/uploads\\\/2025\\\/12\\\/2025-03-12-OTC-01-identidad-digital-uniovi-2023-negro-04.png\",\"width\":1080,\"height\":1080},{\"@type\":\"BreadcrumbList\",\"@id\":\"https:\\\/\\\/www.unioviedo.es\\\/Transferencia2026\\\/index.php\\\/la-semana\\\/#breadcrumb\",\"itemListElement\":[{\"@type\":\"ListItem\",\"position\":1,\"name\":\"Portada\",\"item\":\"https:\\\/\\\/www.unioviedo.es\\\/Transferencia2026\\\/\"},{\"@type\":\"ListItem\",\"position\":2,\"name\":\"La Semana\"}]},{\"@type\":\"WebSite\",\"@id\":\"https:\\\/\\\/www.unioviedo.es\\\/Transferencia2026\\\/#website\",\"url\":\"https:\\\/\\\/www.unioviedo.es\\\/Transferencia2026\\\/\",\"name\":\"La Semana de Transferencia\",\"description\":\"\",\"potentialAction\":[{\"@type\":\"SearchAction\",\"target\":{\"@type\":\"EntryPoint\",\"urlTemplate\":\"https:\\\/\\\/www.unioviedo.es\\\/Transferencia2026\\\/?s={search_term_string}\"},\"query-input\":{\"@type\":\"PropertyValueSpecification\",\"valueRequired\":true,\"valueName\":\"search_term_string\"}}],\"inLanguage\":\"es\"}]}<\/script>\n<!-- \/ Yoast SEO plugin. -->","yoast_head_json":{"title":"La Semana - La Semana de Transferencia","robots":{"index":"index","follow":"follow","max-snippet":"max-snippet:-1","max-image-preview":"max-image-preview:large","max-video-preview":"max-video-preview:-1"},"canonical":"https:\/\/www.unioviedo.es\/Transferencia2026\/index.php\/la-semana\/","og_locale":"es_ES","og_type":"article","og_title":"La Semana - La Semana de Transferencia","og_description":"La Semana de Transferencia Presentaci\u00f3n Este encuentro se concibe como un espacio clave para generar sinergias y reforzar la colaboraci\u00f3n entre la universidad y la empresa, facilitando la transferencia&nbsp;del conocimiento cient\u00edfico al mercado. Inscripci\u00f3n La\u00a0Semana de la Transferencia\u00a0se celebrar\u00e1 del\u00a019 al 23 de enero\u00a0de 2026 en diferentes localizaciones: 19 de enero\u00a0Aulario Sur EPI \u2013 Campus [&hellip;]","og_url":"https:\/\/www.unioviedo.es\/Transferencia2026\/index.php\/la-semana\/","og_site_name":"La Semana de Transferencia","article_modified_time":"2026-01-15T17:42:55+00:00","og_image":[{"width":1080,"height":1080,"url":"https:\/\/www.unioviedo.es\/Transferencia2026\/wp-content\/uploads\/2025\/12\/2025-03-12-OTC-01-identidad-digital-uniovi-2023-negro-04.png","type":"image\/png"}],"twitter_card":"summary_large_image","twitter_misc":{"Tiempo de lectura":"2 minutos"},"schema":{"@context":"https:\/\/schema.org","@graph":[{"@type":"WebPage","@id":"https:\/\/www.unioviedo.es\/Transferencia2026\/index.php\/la-semana\/","url":"https:\/\/www.unioviedo.es\/Transferencia2026\/index.php\/la-semana\/","name":"La Semana - La Semana de Transferencia","isPartOf":{"@id":"https:\/\/www.unioviedo.es\/Transferencia2026\/#website"},"primaryImageOfPage":{"@id":"https:\/\/www.unioviedo.es\/Transferencia2026\/index.php\/la-semana\/#primaryimage"},"image":{"@id":"https:\/\/www.unioviedo.es\/Transferencia2026\/index.php\/la-semana\/#primaryimage"},"thumbnailUrl":"https:\/\/www.unioviedo.es\/Transferencia2026\/wp-content\/uploads\/2025\/12\/2025-03-12-OTC-01-identidad-digital-uniovi-2023-negro-04-150x150.png","datePublished":"2025-12-11T12:33:15+00:00","dateModified":"2026-01-15T17:42:55+00:00","breadcrumb":{"@id":"https:\/\/www.unioviedo.es\/Transferencia2026\/index.php\/la-semana\/#breadcrumb"},"inLanguage":"es","potentialAction":[{"@type":"ReadAction","target":["https:\/\/www.unioviedo.es\/Transferencia2026\/index.php\/la-semana\/"]}]},{"@type":"ImageObject","inLanguage":"es","@id":"https:\/\/www.unioviedo.es\/Transferencia2026\/index.php\/la-semana\/#primaryimage","url":"https:\/\/www.unioviedo.es\/Transferencia2026\/wp-content\/uploads\/2025\/12\/2025-03-12-OTC-01-identidad-digital-uniovi-2023-negro-04.png","contentUrl":"https:\/\/www.unioviedo.es\/Transferencia2026\/wp-content\/uploads\/2025\/12\/2025-03-12-OTC-01-identidad-digital-uniovi-2023-negro-04.png","width":1080,"height":1080},{"@type":"BreadcrumbList","@id":"https:\/\/www.unioviedo.es\/Transferencia2026\/index.php\/la-semana\/#breadcrumb","itemListElement":[{"@type":"ListItem","position":1,"name":"Portada","item":"https:\/\/www.unioviedo.es\/Transferencia2026\/"},{"@type":"ListItem","position":2,"name":"La Semana"}]},{"@type":"WebSite","@id":"https:\/\/www.unioviedo.es\/Transferencia2026\/#website","url":"https:\/\/www.unioviedo.es\/Transferencia2026\/","name":"La Semana de Transferencia","description":"","potentialAction":[{"@type":"SearchAction","target":{"@type":"EntryPoint","urlTemplate":"https:\/\/www.unioviedo.es\/Transferencia2026\/?s={search_term_string}"},"query-input":{"@type":"PropertyValueSpecification","valueRequired":true,"valueName":"search_term_string"}}],"inLanguage":"es"}]}},"_links":{"self":[{"href":"https:\/\/www.unioviedo.es\/Transferencia2026\/index.php\/wp-json\/wp\/v2\/pages\/1057","targetHints":{"allow":["GET"]}}],"collection":[{"href":"https:\/\/www.unioviedo.es\/Transferencia2026\/index.php\/wp-json\/wp\/v2\/pages"}],"about":[{"href":"https:\/\/www.unioviedo.es\/Transferencia2026\/index.php\/wp-json\/wp\/v2\/types\/page"}],"author":[{"embeddable":true,"href":"https:\/\/www.unioviedo.es\/Transferencia2026\/index.php\/wp-json\/wp\/v2\/users\/1"}],"replies":[{"embeddable":true,"href":"https:\/\/www.unioviedo.es\/Transferencia2026\/index.php\/wp-json\/wp\/v2\/comments?post=1057"}],"version-history":[{"count":59,"href":"https:\/\/www.unioviedo.es\/Transferencia2026\/index.php\/wp-json\/wp\/v2\/pages\/1057\/revisions"}],"predecessor-version":[{"id":1641,"href":"https:\/\/www.unioviedo.es\/Transferencia2026\/index.php\/wp-json\/wp\/v2\/pages\/1057\/revisions\/1641"}],"wp:attachment":[{"href":"https:\/\/www.unioviedo.es\/Transferencia2026\/index.php\/wp-json\/wp\/v2\/media?parent=1057"}],"curies":[{"name":"wp","href":"https:\/\/api.w.org\/{rel}","templated":true}]}}