{"id":431,"date":"2025-11-19T14:01:14","date_gmt":"2025-11-19T13:01:14","guid":{"rendered":"https:\/\/www.unioviedo.es\/UOinternacional\/?page_id=431"},"modified":"2025-11-19T14:01:46","modified_gmt":"2025-11-19T13:01:46","slug":"accesibilidad","status":"publish","type":"page","link":"https:\/\/www.unioviedo.es\/UOinternacional\/index.php\/accesibilidad\/","title":{"rendered":"Accesibilidad"},"content":{"rendered":"<p>[et_pb_section fb_built=\u00bb1&#8243; _builder_version=\u00bb4.27.4&#8243; _module_preset=\u00bbdefault\u00bb global_colors_info=\u00bb{}\u00bb][et_pb_row _builder_version=\u00bb4.27.4&#8243; _module_preset=\u00bbdefault\u00bb global_colors_info=\u00bb{}\u00bb][et_pb_column type=\u00bb4_4&#8243; _builder_version=\u00bb4.27.4&#8243; _module_preset=\u00bbdefault\u00bb global_colors_info=\u00bb{}\u00bb][et_pb_text _builder_version=\u00bb4.27.4&#8243; _module_preset=\u00bbdefault\u00bb global_colors_info=\u00bb{}\u00bb]<\/p>\n<section id=\"content\">\n<div class=\"container\">\n<div class=\"columns-1\" id=\"main-content\" role=\"main\">\n<div class=\"portlet-layout row\">\n<div class=\"col-md-12 portlet-column portlet-column-only\" id=\"column-1\">\n<div class=\"portlet-dropzone portlet-column-content portlet-column-content-only\" id=\"layout-column_column-1\">\n<div class=\"portlet-boundary portlet-boundary_com_liferay_journal_content_web_portlet_JournalContentPortlet_  portlet-static portlet-static-end portlet-barebone portlet-journal-content \" id=\"p_p_id_com_liferay_journal_content_web_portlet_JournalContentPortlet_INSTANCE_Cgt7e0dx72cs_\">\n<section class=\"portlet\" id=\"portlet_com_liferay_journal_content_web_portlet_JournalContentPortlet_INSTANCE_Cgt7e0dx72cs\">\n<div class=\"portlet-content\">\n<div class=\" portlet-content-container\">\n<div class=\"portlet-body\">\n<div class=\"\" data-fragments-editor-item-id=\"20132-48667\" data-fragments-editor-item-type=\"fragments-editor-mapped-item\">\n<div class=\"journal-content-article \" data-analytics-asset-id=\"2868183\" data-analytics-asset-title=\"Declaraci\u00f3n de accesibilidad\" data-analytics-asset-type=\"web-content\">\n<div class=\"template template-general-content\">\n<div class=\"portlet-title-wrapper\">\n<div class=\"portlet-title h3\">\n<h3>Declaraci\u00f3n de accesibilidad<\/h3>\n<\/div>\n<\/div>\n<section class=\"row flex-row-reverse mt-4\">\n<div class=\" col-12\">\n<div class=\"text\">\n<p>La Universidad de Oviedo se ha comprometido a hacer accesible sus sitios web de conformidad con el Real Decreto 1112\/2018, de 7 de septiembre, sobre accesibilidad de los sitios web y aplicaciones para dispositivos m\u00f3viles del sector p\u00fablico.<\/p>\n<p>La presente declaraci\u00f3n de accesibilidad se aplica a los sitios web de la Universidad de Oviedo.<\/p>\n<h4>Situaci\u00f3n de cumplimiento<\/h4>\n<p>Este sitio web es parcialmente conforme con el Real Decreto 1112\/2018, de 7 de septiembre. La falta de conformidad es debida a los aspectos que se indican a continuaci\u00f3n.<\/p>\n<h4>Contenido no accesible<\/h4>\n<p>El contenido que se recoge a continuaci\u00f3n no es accesible por lo siguiente:<\/p>\n<ol>\n<li>Falta de conformidad con el Real Decreto 1112\/2018, de 7 de septiembre: podr\u00edan existir fallos puntuales de edici\u00f3n en alguna p\u00e1gina web, tanto en el marcado HMTL como en documentos finales y elementos multimedia, publicados en fecha posterior al 20 de septiembre de 2018 (fecha de entrada en vigor del Real Decreto 1112\/2018, de 7 de septiembre).<\/li>\n<li>Carga desproporcionada: no aplica.<\/li>\n<li>El contenido no entra dentro del \u00e1mbito de la legislaci\u00f3n aplicable: Existen archivos ofim\u00e1ticos en PDF u otros formatos publicados antes del 20 de septiembre de 2018 que no cumplen en su totalidad todos los requisitos de accesibilidad. Adicionalmente, puede haber contenidos de terceros que no est\u00e9n desarrollados por la Universidad de Oviedo que no cumplan todos los requisitos de accesibilidad.<\/li>\n<\/ol>\n<h4>Preparaci\u00f3n de la presente declaraci\u00f3n de accesibilidad<\/h4>\n<p>La presente declaraci\u00f3n fue elaborada el 02 de marzo de 2023.<\/p>\n<p>El m\u00e9todo empleado para preparar la declaraci\u00f3n ha sido una autoevaluaci\u00f3n llevada a cabo por el propio organismo.<\/p>\n<p>\u00daltima revisi\u00f3n de la declaraci\u00f3n: 20 de mayo de 2025.<\/p>\n<h4>Observaciones y datos de contacto<\/h4>\n<p>Puede realizar comunicaciones sobre requisitos de accesibilidad (art\u00edculo 10.2.a) del Real Decreto 1112\/2018, de 7 de septiembre, como por ejemplo:<\/p>\n<ul>\n<li>Informar sobre cualquier posible incumplimiento por parte de este sitio web.<\/li>\n<li>Transmitir otras dificultades de acceso al contenido.<\/li>\n<li>Formular cualquier otra consulta o sugerencia de mejora relativa a la accesibilidad del sitio web.<\/li>\n<\/ul>\n<p>A trav\u00e9s de las siguientes v\u00edas:<\/p>\n<ul>\n<li>Correo electr\u00f3nico:<span>\u00a0<\/span><a href=\"mailto:causi@uniovi.es\">causi@uniovi.es<\/a><\/li>\n<li>Tel\u00e9fono: 985 10 30 00 \/ extensi\u00f3n 4000<\/li>\n<\/ul>\n<h4>Procedimiento de aplicaci\u00f3n<\/h4>\n<p>El procedimiento de reclamaci\u00f3n recogido en el art\u00edculo 13 del Real Decreto 1112\/2018, de 7 de septiembre, entrar\u00e1 en vigor el 20 de septiembre de 2020.<\/p>\n<h4>Contenido opcional<\/h4>\n<p>Este sitio web aplica los requisitos de la Norma UNE-EN 301549:2019, considerando las excepciones del Real Decreto 1112\/2018, de 7 de septiembre.<\/p>\n<p>Entre otras se adoptan las siguientes medidas para facilitar la accesibilidad:<\/p>\n<ul>\n<li>Utilizaci\u00f3n de texto alternativo en las im\u00e1genes<\/li>\n<li>Los enlaces ofrecen detalles de la funci\u00f3n o destino del hiperv\u00ednculo<\/li>\n<li>Uso de los est\u00e1ndares del W3C: XHTML 1.0, CSS 3.0, WAI AA.<\/li>\n<\/ul>\n<h4>Documentos relacionados<\/h4>\n<ul>\n<li><a href=\"https:\/\/www.boe.es\/diario_boe\/txt.php?id=BOE-A-2018-12699\" target=\"_blank\" rel=\"noopener\">Real Decreto 1112\/2018, de 7 de septiembre, sobre accesibilidad de los sitios web y aplicaciones para dispositivos m\u00f3viles del sector p\u00fablico<\/a><\/li>\n<li><a href=\"https:\/\/administracionelectronica.gob.es\/PAe\/accesibilidad\/une-en-301549-2019.pdf\" target=\"_blank\" rel=\"noopener\">Norma UNE-EN 301549:2019<\/a><\/li>\n<\/ul>\n<\/div>\n<\/div>\n<\/section>\n<\/div>\n<\/div>\n<\/div>\n<\/div>\n<\/div>\n<\/div>\n<\/section>\n<\/div>\n<\/div>\n<\/div>\n<\/div>\n<\/div>\n<\/div>\n<\/section>\n<div id=\"logos\">\n<div class=\"container\">\n<div class=\"row \">\n<div class=\"col-12\"><\/div>\n<\/div>\n<\/div>\n<\/div>\n<p>[\/et_pb_text][\/et_pb_column][\/et_pb_row][\/et_pb_section]<\/p>\n","protected":false},"excerpt":{"rendered":"<p>Declaraci\u00f3n de accesibilidad La Universidad de Oviedo se ha comprometido a hacer accesible sus sitios web de conformidad con el Real Decreto 1112\/2018, de 7 de septiembre, sobre accesibilidad de los sitios web y aplicaciones para dispositivos m\u00f3viles del sector p\u00fablico. La presente declaraci\u00f3n de accesibilidad se aplica a los sitios web de la Universidad [&hellip;]<\/p>\n","protected":false},"author":3,"featured_media":0,"parent":0,"menu_order":0,"comment_status":"closed","ping_status":"closed","template":"","meta":{"_et_pb_use_builder":"on","_et_pb_old_content":"","_et_gb_content_width":"","footnotes":""},"class_list":["post-431","page","type-page","status-publish","hentry"],"yoast_head":"<!-- This site is optimized with the Yoast SEO plugin v27.4 - https:\/\/yoast.com\/product\/yoast-seo-wordpress\/ -->\n<title>Accesibilidad - Universidad de Oviedo Internacional<\/title>\n<meta name=\"robots\" content=\"index, follow, max-snippet:-1, max-image-preview:large, max-video-preview:-1\" \/>\n<link rel=\"canonical\" href=\"https:\/\/www.unioviedo.es\/UOinternacional\/index.php\/accesibilidad\/\" \/>\n<meta property=\"og:locale\" content=\"es_ES\" \/>\n<meta property=\"og:type\" content=\"article\" \/>\n<meta property=\"og:title\" content=\"Accesibilidad - Universidad de Oviedo Internacional\" \/>\n<meta property=\"og:description\" content=\"Declaraci\u00f3n de accesibilidad La Universidad de Oviedo se ha comprometido a hacer accesible sus sitios web de conformidad con el Real Decreto 1112\/2018, de 7 de septiembre, sobre accesibilidad de los sitios web y aplicaciones para dispositivos m\u00f3viles del sector p\u00fablico. La presente declaraci\u00f3n de accesibilidad se aplica a los sitios web de la Universidad [&hellip;]\" \/>\n<meta property=\"og:url\" content=\"https:\/\/www.unioviedo.es\/UOinternacional\/index.php\/accesibilidad\/\" \/>\n<meta property=\"og:site_name\" content=\"Universidad de Oviedo Internacional\" \/>\n<meta property=\"article:modified_time\" content=\"2025-11-19T13:01:46+00:00\" \/>\n<meta name=\"twitter:card\" content=\"summary_large_image\" \/>\n<meta name=\"twitter:label1\" content=\"Tiempo de lectura\" \/>\n\t<meta name=\"twitter:data1\" content=\"3 minutos\" \/>\n<script type=\"application\/ld+json\" class=\"yoast-schema-graph\">{\"@context\":\"https:\\\/\\\/schema.org\",\"@graph\":[{\"@type\":\"WebPage\",\"@id\":\"https:\\\/\\\/www.unioviedo.es\\\/UOinternacional\\\/index.php\\\/accesibilidad\\\/\",\"url\":\"https:\\\/\\\/www.unioviedo.es\\\/UOinternacional\\\/index.php\\\/accesibilidad\\\/\",\"name\":\"Accesibilidad - Universidad de Oviedo Internacional\",\"isPartOf\":{\"@id\":\"https:\\\/\\\/www.unioviedo.es\\\/UOinternacional\\\/#website\"},\"datePublished\":\"2025-11-19T13:01:14+00:00\",\"dateModified\":\"2025-11-19T13:01:46+00:00\",\"breadcrumb\":{\"@id\":\"https:\\\/\\\/www.unioviedo.es\\\/UOinternacional\\\/index.php\\\/accesibilidad\\\/#breadcrumb\"},\"inLanguage\":\"es\",\"potentialAction\":[{\"@type\":\"ReadAction\",\"target\":[\"https:\\\/\\\/www.unioviedo.es\\\/UOinternacional\\\/index.php\\\/accesibilidad\\\/\"]}]},{\"@type\":\"BreadcrumbList\",\"@id\":\"https:\\\/\\\/www.unioviedo.es\\\/UOinternacional\\\/index.php\\\/accesibilidad\\\/#breadcrumb\",\"itemListElement\":[{\"@type\":\"ListItem\",\"position\":1,\"name\":\"Portada\",\"item\":\"https:\\\/\\\/www.unioviedo.es\\\/UOinternacional\\\/\"},{\"@type\":\"ListItem\",\"position\":2,\"name\":\"Accesibilidad\"}]},{\"@type\":\"WebSite\",\"@id\":\"https:\\\/\\\/www.unioviedo.es\\\/UOinternacional\\\/#website\",\"url\":\"https:\\\/\\\/www.unioviedo.es\\\/UOinternacional\\\/\",\"name\":\"https:\\\/\\\/www.unioviedo.es\\\/UOinternacional\\\/\",\"description\":\"\",\"alternateName\":\"Universidad de Oviedo - uo internacional\",\"potentialAction\":[{\"@type\":\"SearchAction\",\"target\":{\"@type\":\"EntryPoint\",\"urlTemplate\":\"https:\\\/\\\/www.unioviedo.es\\\/UOinternacional\\\/?s={search_term_string}\"},\"query-input\":{\"@type\":\"PropertyValueSpecification\",\"valueRequired\":true,\"valueName\":\"search_term_string\"}}],\"inLanguage\":\"es\"}]}<\/script>\n<!-- \/ Yoast SEO plugin. -->","yoast_head_json":{"title":"Accesibilidad - Universidad de Oviedo Internacional","robots":{"index":"index","follow":"follow","max-snippet":"max-snippet:-1","max-image-preview":"max-image-preview:large","max-video-preview":"max-video-preview:-1"},"canonical":"https:\/\/www.unioviedo.es\/UOinternacional\/index.php\/accesibilidad\/","og_locale":"es_ES","og_type":"article","og_title":"Accesibilidad - Universidad de Oviedo Internacional","og_description":"Declaraci\u00f3n de accesibilidad La Universidad de Oviedo se ha comprometido a hacer accesible sus sitios web de conformidad con el Real Decreto 1112\/2018, de 7 de septiembre, sobre accesibilidad de los sitios web y aplicaciones para dispositivos m\u00f3viles del sector p\u00fablico. La presente declaraci\u00f3n de accesibilidad se aplica a los sitios web de la Universidad [&hellip;]","og_url":"https:\/\/www.unioviedo.es\/UOinternacional\/index.php\/accesibilidad\/","og_site_name":"Universidad de Oviedo Internacional","article_modified_time":"2025-11-19T13:01:46+00:00","twitter_card":"summary_large_image","twitter_misc":{"Tiempo de lectura":"3 minutos"},"schema":{"@context":"https:\/\/schema.org","@graph":[{"@type":"WebPage","@id":"https:\/\/www.unioviedo.es\/UOinternacional\/index.php\/accesibilidad\/","url":"https:\/\/www.unioviedo.es\/UOinternacional\/index.php\/accesibilidad\/","name":"Accesibilidad - Universidad de Oviedo Internacional","isPartOf":{"@id":"https:\/\/www.unioviedo.es\/UOinternacional\/#website"},"datePublished":"2025-11-19T13:01:14+00:00","dateModified":"2025-11-19T13:01:46+00:00","breadcrumb":{"@id":"https:\/\/www.unioviedo.es\/UOinternacional\/index.php\/accesibilidad\/#breadcrumb"},"inLanguage":"es","potentialAction":[{"@type":"ReadAction","target":["https:\/\/www.unioviedo.es\/UOinternacional\/index.php\/accesibilidad\/"]}]},{"@type":"BreadcrumbList","@id":"https:\/\/www.unioviedo.es\/UOinternacional\/index.php\/accesibilidad\/#breadcrumb","itemListElement":[{"@type":"ListItem","position":1,"name":"Portada","item":"https:\/\/www.unioviedo.es\/UOinternacional\/"},{"@type":"ListItem","position":2,"name":"Accesibilidad"}]},{"@type":"WebSite","@id":"https:\/\/www.unioviedo.es\/UOinternacional\/#website","url":"https:\/\/www.unioviedo.es\/UOinternacional\/","name":"https:\/\/www.unioviedo.es\/UOinternacional\/","description":"","alternateName":"Universidad de Oviedo - uo internacional","potentialAction":[{"@type":"SearchAction","target":{"@type":"EntryPoint","urlTemplate":"https:\/\/www.unioviedo.es\/UOinternacional\/?s={search_term_string}"},"query-input":{"@type":"PropertyValueSpecification","valueRequired":true,"valueName":"search_term_string"}}],"inLanguage":"es"}]}},"_links":{"self":[{"href":"https:\/\/www.unioviedo.es\/UOinternacional\/index.php\/wp-json\/wp\/v2\/pages\/431","targetHints":{"allow":["GET"]}}],"collection":[{"href":"https:\/\/www.unioviedo.es\/UOinternacional\/index.php\/wp-json\/wp\/v2\/pages"}],"about":[{"href":"https:\/\/www.unioviedo.es\/UOinternacional\/index.php\/wp-json\/wp\/v2\/types\/page"}],"author":[{"embeddable":true,"href":"https:\/\/www.unioviedo.es\/UOinternacional\/index.php\/wp-json\/wp\/v2\/users\/3"}],"replies":[{"embeddable":true,"href":"https:\/\/www.unioviedo.es\/UOinternacional\/index.php\/wp-json\/wp\/v2\/comments?post=431"}],"version-history":[{"count":2,"href":"https:\/\/www.unioviedo.es\/UOinternacional\/index.php\/wp-json\/wp\/v2\/pages\/431\/revisions"}],"predecessor-version":[{"id":433,"href":"https:\/\/www.unioviedo.es\/UOinternacional\/index.php\/wp-json\/wp\/v2\/pages\/431\/revisions\/433"}],"wp:attachment":[{"href":"https:\/\/www.unioviedo.es\/UOinternacional\/index.php\/wp-json\/wp\/v2\/media?parent=431"}],"curies":[{"name":"wp","href":"https:\/\/api.w.org\/{rel}","templated":true}]}}