{"id":434,"date":"2025-11-19T14:03:08","date_gmt":"2025-11-19T13:03:08","guid":{"rendered":"https:\/\/www.unioviedo.es\/UOinternacional\/?page_id=434"},"modified":"2025-11-19T14:03:50","modified_gmt":"2025-11-19T13:03:50","slug":"politica-de-cookies","status":"publish","type":"page","link":"https:\/\/www.unioviedo.es\/UOinternacional\/index.php\/politica-de-cookies\/","title":{"rendered":"Pol\u00edtica de cookies"},"content":{"rendered":"<p>[et_pb_section fb_built=\u00bb1&#8243; _builder_version=\u00bb4.27.4&#8243; _module_preset=\u00bbdefault\u00bb global_colors_info=\u00bb{}\u00bb][et_pb_row _builder_version=\u00bb4.27.4&#8243; _module_preset=\u00bbdefault\u00bb global_colors_info=\u00bb{}\u00bb][et_pb_column type=\u00bb4_4&#8243; _builder_version=\u00bb4.27.4&#8243; _module_preset=\u00bbdefault\u00bb global_colors_info=\u00bb{}\u00bb][et_pb_text _builder_version=\u00bb4.27.4&#8243; _module_preset=\u00bbdefault\u00bb global_colors_info=\u00bb{}\u00bb]<\/p>\n<section id=\"content\">\n<div class=\"container\">\n<div class=\"columns-1\" id=\"main-content\" role=\"main\">\n<div class=\"portlet-layout row\">\n<div class=\"col-md-12 portlet-column portlet-column-only\" id=\"column-1\">\n<div class=\"portlet-dropzone portlet-column-content portlet-column-content-only\" id=\"layout-column_column-1\">\n<div class=\"portlet-boundary portlet-boundary_com_liferay_journal_content_web_portlet_JournalContentPortlet_  portlet-static portlet-static-end portlet-barebone portlet-journal-content \" id=\"p_p_id_com_liferay_journal_content_web_portlet_JournalContentPortlet_INSTANCE_Cgt7e0dx72cs_\">\n<section class=\"portlet\" id=\"portlet_com_liferay_journal_content_web_portlet_JournalContentPortlet_INSTANCE_Cgt7e0dx72cs\">\n<div class=\"portlet-content\">\n<div class=\" portlet-content-container\">\n<div class=\"portlet-body\">\n<div class=\"\" data-fragments-editor-item-id=\"20132-48667\" data-fragments-editor-item-type=\"fragments-editor-mapped-item\">\n<div class=\"journal-content-article \" data-analytics-asset-id=\"2868183\" data-analytics-asset-title=\"Declaraci\u00f3n de accesibilidad\" data-analytics-asset-type=\"web-content\">\n<div class=\"template template-general-content\">\n<div class=\"portlet-title-wrapper\">\n<div class=\"portlet-title h3\"><\/div>\n<\/div>\n<section class=\"row flex-row-reverse mt-4\">\n<div class=\" col-12\">\n<div class=\"text\">\n<section id=\"content\">\n<div class=\"container\">\n<div class=\"columns-1\" id=\"main-content\" role=\"main\">\n<div class=\"portlet-layout row\">\n<div class=\"col-md-12 portlet-column portlet-column-only\" id=\"column-1\">\n<div class=\"portlet-dropzone portlet-column-content portlet-column-content-only\" id=\"layout-column_column-1\">\n<div class=\"portlet-boundary portlet-boundary_com_liferay_journal_content_web_portlet_JournalContentPortlet_  portlet-static portlet-static-end portlet-barebone portlet-journal-content \" id=\"p_p_id_com_liferay_journal_content_web_portlet_JournalContentPortlet_INSTANCE_xAsim7KDXruA_\">\n<section class=\"portlet\" id=\"portlet_com_liferay_journal_content_web_portlet_JournalContentPortlet_INSTANCE_xAsim7KDXruA\">\n<div class=\"portlet-content\">\n<div class=\" portlet-content-container\">\n<div class=\"portlet-body\">\n<div class=\"\" data-fragments-editor-item-id=\"20132-48703\" data-fragments-editor-item-type=\"fragments-editor-mapped-item\">\n<div class=\"journal-content-article \" data-analytics-asset-id=\"2868227\" data-analytics-asset-title=\"Pol\u00edtica de Cookies\" data-analytics-asset-type=\"web-content\">\n<div class=\"template template-general-content\">\n<div class=\"portlet-title-wrapper\">\n<div class=\"portlet-title h3\">\n<h3>Pol\u00edtica de Cookies<\/h3>\n<\/div>\n<\/div>\n<section class=\"row flex-row-reverse mt-4\">\n<div class=\" col-12\">\n<div class=\"text\">\n<p>Ponemos a disposici\u00f3n del usuario la presente pol\u00edtica de cookies, donde podr\u00e1n encontrar todos los detalles acerca del uso de cookies en nuestra p\u00e1gina web. Aconsejamos a los usuarios que visiten la presente pol\u00edtica de cookies con frecuencia, ya que \u00e9sta puede ser actualizada en cualquier momento.<\/p>\n<h4>\u00bfQu\u00e9 es una cookie?<\/h4>\n<p>Una cookie es un archivo que se descarga en el dispositivo de navegaci\u00f3n al acceder a determinadas p\u00e1ginas web. Las cookies almacenan y recuperan informaci\u00f3n cuando la persona usuaria navega en la p\u00e1gina web. En general, las cookies pueden servir para finalidades muy diversas, como, por ejemplo, reconocer al usuario, obtener informaci\u00f3n sobre los datos de navegaci\u00f3n, o personalizar la forma en que se muestra el contenido del sitio web. Adem\u00e1s de las cookies tambi\u00e9n existen otras tecnolog\u00edas similares que pueden realizar las mismas funciones.<\/p>\n<h4>\u00bfQu\u00e9 tipos de cookies utiliza este sitio web? \u00a0<\/h4>\n<p>Este sitio web situado en la URL http:\/\/www.uniovi.es\/ (en adelante, el \u00abSitio Web\u00bb) y sus dominios utilizan los siguientes tipos de cookies:<\/p>\n<ul>\n<li><strong>Cookies estrictamente necesarias y t\u00e9cnicas:<\/strong><span>\u00a0<\/span>estas cookies son necesarias para que este sitio web funcione correctamente y no se pueden desactivar a trav\u00e9s del panel de configuraci\u00f3n de cookies de este sitio web. Con car\u00e1cter general, este tipo de cookies se configuran autom\u00e1ticamente al acceder al sitio web o al acceder o utilizar ciertos servicios o funcionalidades. Si estas cookies se desactivan puede afectar al correcto funcionamiento de este sitio web.<\/li>\n<li><strong>Cookies funcionales:<\/strong><span>\u00a0<\/span>estas cookies son necesarias para el correcto funcionamiento de algunos servicios y funcionalidades disponibles en este sitio web. Si se deshabilitan estas cookies, no podr\u00e1 visualizar o acceder a estas funcionalidades o servicios (por ejemplo, la visualizaci\u00f3n de contenidos de redes sociales en el sitio web)<\/li>\n<li><strong>Cookies de preferencias o personalizaci\u00f3n:<\/strong><span>\u00a0<\/span>este tipo de cookies permiten recordar las caracter\u00edsticas de las opciones seleccionadas por la persona usuaria y as\u00ed diferenciar su experiencia de la de otras personas, como puede ser la configuraci\u00f3n del idioma o tipo de navegador utilizado.<\/li>\n<li><strong>Cookies de an\u00e1lisis o medici\u00f3n:<\/strong><span>\u00a0<\/span>este tipo de cookies, tambi\u00e9n conocidas como anal\u00edticas, permiten a la Universidad de Oviedo, como responsable de este sitio web, medir la actividad, usos y accesos a los distintos contenidos y servicios disponibles con el fin de introducir mejoras o nuevos servicios.<\/li>\n<li><strong>Cookies comportamentales:<\/strong><span>\u00a0<\/span>estas cookies almacenan informaci\u00f3n sobre el comportamiento de las personas usuarias de este sitio web obtenida a trav\u00e9s de la observaci\u00f3n continuada de sus h\u00e1bitos de navegaci\u00f3n, con el fin de desarrollar un perfil espec\u00edfico para ofrecer servicios e informaciones personalizadas en funci\u00f3n de este.<\/li>\n<\/ul>\n<p>A continuaci\u00f3n, se describen las cookies existentes en este sitio web, clasificadas como propias o de terceros:\u00a0<\/p>\n<h4>Propias<\/h4>\n<p>Son aqu\u00e9llas que se env\u00edan al equipo terminal de la persona usuaria desde un equipo o dominio y son gestionadas por la Universidad de Oviedo:<\/p>\n<p>&nbsp;<\/p>\n<table>\n<tbody>\n<tr>\n<td>\n<p align=\"center\"><strong>Cookie<\/strong><\/p>\n<\/td>\n<td>\n<p align=\"center\"><strong>Tipolog\u00eda<\/strong><\/p>\n<\/td>\n<td>\n<p align=\"center\"><strong>Duraci\u00f3n<\/strong><\/p>\n<\/td>\n<td>\n<p align=\"center\"><span><strong>Finalidad<\/strong><\/span><\/p>\n<\/td>\n<\/tr>\n<tr>\n<td>\n<p>LFR_SESSION_STATE<\/p>\n<\/td>\n<td>\n<p>Necesaria \/ t\u00e9cnica<\/p>\n<\/td>\n<td>\n<p>De sesi\u00f3n<\/p>\n<\/td>\n<td>\n<p>Se usa para controlar la marca de tiempo de la caducidad de la sesi\u00f3n del usuario: se muestra una advertencia de javascript al usuario cuando su sesi\u00f3n est\u00e1 por caducar o caducar.<\/p>\n<\/td>\n<\/tr>\n<tr>\n<td>JSESSIONNID<\/td>\n<td>Necesaria \/ t\u00e9cnica<\/td>\n<td>De sesi\u00f3n<\/td>\n<td>\n<p>Mantiene la sesi\u00f3n activa del usuario.<\/p>\n<\/td>\n<\/tr>\n<tr>\n<td>COOKIE_SUPPORT<\/td>\n<td>Necesaria \/ t\u00e9cnica<\/td>\n<td>1 a\u00f1o<\/td>\n<td>Comprueba si las cookies est\u00e1n habilitadas por su navegador.<\/td>\n<\/tr>\n<tr>\n<td>GUEST_LANGUAGE_ID<\/td>\n<td>Preferencias \/ personalizaci\u00f3n<\/td>\n<td>1 a\u00f1o<\/td>\n<td>Almacena el idioma utilizado por el usuario y lo usa cuando vuelve a entrar.<\/td>\n<\/tr>\n<tr>\n<td>COOKIECONSENT<\/td>\n<td>Preferencias \/ personalizaci\u00f3n<\/td>\n<td>1 a\u00f1o<\/td>\n<td>Almacena el estado de consentimiento de cookies del usuario para dominio actual.<\/td>\n<\/tr>\n<tr>\n<td>COKKIECONSENT_STATUS<\/td>\n<td>Preferencias \/ personalizaci\u00f3n<\/td>\n<td>1 a\u00f1o<\/td>\n<td>Indica el estado de aceptaci\u00f3n de la Pol\u00edtica de cookies<\/td>\n<\/tr>\n<tr>\n<td>_pk_ses<\/td>\n<td>Estad\u00edsticas \/ de an\u00e1lisis<\/td>\n<td>30 minutos<\/td>\n<td>Para realizar un seguimiento de la sesi\u00f3n<\/td>\n<\/tr>\n<tr>\n<td>_pk_cvar<\/td>\n<td>Estad\u00edsticas \/ de an\u00e1lisis<\/td>\n<td>30 minutos<\/td>\n<td>Cookie t\u00e9cnica usada por el software de estad\u00edsticas Matomo<\/td>\n<\/tr>\n<tr>\n<td>_pk_id<\/td>\n<td>Estad\u00edstica \/ de an\u00e1lisis<\/td>\n<td>13 meses<\/td>\n<td>Cookie t\u00e9cnica usada por el software de estad\u00edsticas Matomo<\/td>\n<\/tr>\n<tr>\n<td>mtm_consent<\/td>\n<td>Estad\u00edstica \/ de an\u00e1lisis<\/td>\n<td>30 a\u00f1os<\/td>\n<td>Cookie t\u00e9cnica usada por el software de estad\u00edsticas Matomo, en algunos casos<\/td>\n<\/tr>\n<tr>\n<td>mtm_consent_removed<\/td>\n<td>Estad\u00edstica \/ de an\u00e1lisis<\/td>\n<td>30 a\u00f1os<\/td>\n<td>Cookie t\u00e9cnica usada por el software de estad\u00edsticas Matomo, en algunos casos<\/td>\n<\/tr>\n<\/tbody>\n<\/table>\n<h4>De terceros<\/h4>\n<p>Son aqu\u00e9llas que se env\u00edan al equipo terminal de la persona usuaria desde un equipo o dominio que no es gestionado por la Universidad de Oviedo, sino por otra entidad que trata los datos obtenidos trav\u00e9s de las cookies.<\/p>\n<p>Esta lista se actualizar\u00e1 con la mayor celeridad posible a medida que vayan cambiando los servicios ofrecidos en los sitios webs y las cookies utilizadas a tales efectos.<\/p>\n<h4>Consentimiento y configuraci\u00f3n de las cookies<\/h4>\n<p>Al acceder a este sitio web, la persona usuaria visualizar\u00e1 un panel informativo de cookies en el que se le informar\u00e1 de la forma en la que puede prestar o rechazar su consentimiento a instalar las cookies. La persona usuaria en cualquier momento podr\u00e1 rechazar o configurar el uso de cookies, salvo aquellas estrictamente necesarias, a trav\u00e9s del Panel de Configuraci\u00f3n de Cookies.<\/p>\n<p>Asimismo, podr\u00e1 deshabilitarlas o retirar su consentimiento previamente otorgado, en cualquier momento, eliminando las cookies instaladas en su dispositivo mediante la configuraci\u00f3n de las opciones del navegador, tal como se indica en el apartado \u201cdesactivaci\u00f3n o eliminaci\u00f3n de cookies\u201d.<\/p>\n<h4>Desactivaci\u00f3n o eliminaci\u00f3n de cookies en el Navegador<\/h4>\n<p>Puede permitir, bloquear o eliminar las cookies instaladas en su dispositivo mediante la configuraci\u00f3n de las opciones del navegador utilizado:<\/p>\n<ul>\n<li><a href=\"https:\/\/support.google.com\/accounts\/answer\/61416?co=GENIE.Platform%3DDesktop&amp;hl=es\" target=\"_blank\" rel=\"noopener\">Configuraci\u00f3n de cookies para Google Chrome<\/a><\/li>\n<li><a href=\"https:\/\/support.mozilla.org\/es\/kb\/Borrar%20cookies\" target=\"_blank\" rel=\"noopener\">Configuraci\u00f3n de cookies para Mozilla Firefox<\/a><\/li>\n<li><a href=\"https:\/\/support.microsoft.com\/es-es\/topic\/c%C3%B3mo-eliminar-archivos-de-cookies-en-internet-explorer-bca9446f-d873-78de-77ba-d42645fa52fc\" target=\"_blank\" rel=\"noopener\">Configuraci\u00f3n de cookies para Internet Explorer<\/a><\/li>\n<li><a href=\"https:\/\/support.apple.com\/es-es\/guide\/safari\/sfri11471\/mac\" target=\"_blank\" rel=\"noopener\">Configuraci\u00f3n de cookies para Safari<\/a><\/li>\n<li><a href=\"https:\/\/support.apple.com\/es-es\/HT201265\" target=\"_blank\" rel=\"noopener\">Configuraci\u00f3n de cookies para Safari para IOS (iPhone y iPad)<\/a><\/li>\n<li><a href=\"https:\/\/support.google.com\/accounts\/answer\/61416?co=GENIE.Platform%3DAndroid&amp;hl=es&amp;oco=1\" target=\"_blank\" rel=\"noopener\">Configuraci\u00f3n de cookies para Chrome para Android<\/a><\/li>\n<li><a href=\"https:\/\/support.google.com\/accounts\/answer\/61416?co=GENIE.Platform%3DiOS&amp;hl=es&amp;oco=1\" target=\"_blank\" rel=\"noopener\">Configuraci\u00f3n de cookies para Iphone y Ipad<\/a><\/li>\n<\/ul>\n<p>Si utiliza un navegador diferente, consulte las instrucciones de este para la configuraci\u00f3n de las cookies.<\/p>\n<h4>M\u00e1s informaci\u00f3n<\/h4>\n<p>Puedes obtener m\u00e1s informaci\u00f3n acerca del tratamiento de tus datos en el apartado Pol\u00edtica de Privacidad. No obstante, si tiene alguna duda sobre esta Pol\u00edtica de Cookies, puede ponerse en contacto con nosotros en el siguiente correo:<span>\u00a0<\/span><a href=\"mailto:secretariageneral@uniovi.es\">secretariageneral@uniovi.es<\/a><\/p>\n<\/div>\n<\/div>\n<\/section>\n<\/div>\n<\/div>\n<\/div>\n<\/div>\n<\/div>\n<\/div>\n<\/section>\n<\/div>\n<\/div>\n<\/div>\n<\/div>\n<\/div>\n<\/div>\n<\/section>\n<div id=\"logos\">\n<div class=\"container\">\n<div class=\"row \">\n<div class=\"col-12\"><\/div>\n<\/div>\n<\/div>\n<\/div>\n<\/div>\n<\/div>\n<\/section>\n<\/div>\n<\/div>\n<\/div>\n<\/div>\n<\/div>\n<\/div>\n<\/section>\n<\/div>\n<\/div>\n<\/div>\n<\/div>\n<\/div>\n<\/div>\n<\/section>\n<div id=\"logos\">\n<div class=\"container\">\n<div class=\"row \">\n<div class=\"col-12\"><\/div>\n<\/div>\n<\/div>\n<\/div>\n<p>[\/et_pb_text][\/et_pb_column][\/et_pb_row][\/et_pb_section]<\/p>\n","protected":false},"excerpt":{"rendered":"<p>Pol\u00edtica de Cookies Ponemos a disposici\u00f3n del usuario la presente pol\u00edtica de cookies, donde podr\u00e1n encontrar todos los detalles acerca del uso de cookies en nuestra p\u00e1gina web. Aconsejamos a los usuarios que visiten la presente pol\u00edtica de cookies con frecuencia, ya que \u00e9sta puede ser actualizada en cualquier momento. \u00bfQu\u00e9 es una cookie? Una [&hellip;]<\/p>\n","protected":false},"author":3,"featured_media":0,"parent":0,"menu_order":0,"comment_status":"closed","ping_status":"closed","template":"","meta":{"_et_pb_use_builder":"on","_et_pb_old_content":"","_et_gb_content_width":"","footnotes":""},"class_list":["post-434","page","type-page","status-publish","hentry"],"yoast_head":"<!-- This site is optimized with the Yoast SEO plugin v27.4 - https:\/\/yoast.com\/product\/yoast-seo-wordpress\/ -->\n<title>Pol\u00edtica de cookies - Universidad de Oviedo Internacional<\/title>\n<meta name=\"robots\" content=\"index, follow, max-snippet:-1, max-image-preview:large, max-video-preview:-1\" \/>\n<link rel=\"canonical\" href=\"https:\/\/www.unioviedo.es\/UOinternacional\/index.php\/politica-de-cookies\/\" \/>\n<meta property=\"og:locale\" content=\"es_ES\" \/>\n<meta property=\"og:type\" content=\"article\" \/>\n<meta property=\"og:title\" content=\"Pol\u00edtica de cookies - Universidad de Oviedo Internacional\" \/>\n<meta property=\"og:description\" content=\"Pol\u00edtica de Cookies Ponemos a disposici\u00f3n del usuario la presente pol\u00edtica de cookies, donde podr\u00e1n encontrar todos los detalles acerca del uso de cookies en nuestra p\u00e1gina web. Aconsejamos a los usuarios que visiten la presente pol\u00edtica de cookies con frecuencia, ya que \u00e9sta puede ser actualizada en cualquier momento. \u00bfQu\u00e9 es una cookie? Una [&hellip;]\" \/>\n<meta property=\"og:url\" content=\"https:\/\/www.unioviedo.es\/UOinternacional\/index.php\/politica-de-cookies\/\" \/>\n<meta property=\"og:site_name\" content=\"Universidad de Oviedo Internacional\" \/>\n<meta property=\"article:modified_time\" content=\"2025-11-19T13:03:50+00:00\" \/>\n<meta name=\"twitter:card\" content=\"summary_large_image\" \/>\n<meta name=\"twitter:label1\" content=\"Tiempo de lectura\" \/>\n\t<meta name=\"twitter:data1\" content=\"6 minutos\" \/>\n<script type=\"application\/ld+json\" class=\"yoast-schema-graph\">{\"@context\":\"https:\\\/\\\/schema.org\",\"@graph\":[{\"@type\":\"WebPage\",\"@id\":\"https:\\\/\\\/www.unioviedo.es\\\/UOinternacional\\\/index.php\\\/politica-de-cookies\\\/\",\"url\":\"https:\\\/\\\/www.unioviedo.es\\\/UOinternacional\\\/index.php\\\/politica-de-cookies\\\/\",\"name\":\"Pol\u00edtica de cookies - Universidad de Oviedo Internacional\",\"isPartOf\":{\"@id\":\"https:\\\/\\\/www.unioviedo.es\\\/UOinternacional\\\/#website\"},\"datePublished\":\"2025-11-19T13:03:08+00:00\",\"dateModified\":\"2025-11-19T13:03:50+00:00\",\"breadcrumb\":{\"@id\":\"https:\\\/\\\/www.unioviedo.es\\\/UOinternacional\\\/index.php\\\/politica-de-cookies\\\/#breadcrumb\"},\"inLanguage\":\"es\",\"potentialAction\":[{\"@type\":\"ReadAction\",\"target\":[\"https:\\\/\\\/www.unioviedo.es\\\/UOinternacional\\\/index.php\\\/politica-de-cookies\\\/\"]}]},{\"@type\":\"BreadcrumbList\",\"@id\":\"https:\\\/\\\/www.unioviedo.es\\\/UOinternacional\\\/index.php\\\/politica-de-cookies\\\/#breadcrumb\",\"itemListElement\":[{\"@type\":\"ListItem\",\"position\":1,\"name\":\"Portada\",\"item\":\"https:\\\/\\\/www.unioviedo.es\\\/UOinternacional\\\/\"},{\"@type\":\"ListItem\",\"position\":2,\"name\":\"Pol\u00edtica de cookies\"}]},{\"@type\":\"WebSite\",\"@id\":\"https:\\\/\\\/www.unioviedo.es\\\/UOinternacional\\\/#website\",\"url\":\"https:\\\/\\\/www.unioviedo.es\\\/UOinternacional\\\/\",\"name\":\"https:\\\/\\\/www.unioviedo.es\\\/UOinternacional\\\/\",\"description\":\"\",\"alternateName\":\"Universidad de Oviedo - uo internacional\",\"potentialAction\":[{\"@type\":\"SearchAction\",\"target\":{\"@type\":\"EntryPoint\",\"urlTemplate\":\"https:\\\/\\\/www.unioviedo.es\\\/UOinternacional\\\/?s={search_term_string}\"},\"query-input\":{\"@type\":\"PropertyValueSpecification\",\"valueRequired\":true,\"valueName\":\"search_term_string\"}}],\"inLanguage\":\"es\"}]}<\/script>\n<!-- \/ Yoast SEO plugin. -->","yoast_head_json":{"title":"Pol\u00edtica de cookies - Universidad de Oviedo Internacional","robots":{"index":"index","follow":"follow","max-snippet":"max-snippet:-1","max-image-preview":"max-image-preview:large","max-video-preview":"max-video-preview:-1"},"canonical":"https:\/\/www.unioviedo.es\/UOinternacional\/index.php\/politica-de-cookies\/","og_locale":"es_ES","og_type":"article","og_title":"Pol\u00edtica de cookies - Universidad de Oviedo Internacional","og_description":"Pol\u00edtica de Cookies Ponemos a disposici\u00f3n del usuario la presente pol\u00edtica de cookies, donde podr\u00e1n encontrar todos los detalles acerca del uso de cookies en nuestra p\u00e1gina web. Aconsejamos a los usuarios que visiten la presente pol\u00edtica de cookies con frecuencia, ya que \u00e9sta puede ser actualizada en cualquier momento. \u00bfQu\u00e9 es una cookie? Una [&hellip;]","og_url":"https:\/\/www.unioviedo.es\/UOinternacional\/index.php\/politica-de-cookies\/","og_site_name":"Universidad de Oviedo Internacional","article_modified_time":"2025-11-19T13:03:50+00:00","twitter_card":"summary_large_image","twitter_misc":{"Tiempo de lectura":"6 minutos"},"schema":{"@context":"https:\/\/schema.org","@graph":[{"@type":"WebPage","@id":"https:\/\/www.unioviedo.es\/UOinternacional\/index.php\/politica-de-cookies\/","url":"https:\/\/www.unioviedo.es\/UOinternacional\/index.php\/politica-de-cookies\/","name":"Pol\u00edtica de cookies - Universidad de Oviedo Internacional","isPartOf":{"@id":"https:\/\/www.unioviedo.es\/UOinternacional\/#website"},"datePublished":"2025-11-19T13:03:08+00:00","dateModified":"2025-11-19T13:03:50+00:00","breadcrumb":{"@id":"https:\/\/www.unioviedo.es\/UOinternacional\/index.php\/politica-de-cookies\/#breadcrumb"},"inLanguage":"es","potentialAction":[{"@type":"ReadAction","target":["https:\/\/www.unioviedo.es\/UOinternacional\/index.php\/politica-de-cookies\/"]}]},{"@type":"BreadcrumbList","@id":"https:\/\/www.unioviedo.es\/UOinternacional\/index.php\/politica-de-cookies\/#breadcrumb","itemListElement":[{"@type":"ListItem","position":1,"name":"Portada","item":"https:\/\/www.unioviedo.es\/UOinternacional\/"},{"@type":"ListItem","position":2,"name":"Pol\u00edtica de cookies"}]},{"@type":"WebSite","@id":"https:\/\/www.unioviedo.es\/UOinternacional\/#website","url":"https:\/\/www.unioviedo.es\/UOinternacional\/","name":"https:\/\/www.unioviedo.es\/UOinternacional\/","description":"","alternateName":"Universidad de Oviedo - uo internacional","potentialAction":[{"@type":"SearchAction","target":{"@type":"EntryPoint","urlTemplate":"https:\/\/www.unioviedo.es\/UOinternacional\/?s={search_term_string}"},"query-input":{"@type":"PropertyValueSpecification","valueRequired":true,"valueName":"search_term_string"}}],"inLanguage":"es"}]}},"_links":{"self":[{"href":"https:\/\/www.unioviedo.es\/UOinternacional\/index.php\/wp-json\/wp\/v2\/pages\/434","targetHints":{"allow":["GET"]}}],"collection":[{"href":"https:\/\/www.unioviedo.es\/UOinternacional\/index.php\/wp-json\/wp\/v2\/pages"}],"about":[{"href":"https:\/\/www.unioviedo.es\/UOinternacional\/index.php\/wp-json\/wp\/v2\/types\/page"}],"author":[{"embeddable":true,"href":"https:\/\/www.unioviedo.es\/UOinternacional\/index.php\/wp-json\/wp\/v2\/users\/3"}],"replies":[{"embeddable":true,"href":"https:\/\/www.unioviedo.es\/UOinternacional\/index.php\/wp-json\/wp\/v2\/comments?post=434"}],"version-history":[{"count":2,"href":"https:\/\/www.unioviedo.es\/UOinternacional\/index.php\/wp-json\/wp\/v2\/pages\/434\/revisions"}],"predecessor-version":[{"id":436,"href":"https:\/\/www.unioviedo.es\/UOinternacional\/index.php\/wp-json\/wp\/v2\/pages\/434\/revisions\/436"}],"wp:attachment":[{"href":"https:\/\/www.unioviedo.es\/UOinternacional\/index.php\/wp-json\/wp\/v2\/media?parent=434"}],"curies":[{"name":"wp","href":"https:\/\/api.w.org\/{rel}","templated":true}]}}