{"id":540,"date":"2025-11-22T13:57:41","date_gmt":"2025-11-22T12:57:41","guid":{"rendered":"https:\/\/www.unioviedo.es\/UOinternacional\/?page_id=540"},"modified":"2026-03-16T12:47:24","modified_gmt":"2026-03-16T11:47:24","slug":"copyright-fotografias","status":"publish","type":"page","link":"https:\/\/www.unioviedo.es\/UOinternacional\/index.php\/copyright-fotografias\/","title":{"rendered":"Copyright Fotograf\u00edas"},"content":{"rendered":"<p>[et_pb_section fb_built=\u00bb1&#8243; _builder_version=\u00bb4.27.4&#8243; _module_preset=\u00bbdefault\u00bb global_colors_info=\u00bb{}\u00bb][et_pb_row _builder_version=\u00bb4.27.4&#8243; _module_preset=\u00bbdefault\u00bb global_colors_info=\u00bb{}\u00bb][et_pb_column type=\u00bb4_4&#8243; _builder_version=\u00bb4.27.4&#8243; _module_preset=\u00bbdefault\u00bb global_colors_info=\u00bb{}\u00bb][et_pb_text _builder_version=\u00bb4.27.4&#8243; _module_preset=\u00bbdefault\u00bb hover_enabled=\u00bb0&#8243; global_colors_info=\u00bb{}\u00bb sticky_enabled=\u00bb0&#8243;]<\/p>\n<p style=\"font-weight: 400;\">\u00a9Turismo Asturias-No\u00e9 Baranda, Ignacio Ter\u00e1n<\/p>\n<p style=\"font-weight: 400;\">\u00a9 Universidad de Oviedo, 2025<\/p>\n<p style=\"font-weight: 400;\">\u00a9 Joaquin Fanjul<\/p>\n<p>[\/et_pb_text][et_pb_text _builder_version=\u00bb4.27.4&#8243; _module_preset=\u00bbdefault\u00bb hover_enabled=\u00bb0&#8243; global_colors_info=\u00bb{}\u00bb sticky_enabled=\u00bb0&#8243;]<\/p>\n<p style=\"font-weight: 400;\">Traducciones: Las traducciones de este sitio web en idiomas diferentes al espa\u00f1ol se realizan mediante herramientas de traducci\u00f3n autom\u00e1tica con inteligencia artificial. No se garantiza la exactitud total de dichas traducciones. En caso de duda, consulte la versi\u00f3n original en espa\u00f1ol. La Universidad de Oviedo no se hace responsable de las imprecisiones y errores que pudieran producirse en la traducci\u00f3n autom\u00e1tica.<\/p>\n<p>[\/et_pb_text][\/et_pb_column][\/et_pb_row][\/et_pb_section]<\/p>\n","protected":false},"excerpt":{"rendered":"<p>\u00a9Turismo Asturias-No\u00e9 Baranda, Ignacio Ter\u00e1n \u00a9 Universidad de Oviedo, 2025 \u00a9 Joaquin FanjulTraducciones: Las traducciones de este sitio web en idiomas diferentes al espa\u00f1ol se realizan mediante herramientas de traducci\u00f3n autom\u00e1tica con inteligencia artificial. No se garantiza la exactitud total de dichas traducciones. En caso de duda, consulte la versi\u00f3n original en espa\u00f1ol. La Universidad [&hellip;]<\/p>\n","protected":false},"author":3,"featured_media":0,"parent":0,"menu_order":0,"comment_status":"closed","ping_status":"closed","template":"","meta":{"_et_pb_use_builder":"on","_et_pb_old_content":"","_et_gb_content_width":"","footnotes":""},"class_list":["post-540","page","type-page","status-publish","hentry"],"yoast_head":"<!-- This site is optimized with the Yoast SEO plugin v27.4 - https:\/\/yoast.com\/product\/yoast-seo-wordpress\/ -->\n<title>Copyright Fotograf\u00edas - Universidad de Oviedo Internacional<\/title>\n<meta name=\"robots\" content=\"index, follow, max-snippet:-1, max-image-preview:large, max-video-preview:-1\" \/>\n<link rel=\"canonical\" href=\"https:\/\/www.unioviedo.es\/UOinternacional\/index.php\/copyright-fotografias\/\" \/>\n<meta property=\"og:locale\" content=\"es_ES\" \/>\n<meta property=\"og:type\" content=\"article\" \/>\n<meta property=\"og:title\" content=\"Copyright Fotograf\u00edas - Universidad de Oviedo Internacional\" \/>\n<meta property=\"og:description\" content=\"\u00a9Turismo Asturias-No\u00e9 Baranda, Ignacio Ter\u00e1n \u00a9 Universidad de Oviedo, 2025 \u00a9 Joaquin FanjulTraducciones: Las traducciones de este sitio web en idiomas diferentes al espa\u00f1ol se realizan mediante herramientas de traducci\u00f3n autom\u00e1tica con inteligencia artificial. No se garantiza la exactitud total de dichas traducciones. En caso de duda, consulte la versi\u00f3n original en espa\u00f1ol. La Universidad [&hellip;]\" \/>\n<meta property=\"og:url\" content=\"https:\/\/www.unioviedo.es\/UOinternacional\/index.php\/copyright-fotografias\/\" \/>\n<meta property=\"og:site_name\" content=\"Universidad de Oviedo Internacional\" \/>\n<meta property=\"article:modified_time\" content=\"2026-03-16T11:47:24+00:00\" \/>\n<meta name=\"twitter:card\" content=\"summary_large_image\" \/>\n<meta name=\"twitter:label1\" content=\"Tiempo de lectura\" \/>\n\t<meta name=\"twitter:data1\" content=\"1 minuto\" \/>\n<script type=\"application\/ld+json\" class=\"yoast-schema-graph\">{\"@context\":\"https:\\\/\\\/schema.org\",\"@graph\":[{\"@type\":\"WebPage\",\"@id\":\"https:\\\/\\\/www.unioviedo.es\\\/UOinternacional\\\/index.php\\\/copyright-fotografias\\\/\",\"url\":\"https:\\\/\\\/www.unioviedo.es\\\/UOinternacional\\\/index.php\\\/copyright-fotografias\\\/\",\"name\":\"Copyright Fotograf\u00edas - Universidad de Oviedo Internacional\",\"isPartOf\":{\"@id\":\"https:\\\/\\\/www.unioviedo.es\\\/UOinternacional\\\/#website\"},\"datePublished\":\"2025-11-22T12:57:41+00:00\",\"dateModified\":\"2026-03-16T11:47:24+00:00\",\"breadcrumb\":{\"@id\":\"https:\\\/\\\/www.unioviedo.es\\\/UOinternacional\\\/index.php\\\/copyright-fotografias\\\/#breadcrumb\"},\"inLanguage\":\"es\",\"potentialAction\":[{\"@type\":\"ReadAction\",\"target\":[\"https:\\\/\\\/www.unioviedo.es\\\/UOinternacional\\\/index.php\\\/copyright-fotografias\\\/\"]}]},{\"@type\":\"BreadcrumbList\",\"@id\":\"https:\\\/\\\/www.unioviedo.es\\\/UOinternacional\\\/index.php\\\/copyright-fotografias\\\/#breadcrumb\",\"itemListElement\":[{\"@type\":\"ListItem\",\"position\":1,\"name\":\"Portada\",\"item\":\"https:\\\/\\\/www.unioviedo.es\\\/UOinternacional\\\/\"},{\"@type\":\"ListItem\",\"position\":2,\"name\":\"Copyright Fotograf\u00edas\"}]},{\"@type\":\"WebSite\",\"@id\":\"https:\\\/\\\/www.unioviedo.es\\\/UOinternacional\\\/#website\",\"url\":\"https:\\\/\\\/www.unioviedo.es\\\/UOinternacional\\\/\",\"name\":\"https:\\\/\\\/www.unioviedo.es\\\/UOinternacional\\\/\",\"description\":\"\",\"alternateName\":\"Universidad de Oviedo - uo internacional\",\"potentialAction\":[{\"@type\":\"SearchAction\",\"target\":{\"@type\":\"EntryPoint\",\"urlTemplate\":\"https:\\\/\\\/www.unioviedo.es\\\/UOinternacional\\\/?s={search_term_string}\"},\"query-input\":{\"@type\":\"PropertyValueSpecification\",\"valueRequired\":true,\"valueName\":\"search_term_string\"}}],\"inLanguage\":\"es\"}]}<\/script>\n<!-- \/ Yoast SEO plugin. -->","yoast_head_json":{"title":"Copyright Fotograf\u00edas - Universidad de Oviedo Internacional","robots":{"index":"index","follow":"follow","max-snippet":"max-snippet:-1","max-image-preview":"max-image-preview:large","max-video-preview":"max-video-preview:-1"},"canonical":"https:\/\/www.unioviedo.es\/UOinternacional\/index.php\/copyright-fotografias\/","og_locale":"es_ES","og_type":"article","og_title":"Copyright Fotograf\u00edas - Universidad de Oviedo Internacional","og_description":"\u00a9Turismo Asturias-No\u00e9 Baranda, Ignacio Ter\u00e1n \u00a9 Universidad de Oviedo, 2025 \u00a9 Joaquin FanjulTraducciones: Las traducciones de este sitio web en idiomas diferentes al espa\u00f1ol se realizan mediante herramientas de traducci\u00f3n autom\u00e1tica con inteligencia artificial. No se garantiza la exactitud total de dichas traducciones. En caso de duda, consulte la versi\u00f3n original en espa\u00f1ol. La Universidad [&hellip;]","og_url":"https:\/\/www.unioviedo.es\/UOinternacional\/index.php\/copyright-fotografias\/","og_site_name":"Universidad de Oviedo Internacional","article_modified_time":"2026-03-16T11:47:24+00:00","twitter_card":"summary_large_image","twitter_misc":{"Tiempo de lectura":"1 minuto"},"schema":{"@context":"https:\/\/schema.org","@graph":[{"@type":"WebPage","@id":"https:\/\/www.unioviedo.es\/UOinternacional\/index.php\/copyright-fotografias\/","url":"https:\/\/www.unioviedo.es\/UOinternacional\/index.php\/copyright-fotografias\/","name":"Copyright Fotograf\u00edas - Universidad de Oviedo Internacional","isPartOf":{"@id":"https:\/\/www.unioviedo.es\/UOinternacional\/#website"},"datePublished":"2025-11-22T12:57:41+00:00","dateModified":"2026-03-16T11:47:24+00:00","breadcrumb":{"@id":"https:\/\/www.unioviedo.es\/UOinternacional\/index.php\/copyright-fotografias\/#breadcrumb"},"inLanguage":"es","potentialAction":[{"@type":"ReadAction","target":["https:\/\/www.unioviedo.es\/UOinternacional\/index.php\/copyright-fotografias\/"]}]},{"@type":"BreadcrumbList","@id":"https:\/\/www.unioviedo.es\/UOinternacional\/index.php\/copyright-fotografias\/#breadcrumb","itemListElement":[{"@type":"ListItem","position":1,"name":"Portada","item":"https:\/\/www.unioviedo.es\/UOinternacional\/"},{"@type":"ListItem","position":2,"name":"Copyright Fotograf\u00edas"}]},{"@type":"WebSite","@id":"https:\/\/www.unioviedo.es\/UOinternacional\/#website","url":"https:\/\/www.unioviedo.es\/UOinternacional\/","name":"https:\/\/www.unioviedo.es\/UOinternacional\/","description":"","alternateName":"Universidad de Oviedo - uo internacional","potentialAction":[{"@type":"SearchAction","target":{"@type":"EntryPoint","urlTemplate":"https:\/\/www.unioviedo.es\/UOinternacional\/?s={search_term_string}"},"query-input":{"@type":"PropertyValueSpecification","valueRequired":true,"valueName":"search_term_string"}}],"inLanguage":"es"}]}},"_links":{"self":[{"href":"https:\/\/www.unioviedo.es\/UOinternacional\/index.php\/wp-json\/wp\/v2\/pages\/540","targetHints":{"allow":["GET"]}}],"collection":[{"href":"https:\/\/www.unioviedo.es\/UOinternacional\/index.php\/wp-json\/wp\/v2\/pages"}],"about":[{"href":"https:\/\/www.unioviedo.es\/UOinternacional\/index.php\/wp-json\/wp\/v2\/types\/page"}],"author":[{"embeddable":true,"href":"https:\/\/www.unioviedo.es\/UOinternacional\/index.php\/wp-json\/wp\/v2\/users\/3"}],"replies":[{"embeddable":true,"href":"https:\/\/www.unioviedo.es\/UOinternacional\/index.php\/wp-json\/wp\/v2\/comments?post=540"}],"version-history":[{"count":3,"href":"https:\/\/www.unioviedo.es\/UOinternacional\/index.php\/wp-json\/wp\/v2\/pages\/540\/revisions"}],"predecessor-version":[{"id":880,"href":"https:\/\/www.unioviedo.es\/UOinternacional\/index.php\/wp-json\/wp\/v2\/pages\/540\/revisions\/880"}],"wp:attachment":[{"href":"https:\/\/www.unioviedo.es\/UOinternacional\/index.php\/wp-json\/wp\/v2\/media?parent=540"}],"curies":[{"name":"wp","href":"https:\/\/api.w.org\/{rel}","templated":true}]}}