{"id":105,"date":"2023-03-10T18:52:14","date_gmt":"2023-03-10T18:52:14","guid":{"rendered":"https:\/\/www.unioviedo.es\/XIIISeminarioRIPO\/?page_id=105"},"modified":"2023-04-13T15:26:59","modified_gmt":"2023-04-13T15:26:59","slug":"alojamiento","status":"publish","type":"page","link":"https:\/\/www.unioviedo.es\/XIIISeminarioRIPO\/index.php\/alojamiento\/","title":{"rendered":""},"content":{"rendered":"\n<p>En este espacio dispon\u00e9is de la informaci\u00f3n relativa a los establecimientos hoteleros con los que hemos mantenido contacto, a trav\u00e9s de Viajes Pig\u00fce\u00f1a, con objeto de ofrecer alojamientos a las personas que vais a asistir de manera presencial al XIII Seminario RIPO en Oviedo.<\/p>\n\n\n\n<p><strong>Contacto<\/strong><br>Viajes Pig\u00fce\u00f1a<br>C\/Maximino Cueva 1, Bajo<br>33420 Lugones (Asturias)<br>Correo: piguena@grupocalida.com<br>Tel: 985262672<br>Fax: 985264167<\/p>\n\n\n\n<p><strong>Hoteles <\/strong>de Oviedo (<strong><em>para reservas, llamar a Viajes Pig\u00fce\u00f1a<\/em><\/strong>). Disponemos de la informaci\u00f3n de los hoteles que figuran a continuaci\u00f3n. Consultar ubicaci\u00f3n.<\/p>\n\n\n\n<figure class=\"wp-block-table\"><table><tbody><tr><td><strong>Hotel<\/strong><\/td><td><strong>Direcci\u00f3n<\/strong><\/td><td><strong>DP<\/strong><\/td><td><strong>Tel\u00e9fono<\/strong><\/td><\/tr><tr><td><strong>NH Oviedo Principado &nbsp;4*<\/strong><\/td><td>San Francisco, 6<\/td><td>33003<\/td><td>985 21 77 92<\/td><\/tr><tr><td colspan=\"4\">Frente al edificio hist\u00f3rico de la Universidad. A 10-15 minutos de la Facultad de Formaci\u00f3n del Profesorado y Educaci\u00f3n. &nbsp; <br><br>Hab. Doble 115 \u20ac Hab. <br>Doble Uso Individual 106 \u20ac <br>Desayuno buffet incluido IVA incluido <br>&nbsp; <br>Enlace: <a href=\"https:\/\/www.nh-hoteles.es\/hotel\/nh-oviedo-principado\">https:\/\/www.nh-hoteles.es\/hotel\/nh-oviedo-principado<\/a><\/td><\/tr><tr><td><strong>Zentral Ramiro I&nbsp;&nbsp; 4*<\/strong><\/td><td>Leopoldo Calvo Sotelo, 13<\/td><td>33007<\/td><td>985 23 28 50<\/td><\/tr><tr><td colspan=\"4\">A 2 minutos de la Facultad de Formaci\u00f3n del Profesorado y Educaci\u00f3n. A 10-15 minutos del edificio hist\u00f3rico de la Universidad. &nbsp; <br><br>Hab. Doble (uso Individual) = 74\u20ac <br>Hab. Doble 83 \u20ac <br>Desayuno buffet incluido IVA incluido <br>&nbsp;<br>Enlace: <a href=\"https:\/\/hotelzentraloviedo.com\/\">https:\/\/hotelzentraloviedo.com\/<\/a><\/td><\/tr><tr><td><strong>Fruela &nbsp;3*<\/strong><\/td><td>Fruela, 3<\/td><td>33007<\/td><td>985 20 81 20<\/td><\/tr><tr><td colspan=\"4\">A 2 minutos del edificio hist\u00f3rico de la Universidad. A 10-15 minutos de la Facultad de Formaci\u00f3n del Profesorado y Educaci\u00f3n. &nbsp; <br>Hab. Doble Uso Individual 106 \u20ac <br>Desayuno buffet incluido IVA incluido &nbsp; <br><br>Enlace: <a href=\"https:\/\/www.hotelfruela.com\/\">https:\/\/www.hotelfruela.com\/<\/a><\/td><\/tr><tr><td><strong>Campoamor &nbsp;4*<\/strong><\/td><td>Arg\u00fcelles, 23<\/td><td>33003<\/td><td>985 21 07 20<\/td><\/tr><tr><td colspan=\"4\">A 3 minutos del edificio hist\u00f3rico de la Universidad. A 10-15 minutos de la Facultad de Formaci\u00f3n del Profesorado y Educaci\u00f3n. &nbsp; <br><br>Hab. Doble 85 \u20ac <br>Hab. Doble Uso Individual 75 \u20ac <br>Desayuno buffet incluido IVA incluido <br>&nbsp; <br>Enlace: <a href=\"http:\/\/www.hotelcampoamoroviedo.com\/\">http:\/\/www.hotelcampoamoroviedo.com\/<\/a><\/td><\/tr><tr><td colspan=\"4\">&nbsp;<\/td><\/tr><\/tbody><\/table><\/figure>\n\n\n\n<p>Otros Hoteles de Oviedo (Pendiente de recibir ofertas)<\/p>\n\n\n\n<figure class=\"wp-block-table\"><table><tbody><tr><td><strong>Hotel<\/strong><\/td><td><strong>Direcci\u00f3n<\/strong><\/td><td><strong>DP<\/strong><\/td><td><strong>Tel\u00e9fono<\/strong><\/td><\/tr><tr><td><strong>Eurostars Palacio de Cristal &nbsp;4*<\/strong><\/td><td>Policarpo Herrero, s\/n<\/td><td>33006<\/td><td>985964777<\/td><\/tr><tr><td colspan=\"4\">A 10 minutos de la Facultad de Formaci\u00f3n del Profesorado y Educaci\u00f3n. A 15-20 minutos del edificio hist\u00f3rico de la Universidad. &nbsp; <br><br>Enlace: <a href=\"https:\/\/www.eurostarshotels.com\/eurostars-palacio-de-cristal\">https:\/\/www.eurostarshotels.com\/eurostars-palacio-de-cristal<\/a><\/td><\/tr><tr><td><strong>Soho Boutique Oviedo&nbsp;&nbsp; 3*<\/strong><\/td><td>Mendizabal, 1<\/td><td>33003<\/td><td>985209396<\/td><\/tr><tr><td colspan=\"4\">A 2 minutos del edificio hist\u00f3rico de la Universidad. A 10-15 minutos de la Facultad de Formaci\u00f3n del Profesorado y Educaci\u00f3n. &nbsp; <br><br>Enlace: <a href=\"https:\/\/www.sohohoteles.com\/destinos\/hotel-soho-boutique-oviedo-3\/\">https:\/\/www.sohohoteles.com\/destinos\/hotel-soho-boutique-oviedo-3\/<\/a><\/td><\/tr><tr><td><strong>Gran Hotel Espa\u00f1a&nbsp; 4*<\/strong><\/td><td>Jovellanos, 2<\/td><td>33003<\/td><td>984114000<\/td><\/tr><tr><td colspan=\"4\">A 5 minutos del edificio hist\u00f3rico de la Universidad. A 15 minutos de la Facultad de Formaci\u00f3n del Profesorado y Educaci\u00f3n. &nbsp; <br><br>Enlace: <a href=\"https:\/\/www.granhotelespana.es\/\">https:\/\/www.granhotelespana.es\/<\/a><\/td><\/tr><tr><td><strong>Barcel\u00f3 Oviedo Cervantes 5*<\/strong><\/td><td>Cervantes, 13<\/td><td>33004<\/td><td>985255000<\/td><\/tr><tr><td colspan=\"4\">A 10 minutos del edificio hist\u00f3rico de la Universidad. A 10 minutos de la Facultad de Formaci\u00f3n del Profesorado y Educaci\u00f3n. &nbsp; <br><br>Enlace: <a href=\"https:\/\/www.barcelo.com\/es-es\/hoteles\/oviedo\/\">https:\/\/www.barcelo.com\/es-es\/hoteles\/oviedo\/<\/a><\/td><\/tr><tr><td><strong>Eurostars Hotel Reconquista 5*<\/strong><\/td><td>Gil de Jaz, 16<\/td><td>33004<\/td><td>985241100<\/td><\/tr><tr><td colspan=\"4\">A 10 minutos del edificio hist\u00f3rico de la Universidad. A 10 minutos de la Facultad de Formaci\u00f3n del Profesorado y Educaci\u00f3n. &nbsp; <br><br>Enlace: <a href=\"https:\/\/www.centraldereservas.com\/hoteles\/espana\/asturias\/asturias\/oviedo\/hotel-eurostars-de-la-reconquista-ex-melia\">https:\/\/www.centraldereservas.com\/hoteles\/espana\/asturias\/asturias\/oviedo\/hotel-eurostars-de-la-reconquista-ex-melia<\/a><\/td><\/tr><\/tbody><\/table><\/figure>\n\n\n\n<p><strong>Residencias Universitarias de la Universidad de Oviedo<\/strong>. Todas ellas ubicadas en Campus Universitario de Los Catalanes <a href=\"https:\/\/goo.gl\/maps\/75Etnb9Hk6UYdmKv5\" target=\"_blank\" rel=\"noreferrer noopener\">(ver ubicaci\u00f3n<\/a>).<\/p>\n\n\n\n<figure class=\"wp-block-table\"><table><tbody><tr><td><strong>Colegio\/Residencia<\/strong><\/td><td><strong>Direcci\u00f3n<\/strong><\/td><td><strong>DP<\/strong><\/td><td><strong>Tel\u00e9fono<\/strong><\/td><\/tr><tr><td><strong>Colegio Mayor San Gregorio<\/strong><\/td><td>Vald\u00e9s Salas, s\/n<\/td><td>33007<\/td><td>985109500<\/td><\/tr><tr><td colspan=\"4\">A 10 minutos de la Facultad de Formaci\u00f3n del Profesorado y Educaci\u00f3n. A 25 minutos del edificio hist\u00f3rico de la Universidad &nbsp; <br><br>10 Habit. Dobles = 18,96\u20ac pax.; uso individual = 22,96\u20ac <br>Alojamiento y desayuno incluidos &nbsp; <br><br>Direcciones de contacto: <a href=\"mailto:infocolegios@uniovi.es\">infocolegios@uniovi.es<\/a> <a href=\"https:\/\/sangregorio.uniovi.es\/inicio\">https:\/\/sangregorio.uniovi.es\/inicio<\/a> &nbsp;<\/td><\/tr><tr><td><strong>Colegio Mayor Am\u00e9rica<\/strong><\/td><td>Vald\u00e9s Salas, s\/n<\/td><td>33007<\/td><td>985109565<\/td><\/tr><tr><td colspan=\"4\">A 10 minutos de la Facultad de Formaci\u00f3n del Profesorado y Educaci\u00f3n. A 25 minutos del edificio hist\u00f3rico de la Universidad &nbsp; <br><br>No disponible informaci\u00f3n sobre tarifas de habitaciones y desayuno &nbsp; <br><br>Direcciones de contacto: <a href=\"mailto:infocolegios@uniovi.es\">infocolegios@uniovi.es<\/a> &nbsp;<\/td><\/tr><tr><td><strong>Residencia Altamira<\/strong><\/td><td>Vald\u00e9s Salas, s\/n<\/td><td>33007<\/td><td>985109501<\/td><\/tr><tr><td colspan=\"4\">A 10 minutos de la Facultad de Formaci\u00f3n del Profesorado y Educaci\u00f3n. A 25 minutos del edificio hist\u00f3rico de la Universidad &nbsp; <br><br>2 Habit. Dobles (tambi\u00e9n se pueden usar como individuales) = 35,15\u20ac, 2 personas <br>2 Habit. Individuales; 28,58\u20ac Alojamiento y desayuno incluidos &nbsp; <br><br>Direcciones de contacto: <a href=\"https:\/\/altamira.uniovi.es\/plaza\">https:\/\/altamira.uniovi.es\/plaza<\/a> <a href=\"https:\/\/altamira.uniovi.es\/inicio\">https:\/\/altamira.uniovi.es\/inicio<\/a> &nbsp;<\/td><\/tr><\/tbody><\/table><figcaption class=\"wp-element-caption\">Localizaci\u00f3n<\/figcaption><\/figure>\n\n\n\n<iframe src=\"https:\/\/www.google.com\/maps\/embed?pb=!1m18!1m12!1m3!1d1450.462451442613!2d-5.852449909687218!3d43.35768141806638!2m3!1f0!2f0!3f0!3m2!1i1024!2i768!4f13.1!3m3!1m2!1s0xd368ce3d66da7a1%3A0x7982e17c3335b1bc!2sFacultad%20de%20Formaci%C3%B3n%20del%20Profesorado%20y%20Educaci%C3%B3n%20(Edificio%20Norte)!5e0!3m2!1ses!2ses!4v1678190088758!5m2!1ses!2ses\" width=\"600\" height=\"450\" style=\"border:0;\" allowfullscreen=\"\" loading=\"lazy\" referrerpolicy=\"no-referrer-when-downgrade\"><\/iframe>\n","protected":false},"excerpt":{"rendered":"<p>En este espacio dispon\u00e9is de la informaci\u00f3n relativa a los establecimientos hoteleros con los que hemos mantenido contacto, a trav\u00e9s de Viajes Pig\u00fce\u00f1a, con objeto de ofrecer alojamientos a las personas que vais a asistir de manera presencial al XIII Seminario RIPO en Oviedo. ContactoViajes Pig\u00fce\u00f1aC\/Maximino Cueva 1, Bajo33420 Lugones (Asturias)Correo: piguena@grupocalida.comTel: 985262672Fax: 985264167 Hoteles &#8230; <a title=\"\" class=\"read-more\" href=\"https:\/\/www.unioviedo.es\/XIIISeminarioRIPO\/index.php\/alojamiento\/\" aria-label=\"M\u00e1s en \">Leer m\u00e1s<\/a><\/p>\n","protected":false},"author":1,"featured_media":0,"parent":0,"menu_order":0,"comment_status":"closed","ping_status":"closed","template":"","meta":{"footnotes":""},"class_list":["post-105","page","type-page","status-publish"],"_links":{"self":[{"href":"https:\/\/www.unioviedo.es\/XIIISeminarioRIPO\/index.php\/wp-json\/wp\/v2\/pages\/105","targetHints":{"allow":["GET"]}}],"collection":[{"href":"https:\/\/www.unioviedo.es\/XIIISeminarioRIPO\/index.php\/wp-json\/wp\/v2\/pages"}],"about":[{"href":"https:\/\/www.unioviedo.es\/XIIISeminarioRIPO\/index.php\/wp-json\/wp\/v2\/types\/page"}],"author":[{"embeddable":true,"href":"https:\/\/www.unioviedo.es\/XIIISeminarioRIPO\/index.php\/wp-json\/wp\/v2\/users\/1"}],"replies":[{"embeddable":true,"href":"https:\/\/www.unioviedo.es\/XIIISeminarioRIPO\/index.php\/wp-json\/wp\/v2\/comments?post=105"}],"version-history":[{"count":12,"href":"https:\/\/www.unioviedo.es\/XIIISeminarioRIPO\/index.php\/wp-json\/wp\/v2\/pages\/105\/revisions"}],"predecessor-version":[{"id":253,"href":"https:\/\/www.unioviedo.es\/XIIISeminarioRIPO\/index.php\/wp-json\/wp\/v2\/pages\/105\/revisions\/253"}],"wp:attachment":[{"href":"https:\/\/www.unioviedo.es\/XIIISeminarioRIPO\/index.php\/wp-json\/wp\/v2\/media?parent=105"}],"curies":[{"name":"wp","href":"https:\/\/api.w.org\/{rel}","templated":true}]}}