{"id":108,"date":"2023-03-10T18:53:09","date_gmt":"2023-03-10T18:53:09","guid":{"rendered":"https:\/\/www.unioviedo.es\/XIIISeminarioRIPO\/?page_id=108"},"modified":"2023-04-14T15:59:50","modified_gmt":"2023-04-14T15:59:50","slug":"organizadores","status":"publish","type":"page","link":"https:\/\/www.unioviedo.es\/XIIISeminarioRIPO\/index.php\/organizadores\/","title":{"rendered":""},"content":{"rendered":"\n<p class=\"has-medium-font-size\"><strong>Comit\u00e9 cient\u00edfico<\/strong>\u00a0<\/p>\n\n\n\n<div class=\"wp-block-media-text alignwide is-stacked-on-mobile\" style=\"grid-template-columns:15% auto\"><figure class=\"wp-block-media-text__media\"><img loading=\"lazy\" decoding=\"async\" width=\"120\" height=\"114\" src=\"http:\/\/www.unioviedo.es\/XIIISeminarioRIPO\/wp-content\/uploads\/2023\/04\/foto.png\" alt=\"\" class=\"wp-image-338 size-full\"\/><\/figure><div class=\"wp-block-media-text__content\">\n<p>Joaqu\u00edn Lorenzo Burguera Condon. Profesor Contratado Doctor. \u00c1rea de M\u00e9todos de Investigaci\u00f3n y Diagn\u00f3stico en Educaci\u00f3n (MIDE). Departamento de Ciencias de la Educaci\u00f3n.<br><strong>Coordinador<\/strong>.<\/p>\n\n\n\n<p>Mar\u00eda del Henar P\u00e9rez Herrero. Profesora Titular de Universidad. \u00c1rea de M\u00e9todos de Investigaci\u00f3n y Diagn\u00f3stico en Educaci\u00f3n (MIDE). Departamento de Ciencias de la Educaci\u00f3n.<br><strong>Coordinadora<\/strong>.\u00a0<\/p>\n\n\n\n<p>Raquel-Amaya Mart\u00ednez Gonz\u00e1lez. Catedr\u00e1tica de Universidad. \u00c1rea de M\u00e9todos de Investigaci\u00f3n y Diagn\u00f3stico en Educaci\u00f3n (MIDE). Departamento de Ciencias de la Educaci\u00f3n.<\/p>\n\n\n\n<p>Jos\u00e9 Miguel Arias Blanco. Profesor Titular de Universidad. \u00c1rea de M\u00e9todos de Investigaci\u00f3n y Diagn\u00f3stico en Educaci\u00f3n (MIDE). Departamento de Ciencias de la Educaci\u00f3n.<\/p>\n\n\n\n<p>Marcelino Fern\u00e1ndez-Raigoso Casta\u00f1o. Profesor Titular de Escuela Universitaria. \u00c1rea de M\u00e9todos de Investigaci\u00f3n y Diagn\u00f3stico en Educaci\u00f3n (MIDE). Departamento de Ciencias de la Educaci\u00f3n.<\/p>\n\n\n\n<p>Jos\u00e9 Ramiro Mart\u00eds Fl\u00f3rez. Profesor Ayudante Doctor. \u00c1rea de M\u00e9todos de Investigaci\u00f3n y Diagn\u00f3stico en Educaci\u00f3n (MIDE). Departamento de Ciencias de la Educaci\u00f3n.<\/p>\n<\/div><\/div>\n\n\n\n<p><strong>Comit\u00e9 t\u00e9cnico<\/strong>\u00a0<\/p>\n\n\n\n<div class=\"wp-block-media-text alignwide is-stacked-on-mobile\" style=\"grid-template-columns:15% auto\"><figure class=\"wp-block-media-text__media\"><img loading=\"lazy\" decoding=\"async\" width=\"120\" height=\"114\" src=\"http:\/\/www.unioviedo.es\/XIIISeminarioRIPO\/wp-content\/uploads\/2023\/04\/foto.png\" alt=\"\" class=\"wp-image-338 size-full\"\/><\/figure><div class=\"wp-block-media-text__content\">\n<p>Beatriz Rodr\u00edguez Ruiz. Profesora Contratada Doctora. \u00c1rea de M\u00e9todos de Investigaci\u00f3n y Diagn\u00f3stico en Educaci\u00f3n (MIDE). Departamento de Ciencias de la Educaci\u00f3n.<\/p>\n\n\n\n<p>Luc\u00eda \u00c1lvarez Blanco. Profesora Contratada Doctora. \u00c1rea de M\u00e9todos de Investigaci\u00f3n y Diagn\u00f3stico en Educaci\u00f3n (MIDE). Departamento de Ciencias de la Educaci\u00f3n.<\/p>\n\n\n\n<p>Mirian Miranda Morais. Profesora Asociada. \u00c1rea de M\u00e9todos de Investigaci\u00f3n y Diagn\u00f3stico en Educaci\u00f3n (MIDE). Departamento de Ciencias de la Educaci\u00f3n.\u00a0<\/p>\n\n\n\n<p>Ver\u00f3nica Garc\u00eda D\u00edaz. Profesora Sustituta. \u00c1rea de M\u00e9todos de Investigaci\u00f3n y Diagn\u00f3stico en Educaci\u00f3n (MIDE). Departamento de Ciencias de la Educaci\u00f3n.\u00a0\u00a0<\/p>\n\n\n\n<p>Marta Virg\u00f3s S\u00e1nchez. Profesora Sustituta. \u00c1rea de M\u00e9todos de Investigaci\u00f3n y Diagn\u00f3stico en Educaci\u00f3n (MIDE). Departamento de Ciencias de la Educaci\u00f3n.\u00a0\u00a0<\/p>\n\n\n\n<p>Natalia Rodr\u00edguez Mu\u00f1iz. Profesora Investigadora en Formaci\u00f3n. \u00c1rea de M\u00e9todos de Investigaci\u00f3n y Diagn\u00f3stico en Educaci\u00f3n (MIDE). Departamento de Ciencias de la Educaci\u00f3n.<\/p>\n<\/div><\/div>\n","protected":false},"excerpt":{"rendered":"<p>Comit\u00e9 cient\u00edfico\u00a0 Joaqu\u00edn Lorenzo Burguera Condon. Profesor Contratado Doctor. \u00c1rea de M\u00e9todos de Investigaci\u00f3n y Diagn\u00f3stico en Educaci\u00f3n (MIDE). Departamento de Ciencias de la Educaci\u00f3n.Coordinador. Mar\u00eda del Henar P\u00e9rez Herrero. Profesora Titular de Universidad. \u00c1rea de M\u00e9todos de Investigaci\u00f3n y Diagn\u00f3stico en Educaci\u00f3n (MIDE). Departamento de Ciencias de la Educaci\u00f3n.Coordinadora.\u00a0 Raquel-Amaya Mart\u00ednez Gonz\u00e1lez. Catedr\u00e1tica de &#8230; <a title=\"\" class=\"read-more\" href=\"https:\/\/www.unioviedo.es\/XIIISeminarioRIPO\/index.php\/organizadores\/\" aria-label=\"M\u00e1s en \">Leer m\u00e1s<\/a><\/p>\n","protected":false},"author":1,"featured_media":0,"parent":0,"menu_order":0,"comment_status":"closed","ping_status":"closed","template":"","meta":{"footnotes":""},"class_list":["post-108","page","type-page","status-publish"],"_links":{"self":[{"href":"https:\/\/www.unioviedo.es\/XIIISeminarioRIPO\/index.php\/wp-json\/wp\/v2\/pages\/108","targetHints":{"allow":["GET"]}}],"collection":[{"href":"https:\/\/www.unioviedo.es\/XIIISeminarioRIPO\/index.php\/wp-json\/wp\/v2\/pages"}],"about":[{"href":"https:\/\/www.unioviedo.es\/XIIISeminarioRIPO\/index.php\/wp-json\/wp\/v2\/types\/page"}],"author":[{"embeddable":true,"href":"https:\/\/www.unioviedo.es\/XIIISeminarioRIPO\/index.php\/wp-json\/wp\/v2\/users\/1"}],"replies":[{"embeddable":true,"href":"https:\/\/www.unioviedo.es\/XIIISeminarioRIPO\/index.php\/wp-json\/wp\/v2\/comments?post=108"}],"version-history":[{"count":9,"href":"https:\/\/www.unioviedo.es\/XIIISeminarioRIPO\/index.php\/wp-json\/wp\/v2\/pages\/108\/revisions"}],"predecessor-version":[{"id":339,"href":"https:\/\/www.unioviedo.es\/XIIISeminarioRIPO\/index.php\/wp-json\/wp\/v2\/pages\/108\/revisions\/339"}],"wp:attachment":[{"href":"https:\/\/www.unioviedo.es\/XIIISeminarioRIPO\/index.php\/wp-json\/wp\/v2\/media?parent=108"}],"curies":[{"name":"wp","href":"https:\/\/api.w.org\/{rel}","templated":true}]}}