{"id":111,"date":"2023-03-10T18:54:28","date_gmt":"2023-03-10T18:54:28","guid":{"rendered":"https:\/\/www.unioviedo.es\/XIIISeminarioRIPO\/?page_id=111"},"modified":"2023-04-14T15:32:42","modified_gmt":"2023-04-14T15:32:42","slug":"patrocinadores","status":"publish","type":"page","link":"https:\/\/www.unioviedo.es\/XIIISeminarioRIPO\/index.php\/patrocinadores\/","title":{"rendered":""},"content":{"rendered":"\n<p class=\"has-medium-font-size\"><strong>Patrocinadores<\/strong>&nbsp;<\/p>\n\n\n\n<p>En la organizaci\u00f3n y patrocinio del XIII Seminario de la Red Interuniversitaria de Profesorado de Orientaci\u00f3n (RIPO) participan las entidades e instituciones siguientes:\u00a0<\/p>\n\n\n\n<div class=\"wp-block-columns is-layout-flex wp-container-core-columns-is-layout-9d6595d7 wp-block-columns-is-layout-flex\">\n<div class=\"wp-block-column is-layout-flow wp-block-column-is-layout-flow\" style=\"flex-basis:100%\">\n<div class=\"wp-block-columns is-layout-flex wp-container-core-columns-is-layout-9d6595d7 wp-block-columns-is-layout-flex\">\n<div class=\"wp-block-column is-layout-flow wp-block-column-is-layout-flow\" style=\"flex-basis:100%\">\n<div class=\"wp-block-columns alignwide are-vertically-aligned-center is-layout-flex wp-container-core-columns-is-layout-9d6595d7 wp-block-columns-is-layout-flex\">\n<div class=\"wp-block-column is-vertically-aligned-center is-layout-flow wp-block-column-is-layout-flow\"><div class=\"wp-block-image\">\n<figure class=\"aligncenter size-full is-resized\"><img loading=\"lazy\" decoding=\"async\" src=\"http:\/\/www.unioviedo.es\/XIIISeminarioRIPO\/wp-content\/uploads\/2023\/04\/Logo-Universidad-de-Oviedo.jpg-2.png\" alt=\"\" class=\"wp-image-280\" width=\"139\" height=\"103\" srcset=\"https:\/\/www.unioviedo.es\/XIIISeminarioRIPO\/wp-content\/uploads\/2023\/04\/Logo-Universidad-de-Oviedo.jpg-2.png 1000w, https:\/\/www.unioviedo.es\/XIIISeminarioRIPO\/wp-content\/uploads\/2023\/04\/Logo-Universidad-de-Oviedo.jpg-2-300x221.png 300w, https:\/\/www.unioviedo.es\/XIIISeminarioRIPO\/wp-content\/uploads\/2023\/04\/Logo-Universidad-de-Oviedo.jpg-2-768x566.png 768w\" sizes=\"auto, (max-width: 139px) 100vw, 139px\" \/><figcaption class=\"wp-element-caption\"><a href=\"https:\/\/www.uniovi.es\/\" target=\"_blank\" rel=\"noreferrer noopener\">Universidad de Oviedo<\/a><\/figcaption><\/figure>\n<\/div><\/div>\n\n\n\n<div class=\"wp-block-column is-vertically-aligned-center is-layout-flow wp-block-column-is-layout-flow\"><div class=\"wp-block-image\">\n<figure class=\"aligncenter size-large is-resized\"><img loading=\"lazy\" decoding=\"async\" src=\"http:\/\/www.unioviedo.es\/XIIISeminarioRIPO\/wp-content\/uploads\/2023\/04\/Logo-Dpto.-Ciencias-de-la-Educacion-1-1024x334.png\" alt=\"\" class=\"wp-image-260\" width=\"240\" height=\"78\"\/><figcaption class=\"wp-element-caption\"><a href=\"https:\/\/www.uniovi.es\/conocenos\/departamentos\/csociales\/ccedu\" target=\"_blank\" rel=\"noreferrer noopener\">Departamento de Ciencias de la Educaci\u00f3n<\/a><\/figcaption><\/figure>\n<\/div><\/div>\n\n\n\n<div class=\"wp-block-column is-vertically-aligned-center is-layout-flow wp-block-column-is-layout-flow\"><div class=\"wp-block-image\">\n<figure class=\"aligncenter size-full is-resized\"><img loading=\"lazy\" decoding=\"async\" src=\"http:\/\/www.unioviedo.es\/XIIISeminarioRIPO\/wp-content\/uploads\/2023\/04\/thumbnail_image.png\" alt=\"Facultad de Formaci\u00f3n del Profesorado y Educaci\u00f3n\" class=\"wp-image-255\" width=\"221\" height=\"84\" srcset=\"https:\/\/www.unioviedo.es\/XIIISeminarioRIPO\/wp-content\/uploads\/2023\/04\/thumbnail_image.png 356w, https:\/\/www.unioviedo.es\/XIIISeminarioRIPO\/wp-content\/uploads\/2023\/04\/thumbnail_image-300x114.png 300w\" sizes=\"auto, (max-width: 221px) 100vw, 221px\" \/><figcaption class=\"wp-element-caption\"><a href=\"https:\/\/www.uniovi.es\/conocenos\/centros\/facultades\/fpe\" target=\"_blank\" rel=\"noreferrer noopener\">Facultad de Formaci\u00f3n del Profesorado y Educaci\u00f3n<\/a><\/figcaption><\/figure>\n<\/div><\/div>\n<\/div>\n\n\n\n<div class=\"wp-block-columns is-layout-flex wp-container-core-columns-is-layout-9d6595d7 wp-block-columns-is-layout-flex\">\n<div class=\"wp-block-column is-layout-flow wp-block-column-is-layout-flow\"><div class=\"wp-block-image\">\n<figure class=\"alignleft size-medium is-resized\"><img loading=\"lazy\" decoding=\"async\" src=\"https:\/\/www.unioviedo.es\/XIIISeminarioRIPO\/wp-content\/uploads\/2023\/04\/logoaidipe-300x117.png\" alt=\"Asociaci\u00f3n Interuniversitaria de Investigaci\u00f3n en Pedagog\u00eda\" class=\"wp-image-256\" width=\"150\" height=\"59\" srcset=\"https:\/\/www.unioviedo.es\/XIIISeminarioRIPO\/wp-content\/uploads\/2023\/04\/logoaidipe-300x117.png 300w, https:\/\/www.unioviedo.es\/XIIISeminarioRIPO\/wp-content\/uploads\/2023\/04\/logoaidipe.png 592w\" sizes=\"auto, (max-width: 150px) 100vw, 150px\" \/><figcaption class=\"wp-element-caption\"><a rel=\"noreferrer noopener\" href=\"http:\/\/aidipe.org\" target=\"_blank\">Asociaci\u00f3n Interuniversitaria de Investigaci\u00f3n en Pedagog\u00eda<\/a><\/figcaption><\/figure>\n<\/div><\/div>\n\n\n\n<div class=\"wp-block-column is-layout-flow wp-block-column-is-layout-flow\"><\/div>\n\n\n\n<div class=\"wp-block-column is-layout-flow wp-block-column-is-layout-flow\"><\/div>\n<\/div>\n<\/div>\n<\/div>\n<\/div>\n<\/div>\n\n\n\n<p><\/p>\n","protected":false},"excerpt":{"rendered":"<p>Patrocinadores&nbsp; En la organizaci\u00f3n y patrocinio del XIII Seminario de la Red Interuniversitaria de Profesorado de Orientaci\u00f3n (RIPO) participan las entidades e instituciones siguientes:\u00a0<\/p>\n","protected":false},"author":1,"featured_media":0,"parent":0,"menu_order":0,"comment_status":"closed","ping_status":"closed","template":"","meta":{"footnotes":""},"class_list":["post-111","page","type-page","status-publish"],"_links":{"self":[{"href":"https:\/\/www.unioviedo.es\/XIIISeminarioRIPO\/index.php\/wp-json\/wp\/v2\/pages\/111","targetHints":{"allow":["GET"]}}],"collection":[{"href":"https:\/\/www.unioviedo.es\/XIIISeminarioRIPO\/index.php\/wp-json\/wp\/v2\/pages"}],"about":[{"href":"https:\/\/www.unioviedo.es\/XIIISeminarioRIPO\/index.php\/wp-json\/wp\/v2\/types\/page"}],"author":[{"embeddable":true,"href":"https:\/\/www.unioviedo.es\/XIIISeminarioRIPO\/index.php\/wp-json\/wp\/v2\/users\/1"}],"replies":[{"embeddable":true,"href":"https:\/\/www.unioviedo.es\/XIIISeminarioRIPO\/index.php\/wp-json\/wp\/v2\/comments?post=111"}],"version-history":[{"count":42,"href":"https:\/\/www.unioviedo.es\/XIIISeminarioRIPO\/index.php\/wp-json\/wp\/v2\/pages\/111\/revisions"}],"predecessor-version":[{"id":331,"href":"https:\/\/www.unioviedo.es\/XIIISeminarioRIPO\/index.php\/wp-json\/wp\/v2\/pages\/111\/revisions\/331"}],"wp:attachment":[{"href":"https:\/\/www.unioviedo.es\/XIIISeminarioRIPO\/index.php\/wp-json\/wp\/v2\/media?parent=111"}],"curies":[{"name":"wp","href":"https:\/\/api.w.org\/{rel}","templated":true}]}}