{"id":115,"date":"2023-03-10T18:55:04","date_gmt":"2023-03-10T18:55:04","guid":{"rendered":"https:\/\/www.unioviedo.es\/XIIISeminarioRIPO\/?page_id=115"},"modified":"2023-04-21T16:21:23","modified_gmt":"2023-04-21T16:21:23","slug":"documentacion","status":"publish","type":"page","link":"https:\/\/www.unioviedo.es\/XIIISeminarioRIPO\/index.php\/documentacion\/","title":{"rendered":""},"content":{"rendered":"\n<p class=\"has-text-align-center has-accent-color has-text-color has-medium-font-size\"><strong>RIPO<\/strong><\/p>\n\n\n\n<p class=\"has-accent-color has-text-color\"><strong>Aportaciones<\/strong><\/p>\n\n\n\n<p>En esta secci\u00f3n se habilitar\u00e1 en breve un espacio para que envi\u00e9is vuestras aportaciones (p\u00f3ster) al XIII Seminario RIPO Oviedo.<\/p>\n\n\n\n<p>Recordad que el env\u00edo de las aportaciones-p\u00f3ster tiene como objetivos:<\/p>\n\n\n\n<ul class=\"wp-block-list\">\n<li>Difundir y compartir el trabajo (investigaci\u00f3n, innovaci\u00f3n, reto, etc.) que se est\u00e1 realizando.<\/li>\n\n\n\n<li>Justificar, ante quien corresponda, la asistencia y participaci\u00f3n con comunicaci\u00f3n en el XIII Seminario RIPO en Oviedo y as\u00ed, poder hacer frente a los gastos originados por la asistencia al Seminario.<\/li>\n<\/ul>\n\n\n\n<p class=\"has-accent-color has-text-color\"><strong>Instrucciones para el env\u00edo de p\u00f3steres:<\/strong><\/p>\n\n\n\n<ul class=\"wp-block-list\">\n<li>Los p\u00f3steres deben ir maquetados en formato <strong>DIN A0<\/strong> (84,1 x 118,9 cms. o 841 x 1189 mms.).<\/li>\n\n\n\n<li>De manera preferente, por favor, en orientaci\u00f3n vertical.<\/li>\n\n\n\n<li>Se enviar\u00e1n en formato pdf.<\/li>\n\n\n\n<li>RIPO-Oviedo se hace responsable de imprimir los p\u00f3steres y asume el coste de impresi\u00f3n de todos ellos.<\/li>\n<\/ul>\n\n\n\n<div class=\"wp-block-columns are-vertically-aligned-top is-layout-flex wp-container-core-columns-is-layout-9d6595d7 wp-block-columns-is-layout-flex\">\n<div class=\"wp-block-column is-vertically-aligned-top is-layout-flow wp-block-column-is-layout-flow\" style=\"flex-basis:50%\"><script type=\"text\/javascript\">var gform;gform||(document.addEventListener(\"gform_main_scripts_loaded\",function(){gform.scriptsLoaded=!0}),window.addEventListener(\"DOMContentLoaded\",function(){gform.domLoaded=!0}),gform={domLoaded:!1,scriptsLoaded:!1,initializeOnLoaded:function(o){gform.domLoaded&&gform.scriptsLoaded?o():!gform.domLoaded&&gform.scriptsLoaded?window.addEventListener(\"DOMContentLoaded\",o):document.addEventListener(\"gform_main_scripts_loaded\",o)},hooks:{action:{},filter:{}},addAction:function(o,n,r,t){gform.addHook(\"action\",o,n,r,t)},addFilter:function(o,n,r,t){gform.addHook(\"filter\",o,n,r,t)},doAction:function(o){gform.doHook(\"action\",o,arguments)},applyFilters:function(o){return gform.doHook(\"filter\",o,arguments)},removeAction:function(o,n){gform.removeHook(\"action\",o,n)},removeFilter:function(o,n,r){gform.removeHook(\"filter\",o,n,r)},addHook:function(o,n,r,t,i){null==gform.hooks[o][n]&&(gform.hooks[o][n]=[]);var e=gform.hooks[o][n];null==i&&(i=n+\"_\"+e.length),gform.hooks[o][n].push({tag:i,callable:r,priority:t=null==t?10:t})},doHook:function(n,o,r){var t;if(r=Array.prototype.slice.call(r,1),null!=gform.hooks[n][o]&&((o=gform.hooks[n][o]).sort(function(o,n){return o.priority-n.priority}),o.forEach(function(o){\"function\"!=typeof(t=o.callable)&&(t=window[t]),\"action\"==n?t.apply(null,r):r[0]=t.apply(null,r)})),\"filter\"==n)return r[0]},removeHook:function(o,n,t,i){var r;null!=gform.hooks[o][n]&&(r=(r=gform.hooks[o][n]).filter(function(o,n,r){return!!(null!=i&&i!=o.tag||null!=t&&t!=o.priority)}),gform.hooks[o][n]=r)}});<\/script>\n                <div class='gf_browser_gecko gform_wrapper gravity-theme' id='gform_wrapper_2' >\n                        <div class='gform_heading'>\n                            <span class='gform_description'><\/span>\n                        <\/div><form method='post' enctype='multipart\/form-data'  id='gform_2'  action='\/XIIISeminarioRIPO\/index.php\/wp-json\/wp\/v2\/pages\/115' novalidate>\n                        <div class='gform_body gform-body'><div id='gform_fields_2' class='gform_fields top_label form_sublabel_below description_below'><div id=\"field_2_1\"  class=\"gfield field_sublabel_below field_description_below gfield_visibility_visible\"  data-js-reload=\"field_2_1\"><label class='gfield_label' for='input_2_1' >Enlace para env\u00edo P\u00f3ster:\u00a0<\/label><div class='ginput_container ginput_container_fileupload'><input type='hidden' name='MAX_FILE_SIZE' value='8388608' \/><input name='input_1' id='input_2_1' type='file' class='large' aria-describedby=\"gfield_upload_rules_2_1\" onchange='javascript:gformValidateFileSize( this, 8388608 );'  \/><span class='gform_fileupload_rules' id='gfield_upload_rules_2_1'>Tama\u00f1o m\u00e1ximo de archivo: 8 MB.<\/span><div class='validation_message validation_message--hidden-on-empty' id='live_validation_message_2_1'><\/div><\/div><\/div><\/div><\/div>\n        <div class='gform_footer top_label'> <input type='submit' id='gform_submit_button_2' class='gform_button button' value='Enviar'  onclick='if(window[\"gf_submitting_2\"]){return false;}  if( !jQuery(\"#gform_2\")[0].checkValidity || jQuery(\"#gform_2\")[0].checkValidity()){window[\"gf_submitting_2\"]=true;}  ' onkeypress='if( event.keyCode == 13 ){ if(window[\"gf_submitting_2\"]){return false;} if( !jQuery(\"#gform_2\")[0].checkValidity || jQuery(\"#gform_2\")[0].checkValidity()){window[\"gf_submitting_2\"]=true;}  jQuery(\"#gform_2\").trigger(\"submit\",[true]); }' \/> \n            <input type='hidden' class='gform_hidden' name='is_submit_2' value='1' \/>\n            <input type='hidden' class='gform_hidden' name='gform_submit' value='2' \/>\n            \n            <input type='hidden' class='gform_hidden' name='gform_unique_id' value='' \/>\n            <input type='hidden' class='gform_hidden' name='state_2' value='WyJbXSIsIjllYTU5Mjg2OTg2MTEyYTQzMjgyYjM0MzVhOGIwODM2Il0=' \/>\n            <input type='hidden' class='gform_hidden' name='gform_target_page_number_2' id='gform_target_page_number_2' value='0' \/>\n            <input type='hidden' class='gform_hidden' name='gform_source_page_number_2' id='gform_source_page_number_2' value='1' \/>\n            <input type='hidden' name='gform_field_values' value='' \/>\n            \n        <\/div>\n                        <\/form>\n                        <\/div><\/div>\n<\/div>\n\n\n\n<p>Por eso, os solicitamos, por favor, que nos los hag\u00e1is llegar con suficiente antelaci\u00f3n, con objeto de enviarlos a imprimir y organizar su ubicaci\u00f3n durante las jornadas del XIII Seminario RIPO.<\/p>\n\n\n\n<p>Solamente deben enviar p\u00f3ster aquellas personas, grupos o equipos de los cuales vaya a participar de manera presencial, al menos uno de los firmantes del trabajo del que se aporta el p\u00f3ster.<\/p>\n\n\n\n<p>En cualquier caso, se emitir\u00e1n certificados de asistencia y participaci\u00f3n tanto a aquellas personas que asistan de manera presencial, como a aquellas que lo hagan de manera no presencial.<\/p>\n\n\n\n<p>Asimismo, se certificar\u00e1n todas las comunicaciones-p\u00f3steres enviadas, previa valoraci\u00f3n positiva por el comit\u00e9 Cient\u00edfico y T\u00e9cnico del XIII Seminario RIPO-Oviedo 2023.<\/p>\n","protected":false},"excerpt":{"rendered":"<p>RIPO Aportaciones En esta secci\u00f3n se habilitar\u00e1 en breve un espacio para que envi\u00e9is vuestras aportaciones (p\u00f3ster) al XIII Seminario RIPO Oviedo. Recordad que el env\u00edo de las aportaciones-p\u00f3ster tiene como objetivos: Instrucciones para el env\u00edo de p\u00f3steres: Por eso, os solicitamos, por favor, que nos los hag\u00e1is llegar con suficiente antelaci\u00f3n, con objeto de &#8230; <a title=\"\" class=\"read-more\" href=\"https:\/\/www.unioviedo.es\/XIIISeminarioRIPO\/index.php\/documentacion\/\" aria-label=\"M\u00e1s en \">Leer m\u00e1s<\/a><\/p>\n","protected":false},"author":1,"featured_media":0,"parent":0,"menu_order":0,"comment_status":"closed","ping_status":"closed","template":"","meta":{"footnotes":""},"class_list":["post-115","page","type-page","status-publish"],"_links":{"self":[{"href":"https:\/\/www.unioviedo.es\/XIIISeminarioRIPO\/index.php\/wp-json\/wp\/v2\/pages\/115","targetHints":{"allow":["GET"]}}],"collection":[{"href":"https:\/\/www.unioviedo.es\/XIIISeminarioRIPO\/index.php\/wp-json\/wp\/v2\/pages"}],"about":[{"href":"https:\/\/www.unioviedo.es\/XIIISeminarioRIPO\/index.php\/wp-json\/wp\/v2\/types\/page"}],"author":[{"embeddable":true,"href":"https:\/\/www.unioviedo.es\/XIIISeminarioRIPO\/index.php\/wp-json\/wp\/v2\/users\/1"}],"replies":[{"embeddable":true,"href":"https:\/\/www.unioviedo.es\/XIIISeminarioRIPO\/index.php\/wp-json\/wp\/v2\/comments?post=115"}],"version-history":[{"count":3,"href":"https:\/\/www.unioviedo.es\/XIIISeminarioRIPO\/index.php\/wp-json\/wp\/v2\/pages\/115\/revisions"}],"predecessor-version":[{"id":356,"href":"https:\/\/www.unioviedo.es\/XIIISeminarioRIPO\/index.php\/wp-json\/wp\/v2\/pages\/115\/revisions\/356"}],"wp:attachment":[{"href":"https:\/\/www.unioviedo.es\/XIIISeminarioRIPO\/index.php\/wp-json\/wp\/v2\/media?parent=115"}],"curies":[{"name":"wp","href":"https:\/\/api.w.org\/{rel}","templated":true}]}}