{"id":126,"date":"2023-03-10T19:01:07","date_gmt":"2023-03-10T19:01:07","guid":{"rendered":"https:\/\/www.unioviedo.es\/XIIISeminarioRIPO\/?page_id=126"},"modified":"2023-03-30T09:35:53","modified_gmt":"2023-03-30T09:35:53","slug":"programa","status":"publish","type":"page","link":"https:\/\/www.unioviedo.es\/XIIISeminarioRIPO\/index.php\/programa\/","title":{"rendered":""},"content":{"rendered":"\n<p class=\"has-accent-color has-text-color\"><strong>JUEVES d\u00eda 11 de Mayo de 2023<\/strong><\/p>\n\n\n\n<pre class=\"wp-block-preformatted has-base-2-background-color has-background\"><strong>9:30 Inauguraci\u00f3n<\/strong>.\n\n10:00 a 11:00 Presentaci\u00f3n de la Jornada y Plan de Trabajo (objetivos, din\u00e1micas de trabajo e indicadores).\n  <em> Eje 1. La capacitaci\u00f3n de los\/as orientadores\/as profesionales.\n   Eje 2. Orientaci\u00f3n profesional en el aprendizaje a lo largo de la vida.\n   Eje 3. Orientaci\u00f3n profesional en los itinerarios acad\u00e9micos.\n   Eje 4. Orientaci\u00f3n profesional en el desarrollo socio-comunitario<\/em>.\n  <em> Eje 5. JovInRIPO. J\u00f3venes investigadores e investigadoras en orientaci\u00f3n<\/em>. \n<\/pre>\n\n\n\n<pre id=\"block-c69f1c9d-cbba-4f8b-8a58-4959f8a5cb5e\" class=\"wp-block-preformatted\">11:00 a 11:30 Caf\u00e9.<\/pre>\n\n\n\n<pre id=\"block-c69f1c9d-cbba-4f8b-8a58-4959f8a5cb5e\" class=\"wp-block-preformatted\">11:30 a 13:30 Alternancia de Grupos de Visita y Trabajo.<\/pre>\n\n\n\n<pre class=\"wp-block-preformatted has-base-2-background-color has-background\">14:00 a 15:30 Comida.<\/pre>\n\n\n\n<pre class=\"wp-block-preformatted\">15:30 a 16:00 Exposici\u00f3n de P\u00f3steres. \n16:00 a 17:00 Plenaria: Libro Blanco y Perspectiva Europea (referencias singulares).\n17:00 a 19:30 Sesiones de Trabajo. Ejes 1, 2, 3, 4 y 5 JovinRIPO (J\u00f3venes RIPO).<\/pre>\n\n\n\n<pre id=\"block-21efd7c9-2ce6-4dbe-8b02-e97b8f5010a0\" class=\"wp-block-preformatted\">21:00 Cena.<\/pre>\n\n\n\n<p class=\"has-accent-color has-text-color\"><strong><strong>VIERNES d\u00eda 12 de Mayo de 2023<\/strong><\/strong><\/p>\n\n\n\n<pre class=\"wp-block-preformatted has-base-2-background-color has-background\">9:30 a 11:00 Plenario sobre los Orientadores Externos. Aportaciones al Desarrollo de las Competencias Profesionales para el Desempe\u00f1o de la Acci\u00f3n Orientadora.\n<em> (Moderador: Marcelino Fern\u00e1ndez Raigoso Casta\u00f1o).<\/em>\n\n11:30 a 12:30 Redacci\u00f3n de Conclusiones.\n\n12:30 a 13:30 Presentaci\u00f3n de Conclusiones.\n\n<strong>13:30 Clausura.<\/strong><\/pre>\n","protected":false},"excerpt":{"rendered":"<p>JUEVES d\u00eda 11 de Mayo de 2023 9:30 Inauguraci\u00f3n. 10:00 a 11:00 Presentaci\u00f3n de la Jornada y Plan de Trabajo (objetivos, din\u00e1micas de trabajo e indicadores). Eje 1. La capacitaci\u00f3n de los\/as orientadores\/as profesionales. Eje 2. Orientaci\u00f3n profesional en el aprendizaje a lo largo de la vida. Eje 3. Orientaci\u00f3n profesional en los itinerarios acad\u00e9micos. &#8230; <a title=\"\" class=\"read-more\" href=\"https:\/\/www.unioviedo.es\/XIIISeminarioRIPO\/index.php\/programa\/\" aria-label=\"M\u00e1s en \">Leer m\u00e1s<\/a><\/p>\n","protected":false},"author":1,"featured_media":0,"parent":0,"menu_order":0,"comment_status":"closed","ping_status":"closed","template":"","meta":{"footnotes":""},"class_list":["post-126","page","type-page","status-publish"],"_links":{"self":[{"href":"https:\/\/www.unioviedo.es\/XIIISeminarioRIPO\/index.php\/wp-json\/wp\/v2\/pages\/126","targetHints":{"allow":["GET"]}}],"collection":[{"href":"https:\/\/www.unioviedo.es\/XIIISeminarioRIPO\/index.php\/wp-json\/wp\/v2\/pages"}],"about":[{"href":"https:\/\/www.unioviedo.es\/XIIISeminarioRIPO\/index.php\/wp-json\/wp\/v2\/types\/page"}],"author":[{"embeddable":true,"href":"https:\/\/www.unioviedo.es\/XIIISeminarioRIPO\/index.php\/wp-json\/wp\/v2\/users\/1"}],"replies":[{"embeddable":true,"href":"https:\/\/www.unioviedo.es\/XIIISeminarioRIPO\/index.php\/wp-json\/wp\/v2\/comments?post=126"}],"version-history":[{"count":12,"href":"https:\/\/www.unioviedo.es\/XIIISeminarioRIPO\/index.php\/wp-json\/wp\/v2\/pages\/126\/revisions"}],"predecessor-version":[{"id":227,"href":"https:\/\/www.unioviedo.es\/XIIISeminarioRIPO\/index.php\/wp-json\/wp\/v2\/pages\/126\/revisions\/227"}],"wp:attachment":[{"href":"https:\/\/www.unioviedo.es\/XIIISeminarioRIPO\/index.php\/wp-json\/wp\/v2\/media?parent=126"}],"curies":[{"name":"wp","href":"https:\/\/api.w.org\/{rel}","templated":true}]}}