{"id":2,"date":"2023-03-06T13:14:17","date_gmt":"2023-03-06T13:14:17","guid":{"rendered":"http:\/\/www.unioviedo.es\/XIIISeminarioRIPO\/?page_id=2"},"modified":"2023-04-13T10:39:50","modified_gmt":"2023-04-13T10:39:50","slug":"quienes-somos-ripo","status":"publish","type":"page","link":"https:\/\/www.unioviedo.es\/XIIISeminarioRIPO\/index.php\/quienes-somos-ripo\/","title":{"rendered":""},"content":{"rendered":"\n<p><strong>Red Interuniversitaria de Profesorado de Orientaci\u00f3n<\/strong><\/p>\n\n\n\n<p>Para saber m\u00e1s sobre RIPO, te indicamos nuestra p\u00e1gina web: <a href=\"https:\/\/ripo.es\/\">https:\/\/ripo.es\/<\/a><\/p>\n\n\n\n<p>Red Tem\u00e1tica RIPO (RT-1 RIPO de AIDIPE) Investigaci\u00f3n sobre orientaci\u00f3n a lo largo de la vida (<a rel=\"noreferrer noopener\" href=\"https:\/\/aidipe.org\/index.php?pagina=redes&amp;id_red=1\" target=\"_blank\">Research on lifelong guidance<\/a>).<\/p>\n\n\n\n<p><\/p>\n","protected":false},"excerpt":{"rendered":"<p>Red Interuniversitaria de Profesorado de Orientaci\u00f3n Para saber m\u00e1s sobre RIPO, te indicamos nuestra p\u00e1gina web: https:\/\/ripo.es\/ Red Tem\u00e1tica RIPO (RT-1 RIPO de AIDIPE) Investigaci\u00f3n sobre orientaci\u00f3n a lo largo de la vida (Research on lifelong guidance).<\/p>\n","protected":false},"author":1,"featured_media":0,"parent":0,"menu_order":2,"comment_status":"closed","ping_status":"closed","template":"","meta":{"footnotes":""},"class_list":["post-2","page","type-page","status-publish"],"_links":{"self":[{"href":"https:\/\/www.unioviedo.es\/XIIISeminarioRIPO\/index.php\/wp-json\/wp\/v2\/pages\/2","targetHints":{"allow":["GET"]}}],"collection":[{"href":"https:\/\/www.unioviedo.es\/XIIISeminarioRIPO\/index.php\/wp-json\/wp\/v2\/pages"}],"about":[{"href":"https:\/\/www.unioviedo.es\/XIIISeminarioRIPO\/index.php\/wp-json\/wp\/v2\/types\/page"}],"author":[{"embeddable":true,"href":"https:\/\/www.unioviedo.es\/XIIISeminarioRIPO\/index.php\/wp-json\/wp\/v2\/users\/1"}],"replies":[{"embeddable":true,"href":"https:\/\/www.unioviedo.es\/XIIISeminarioRIPO\/index.php\/wp-json\/wp\/v2\/comments?post=2"}],"version-history":[{"count":13,"href":"https:\/\/www.unioviedo.es\/XIIISeminarioRIPO\/index.php\/wp-json\/wp\/v2\/pages\/2\/revisions"}],"predecessor-version":[{"id":246,"href":"https:\/\/www.unioviedo.es\/XIIISeminarioRIPO\/index.php\/wp-json\/wp\/v2\/pages\/2\/revisions\/246"}],"wp:attachment":[{"href":"https:\/\/www.unioviedo.es\/XIIISeminarioRIPO\/index.php\/wp-json\/wp\/v2\/media?parent=2"}],"curies":[{"name":"wp","href":"https:\/\/api.w.org\/{rel}","templated":true}]}}