{"id":99,"date":"2023-03-10T18:35:51","date_gmt":"2023-03-10T18:35:51","guid":{"rendered":"https:\/\/www.unioviedo.es\/XIIISeminarioRIPO\/?page_id=99"},"modified":"2023-04-21T16:02:01","modified_gmt":"2023-04-21T16:02:01","slug":"fechas","status":"publish","type":"page","link":"https:\/\/www.unioviedo.es\/XIIISeminarioRIPO\/index.php\/fechas\/","title":{"rendered":""},"content":{"rendered":"\n<p class=\"has-text-align-center has-medium-font-size\"><strong>Fechas Seminario RIPO Oviedo 2023<\/strong>&nbsp;<\/p>\n\n\n\n<p class=\"has-text-align-center\"><strong>Inscripciones<\/strong>&nbsp;<\/p>\n\n\n\n<p><strong>Hasta 03 de mayo de 2023<\/strong>&nbsp;<\/p>\n\n\n\n<p>Enlace a inscripci\u00f3n:&nbsp;<a rel=\"noreferrer noopener\" href=\"https:\/\/www.unioviedo.es\/XIIISeminarioRIPO\/\" target=\"_blank\">https:\/\/www.unioviedo.es\/XIIISeminarioRIPO\/<\/a><\/p>\n\n\n\n<p><strong>Env\u00edo de P\u00f3steres<\/strong>&nbsp;<\/p>\n\n\n\n<p>Hasta 03 de mayo 2023\u00a0<\/p>\n\n\n<script type=\"text\/javascript\">var gform;gform||(document.addEventListener(\"gform_main_scripts_loaded\",function(){gform.scriptsLoaded=!0}),window.addEventListener(\"DOMContentLoaded\",function(){gform.domLoaded=!0}),gform={domLoaded:!1,scriptsLoaded:!1,initializeOnLoaded:function(o){gform.domLoaded&&gform.scriptsLoaded?o():!gform.domLoaded&&gform.scriptsLoaded?window.addEventListener(\"DOMContentLoaded\",o):document.addEventListener(\"gform_main_scripts_loaded\",o)},hooks:{action:{},filter:{}},addAction:function(o,n,r,t){gform.addHook(\"action\",o,n,r,t)},addFilter:function(o,n,r,t){gform.addHook(\"filter\",o,n,r,t)},doAction:function(o){gform.doHook(\"action\",o,arguments)},applyFilters:function(o){return gform.doHook(\"filter\",o,arguments)},removeAction:function(o,n){gform.removeHook(\"action\",o,n)},removeFilter:function(o,n,r){gform.removeHook(\"filter\",o,n,r)},addHook:function(o,n,r,t,i){null==gform.hooks[o][n]&&(gform.hooks[o][n]=[]);var e=gform.hooks[o][n];null==i&&(i=n+\"_\"+e.length),gform.hooks[o][n].push({tag:i,callable:r,priority:t=null==t?10:t})},doHook:function(n,o,r){var t;if(r=Array.prototype.slice.call(r,1),null!=gform.hooks[n][o]&&((o=gform.hooks[n][o]).sort(function(o,n){return o.priority-n.priority}),o.forEach(function(o){\"function\"!=typeof(t=o.callable)&&(t=window[t]),\"action\"==n?t.apply(null,r):r[0]=t.apply(null,r)})),\"filter\"==n)return r[0]},removeHook:function(o,n,t,i){var r;null!=gform.hooks[o][n]&&(r=(r=gform.hooks[o][n]).filter(function(o,n,r){return!!(null!=i&&i!=o.tag||null!=t&&t!=o.priority)}),gform.hooks[o][n]=r)}});<\/script>\n                <div class='gf_browser_gecko gform_wrapper gravity-theme' id='gform_wrapper_2' >\n                        <div class='gform_heading'>\n                            <span class='gform_description'><\/span>\n                        <\/div><form method='post' enctype='multipart\/form-data'  id='gform_2'  action='\/XIIISeminarioRIPO\/index.php\/wp-json\/wp\/v2\/pages\/99' novalidate>\n                        <div class='gform_body gform-body'><div id='gform_fields_2' class='gform_fields top_label form_sublabel_below description_below'><div id=\"field_2_1\"  class=\"gfield field_sublabel_below field_description_below gfield_visibility_visible\"  data-js-reload=\"field_2_1\"><label class='gfield_label' for='input_2_1' >Enlace para env\u00edo P\u00f3ster:\u00a0<\/label><div class='ginput_container ginput_container_fileupload'><input type='hidden' name='MAX_FILE_SIZE' value='8388608' \/><input name='input_1' id='input_2_1' type='file' class='large' aria-describedby=\"gfield_upload_rules_2_1\" onchange='javascript:gformValidateFileSize( this, 8388608 );'  \/><span class='gform_fileupload_rules' id='gfield_upload_rules_2_1'>Tama\u00f1o m\u00e1ximo de archivo: 8 MB.<\/span><div class='validation_message validation_message--hidden-on-empty' id='live_validation_message_2_1'><\/div><\/div><\/div><\/div><\/div>\n        <div class='gform_footer top_label'> <input type='submit' id='gform_submit_button_2' class='gform_button button' value='Enviar'  onclick='if(window[\"gf_submitting_2\"]){return false;}  if( !jQuery(\"#gform_2\")[0].checkValidity || jQuery(\"#gform_2\")[0].checkValidity()){window[\"gf_submitting_2\"]=true;}  ' onkeypress='if( event.keyCode == 13 ){ if(window[\"gf_submitting_2\"]){return false;} if( !jQuery(\"#gform_2\")[0].checkValidity || jQuery(\"#gform_2\")[0].checkValidity()){window[\"gf_submitting_2\"]=true;}  jQuery(\"#gform_2\").trigger(\"submit\",[true]); }' \/> \n            <input type='hidden' class='gform_hidden' name='is_submit_2' value='1' \/>\n            <input type='hidden' class='gform_hidden' name='gform_submit' value='2' \/>\n            \n            <input type='hidden' class='gform_hidden' name='gform_unique_id' value='' \/>\n            <input type='hidden' class='gform_hidden' name='state_2' value='WyJbXSIsIjllYTU5Mjg2OTg2MTEyYTQzMjgyYjM0MzVhOGIwODM2Il0=' \/>\n            <input type='hidden' class='gform_hidden' name='gform_target_page_number_2' id='gform_target_page_number_2' value='0' \/>\n            <input type='hidden' class='gform_hidden' name='gform_source_page_number_2' id='gform_source_page_number_2' value='1' \/>\n            <input type='hidden' name='gform_field_values' value='' \/>\n            \n        <\/div>\n                        <\/form>\n                        <\/div>\n\n\n<p class=\"has-text-align-center has-medium-font-size\"><strong>Fechas Seminario RIPO Oviedo 2023<\/strong>&nbsp;<\/p>\n\n\n\n<p><strong>Inicio<\/strong>&nbsp;<\/p>\n\n\n\n<p><strong>D\u00eda: 11 de mayo de 2023&nbsp;<\/strong><\/p>\n\n\n\n<p>  Hora: 9,30 horas&nbsp;<\/p>\n\n\n\n<p>  Lugar: <strong><em>Edificio Hist\u00f3rico de la Universidad de Oviedo<\/em><\/strong>&nbsp;<\/p>\n\n\n\n<p>  Localizaci\u00f3n:&nbsp;&nbsp;<\/p>\n\n\n\n<iframe src=\"https:\/\/www.google.com\/maps\/embed?pb=!1m18!1m12!1m3!1d2900.7209886318265!2d-5.8463007!3d43.361946499999995!2m3!1f0!2f0!3f0!3m2!1i1024!2i768!4f13.1!3m3!1m2!1s0xd368d1d7cf7aa7d%3A0xadc2f27b2a87f9dc!2sUniversidad%20de%20Oviedo!5e0!3m2!1ses!2ses!4v1682090866805!5m2!1ses!2ses\" width=\"600\" height=\"450\" style=\"border:0;\" allowfullscreen=\"\" loading=\"lazy\" referrerpolicy=\"no-referrer-when-downgrade\"><\/iframe>\n\n\n\n<p><strong>Clausura<\/strong>&nbsp;<\/p>\n\n\n\n<p>   D\u00eda: 12 de mayo de 2023&nbsp;<\/p>\n\n\n\n<p>   Hora: 15 horas&nbsp;<\/p>\n","protected":false},"excerpt":{"rendered":"<p>Fechas Seminario RIPO Oviedo 2023&nbsp; Inscripciones&nbsp; Hasta 03 de mayo de 2023&nbsp; Enlace a inscripci\u00f3n:&nbsp;https:\/\/www.unioviedo.es\/XIIISeminarioRIPO\/ Env\u00edo de P\u00f3steres&nbsp; Hasta 03 de mayo 2023\u00a0 Fechas Seminario RIPO Oviedo 2023&nbsp; Inicio&nbsp; D\u00eda: 11 de mayo de 2023&nbsp; Hora: 9,30 horas&nbsp; Lugar: Edificio Hist\u00f3rico de la Universidad de Oviedo&nbsp; Localizaci\u00f3n:&nbsp;&nbsp; Clausura&nbsp; D\u00eda: 12 de mayo de 2023&nbsp; Hora: &#8230; <a title=\"\" class=\"read-more\" href=\"https:\/\/www.unioviedo.es\/XIIISeminarioRIPO\/index.php\/fechas\/\" aria-label=\"M\u00e1s en \">Leer m\u00e1s<\/a><\/p>\n","protected":false},"author":1,"featured_media":0,"parent":0,"menu_order":0,"comment_status":"closed","ping_status":"closed","template":"","meta":{"footnotes":""},"class_list":["post-99","page","type-page","status-publish"],"_links":{"self":[{"href":"https:\/\/www.unioviedo.es\/XIIISeminarioRIPO\/index.php\/wp-json\/wp\/v2\/pages\/99","targetHints":{"allow":["GET"]}}],"collection":[{"href":"https:\/\/www.unioviedo.es\/XIIISeminarioRIPO\/index.php\/wp-json\/wp\/v2\/pages"}],"about":[{"href":"https:\/\/www.unioviedo.es\/XIIISeminarioRIPO\/index.php\/wp-json\/wp\/v2\/types\/page"}],"author":[{"embeddable":true,"href":"https:\/\/www.unioviedo.es\/XIIISeminarioRIPO\/index.php\/wp-json\/wp\/v2\/users\/1"}],"replies":[{"embeddable":true,"href":"https:\/\/www.unioviedo.es\/XIIISeminarioRIPO\/index.php\/wp-json\/wp\/v2\/comments?post=99"}],"version-history":[{"count":11,"href":"https:\/\/www.unioviedo.es\/XIIISeminarioRIPO\/index.php\/wp-json\/wp\/v2\/pages\/99\/revisions"}],"predecessor-version":[{"id":354,"href":"https:\/\/www.unioviedo.es\/XIIISeminarioRIPO\/index.php\/wp-json\/wp\/v2\/pages\/99\/revisions\/354"}],"wp:attachment":[{"href":"https:\/\/www.unioviedo.es\/XIIISeminarioRIPO\/index.php\/wp-json\/wp\/v2\/media?parent=99"}],"curies":[{"name":"wp","href":"https:\/\/api.w.org\/{rel}","templated":true}]}}