{"id":160,"date":"2019-12-17T11:20:51","date_gmt":"2019-12-17T10:20:51","guid":{"rendered":"https:\/\/www.unioviedo.es\/aei\/?page_id=160"},"modified":"2021-10-21T08:47:32","modified_gmt":"2021-10-21T06:47:32","slug":"acerca-de-la-educacion-de-adultos","status":"publish","type":"page","link":"https:\/\/www.unioviedo.es\/aei\/acerca-de-la-educacion-de-adultos\/","title":{"rendered":"Acerca de la educaci\u00f3n de adultos"},"content":{"rendered":"\n<p><a href=\"https:\/\/www.unioviedo.es\/aei\/educacion-de-adultos\/\">Educaci\u00f3n de adultos<\/a> &gt; <a href=\"https:\/\/www.unioviedo.es\/aei\/acerca-de-la-educacion-de-adultos\/\">Acerca de la educaci\u00f3n de adultos<\/a><\/p>\n\n\n\n<p>La Educaci\u00f3n de Personas Adultas (EPA) comprende desde los procesos de  alfabetizaci\u00f3n y consecuci\u00f3n de la ense\u00f1anza b\u00e1sica hasta la formaci\u00f3n  encaminada al acceso laboral y otras actividades de formaci\u00f3n para la  participaci\u00f3n social, cultural, pol\u00edtica y econ\u00f3mica. <\/p>\n\n\n\n<p>La EPA tiene como finalidad ofrecer a todas las personas mayores de 18  a\u00f1os la posibilidad de adquirir, actualizar, completar o ampliar sus  conocimientos y aptitudes, para su desarrollo personal y profesional. <\/p>\n\n\n\n<figure class=\"wp-block-gallery columns-1 is-cropped wp-block-gallery-1 is-layout-flex wp-block-gallery-is-layout-flex\"><ul class=\"blocks-gallery-grid\"><li class=\"blocks-gallery-item\"><figure><img loading=\"lazy\" decoding=\"async\" width=\"1000\" height=\"606\" src=\"https:\/\/www.unioviedo.es\/aei\/wp-content\/uploads\/2020\/04\/20191119.png\" alt=\"Miembros programa PUMUO Universidad de Oviedo\" data-id=\"1286\" data-full-url=\"https:\/\/www.unioviedo.es\/aei\/wp-content\/uploads\/2020\/04\/20191119.png\" data-link=\"https:\/\/www.unioviedo.es\/aei\/acerca-de-la-educacion-de-adultos\/attachment\/20191119\/\" class=\"wp-image-1286\" srcset=\"https:\/\/www.unioviedo.es\/aei\/wp-content\/uploads\/2020\/04\/20191119.png 1000w, https:\/\/www.unioviedo.es\/aei\/wp-content\/uploads\/2020\/04\/20191119-300x182.png 300w, https:\/\/www.unioviedo.es\/aei\/wp-content\/uploads\/2020\/04\/20191119-768x465.png 768w\" sizes=\"auto, (max-width: 1000px) 100vw, 1000px\" \/><figcaption class=\"blocks-gallery-item__caption\">Miembros programa PUMUO Universidad de Oviedo<\/figcaption><\/figure><\/li><\/ul><\/figure>\n","protected":false},"excerpt":{"rendered":"<p>Educaci\u00f3n de adultos &gt; Acerca de la educaci\u00f3n de adultos La Educaci\u00f3n de Personas Adultas (EPA) comprende desde los procesos de alfabetizaci\u00f3n y consecuci\u00f3n de la ense\u00f1anza b\u00e1sica hasta la formaci\u00f3n encaminada al acceso laboral y otras actividades de formaci\u00f3n&#8230; <a href=\"https:\/\/www.unioviedo.es\/aei\/acerca-de-la-educacion-de-adultos\/\" class=\"readmore\">Leer m\u00e1s<span class=\"screen-reader-text\">Acerca de la educaci\u00f3n de adultos<\/span><span class=\"fa fa-angle-double-right\" aria-hidden=\"true\"><\/span><\/a><\/p>\n","protected":false},"author":1,"featured_media":0,"parent":0,"menu_order":0,"comment_status":"closed","ping_status":"closed","template":"","meta":{"footnotes":""},"class_list":["post-160","page","type-page","status-publish","hentry"],"_links":{"self":[{"href":"https:\/\/www.unioviedo.es\/aei\/wp-json\/wp\/v2\/pages\/160","targetHints":{"allow":["GET"]}}],"collection":[{"href":"https:\/\/www.unioviedo.es\/aei\/wp-json\/wp\/v2\/pages"}],"about":[{"href":"https:\/\/www.unioviedo.es\/aei\/wp-json\/wp\/v2\/types\/page"}],"author":[{"embeddable":true,"href":"https:\/\/www.unioviedo.es\/aei\/wp-json\/wp\/v2\/users\/1"}],"replies":[{"embeddable":true,"href":"https:\/\/www.unioviedo.es\/aei\/wp-json\/wp\/v2\/comments?post=160"}],"version-history":[{"count":0,"href":"https:\/\/www.unioviedo.es\/aei\/wp-json\/wp\/v2\/pages\/160\/revisions"}],"wp:attachment":[{"href":"https:\/\/www.unioviedo.es\/aei\/wp-json\/wp\/v2\/media?parent=160"}],"curies":[{"name":"wp","href":"https:\/\/api.w.org\/{rel}","templated":true}]}}