{"id":176,"date":"2019-12-18T20:29:27","date_gmt":"2019-12-18T19:29:27","guid":{"rendered":"https:\/\/www.unioviedo.es\/aei\/?page_id=176"},"modified":"2020-05-06T11:11:00","modified_gmt":"2020-05-06T09:11:00","slug":"patrimonio-educativo-y-cultural","status":"publish","type":"page","link":"https:\/\/www.unioviedo.es\/aei\/patrimonio-educativo-y-cultural\/","title":{"rendered":"Patrimonio Educativo\/Cultural"},"content":{"rendered":"\n<p><strong>Inmersi\u00f3n en el Contexto Social y Cultural<\/strong><\/p>\n\n\n\n<p>Este proyecto Erasmus tiene un gran objetivo que es consolidar la Uni\u00f3n Europea, y esto implica que las personas deben conocer las culturas de este continente. Por ello, es importante poner de relieve el rico patrimonio cultural que Europa posee, no s\u00f3lo a nivel cultural sino tambi\u00e9n a nivel educativo. As\u00ed, este proyecto ha marcado una serie de sub-objetivos relacionados.<\/p>\n\n\n\n<ul class=\"wp-block-list\"><li>Demostrar c\u00f3mo el patrimonio cultural es un instrumento para la inclusi\u00f3n social.<\/li><li>Describir c\u00f3mo el patrimonio cultural europeo debe ser promocionado desde la educaci\u00f3n.<\/li><li>Descubrir c\u00f3mo existe un patrimonio material e intangible desconocido.<\/li><li>Divulgaci\u00f3n de valores importantes y referencias europeas poco conocidas: sistema democr\u00e1tico, derecho, historia y cultura como medios de integraci\u00f3n social.<\/li><li>Promover pol\u00edticas para preservar el patrimonio europeo.<\/li><\/ul>\n\n\n\n<figure class=\"wp-block-image\"><img loading=\"lazy\" decoding=\"async\" width=\"768\" height=\"1024\" src=\"https:\/\/www.unioviedo.es\/aei\/wp-content\/uploads\/2020\/04\/patrimonio_01-768x1024.jpg\" alt=\"Decripci\u00f3n del Patrimonio de Gij\u00f3n\" class=\"wp-image-1323\" srcset=\"https:\/\/www.unioviedo.es\/aei\/wp-content\/uploads\/2020\/04\/patrimonio_01-768x1024.jpg 768w, https:\/\/www.unioviedo.es\/aei\/wp-content\/uploads\/2020\/04\/patrimonio_01-225x300.jpg 225w, https:\/\/www.unioviedo.es\/aei\/wp-content\/uploads\/2020\/04\/patrimonio_01.jpg 1024w\" sizes=\"auto, (max-width: 768px) 100vw, 768px\" \/><figcaption>Decripci\u00f3n del Patrimonio de Gij\u00f3n<\/figcaption><\/figure>\n\n\n\n<p>Existe un reciente inter\u00e9s en mostrar las fortalezas culturales europeas, as\u00ed la WEB <a href=\"https:\/\/www.schooleducationgateway.eu\/es\/pub\/teacher_academy\/teaching_materials\/europes-cultural-heritage-tool.htm \">Puerta de Educaci\u00f3n Escolar<\/a> re\u00fane un conjunto de recursos sobre el patrimonio interesantes para profesores y alumnos. <a rel=\"noreferrer noopener\" href=\"https:\/\/www.schooleducationgateway.eu\/es\/pub\/teacher_academy\/teaching_materials\/europes-cultural-heritage-tool.htm\" target=\"_blank\"><\/a> En este sitio se puede hacer una selecci\u00f3n de materiales por edades <a rel=\"noreferrer noopener\" href=\"https:\/\/europa.eu\/learning-corner\/learning-materials_en?age_group%5B0%5D=84\" target=\"_blank\"> https:\/\/europa.eu\/learning-corner\/learning-materials_en?age_group%5B0%5D=84<\/a><\/p>\n","protected":false},"excerpt":{"rendered":"<p>Inmersi\u00f3n en el Contexto Social y Cultural Este proyecto Erasmus tiene un gran objetivo que es consolidar la Uni\u00f3n Europea, y esto implica que las personas deben conocer las culturas de este continente. Por ello, es importante poner de relieve&#8230; <a href=\"https:\/\/www.unioviedo.es\/aei\/patrimonio-educativo-y-cultural\/\" class=\"readmore\">Leer m\u00e1s<span class=\"screen-reader-text\">Patrimonio Educativo\/Cultural<\/span><span class=\"fa fa-angle-double-right\" aria-hidden=\"true\"><\/span><\/a><\/p>\n","protected":false},"author":1,"featured_media":0,"parent":0,"menu_order":0,"comment_status":"closed","ping_status":"closed","template":"","meta":{"footnotes":""},"class_list":["post-176","page","type-page","status-publish","hentry"],"_links":{"self":[{"href":"https:\/\/www.unioviedo.es\/aei\/wp-json\/wp\/v2\/pages\/176","targetHints":{"allow":["GET"]}}],"collection":[{"href":"https:\/\/www.unioviedo.es\/aei\/wp-json\/wp\/v2\/pages"}],"about":[{"href":"https:\/\/www.unioviedo.es\/aei\/wp-json\/wp\/v2\/types\/page"}],"author":[{"embeddable":true,"href":"https:\/\/www.unioviedo.es\/aei\/wp-json\/wp\/v2\/users\/1"}],"replies":[{"embeddable":true,"href":"https:\/\/www.unioviedo.es\/aei\/wp-json\/wp\/v2\/comments?post=176"}],"version-history":[{"count":0,"href":"https:\/\/www.unioviedo.es\/aei\/wp-json\/wp\/v2\/pages\/176\/revisions"}],"wp:attachment":[{"href":"https:\/\/www.unioviedo.es\/aei\/wp-json\/wp\/v2\/media?parent=176"}],"curies":[{"name":"wp","href":"https:\/\/api.w.org\/{rel}","templated":true}]}}