{"id":25,"date":"2019-12-12T14:43:42","date_gmt":"2019-12-12T13:43:42","guid":{"rendered":"https:\/\/www.unioviedo.es\/aei\/?page_id=25"},"modified":"2021-10-21T08:45:08","modified_gmt":"2021-10-21T06:45:08","slug":"educacion-de-adultos","status":"publish","type":"page","link":"https:\/\/www.unioviedo.es\/aei\/educacion-de-adultos\/","title":{"rendered":"Educaci\u00f3n de adultos"},"content":{"rendered":"\n<p> La educaci\u00f3n de adultos se lleva a cabo en personas mayores de 18 a\u00f1os (algunas ocasiones tambi\u00e9n implica a estudiantes mayores de 16 a\u00f1os) y se ocupa de muchos procedimientos sistematizados; as\u00ed esta educaci\u00f3n abarca t\u00edtulos regulados (ejemplo, un diploma de escuela secundaria) hasta capacitaci\u00f3n no regulada (ejemplo, un curso de manualidades). <\/p>\n\n\n\n<p>Esta formaci\u00f3n es emergente en los pa\u00edses desarrollados, y ellos tienen cada vez m\u00e1s estudiantes.  <\/p>\n\n\n\n<p>Por otro lado, esta formaci\u00f3n tiene un alto impacto en la b\u00fasqueda de empleo y en los consecuentes procesos de inclusi\u00f3n social. <\/p>\n\n\n\n<figure class=\"wp-block-gallery columns-1 is-cropped wp-block-gallery-1 is-layout-flex wp-block-gallery-is-layout-flex\"><ul class=\"blocks-gallery-grid\"><li class=\"blocks-gallery-item\"><figure><img loading=\"lazy\" decoding=\"async\" width=\"1024\" height=\"768\" src=\"https:\/\/www.unioviedo.es\/aei\/wp-content\/uploads\/2020\/04\/adultosenempresa-1024x768.jpg\" alt=\"Fomaci\u00f3n de adultos en empresas\" data-id=\"1302\" data-full-url=\"https:\/\/www.unioviedo.es\/aei\/wp-content\/uploads\/2020\/04\/adultosenempresa.jpg\" data-link=\"https:\/\/www.unioviedo.es\/aei\/educacion-de-adultos\/adultosenempresa\/\" class=\"wp-image-1302\" srcset=\"https:\/\/www.unioviedo.es\/aei\/wp-content\/uploads\/2020\/04\/adultosenempresa.jpg 1024w, https:\/\/www.unioviedo.es\/aei\/wp-content\/uploads\/2020\/04\/adultosenempresa-300x225.jpg 300w, https:\/\/www.unioviedo.es\/aei\/wp-content\/uploads\/2020\/04\/adultosenempresa-768x576.jpg 768w\" sizes=\"auto, (max-width: 1024px) 100vw, 1024px\" \/><figcaption class=\"blocks-gallery-item__caption\">Fomaci\u00f3n de adultos en empresas<\/figcaption><\/figure><\/li><\/ul><\/figure>\n","protected":false},"excerpt":{"rendered":"<p>La educaci\u00f3n de adultos se lleva a cabo en personas mayores de 18 a\u00f1os (algunas ocasiones tambi\u00e9n implica a estudiantes mayores de 16 a\u00f1os) y se ocupa de muchos procedimientos sistematizados; as\u00ed esta educaci\u00f3n abarca t\u00edtulos regulados (ejemplo, un diploma&#8230; <a href=\"https:\/\/www.unioviedo.es\/aei\/educacion-de-adultos\/\" class=\"readmore\">Leer m\u00e1s<span class=\"screen-reader-text\">Educaci\u00f3n de adultos<\/span><span class=\"fa fa-angle-double-right\" aria-hidden=\"true\"><\/span><\/a><\/p>\n","protected":false},"author":1,"featured_media":0,"parent":0,"menu_order":0,"comment_status":"closed","ping_status":"closed","template":"","meta":{"footnotes":""},"class_list":["post-25","page","type-page","status-publish","hentry"],"_links":{"self":[{"href":"https:\/\/www.unioviedo.es\/aei\/wp-json\/wp\/v2\/pages\/25","targetHints":{"allow":["GET"]}}],"collection":[{"href":"https:\/\/www.unioviedo.es\/aei\/wp-json\/wp\/v2\/pages"}],"about":[{"href":"https:\/\/www.unioviedo.es\/aei\/wp-json\/wp\/v2\/types\/page"}],"author":[{"embeddable":true,"href":"https:\/\/www.unioviedo.es\/aei\/wp-json\/wp\/v2\/users\/1"}],"replies":[{"embeddable":true,"href":"https:\/\/www.unioviedo.es\/aei\/wp-json\/wp\/v2\/comments?post=25"}],"version-history":[{"count":0,"href":"https:\/\/www.unioviedo.es\/aei\/wp-json\/wp\/v2\/pages\/25\/revisions"}],"wp:attachment":[{"href":"https:\/\/www.unioviedo.es\/aei\/wp-json\/wp\/v2\/media?parent=25"}],"curies":[{"name":"wp","href":"https:\/\/api.w.org\/{rel}","templated":true}]}}