{"id":26,"date":"2019-12-12T14:43:43","date_gmt":"2019-12-12T13:43:43","guid":{"rendered":"https:\/\/www.unioviedo.es\/aei\/?page_id=26"},"modified":"2021-10-24T20:33:31","modified_gmt":"2021-10-24T18:33:31","slug":"actividades","status":"publish","type":"page","link":"https:\/\/www.unioviedo.es\/aei\/actividades\/","title":{"rendered":"Actividades"},"content":{"rendered":"\n<p class=\"has-text-align-center\">Reuni\u00f3n virtual 12 y 13 de abril de 2021 <\/p>\n\n\n\n<p><a href=\"https:\/\/www.unioviedo.es\/aei\/wp-content\/uploads\/2021\/04\/Convocatoria-jornada-virtual.pdf\" target=\"_blank\" rel=\"noreferrer noopener\" aria-label=\"Convocatoria de la reuni\u00f3n (pdf) (abre en una nueva pesta\u00f1a)\">Convocatoria de la reuni\u00f3n (pdf)<\/a><\/p>\n\n\n\n<p> <br><a rel=\"noreferrer noopener\" aria-label=\" (abre en una nueva pesta\u00f1a)\" href=\"https:\/\/www.unioviedo.es\/aei\/wp-content\/uploads\/2021\/04\/aei-Erasmus-apertura-reunion.pdf\" target=\"_blank\">Apertura de la reuni\u00f3n (pdf)<\/a> <\/p>\n\n\n\n<div class=\"wp-block-image\"><figure class=\"aligncenter\"><img loading=\"lazy\" decoding=\"async\" width=\"1024\" height=\"545\" src=\"https:\/\/www.unioviedo.es\/aei\/wp-content\/uploads\/2021\/04\/2021_04_13_1-1024x545.png\" alt=\"Reuni\u00f3n virtual 12 y 13 de abril de 2021 \" class=\"wp-image-1935\" srcset=\"https:\/\/www.unioviedo.es\/aei\/wp-content\/uploads\/2021\/04\/2021_04_13_1-1024x545.png 1024w, https:\/\/www.unioviedo.es\/aei\/wp-content\/uploads\/2021\/04\/2021_04_13_1-300x160.png 300w, https:\/\/www.unioviedo.es\/aei\/wp-content\/uploads\/2021\/04\/2021_04_13_1-768x409.png 768w, https:\/\/www.unioviedo.es\/aei\/wp-content\/uploads\/2021\/04\/2021_04_13_1.png 1366w\" sizes=\"auto, (max-width: 1024px) 100vw, 1024px\" \/><figcaption>Varios de los participantes en la reuni\u00f3n virtual 12 y 13 de abril de 2021  <\/figcaption><\/figure><\/div>\n\n\n\n<p>Desarrollo de las sesiones de la reuni\u00f3n:<\/p>\n\n\n\n<figure class=\"wp-block-video aligncenter\"><video controls src=\"https:\/\/www.unioviedo.es\/aei\/video\/2012_04_12%20AEI%20Online%20meeting.mp4?_t=1619028960\"><\/video><figcaption>Sesi\u00f3n del d\u00eda 12 de abril de 2021<\/figcaption><\/figure>\n\n\n\n<figure class=\"wp-block-video aligncenter\"><video controls src=\"https:\/\/www.unioviedo.es\/aei\/video\/2012_04_13%20AEI%20Online%20meeting.mp4?_t=1619029498\"><\/video><figcaption>Sesi\u00f3n del d\u00eda 13 de abril de 2021<\/figcaption><\/figure>\n","protected":false},"excerpt":{"rendered":"<p>Reuni\u00f3n virtual 12 y 13 de abril de 2021 Convocatoria de la reuni\u00f3n (pdf) Apertura de la reuni\u00f3n (pdf) Desarrollo de las sesiones de la reuni\u00f3n:<\/p>\n","protected":false},"author":1,"featured_media":0,"parent":0,"menu_order":0,"comment_status":"closed","ping_status":"closed","template":"","meta":{"footnotes":""},"class_list":["post-26","page","type-page","status-publish","hentry"],"_links":{"self":[{"href":"https:\/\/www.unioviedo.es\/aei\/wp-json\/wp\/v2\/pages\/26","targetHints":{"allow":["GET"]}}],"collection":[{"href":"https:\/\/www.unioviedo.es\/aei\/wp-json\/wp\/v2\/pages"}],"about":[{"href":"https:\/\/www.unioviedo.es\/aei\/wp-json\/wp\/v2\/types\/page"}],"author":[{"embeddable":true,"href":"https:\/\/www.unioviedo.es\/aei\/wp-json\/wp\/v2\/users\/1"}],"replies":[{"embeddable":true,"href":"https:\/\/www.unioviedo.es\/aei\/wp-json\/wp\/v2\/comments?post=26"}],"version-history":[{"count":0,"href":"https:\/\/www.unioviedo.es\/aei\/wp-json\/wp\/v2\/pages\/26\/revisions"}],"wp:attachment":[{"href":"https:\/\/www.unioviedo.es\/aei\/wp-json\/wp\/v2\/media?parent=26"}],"curies":[{"name":"wp","href":"https:\/\/api.w.org\/{rel}","templated":true}]}}