{"id":29,"date":"2019-12-12T14:43:43","date_gmt":"2019-12-12T13:43:43","guid":{"rendered":"https:\/\/www.unioviedo.es\/aei\/?page_id=29"},"modified":"2021-04-19T11:59:09","modified_gmt":"2021-04-19T09:59:09","slug":"miembros","status":"publish","type":"page","link":"https:\/\/www.unioviedo.es\/aei\/miembros\/","title":{"rendered":"Miembros"},"content":{"rendered":"\n<p><a href=\"https:\/\/www.unioviedo.es\/aei\/acerca-de\/\">Acerca de<\/a> &gt; <a href=\"https:\/\/www.unioviedo.es\/aei\/miembros\/\">Miembros<\/a><\/p>\n\n\n\n<p>Los miembros de este proyecto son instituciones p\u00fablicas que no buscan el lucro econ\u00f3mico. Todas realizan acciones formativas reales e inclusivas, evitando socios piratas y aquellos que solo participan en la gesti\u00f3n de proyectos y donde las actividades a menudo se subcontratan. Todos est\u00e1n centrados en la educaci\u00f3n; todos tienen acceso p\u00fablico y transparente a la sociedad; todos tienen \u00e9xitos en sus objetivos de manera efectiva y eficiente; todos tienen amplio reconocimiento social y cultural; todos tienen experiencia en la gesti\u00f3n del patrimonio cultural y en la capacitaci\u00f3n de competencia transversal para el empleo. Por otro lado son instituciones con posibilidades de impacto y difusi\u00f3n social, y tienen posibilidades de mostrar experiencias innovadoras exitosas y modelos de referencia internacionales<\/p>\n\n\n\n<p>Por un lado est\u00e1 el socio de Finlandia Akan ( <a rel=\"noreferrer noopener\" href=\"https:\/\/www.akan.fi\/\" target=\"_blank\">www.akan.fi\/<\/a> ). Ellos conocen el sistema educativo de los pa\u00edses n\u00f3rdicos, tienen acceso a fortalezas y modelos a seguir de referencia internacional. Es una escuela de adultos con amplia experiencia en gesti\u00f3n cultural y educativa.<\/p>\n\n\n\n<p>Por otra parte est\u00e1 Polonia Panstwowa ( <a rel=\"noreferrer noopener\" href=\"https:\/\/puzim.edu.pl\/\" target=\"_blank\">puzim.edu.pl\/<\/a> ). Ellos tienen una gran experiencia en formaci\u00f3n profesional, lucha contra el desempleo.<\/p>\n\n\n\n<p>Por otra parte est\u00e1 Italia CPIA ( <a rel=\"noreferrer noopener\" href=\"http:\/\/www.cpiapadova.it\" target=\"_blank\">www.cpiapadova.it<\/a> ) que tiene un gran conocimiento sobre las acciones de capacitaci\u00f3n para personas excluidas y desempleadas en sus escuelas en el norte de Italia.<\/p>\n\n\n\n<p>En Espa\u00f1a Castilla y Le\u00f3n ( <a rel=\"noreferrer noopener\" href=\"https:\/\/www.educa.jcyl.es\/es\" target=\"_blank\">www.educa.jcyl.es<\/a> ) tiene experiencia en la gesti\u00f3n institucional y gubernamental, alto impacto en la pol\u00edtica regional. Ellos tambi\u00e9n tiene una amplia experiencia en patrimonio y cultura espa\u00f1ola.<\/p>\n\n\n\n<p>Y tambi\u00e9n en Espa\u00f1a la Universidad de Oviedo ( <a rel=\"noreferrer noopener\" href=\"http:\/\/www.uniovi.es\/\" target=\"_blank\">www.uniovi.es<\/a> ) tiene el programa para mayores PUMUO. Esta instituci\u00f3n tiene una alta experiencia en gesti\u00f3n de proyectos internacionales, impacto en los planes de formaci\u00f3n para la formaci\u00f3n de futuros docentes.<\/p>\n\n\n\n<figure class=\"wp-block-image\"><img loading=\"lazy\" decoding=\"async\" width=\"1024\" height=\"576\" src=\"https:\/\/www.unioviedo.es\/aei\/wp-content\/uploads\/2020\/04\/miembros_01-1024x576.jpg\" alt=\"Encuentro inicial de los socios en el que describen su perfil\" class=\"wp-image-1321\" srcset=\"https:\/\/www.unioviedo.es\/aei\/wp-content\/uploads\/2020\/04\/miembros_01.jpg 1024w, https:\/\/www.unioviedo.es\/aei\/wp-content\/uploads\/2020\/04\/miembros_01-300x169.jpg 300w, https:\/\/www.unioviedo.es\/aei\/wp-content\/uploads\/2020\/04\/miembros_01-768x432.jpg 768w\" sizes=\"auto, (max-width: 1024px) 100vw, 1024px\" \/><figcaption>Encuentro inicial de los socios en el que describen su perfil<\/figcaption><\/figure>\n","protected":false},"excerpt":{"rendered":"<p>Acerca de &gt; Miembros Los miembros de este proyecto son instituciones p\u00fablicas que no buscan el lucro econ\u00f3mico. Todas realizan acciones formativas reales e inclusivas, evitando socios piratas y aquellos que solo participan en la gesti\u00f3n de proyectos y donde&#8230; <a href=\"https:\/\/www.unioviedo.es\/aei\/miembros\/\" class=\"readmore\">Leer m\u00e1s<span class=\"screen-reader-text\">Miembros<\/span><span class=\"fa fa-angle-double-right\" aria-hidden=\"true\"><\/span><\/a><\/p>\n","protected":false},"author":1,"featured_media":0,"parent":0,"menu_order":0,"comment_status":"closed","ping_status":"closed","template":"","meta":{"footnotes":""},"class_list":["post-29","page","type-page","status-publish","hentry"],"_links":{"self":[{"href":"https:\/\/www.unioviedo.es\/aei\/wp-json\/wp\/v2\/pages\/29","targetHints":{"allow":["GET"]}}],"collection":[{"href":"https:\/\/www.unioviedo.es\/aei\/wp-json\/wp\/v2\/pages"}],"about":[{"href":"https:\/\/www.unioviedo.es\/aei\/wp-json\/wp\/v2\/types\/page"}],"author":[{"embeddable":true,"href":"https:\/\/www.unioviedo.es\/aei\/wp-json\/wp\/v2\/users\/1"}],"replies":[{"embeddable":true,"href":"https:\/\/www.unioviedo.es\/aei\/wp-json\/wp\/v2\/comments?post=29"}],"version-history":[{"count":0,"href":"https:\/\/www.unioviedo.es\/aei\/wp-json\/wp\/v2\/pages\/29\/revisions"}],"wp:attachment":[{"href":"https:\/\/www.unioviedo.es\/aei\/wp-json\/wp\/v2\/media?parent=29"}],"curies":[{"name":"wp","href":"https:\/\/api.w.org\/{rel}","templated":true}]}}