{"id":73,"date":"2019-12-13T17:33:52","date_gmt":"2019-12-13T16:33:52","guid":{"rendered":"https:\/\/www.unioviedo.es\/aei\/?page_id=73"},"modified":"2022-07-04T12:43:54","modified_gmt":"2022-07-04T10:43:54","slug":"borga-folkakademi-finlandia","status":"publish","type":"page","link":"https:\/\/www.unioviedo.es\/aei\/borga-folkakademi-finlandia\/","title":{"rendered":"Borg\u00e5 folkakademi (Finlandia)"},"content":{"rendered":"\n<p><a href=\"https:\/\/www.unioviedo.es\/aei\/acerca-de\/\">Acerca de<\/a> &gt; <a href=\"https:\/\/www.unioviedo.es\/aei\/miembros\/\">Miembros<\/a> &gt; <a href=\"https:\/\/www.unioviedo.es\/aei\/borga-folkakademi-finlandia\/\">Borg\u00e5 folkakademi<\/a><\/p>\n\n\n\n<p><a href=\"https:\/\/www.akan.fi\/\" target=\"_blank\" rel=\"noreferrer noopener\" aria-label=\" (abre en una nueva pesta\u00f1a)\">www.akan.fi\/<\/a><\/p>\n\n\n\n<figure class=\"wp-block-gallery columns-1 is-cropped wp-block-gallery-1 is-layout-flex wp-block-gallery-is-layout-flex\"><ul class=\"blocks-gallery-grid\"><li class=\"blocks-gallery-item\"><figure><img loading=\"lazy\" decoding=\"async\" width=\"1024\" height=\"685\" src=\"https:\/\/www.unioviedo.es\/aei\/wp-content\/uploads\/2020\/05\/BORGA_1-1024x685.jpg\" alt=\"Borg\u00e5 folkakademi (Finlandia)\" data-id=\"1588\" class=\"wp-image-1588\" srcset=\"https:\/\/www.unioviedo.es\/aei\/wp-content\/uploads\/2020\/05\/BORGA_1.jpg 1024w, https:\/\/www.unioviedo.es\/aei\/wp-content\/uploads\/2020\/05\/BORGA_1-300x201.jpg 300w, https:\/\/www.unioviedo.es\/aei\/wp-content\/uploads\/2020\/05\/BORGA_1-768x514.jpg 768w\" sizes=\"auto, (max-width: 1024px) 100vw, 1024px\" \/><figcaption class=\"blocks-gallery-item__caption\">Casas tradiconales en Borg\u00e5 (Finlandia)<\/figcaption><\/figure><\/li><\/ul><\/figure>\n\n\n\n<h3 class=\"wp-block-heading\"><strong>\u00bfQui\u00e9nes somos?<\/strong><\/h3>\n\n\n\n<p>Borg\u00e5\nfolkakademi o \u00abAkan\u00bb es una escuela secundaria popular de educaci\u00f3n\nde adultos que ofrece una gran variedad de cursos y actividades durante el a\u00f1o\nescolar con el objetivo de proporcionar habilidades para la vida, el trabajo o\nestudios futuros. La mayor\u00eda de las ense\u00f1anzas son no formales, que no conducen\na una titulaci\u00f3n oficial. Entre otros, ofrece programas de inmersi\u00f3n\nling\u00fc\u00edstica, cursos de cocina, programas de intercambio internacional,\nprogramas de capacitaci\u00f3n en inform\u00e1tica para personas mayores, etc.<\/p>\n\n\n\n<p>Borg\u00e5\nfolkakademi fue el primer folkh\u00f6gskolan en Finlandia.&nbsp;La escuela fue\nfundada en 1889 por iniciativa de JE Str\u00f6mborg.&nbsp;Str\u00f6mborg es quiz\u00e1s m\u00e1s\nconocido por su trabajo \u00abBiografi \u00f6ver JL Runeberg\u00bb (Biograf\u00eda de JL\nRuneberg)<\/p>\n\n\n\n<p>Borg\u00e5\nfolkakademi es una sociedad an\u00f3nima constituida en 2005 a trav\u00e9s de una fusi\u00f3n\nde Borg\u00e5 folkh\u00f6gskola y Svenska folkakademin.&nbsp;La escuela es propiedad de\nStiftelsen Svenska folkakademin (48%), Borg\u00e5 City (38%), Sibbo Community (12%)\ny la asociaci\u00f3n Minnesv\u00e5rdarna (2%).<\/p>\n\n\n\n<p>Posee\nresidencia (internado) donde los estudiantes pueden alojarse. El servicio de\ncocina est\u00e1 abierto para estudiantes y otras personas como estudiantes de una\nescuela profesional cercana y personas mayores. <\/p>\n\n\n\n<p>En\nBorg\u00e5 folkakademi trabajan 20 empleados entre maestros, personal de\nadministraci\u00f3n, cocina y limpieza, durante todo el curso escolar. Los maestros\nreciben formaci\u00f3n en \u00e1reas como idiomas, econom\u00eda, pol\u00edtica social,\nadiestramiento canino y algunos tienen experiencia profesional en todos los aspectos\nrelacionados con los animales dom\u00e9sticos.<\/p>\n\n\n\n<p>Alrededor\nde 1.000 estudiantes estudian en la escuela cada a\u00f1o. <\/p>\n\n\n\n<p>El\ntama\u00f1o de la instituci\u00f3n permite flexibilidad ante los cambios sociales que se\npuedan producir. Por ejemplo, entre 2015 y 2017 pudo recibir grupos de\nsolicitantes de asilo y ayudarlos a adaptarse a la sociedad finlandesa con\n\u00e9xito, proporcion\u00e1ndoles formaci\u00f3n en idioma, estudios profesionales y\/o\nempleo.<\/p>\n\n\n\n<h3 class=\"wp-block-heading\"><strong>\u00bfD\u00f3nde estamos?<\/strong><\/h3>\n\n\n\n<p>Borg\u00e5\nfolkakademi o \u00abAkan\u00bb est\u00e1 situada en Porvoo (en sueco, Borg\u00e5). Es una\nciudad rural con 50.000 habitantes que se encuentra al sur de Finlandia.<\/p>\n\n\n\n<iframe loading=\"lazy\" src=\"https:\/\/www.google.com\/maps\/embed?pb=!1m14!1m8!1m3!1d41352225.72024638!2d-3.8468076!3d50.7581544!3m2!1i1024!2i768!4f13.1!3m3!1m2!1s0x4691f42e9464915d%3A0xed1286af9480b7e7!2sPorvoo%2C%20Finlandia!5e0!3m2!1ses!2ses!4v1588675434543!5m2!1ses!2ses\" style=\"border:0;\" allowfullscreen=\"\" aria-hidden=\"false\" tabindex=\"0\" width=\"800\" height=\"600\" frameborder=\"0\"><\/iframe>\n\n\n\n<p>&nbsp;Porvoo (Borg\u00e5) est\u00e1 situada a unos 45 km al\neste de Helsinki, capital de Finlandia.<\/p>\n\n\n\n<figure><iframe loading=\"lazy\" src=\"https:\/\/www.google.com\/maps\/embed?pb=!1m14!1m8!1m3!1d852226.0790563732!2d25.106581250310533!3d60.25617978344998!3m2!1i1024!2i768!4f13.1!3m3!1m2!1s0x4691f42c815a8b93%3A0x6606613a54b95de4!2sPorvoo%20AKAN!5e0!3m2!1ses!2ses!4v1588674959922!5m2!1ses!2ses\" allowfullscreen=\"\" width=\"800\" height=\"600\"><\/iframe><\/figure>\n\n\n\n<h3 class=\"wp-block-heading\"><strong>Actividades y servicios <\/strong><\/h3>\n\n\n\n<p><strong><em>Educaci\u00f3n\ny Formaci\u00f3n<\/em><\/strong><\/p>\n\n\n\n<p>Borg\u00e5 folkakademi o \u00abAkan\u00bb tiene el objetivo de\npromover la educaci\u00f3n automotivada de los ciudadanos adultos (que acceden a la\nformaci\u00f3n por iniciativa propia, porque les gusta, porque desean aprender sobre\nalgo; y no acceden por estar obligados por trabajo o para obtener un t\u00edtulo;\naunque ello no quita que la formaci\u00f3n recibida pueda servir en un futuro como\ncr\u00e9dito o materia convalidable en estudios formales.<\/p>\n\n\n\n<p>Con\nesta base, la escuela ofrece los siguientes programas educativos a largo plazo:\n<\/p>\n\n\n\n<ul class=\"wp-block-list\"><li>Cursos para j\u00f3venes que han terminado sus a\u00f1os de escuela y necesitan madurar un poco y que necesitan obtener mejores resultados escolares para poder elegir qu\u00e9 y d\u00f3nde quieren estudiar en la escuela secundaria o escuela profesional.<\/li><li>Sueco para inmigrantes,  durante uno o dos a\u00f1os, donde los estudiantes, adem\u00e1s de idiomas, tambi\u00e9n estudian la sociedad finlandesa, la cultura y la historia. Tambi\u00e9n participan en diferentes tipos de actividades como bailes tradicionales,  eventos de teatro y m\u00fasica, etc.<\/li><li>Educaci\u00f3n b\u00e1sica para adultos, o escuela primaria para adultos.<\/li><li>Curso para refugiados y solicitantes de asilo que incluye, adem\u00e1s de estudios de idiomas, otras asignaturas como matem\u00e1ticas b\u00e1sicas.<\/li><li>Curso de construcci\u00f3n de barcos: con este curso, las personas est\u00e1n capacitadas para construir o  reparar barcos de madera de acuerdo con los m\u00e9todos tradicionales. La navegaci\u00f3n es una parte central de la vida cotidiana de las personas en Finlandia y es una habilidad necesaria para mantener el conocimiento de la cultura tradicional.<\/li><li>Capacitaci\u00f3n de consultores caninos. Prepara a los estudiantes para montar su propio negocio de capacitaci\u00f3n canina para familias con perros u otro tipo de capacitaci\u00f3n m\u00e1s espec\u00edfica. El curso de animales es para personas interesadas en animales dom\u00e9sticos en general y ofrece un buen comienzo antes de ir a trabajar en peque\u00f1as granjas familiares, trabajar en una cl\u00ednica veterinaria, etc. &nbsp;Todos los a\u00f1os, el consultor de perros y los cursos de animales tienen participantes de otros pa\u00edses n\u00f3rdicos, ya que los cursos se imparten en sueco, y lo pueden comprender la mayor\u00eda de las personas de otros idiomas n\u00f3rdicos.<\/li><\/ul>\n\n\n\n<p>Adem\u00e1s\nla escuela ofrece viajes de estudio a Israel. Los inmigrantes que estudian\nsueco tienen la posibilidad de visitar una escuela hermana en Suecia y de\nconocer estudiantes rusos de San Petersburgo que estudian sueco en la\nuniversidad. <\/p>\n\n\n\n<p><strong><em>Inclusi\u00f3n\nsocial y empleabilidad<\/em><\/strong><\/p>\n\n\n\n<p><em>\u201cInclusi\u00f3n\nsocial, esperanza para el futuro\u201d<\/em> son las palabras o valores\ncentrales de las actividades de los programas educativos que ofrece Borg\u00e5\nfolkakademi. En el mundo actual de globalizaci\u00f3n e individualizaci\u00f3n, estos dos\naspectos son esenciales para todos, pero especialmente para los j\u00f3venes que\nintentan encontrar su lugar en la sociedad. Hemos visto a varios estudiantes\nadultos comenzando con riesgo de marginaci\u00f3n por diferentes razones y hemos\nseguido su desarrollo hacia la esperanza y la creencia en el futuro.<\/p>\n\n\n\n<p>Durante 1 o 2 a\u00f1os, su proceso de formaci\u00f3n ha conducido a\nestos estudiantes hacia el empleo o hacia estudios profesionales. Como primer\npaso, estos estudiantes experimentan la inclusi\u00f3n social en la escuela y con el\napoyo de nuevas redes obtienen la capacidad de encontrar un estilo de vida\nsostenible. Nuestros cursos han demostrado ser un a\u00f1o muy importante para\nmuchas personas con resultados anteriores en la escuela secundaria u otro tipo\nde desaf\u00edos.<\/p>\n\n\n\n<p>En Borg\u00e5 folkakademi trabajan personas con discapacidad. <\/p>\n\n\n\n<p>Ofrecen pr\u00e1cticas de trabajo a varios inmigrantes de\ndiferentes nacionalidades para apoyarlos en su camino de b\u00fasqueda de empleo.\nAkan tambi\u00e9n colabora con diferentes organizaciones locales, ONG,\norganizaciones municipales, as\u00ed como con el sector privado para crear redes y\nbolsas de empleo para nuestros estudiantes.<\/p>\n\n\n\n<p><strong><em>Internacionalizaci\u00f3n<\/em><\/strong><\/p>\n\n\n\n<p>Otro objetivo clave de Borg\u00e5\nfolkakademi es la internacionalizaci\u00f3n. Gracias al trabajo de los docentes, tienen\nestablecido un intercambio anual con Espa\u00f1a, Rusia, Suecia e Israel y est\u00e1n\ntrabajando continuamente en nuevas relaciones e intercambios internacionales.\n&nbsp;&nbsp;<\/p>\n\n\n\n<p>Borg\u00e5 folkakademi ha ofrecido\ncursos durante m\u00e1s de 2 a\u00f1os sobre el sistema educativo finland\u00e9s en\ncolaboraci\u00f3n con agentes locales del sector educativo. &nbsp;Hay un inter\u00e9s\ncontinuo en los cursos ofrecidos y los grupos generalmente tienden a estar\ncompletos. <\/p>\n\n\n\n<p>Borg\u00e5 folkakademi est\u00e1\ntrabajando en una futura colaboraci\u00f3n con escuelas profesionales de habla sueca,\nen relaci\u00f3n con los estudiantes inmigrantes, donde \u00abAkan\u00bb proporcionar\u00eda\nla capacitaci\u00f3n en idiomas para los estudios profesionales. &nbsp;<\/p>\n\n\n\n<h3 class=\"wp-block-heading\"><strong>Participantes en el proyecto<\/strong><\/h3>\n\n\n\n<p>Catharina von Schoultz, Nina Wackstr\u00f6m,  Mario Mu\u00f1oz  y Katinka von Kraemer<\/p>\n\n\n\n<figure class=\"wp-block-image\"><img loading=\"lazy\" decoding=\"async\" width=\"1020\" height=\"317\" src=\"https:\/\/www.unioviedo.es\/aei\/wp-content\/uploads\/2020\/05\/miembros_finlandia1.jpg\" alt=\"Participantes de Finladia en el proyecto Erasmus+ aei\" class=\"wp-image-1581\" srcset=\"https:\/\/www.unioviedo.es\/aei\/wp-content\/uploads\/2020\/05\/miembros_finlandia1.jpg 1020w, https:\/\/www.unioviedo.es\/aei\/wp-content\/uploads\/2020\/05\/miembros_finlandia1-300x93.jpg 300w, https:\/\/www.unioviedo.es\/aei\/wp-content\/uploads\/2020\/05\/miembros_finlandia1-768x239.jpg 768w\" sizes=\"auto, (max-width: 1020px) 100vw, 1020px\" \/><\/figure>\n\n\n\n<p>El\ngrupo de participantes de este proyecto est\u00e1 formado por personal que trabaja\nen Borg\u00e5 folkakademi, tanto maestros especialistas que imparten cursos para\npersonas adultas como personal de administraci\u00f3n, con experiencia en la\nplanificaci\u00f3n de cursos espec\u00edficos. <\/p>\n\n\n\n<p>Todos\nlos miembros del grupo participante en este proyecto tienen amplia experiencia\nen educaci\u00f3n de adultos y en el campo de la gesti\u00f3n de proyectos europeos e\nintercambios.<\/p>\n\n\n\n<p>Tambi\u00e9n tienen experiencia de trabajo en el campo de la inclusi\u00f3n de colectivos desfavorecidos, educaci\u00f3n dirigida a inmigrantes, colaboraci\u00f3n con otras instituciones para la mejora del aprendizaje de adultos, etc. Algunos han participado en iniciativas para desarrollar las redes locales para la integraci\u00f3n social. <\/p>\n\n\n\n<figure class=\"wp-block-gallery columns-1 is-cropped wp-block-gallery-2 is-layout-flex wp-block-gallery-is-layout-flex\"><ul class=\"blocks-gallery-grid\"><li class=\"blocks-gallery-item\"><figure><img loading=\"lazy\" decoding=\"async\" width=\"1024\" height=\"682\" src=\"https:\/\/www.unioviedo.es\/aei\/wp-content\/uploads\/2021\/10\/Ciechanow_Finlandia-1024x682.jpeg\" alt=\"Borg\u00e5 folkakademi en Ciechanow (Polonia)\" data-id=\"2097\" data-full-url=\"https:\/\/www.unioviedo.es\/aei\/wp-content\/uploads\/2021\/10\/Ciechanow_Finlandia.jpeg\" data-link=\"https:\/\/www.unioviedo.es\/aei\/ciechanow_finlandia\/\" class=\"wp-image-2097\" srcset=\"https:\/\/www.unioviedo.es\/aei\/wp-content\/uploads\/2021\/10\/Ciechanow_Finlandia-1024x682.jpeg 1024w, https:\/\/www.unioviedo.es\/aei\/wp-content\/uploads\/2021\/10\/Ciechanow_Finlandia-300x200.jpeg 300w, https:\/\/www.unioviedo.es\/aei\/wp-content\/uploads\/2021\/10\/Ciechanow_Finlandia-768x512.jpeg 768w, https:\/\/www.unioviedo.es\/aei\/wp-content\/uploads\/2021\/10\/Ciechanow_Finlandia-1536x1023.jpeg 1536w, https:\/\/www.unioviedo.es\/aei\/wp-content\/uploads\/2021\/10\/Ciechanow_Finlandia.jpeg 1600w\" sizes=\"auto, (max-width: 1024px) 100vw, 1024px\" \/><figcaption class=\"blocks-gallery-item__caption\">Borg\u00e5 folkakademi en Ciechanow (Polonia)<\/figcaption><\/figure><\/li><\/ul><\/figure>\n\n\n\n<figure class=\"wp-block-gallery columns-1 is-cropped wp-block-gallery-3 is-layout-flex wp-block-gallery-is-layout-flex\"><ul class=\"blocks-gallery-grid\"><li class=\"blocks-gallery-item\"><figure><img loading=\"lazy\" decoding=\"async\" width=\"1024\" height=\"765\" src=\"https:\/\/www.unioviedo.es\/aei\/wp-content\/uploads\/2022\/04\/Padua-Finlandia.webp\" alt=\"\" data-id=\"2318\" data-full-url=\"https:\/\/www.unioviedo.es\/aei\/wp-content\/uploads\/2022\/04\/Padua-Finlandia.webp\" data-link=\"https:\/\/www.unioviedo.es\/aei\/borga-folkakademi-finlandia\/padua-finlandia\/\" class=\"wp-image-2318\" srcset=\"https:\/\/www.unioviedo.es\/aei\/wp-content\/uploads\/2022\/04\/Padua-Finlandia.webp 1024w, https:\/\/www.unioviedo.es\/aei\/wp-content\/uploads\/2022\/04\/Padua-Finlandia-300x224.webp 300w, https:\/\/www.unioviedo.es\/aei\/wp-content\/uploads\/2022\/04\/Padua-Finlandia-768x574.webp 768w\" sizes=\"auto, (max-width: 1024px) 100vw, 1024px\" \/><figcaption class=\"blocks-gallery-item__caption\"> Borg\u00e5 folkakademi en Padua (Italia)<\/figcaption><\/figure><\/li><\/ul><\/figure>\n\n\n\n<figure class=\"wp-block-gallery columns-1 is-cropped wp-block-gallery-4 is-layout-flex wp-block-gallery-is-layout-flex\"><ul class=\"blocks-gallery-grid\"><li class=\"blocks-gallery-item\"><figure><img loading=\"lazy\" decoding=\"async\" width=\"1024\" height=\"622\" src=\"https:\/\/www.unioviedo.es\/aei\/wp-content\/uploads\/2022\/05\/Parte-del-equipo-de-Borga-1024x622.webp\" alt=\"Parte del equipo de Borg\u00e5 (Finlandia)\" data-id=\"2478\" data-full-url=\"https:\/\/www.unioviedo.es\/aei\/wp-content\/uploads\/2022\/05\/Parte-del-equipo-de-Borga.webp\" data-link=\"https:\/\/www.unioviedo.es\/aei\/parte-del-equipo-de-borga\/\" class=\"wp-image-2478\" srcset=\"https:\/\/www.unioviedo.es\/aei\/wp-content\/uploads\/2022\/05\/Parte-del-equipo-de-Borga-1024x622.webp 1024w, https:\/\/www.unioviedo.es\/aei\/wp-content\/uploads\/2022\/05\/Parte-del-equipo-de-Borga-300x182.webp 300w, https:\/\/www.unioviedo.es\/aei\/wp-content\/uploads\/2022\/05\/Parte-del-equipo-de-Borga-768x466.webp 768w, https:\/\/www.unioviedo.es\/aei\/wp-content\/uploads\/2022\/05\/Parte-del-equipo-de-Borga.webp 1225w\" sizes=\"auto, (max-width: 1024px) 100vw, 1024px\" \/><figcaption class=\"blocks-gallery-item__caption\">Parte del equipo de Borg\u00e5 (Finlandia)<\/figcaption><\/figure><\/li><\/ul><\/figure>\n\n\n\n<figure class=\"wp-block-gallery columns-1 is-cropped wp-block-gallery-5 is-layout-flex wp-block-gallery-is-layout-flex\"><ul class=\"blocks-gallery-grid\"><li class=\"blocks-gallery-item\"><figure><img loading=\"lazy\" decoding=\"async\" width=\"1024\" height=\"766\" src=\"https:\/\/www.unioviedo.es\/aei\/wp-content\/uploads\/2022\/07\/2022_06-Finlandia.webp\" alt=\"Borg\u00e5 folkakademi en Medina del Campo (Espa\u00f1a))\" data-id=\"2629\" data-full-url=\"https:\/\/www.unioviedo.es\/aei\/wp-content\/uploads\/2022\/07\/2022_06-Finlandia.webp\" data-link=\"https:\/\/www.unioviedo.es\/aei\/2022_06-finlandia\/\" class=\"wp-image-2629\" srcset=\"https:\/\/www.unioviedo.es\/aei\/wp-content\/uploads\/2022\/07\/2022_06-Finlandia.webp 1024w, https:\/\/www.unioviedo.es\/aei\/wp-content\/uploads\/2022\/07\/2022_06-Finlandia-300x224.webp 300w, https:\/\/www.unioviedo.es\/aei\/wp-content\/uploads\/2022\/07\/2022_06-Finlandia-768x575.webp 768w\" sizes=\"auto, (max-width: 1024px) 100vw, 1024px\" \/><figcaption class=\"blocks-gallery-item__caption\">Borg\u00e5 folkakademi en Medina del Campo (Espa\u00f1a))<\/figcaption><\/figure><\/li><\/ul><\/figure>\n","protected":false},"excerpt":{"rendered":"<p>Acerca de &gt; Miembros &gt; Borg\u00e5 folkakademi www.akan.fi\/ \u00bfQui\u00e9nes somos? Borg\u00e5 folkakademi o \u00abAkan\u00bb es una escuela secundaria popular de educaci\u00f3n de adultos que ofrece una gran variedad de cursos y actividades durante el a\u00f1o escolar con el objetivo de&#8230; <a href=\"https:\/\/www.unioviedo.es\/aei\/borga-folkakademi-finlandia\/\" class=\"readmore\">Leer m\u00e1s<span class=\"screen-reader-text\">Borg\u00e5 folkakademi (Finlandia)<\/span><span class=\"fa fa-angle-double-right\" aria-hidden=\"true\"><\/span><\/a><\/p>\n","protected":false},"author":1,"featured_media":0,"parent":0,"menu_order":0,"comment_status":"closed","ping_status":"closed","template":"","meta":{"footnotes":""},"class_list":["post-73","page","type-page","status-publish","hentry"],"_links":{"self":[{"href":"https:\/\/www.unioviedo.es\/aei\/wp-json\/wp\/v2\/pages\/73","targetHints":{"allow":["GET"]}}],"collection":[{"href":"https:\/\/www.unioviedo.es\/aei\/wp-json\/wp\/v2\/pages"}],"about":[{"href":"https:\/\/www.unioviedo.es\/aei\/wp-json\/wp\/v2\/types\/page"}],"author":[{"embeddable":true,"href":"https:\/\/www.unioviedo.es\/aei\/wp-json\/wp\/v2\/users\/1"}],"replies":[{"embeddable":true,"href":"https:\/\/www.unioviedo.es\/aei\/wp-json\/wp\/v2\/comments?post=73"}],"version-history":[{"count":0,"href":"https:\/\/www.unioviedo.es\/aei\/wp-json\/wp\/v2\/pages\/73\/revisions"}],"wp:attachment":[{"href":"https:\/\/www.unioviedo.es\/aei\/wp-json\/wp\/v2\/media?parent=73"}],"curies":[{"name":"wp","href":"https:\/\/api.w.org\/{rel}","templated":true}]}}