{"id":75,"date":"2019-12-13T17:33:52","date_gmt":"2019-12-13T16:33:52","guid":{"rendered":"https:\/\/www.unioviedo.es\/aei\/?page_id=75"},"modified":"2022-07-04T12:45:37","modified_gmt":"2022-07-04T10:45:37","slug":"panstwowa-uczelnia-zawodowa-polonia","status":"publish","type":"page","link":"https:\/\/www.unioviedo.es\/aei\/panstwowa-uczelnia-zawodowa-polonia\/","title":{"rendered":"Panstwowa Uczelnia Zawodowa (Polonia)"},"content":{"rendered":"\n<p><a href=\"https:\/\/www.unioviedo.es\/aei\/acerca-de\/\">Acerca de<\/a> &gt; <a href=\"https:\/\/www.unioviedo.es\/aei\/miembros\/\">Miembros<\/a> &gt; <a href=\"https:\/\/www.unioviedo.es\/aei\/panstwowa-uczelnia-zawodowa\/\">Panstwowa Uczelnia Zawodowa<\/a><\/p>\n\n\n\n<p><a rel=\"noreferrer noopener\" aria-label=\" (abre en una nueva pesta\u00f1a)\" href=\"https:\/\/puzim.edu.pl\/\" target=\"_blank\">puzim.edu.pl\/<\/a><\/p>\n\n\n\n<figure class=\"wp-block-gallery columns-1 is-cropped wp-block-gallery-1 is-layout-flex wp-block-gallery-is-layout-flex\"><ul class=\"blocks-gallery-grid\"><li class=\"blocks-gallery-item\"><figure><img loading=\"lazy\" decoding=\"async\" width=\"600\" height=\"450\" src=\"https:\/\/www.unioviedo.es\/aei\/wp-content\/uploads\/2020\/01\/Panstowona.jpg\" alt=\"Panstwowa Uczelnia Zawodowa (Polonia)\" data-id=\"580\" class=\"wp-image-580\" srcset=\"https:\/\/www.unioviedo.es\/aei\/wp-content\/uploads\/2020\/01\/Panstowona.jpg 600w, https:\/\/www.unioviedo.es\/aei\/wp-content\/uploads\/2020\/01\/Panstowona-300x225.jpg 300w\" sizes=\"auto, (max-width: 600px) 100vw, 600px\" \/><figcaption class=\"blocks-gallery-item__caption\">Panstwowa Uczelnia Zawodowa (Polonia)<\/figcaption><\/figure><\/li><\/ul><\/figure>\n\n\n\n<h3 class=\"wp-block-heading\"><strong>\u00bfQui\u00e9nes somos?<\/strong><\/h3>\n\n\n\n<p>La\nEscuela Superior de Formaci\u00f3n Profesional del Estado en Ciechan\u00f3w &#8211; Panstwowa\nWyzsza Szkola Zawodowa (PWSZ)- es una instituci\u00f3n estatal gratuita dedicada a\nla educaci\u00f3n y capacitaci\u00f3n profesional a nivel de estudios terciarios y est\u00e1\nimplementando un nuevo proyecto de educaci\u00f3n de 5\u00ba nivel para adultos. <\/p>\n\n\n\n<p>La\nuniversidad tiene su sede en una ciudad donde el principal campo de negocio es\nla agricultura y la industria alimentaria. Las localidades alrededor tambi\u00e9n\ntienen zonas industriales con tasas crecientes de empresas especializadas en\nelectr\u00f3nica, mec\u00e1nica e inform\u00e1tica. Las \u00e1reas de educaci\u00f3n de esta instituci\u00f3n\nest\u00e1n estrictamente vinculadas a las necesidades del mercado local.<\/p>\n\n\n\n<p>Esta\nuniversidad se abri\u00f3 en el a\u00f1o 2001, con autorizaci\u00f3n para realizar tres\nespecialidades; unos 150 estudiantes comenzaron sus estudios. Actualmente,\ntiene m\u00e1s de 1.500 estudiantes de entre 19 y 45 a\u00f1os. Aproximadamente el 75%\ntiene entre 19 y 25 a\u00f1os y el 25% de m\u00e1s de 25.<\/p>\n\n\n\n<p>En\nesta escuela trabajan m\u00e1s de 100 docentes.<\/p>\n\n\n\n<p>Sus\n3 facultades ofrecen 11 especializaciones. Las principales \u00e1reas de educaci\u00f3n\nson: enfermer\u00eda, pedagog\u00eda, inform\u00e1tica (TIC), ingenier\u00eda (mec\u00e1nica y medio\nambiente), econom\u00eda, seguridad interna, electr\u00f3nica y telecomunicaciones,\nperiodismo, agricultura y trabajo social. Adem\u00e1s, PWSZ en Ciechan\u00f3w tiene una\noferta de 9 estudios de posgrado en el programa de educaci\u00f3n continua. Tambi\u00e9n\nhay cursos especiales solo para mayores de 25 a\u00f1os, dise\u00f1ados espec\u00edficamente\npara dar formaci\u00f3n y habilidades pr\u00e1cticas a sus participantes.<\/p>\n\n\n\n<p>Es\nuna universidad innovadora enfocada en la educaci\u00f3n interdisciplinaria e\nindividualizada, enfocada en el estudiante y sus necesidades. Una de las \u00faltimas\ninversiones incluye un laboratorio de m\u00e1quinas CNC para el Departamento de\ningenier\u00eda y el Centro de Simulaci\u00f3n M\u00e9dica para el Departamento de Enfermer\u00eda.<\/p>\n\n\n\n<p>La\ndirecci\u00f3n de la universidad trabaja en estrecha colaboraci\u00f3n con las\nautoridades locales de las ciudades y condados de Ciechan\u00f3w y M\u0142awa, as\u00ed como\ncon las instituciones y empresas locales para satisfacer las necesidades\neducativas, no s\u00f3lo de los j\u00f3venes, sino tambi\u00e9n de los adultos.<\/p>\n\n\n\n<h3 class=\"wp-block-heading\"><strong>\u00bfD\u00f3nde estamos?<\/strong><\/h3>\n\n\n\n<p>Panstwowa Wyzsza Szkola\nZawodowa (PWSZ) se encuentra en Ciechanowie (Polonia), localidad situada a unos\n100 km al norte de Varsovia. <\/p>\n\n\n\n<iframe loading=\"lazy\" src=\"https:\/\/www.google.com\/maps\/embed?pb=!1m14!1m8!1m3!1d3702182.091585265!2d15.416060676749147!3d50.15211253604218!3m2!1i1024!2i768!4f13.1!3m3!1m2!1s0x470f128c143643e9%3A0xd13d291bc4044b4c!2sPa%C5%84stwowa%20Wy%C5%BCsza%20Szko%C5%82a%20Zawodowa%20imienia%20Witelona!5e0!3m2!1ses!2ses!4v1588325739814!5m2!1ses!2ses\" style=\"border:0;\" allowfullscreen=\"\" aria-hidden=\"false\" tabindex=\"0\" width=\"800\" height=\"600\" frameborder=\"0\"><\/iframe>\n\n\n\n<p>Tiene 3\nfacultades: 2 est\u00e1n ubicadas en Ciechanow (Facultad de Ingenier\u00eda y Econom\u00eda y\nFacultad de Ciencias de la salud y Ciencias sociales) y 1 en Mlawa (Facultad de\nCiencias T\u00e9cnicas y Sociales).<\/p>\n\n\n\n<figure><iframe loading=\"lazy\" src=\"https:\/\/www.google.com\/maps\/d\/embed?mid=1_x87NeUjVa_4qgcGoZOjoCiYPki1-dhT\" width=\"640\" height=\"480\"><\/iframe><\/figure>\n\n\n\n<h3 class=\"wp-block-heading\"><strong>Actividades y servicios <\/strong><\/h3>\n\n\n\n<p><strong><em>Educaci\u00f3n\ny Formaci\u00f3n<\/em><\/strong><\/p>\n\n\n\n<p>La\nprincipal misi\u00f3n de la Escuela Estatal Superior de Formaci\u00f3n Profesional (PWSZ)\nes la educaci\u00f3n de j\u00f3venes y adultos, dirigida principalmente a las necesidades\ndel entorno local, independientemente del nivel de rentas de los estudiantes.&nbsp;Su\ncapacidad de respuesta responde a las necesidades del mercado laboral local,\ncumple con las expectativas del entorno empresarial, la administraci\u00f3n y la\neducaci\u00f3n.&nbsp;Tambi\u00e9n prepara personal cualificado para ingresar al mercado\nlaboral europeo, que se caracteriza no solo por un alto nivel de conocimientos\nsino tambi\u00e9n por presentar actitudes proeuropeas ciiviles y sociales.<\/p>\n\n\n\n<p>El\nobjetivo m\u00e1s importante es proporcionar una educaci\u00f3n s\u00f3lida (licenciatura e\ningenier\u00eda) que permita la continuaci\u00f3n de los estudios en universidades\nacad\u00e9micas de todo el pa\u00eds, y en particular en las universidades con las que\nPWSZ en Ciechan\u00f3w coopera. Tiene acuerdos con varias universidades: Universidad\nTecnol\u00f3gica de Varsovia, Universidad de Gda\u0144sk y Universidad de Medicina de\nBialystok. Tambi\u00e9n coopera con universidades extranjeras: la Universidad\nNacional de los C\u00e1rpatos en Ivano-Frankivsk (Ucrania) y la Universidad Estatal\nde Medicina de Ivano-Frankivsk (Ucrania) y con empresas extranjeras donde los\nestudiantes realizan estancias de formaci\u00f3n. <\/p>\n\n\n\n<p><strong><em>Inclusi\u00f3n\nsocial<\/em><\/strong><\/p>\n\n\n\n<p>En\nel pasado, Varsovia o Gdansk (los grandes centros universitarios) eran las\n\u00fanicas opciones para los j\u00f3venes, que no eran accesibles para todos los que\nquer\u00edan estudiar. Otro objetivo m\u00e1s llevado a cabo por PWSZ Ciechan\u00f3w es la inclusi\u00f3n\nsocial. La escuela es gratuita para los estudiantes y fue dise\u00f1ada para ser la\noportunidad para que los estudiantes con pocos recursos, de las \u00e1reas m\u00e1s\npobres, pudieran recibir una educaci\u00f3n que les facilitase el camino hacia la\ninserci\u00f3n laboral. La escuela ha demostrado ser la soluci\u00f3n al dar una\noportunidad a quienes nunca comenzar\u00edan la educaci\u00f3n superior si la escuela no\nhubiera existido. <\/p>\n\n\n\n<p>Adem\u00e1s,\nentre sus instalaciones cuenta con una residencia donde pueden permanecer\ndurante el curso.<\/p>\n\n\n\n<p><strong><em>Investigaci\u00f3n<\/em><\/strong><\/p>\n\n\n\n<p>La\nPWSZ cuenta con servicios y equipamientos punteros para facilitar la\ntransferencia de conocimiento hacia el tejido productivo y tiene en marcha\nvarios proyectos como por ejemplo el <a href=\"https:\/\/puzim.edu.pl\/projekty-unijne\/centrum-symulacji-medycznej\">centro de simulaci\u00f3n\nm\u00e9dica<\/a>.\n<\/p>\n\n\n\n<p><strong><em>Internacionalizaci\u00f3n<\/em><\/strong><\/p>\n\n\n\n<p>PWSZ\nCiechan\u00f3w tiene un departamento responsable de las relaciones internacionales.\n&nbsp;Las personas que trabajan all\u00ed son responsables de mantener relaciones\ncon socios extranjeros, incluidas escuelas y empresas. Dentro del programa\nErasmus +, PWSZ coopera con diferentes pa\u00edses, incluidos: Espa\u00f1a, Italia,\nBulgaria, Lituania, Eslovaquia, Rep\u00fablica Checa o Alemania. &nbsp;El programa\nErasmus + se ha implementado con \u00e9xito en la escuela, dando la oportunidad a\nlos estudiantes y al personal docente de promover e intercambiar ideas. PWSZ\ncoopera con diferentes pa\u00edses europeos, incluidos Lituania, Eslovaquia,\nRep\u00fablica Checa, Espa\u00f1a o Bulgaria, pero tambi\u00e9n con Turqu\u00eda. <\/p>\n\n\n\n<p><strong><em>Empleabilidad<\/em><\/strong><\/p>\n\n\n\n<p>La\nPWSZ tiene un programa de inserci\u00f3n laboral. Sus graduados tienen una gran\ndemanda en un mercado laboral local y en otras ciudades como Varsovia. La PWSZ\ntiene la tasa de empleo m\u00e1s alta de graduados en el pa\u00eds (m\u00e1s del 95%)\nsuperando a las principales universidades de Polonia. Se debe principalmente al\nhecho de que la educaci\u00f3n y las facultades\/especializaciones est\u00e1n\nestrechamente vinculadas a las necesidades del mercado laboral local. <\/p>\n\n\n\n<h3 class=\"wp-block-heading\"><strong>Participantes en el proyecto<\/strong><\/h3>\n\n\n\n<p>Sylwester Czaplicki,\nSebastian Dalecki, Ewa Listopadzka, Agnieszka Kuskowska y Robert Rudzi\u0144ski<\/p>\n\n\n\n<p>Foto Miembros Polonia <\/p>\n\n\n\n<figure class=\"wp-block-gallery columns-1 is-cropped wp-block-gallery-2 is-layout-flex wp-block-gallery-is-layout-flex\"><ul class=\"blocks-gallery-grid\"><li class=\"blocks-gallery-item\"><figure><img loading=\"lazy\" decoding=\"async\" width=\"1024\" height=\"709\" src=\"https:\/\/www.unioviedo.es\/aei\/wp-content\/uploads\/2020\/05\/miembros_polonia-1024x709.jpg\" alt=\"Patricipantes de Polonia en el proyecto Erasmus+ aei\" data-id=\"1560\" class=\"wp-image-1560\" srcset=\"https:\/\/www.unioviedo.es\/aei\/wp-content\/uploads\/2020\/05\/miembros_polonia.jpg 1024w, https:\/\/www.unioviedo.es\/aei\/wp-content\/uploads\/2020\/05\/miembros_polonia-300x208.jpg 300w, https:\/\/www.unioviedo.es\/aei\/wp-content\/uploads\/2020\/05\/miembros_polonia-768x532.jpg 768w\" sizes=\"auto, (max-width: 1024px) 100vw, 1024px\" \/><figcaption class=\"blocks-gallery-item__caption\">Patricipantes de Polonia en el proyecto Erasmus+ aei<\/figcaption><\/figure><\/li><\/ul><\/figure>\n\n\n\n<p>El\ngrupo de participantes en este proyecto trabaja en la Escuela Estatal Superior\nde Formaci\u00f3n Profesional (PWSZ) y forman un equipo multidisciplinar, con amplio\nconocimiento en las materias a las que se dedican. <\/p>\n\n\n\n<p>La\nmayor\u00eda se dedica a la docencia en su materia dentro de las diferentes\nfacultades. &nbsp;Poseen amplia experiencia en\nla cooperaci\u00f3n internacional, dise\u00f1o de proyectos nacionales e internacionales\ny habilidades de organizaci\u00f3n. <\/p>\n\n\n\n<p>Con\namplios conocimientos en tecnolog\u00edas avanzadas e innovadoras aplicadas al\ncontexto educativo, laboral y social.<\/p>\n\n\n\n<p>Poseen varias publicaciones en el \u00e1rea de medicina y otras ramas.<\/p>\n\n\n\n<figure class=\"wp-block-gallery columns-1 is-cropped wp-block-gallery-3 is-layout-flex wp-block-gallery-is-layout-flex\"><ul class=\"blocks-gallery-grid\"><li class=\"blocks-gallery-item\"><figure><img loading=\"lazy\" decoding=\"async\" width=\"1024\" height=\"682\" src=\"https:\/\/www.unioviedo.es\/aei\/wp-content\/uploads\/2021\/10\/Ciechanow_Polonia-1024x682.jpeg\" alt=\"Coordinadores del proyecto Erasmus+ aei en Polonia\" data-id=\"2099\" data-full-url=\"https:\/\/www.unioviedo.es\/aei\/wp-content\/uploads\/2021\/10\/Ciechanow_Polonia.jpeg\" data-link=\"https:\/\/www.unioviedo.es\/aei\/ciechanow_polonia\/\" class=\"wp-image-2099\" srcset=\"https:\/\/www.unioviedo.es\/aei\/wp-content\/uploads\/2021\/10\/Ciechanow_Polonia-1024x682.jpeg 1024w, https:\/\/www.unioviedo.es\/aei\/wp-content\/uploads\/2021\/10\/Ciechanow_Polonia-300x200.jpeg 300w, https:\/\/www.unioviedo.es\/aei\/wp-content\/uploads\/2021\/10\/Ciechanow_Polonia-768x512.jpeg 768w, https:\/\/www.unioviedo.es\/aei\/wp-content\/uploads\/2021\/10\/Ciechanow_Polonia-1536x1023.jpeg 1536w, https:\/\/www.unioviedo.es\/aei\/wp-content\/uploads\/2021\/10\/Ciechanow_Polonia.jpeg 1600w\" sizes=\"auto, (max-width: 1024px) 100vw, 1024px\" \/><figcaption class=\"blocks-gallery-item__caption\">Coordinadores del proyecto Erasmus+ aei en Polonia<\/figcaption><\/figure><\/li><\/ul><\/figure>\n\n\n\n<figure class=\"wp-block-gallery columns-1 is-cropped wp-block-gallery-4 is-layout-flex wp-block-gallery-is-layout-flex\"><ul class=\"blocks-gallery-grid\"><li class=\"blocks-gallery-item\"><figure><img loading=\"lazy\" decoding=\"async\" width=\"1024\" height=\"765\" src=\"https:\/\/www.unioviedo.es\/aei\/wp-content\/uploads\/2022\/04\/Padua-Polonia.webp\" alt=\"\" data-id=\"2320\" data-full-url=\"https:\/\/www.unioviedo.es\/aei\/wp-content\/uploads\/2022\/04\/Padua-Polonia.webp\" data-link=\"https:\/\/www.unioviedo.es\/aei\/panstwowa-uczeinia-zawodowa-polonia\/padua-polonia\/\" class=\"wp-image-2320\" srcset=\"https:\/\/www.unioviedo.es\/aei\/wp-content\/uploads\/2022\/04\/Padua-Polonia.webp 1024w, https:\/\/www.unioviedo.es\/aei\/wp-content\/uploads\/2022\/04\/Padua-Polonia-300x224.webp 300w, https:\/\/www.unioviedo.es\/aei\/wp-content\/uploads\/2022\/04\/Padua-Polonia-768x574.webp 768w\" sizes=\"auto, (max-width: 1024px) 100vw, 1024px\" \/><figcaption class=\"blocks-gallery-item__caption\">Panstwowa Uczelnia Zawodowa en Padua (Italia)<\/figcaption><\/figure><\/li><\/ul><\/figure>\n\n\n\n<figure class=\"wp-block-gallery columns-1 is-cropped wp-block-gallery-5 is-layout-flex wp-block-gallery-is-layout-flex\"><ul class=\"blocks-gallery-grid\"><li class=\"blocks-gallery-item\"><figure><img loading=\"lazy\" decoding=\"async\" width=\"1024\" height=\"682\" src=\"https:\/\/www.unioviedo.es\/aei\/wp-content\/uploads\/2022\/05\/Equipo-polaco-en-Finlandia-1024x682.jpeg\" alt=\"Panstwowa Uczeinia Zawodowa en Borg\u00e5 (Finlandia)\" data-id=\"2469\" data-full-url=\"https:\/\/www.unioviedo.es\/aei\/wp-content\/uploads\/2022\/05\/Equipo-polaco-en-Finlandia.jpeg\" data-link=\"https:\/\/www.unioviedo.es\/aei\/equipo-polaco-en-finlandia\/\" class=\"wp-image-2469\" srcset=\"https:\/\/www.unioviedo.es\/aei\/wp-content\/uploads\/2022\/05\/Equipo-polaco-en-Finlandia-1024x682.jpeg 1024w, https:\/\/www.unioviedo.es\/aei\/wp-content\/uploads\/2022\/05\/Equipo-polaco-en-Finlandia-300x200.jpeg 300w, https:\/\/www.unioviedo.es\/aei\/wp-content\/uploads\/2022\/05\/Equipo-polaco-en-Finlandia-768x512.jpeg 768w, https:\/\/www.unioviedo.es\/aei\/wp-content\/uploads\/2022\/05\/Equipo-polaco-en-Finlandia-1536x1023.jpeg 1536w, https:\/\/www.unioviedo.es\/aei\/wp-content\/uploads\/2022\/05\/Equipo-polaco-en-Finlandia.jpeg 1600w\" sizes=\"auto, (max-width: 1024px) 100vw, 1024px\" \/><figcaption class=\"blocks-gallery-item__caption\">Panstwowa Uczelnia Zawodowa en Borg\u00e5 (Finlandia)<\/figcaption><\/figure><\/li><\/ul><\/figure>\n\n\n\n<figure class=\"wp-block-gallery columns-1 is-cropped wp-block-gallery-6 is-layout-flex wp-block-gallery-is-layout-flex\"><ul class=\"blocks-gallery-grid\"><li class=\"blocks-gallery-item\"><figure><img loading=\"lazy\" decoding=\"async\" width=\"1024\" height=\"766\" src=\"https:\/\/www.unioviedo.es\/aei\/wp-content\/uploads\/2022\/07\/2022_06-Polonia.webp\" alt=\"Panstwowa Uczelnia Zawodowa en Medina del Campo (Espa\u00f1a)\" data-id=\"2625\" data-full-url=\"https:\/\/www.unioviedo.es\/aei\/wp-content\/uploads\/2022\/07\/2022_06-Polonia.webp\" data-link=\"https:\/\/www.unioviedo.es\/aei\/2022_06-polonia\/\" class=\"wp-image-2625\" srcset=\"https:\/\/www.unioviedo.es\/aei\/wp-content\/uploads\/2022\/07\/2022_06-Polonia.webp 1024w, https:\/\/www.unioviedo.es\/aei\/wp-content\/uploads\/2022\/07\/2022_06-Polonia-300x224.webp 300w, https:\/\/www.unioviedo.es\/aei\/wp-content\/uploads\/2022\/07\/2022_06-Polonia-768x575.webp 768w\" sizes=\"auto, (max-width: 1024px) 100vw, 1024px\" \/><figcaption class=\"blocks-gallery-item__caption\">Panstwowa Uczelnia Zawodowa en Medina del Campo (Espa\u00f1a)<\/figcaption><\/figure><\/li><\/ul><\/figure>\n","protected":false},"excerpt":{"rendered":"<p>Acerca de &gt; Miembros &gt; Panstwowa Uczelnia Zawodowa puzim.edu.pl\/ \u00bfQui\u00e9nes somos? La Escuela Superior de Formaci\u00f3n Profesional del Estado en Ciechan\u00f3w &#8211; Panstwowa Wyzsza Szkola Zawodowa (PWSZ)- es una instituci\u00f3n estatal gratuita dedicada a la educaci\u00f3n y capacitaci\u00f3n profesional a&#8230; <a href=\"https:\/\/www.unioviedo.es\/aei\/panstwowa-uczelnia-zawodowa-polonia\/\" class=\"readmore\">Leer m\u00e1s<span class=\"screen-reader-text\">Panstwowa Uczelnia Zawodowa (Polonia)<\/span><span class=\"fa fa-angle-double-right\" aria-hidden=\"true\"><\/span><\/a><\/p>\n","protected":false},"author":1,"featured_media":0,"parent":0,"menu_order":0,"comment_status":"closed","ping_status":"closed","template":"","meta":{"footnotes":""},"class_list":["post-75","page","type-page","status-publish","hentry"],"_links":{"self":[{"href":"https:\/\/www.unioviedo.es\/aei\/wp-json\/wp\/v2\/pages\/75","targetHints":{"allow":["GET"]}}],"collection":[{"href":"https:\/\/www.unioviedo.es\/aei\/wp-json\/wp\/v2\/pages"}],"about":[{"href":"https:\/\/www.unioviedo.es\/aei\/wp-json\/wp\/v2\/types\/page"}],"author":[{"embeddable":true,"href":"https:\/\/www.unioviedo.es\/aei\/wp-json\/wp\/v2\/users\/1"}],"replies":[{"embeddable":true,"href":"https:\/\/www.unioviedo.es\/aei\/wp-json\/wp\/v2\/comments?post=75"}],"version-history":[{"count":0,"href":"https:\/\/www.unioviedo.es\/aei\/wp-json\/wp\/v2\/pages\/75\/revisions"}],"wp:attachment":[{"href":"https:\/\/www.unioviedo.es\/aei\/wp-json\/wp\/v2\/media?parent=75"}],"curies":[{"name":"wp","href":"https:\/\/api.w.org\/{rel}","templated":true}]}}