{"id":41,"date":"2025-03-15T11:11:50","date_gmt":"2025-03-15T10:11:50","guid":{"rendered":"https:\/\/www.unioviedo.es\/aema\/?page_id=41"},"modified":"2026-03-10T16:24:59","modified_gmt":"2026-03-10T15:24:59","slug":"inscripciones","status":"publish","type":"page","link":"https:\/\/www.unioviedo.es\/aema\/index.php\/inscripciones\/","title":{"rendered":"Inscripciones"},"content":{"rendered":"\n<p>Pod\u00e9is inscribiros a la asociaci\u00f3n rellenando el formulario que se encuentra <a href=\"https:\/\/docs.google.com\/forms\/d\/e\/1FAIpQLScgFAAYhN2AK_WzM4Tr13V2Glq_N_YsbeHQXmlVNfr54AgEeg\/viewform\" target=\"_blank\" rel=\"noreferrer noopener\">aqu\u00ed<\/a>.<\/p>\n\n\n\n<p>Cuota 2024\/25: 5 euros\/a\u00f1o.<\/p>\n\n\n\n<p>Inscipci\u00f3n conjunta ANEM-AEMA: 12 euros\/a\u00f1o.<\/p>\n\n\n\n<p><\/p>\n\n\n\n<figure class=\"wp-block-image alignleft size-full is-resized\"><img loading=\"lazy\" decoding=\"async\" width=\"800\" height=\"200\" src=\"https:\/\/www.unioviedo.es\/aema\/wp-content\/uploads\/2025\/03\/image.png\" alt=\"\" class=\"wp-image-53\" style=\"width:596px;height:auto\" srcset=\"https:\/\/www.unioviedo.es\/aema\/wp-content\/uploads\/2025\/03\/image.png 800w, https:\/\/www.unioviedo.es\/aema\/wp-content\/uploads\/2025\/03\/image-300x75.png 300w, https:\/\/www.unioviedo.es\/aema\/wp-content\/uploads\/2025\/03\/image-768x192.png 768w, https:\/\/www.unioviedo.es\/aema\/wp-content\/uploads\/2025\/03\/image-500x125.png 500w\" sizes=\"auto, (max-width: 800px) 100vw, 800px\" \/><\/figure>\n\n\n\n<p><\/p>\n\n\n\n<p><\/p>\n\n\n\n<p><\/p>\n\n\n\n<p><\/p>\n\n\n\n<p><\/p>\n","protected":false},"excerpt":{"rendered":"<p>Pod\u00e9is inscribiros a la asociaci\u00f3n rellenando el formulario que se encuentra aqu\u00ed. Cuota 2024\/25: 5 euros\/a\u00f1o. Inscipci\u00f3n conjunta ANEM-AEMA: 12<\/p>\n","protected":false},"author":1,"featured_media":0,"parent":0,"menu_order":4,"comment_status":"closed","ping_status":"closed","template":"","meta":{"_uag_custom_page_level_css":"","_vp_format_video_url":"","_vp_image_focal_point":[],"footnotes":""},"class_list":["post-41","page","type-page","status-publish","hentry"],"yoast_head":"<!-- This site is optimized with the Yoast SEO plugin v24.6 - https:\/\/yoast.com\/wordpress\/plugins\/seo\/ -->\n<title>Inscripciones - AEMA<\/title>\n<meta name=\"robots\" content=\"index, follow, max-snippet:-1, max-image-preview:large, max-video-preview:-1\" \/>\n<link rel=\"canonical\" href=\"https:\/\/www.unioviedo.es\/aema\/index.php\/inscripciones\/\" \/>\n<meta property=\"og:locale\" content=\"es_ES\" \/>\n<meta property=\"og:type\" content=\"article\" \/>\n<meta property=\"og:title\" content=\"Inscripciones - AEMA\" \/>\n<meta property=\"og:description\" content=\"Pod\u00e9is inscribiros a la asociaci\u00f3n rellenando el formulario que se encuentra aqu\u00ed. Cuota 2024\/25: 5 euros\/a\u00f1o. Inscipci\u00f3n conjunta ANEM-AEMA: 12\" \/>\n<meta property=\"og:url\" content=\"https:\/\/www.unioviedo.es\/aema\/index.php\/inscripciones\/\" \/>\n<meta property=\"og:site_name\" content=\"AEMA\" \/>\n<meta property=\"article:modified_time\" content=\"2026-03-10T15:24:59+00:00\" \/>\n<meta property=\"og:image\" content=\"https:\/\/www.unioviedo.es\/aema\/wp-content\/uploads\/2025\/03\/image.png\" \/>\n\t<meta property=\"og:image:width\" content=\"800\" \/>\n\t<meta property=\"og:image:height\" content=\"200\" \/>\n\t<meta property=\"og:image:type\" content=\"image\/png\" \/>\n<meta name=\"twitter:card\" content=\"summary_large_image\" \/>\n<meta name=\"twitter:label1\" content=\"Tiempo de lectura\" \/>\n\t<meta name=\"twitter:data1\" content=\"1 minuto\" \/>\n<script type=\"application\/ld+json\" class=\"yoast-schema-graph\">{\"@context\":\"https:\/\/schema.org\",\"@graph\":[{\"@type\":\"WebPage\",\"@id\":\"https:\/\/www.unioviedo.es\/aema\/index.php\/inscripciones\/\",\"url\":\"https:\/\/www.unioviedo.es\/aema\/index.php\/inscripciones\/\",\"name\":\"Inscripciones - AEMA\",\"isPartOf\":{\"@id\":\"https:\/\/www.unioviedo.es\/aema\/#website\"},\"primaryImageOfPage\":{\"@id\":\"https:\/\/www.unioviedo.es\/aema\/index.php\/inscripciones\/#primaryimage\"},\"image\":{\"@id\":\"https:\/\/www.unioviedo.es\/aema\/index.php\/inscripciones\/#primaryimage\"},\"thumbnailUrl\":\"https:\/\/www.unioviedo.es\/aema\/wp-content\/uploads\/2025\/03\/image.png\",\"datePublished\":\"2025-03-15T10:11:50+00:00\",\"dateModified\":\"2026-03-10T15:24:59+00:00\",\"breadcrumb\":{\"@id\":\"https:\/\/www.unioviedo.es\/aema\/index.php\/inscripciones\/#breadcrumb\"},\"inLanguage\":\"es\",\"potentialAction\":[{\"@type\":\"ReadAction\",\"target\":[\"https:\/\/www.unioviedo.es\/aema\/index.php\/inscripciones\/\"]}]},{\"@type\":\"ImageObject\",\"inLanguage\":\"es\",\"@id\":\"https:\/\/www.unioviedo.es\/aema\/index.php\/inscripciones\/#primaryimage\",\"url\":\"https:\/\/www.unioviedo.es\/aema\/wp-content\/uploads\/2025\/03\/image.png\",\"contentUrl\":\"https:\/\/www.unioviedo.es\/aema\/wp-content\/uploads\/2025\/03\/image.png\",\"width\":800,\"height\":200},{\"@type\":\"BreadcrumbList\",\"@id\":\"https:\/\/www.unioviedo.es\/aema\/index.php\/inscripciones\/#breadcrumb\",\"itemListElement\":[{\"@type\":\"ListItem\",\"position\":1,\"name\":\"Portada\",\"item\":\"https:\/\/www.unioviedo.es\/aema\/\"},{\"@type\":\"ListItem\",\"position\":2,\"name\":\"Inscripciones\"}]},{\"@type\":\"WebSite\",\"@id\":\"https:\/\/www.unioviedo.es\/aema\/#website\",\"url\":\"https:\/\/www.unioviedo.es\/aema\/\",\"name\":\"AEMA\",\"description\":\"Asociaci\u00f3n de Estudiantes de Matem\u00e1ticas de Asturias\",\"publisher\":{\"@id\":\"https:\/\/www.unioviedo.es\/aema\/#organization\"},\"potentialAction\":[{\"@type\":\"SearchAction\",\"target\":{\"@type\":\"EntryPoint\",\"urlTemplate\":\"https:\/\/www.unioviedo.es\/aema\/?s={search_term_string}\"},\"query-input\":{\"@type\":\"PropertyValueSpecification\",\"valueRequired\":true,\"valueName\":\"search_term_string\"}}],\"inLanguage\":\"es\"},{\"@type\":\"Organization\",\"@id\":\"https:\/\/www.unioviedo.es\/aema\/#organization\",\"name\":\"AEMA\",\"url\":\"https:\/\/www.unioviedo.es\/aema\/\",\"logo\":{\"@type\":\"ImageObject\",\"inLanguage\":\"es\",\"@id\":\"https:\/\/www.unioviedo.es\/aema\/#\/schema\/logo\/image\/\",\"url\":\"https:\/\/www.unioviedo.es\/aema\/wp-content\/uploads\/2025\/03\/cropped-AEMA-1.png\",\"contentUrl\":\"https:\/\/www.unioviedo.es\/aema\/wp-content\/uploads\/2025\/03\/cropped-AEMA-1.png\",\"width\":1236,\"height\":487,\"caption\":\"AEMA\"},\"image\":{\"@id\":\"https:\/\/www.unioviedo.es\/aema\/#\/schema\/logo\/image\/\"}}]}<\/script>\n<!-- \/ Yoast SEO plugin. -->","yoast_head_json":{"title":"Inscripciones - AEMA","robots":{"index":"index","follow":"follow","max-snippet":"max-snippet:-1","max-image-preview":"max-image-preview:large","max-video-preview":"max-video-preview:-1"},"canonical":"https:\/\/www.unioviedo.es\/aema\/index.php\/inscripciones\/","og_locale":"es_ES","og_type":"article","og_title":"Inscripciones - AEMA","og_description":"Pod\u00e9is inscribiros a la asociaci\u00f3n rellenando el formulario que se encuentra aqu\u00ed. Cuota 2024\/25: 5 euros\/a\u00f1o. Inscipci\u00f3n conjunta ANEM-AEMA: 12","og_url":"https:\/\/www.unioviedo.es\/aema\/index.php\/inscripciones\/","og_site_name":"AEMA","article_modified_time":"2026-03-10T15:24:59+00:00","og_image":[{"width":800,"height":200,"url":"https:\/\/www.unioviedo.es\/aema\/wp-content\/uploads\/2025\/03\/image.png","type":"image\/png"}],"twitter_card":"summary_large_image","twitter_misc":{"Tiempo de lectura":"1 minuto"},"schema":{"@context":"https:\/\/schema.org","@graph":[{"@type":"WebPage","@id":"https:\/\/www.unioviedo.es\/aema\/index.php\/inscripciones\/","url":"https:\/\/www.unioviedo.es\/aema\/index.php\/inscripciones\/","name":"Inscripciones - AEMA","isPartOf":{"@id":"https:\/\/www.unioviedo.es\/aema\/#website"},"primaryImageOfPage":{"@id":"https:\/\/www.unioviedo.es\/aema\/index.php\/inscripciones\/#primaryimage"},"image":{"@id":"https:\/\/www.unioviedo.es\/aema\/index.php\/inscripciones\/#primaryimage"},"thumbnailUrl":"https:\/\/www.unioviedo.es\/aema\/wp-content\/uploads\/2025\/03\/image.png","datePublished":"2025-03-15T10:11:50+00:00","dateModified":"2026-03-10T15:24:59+00:00","breadcrumb":{"@id":"https:\/\/www.unioviedo.es\/aema\/index.php\/inscripciones\/#breadcrumb"},"inLanguage":"es","potentialAction":[{"@type":"ReadAction","target":["https:\/\/www.unioviedo.es\/aema\/index.php\/inscripciones\/"]}]},{"@type":"ImageObject","inLanguage":"es","@id":"https:\/\/www.unioviedo.es\/aema\/index.php\/inscripciones\/#primaryimage","url":"https:\/\/www.unioviedo.es\/aema\/wp-content\/uploads\/2025\/03\/image.png","contentUrl":"https:\/\/www.unioviedo.es\/aema\/wp-content\/uploads\/2025\/03\/image.png","width":800,"height":200},{"@type":"BreadcrumbList","@id":"https:\/\/www.unioviedo.es\/aema\/index.php\/inscripciones\/#breadcrumb","itemListElement":[{"@type":"ListItem","position":1,"name":"Portada","item":"https:\/\/www.unioviedo.es\/aema\/"},{"@type":"ListItem","position":2,"name":"Inscripciones"}]},{"@type":"WebSite","@id":"https:\/\/www.unioviedo.es\/aema\/#website","url":"https:\/\/www.unioviedo.es\/aema\/","name":"AEMA","description":"Asociaci\u00f3n de Estudiantes de Matem\u00e1ticas de Asturias","publisher":{"@id":"https:\/\/www.unioviedo.es\/aema\/#organization"},"potentialAction":[{"@type":"SearchAction","target":{"@type":"EntryPoint","urlTemplate":"https:\/\/www.unioviedo.es\/aema\/?s={search_term_string}"},"query-input":{"@type":"PropertyValueSpecification","valueRequired":true,"valueName":"search_term_string"}}],"inLanguage":"es"},{"@type":"Organization","@id":"https:\/\/www.unioviedo.es\/aema\/#organization","name":"AEMA","url":"https:\/\/www.unioviedo.es\/aema\/","logo":{"@type":"ImageObject","inLanguage":"es","@id":"https:\/\/www.unioviedo.es\/aema\/#\/schema\/logo\/image\/","url":"https:\/\/www.unioviedo.es\/aema\/wp-content\/uploads\/2025\/03\/cropped-AEMA-1.png","contentUrl":"https:\/\/www.unioviedo.es\/aema\/wp-content\/uploads\/2025\/03\/cropped-AEMA-1.png","width":1236,"height":487,"caption":"AEMA"},"image":{"@id":"https:\/\/www.unioviedo.es\/aema\/#\/schema\/logo\/image\/"}}]}},"pbg_featured_image_src":{"full":false,"thumbnail":false,"medium":false,"medium_large":false,"large":false,"1536x1536":false,"2048x2048":false,"vp_sm":false,"vp_md":false,"vp_lg":false,"vp_xl":false,"vp_sm_popup":false,"vp_md_popup":false,"vp_xl_popup":false,"colormag-highlighted-post":false,"colormag-featured-post-medium":false,"colormag-featured-post-small":false,"colormag-featured-image":false,"colormag-default-news":false,"colormag-featured-image-large":false},"pbg_author_info":{"display_name":"admin","author_link":"https:\/\/www.unioviedo.es\/aema\/index.php\/author\/admin\/","author_img":"<img alt='admin' src='https:\/\/secure.gravatar.com\/avatar\/3cf48cf09f80eadcddf98fdbf8dd2e85e9c3ddbe5e133df47e545575fa53753c?s=128&#038;d=mm&#038;r=g' srcset='https:\/\/secure.gravatar.com\/avatar\/3cf48cf09f80eadcddf98fdbf8dd2e85e9c3ddbe5e133df47e545575fa53753c?s=256&#038;d=mm&#038;r=g 2x' class='avatar avatar-128 photo' height='128' width='128' loading='lazy' decoding='async'\/>"},"pbg_comment_info":" No Comments","pbg_excerpt":"Pod\u00e9is inscribiros a la asociaci\u00f3n rellenando el formulario que se encuentra aqu\u00ed. Cuota 2024\/25: 5 euros\/a\u00f1o. Inscipci\u00f3n conjunta ANEM-AEMA: 12","uagb_featured_image_src":{"full":false,"thumbnail":false,"medium":false,"medium_large":false,"large":false,"1536x1536":false,"2048x2048":false,"vp_sm":false,"vp_md":false,"vp_lg":false,"vp_xl":false,"vp_sm_popup":false,"vp_md_popup":false,"vp_xl_popup":false,"colormag-highlighted-post":false,"colormag-featured-post-medium":false,"colormag-featured-post-small":false,"colormag-featured-image":false,"colormag-default-news":false,"colormag-featured-image-large":false},"uagb_author_info":{"display_name":"admin","author_link":"https:\/\/www.unioviedo.es\/aema\/index.php\/author\/admin\/"},"uagb_comment_info":0,"uagb_excerpt":"Pod\u00e9is inscribiros a la asociaci\u00f3n rellenando el formulario que se encuentra aqu\u00ed. Cuota 2024\/25: 5 euros\/a\u00f1o. Inscipci\u00f3n conjunta ANEM-AEMA: 12","jetpack_sharing_enabled":true,"_links":{"self":[{"href":"https:\/\/www.unioviedo.es\/aema\/index.php\/wp-json\/wp\/v2\/pages\/41","targetHints":{"allow":["GET"]}}],"collection":[{"href":"https:\/\/www.unioviedo.es\/aema\/index.php\/wp-json\/wp\/v2\/pages"}],"about":[{"href":"https:\/\/www.unioviedo.es\/aema\/index.php\/wp-json\/wp\/v2\/types\/page"}],"author":[{"embeddable":true,"href":"https:\/\/www.unioviedo.es\/aema\/index.php\/wp-json\/wp\/v2\/users\/1"}],"replies":[{"embeddable":true,"href":"https:\/\/www.unioviedo.es\/aema\/index.php\/wp-json\/wp\/v2\/comments?post=41"}],"version-history":[{"count":10,"href":"https:\/\/www.unioviedo.es\/aema\/index.php\/wp-json\/wp\/v2\/pages\/41\/revisions"}],"predecessor-version":[{"id":240,"href":"https:\/\/www.unioviedo.es\/aema\/index.php\/wp-json\/wp\/v2\/pages\/41\/revisions\/240"}],"wp:attachment":[{"href":"https:\/\/www.unioviedo.es\/aema\/index.php\/wp-json\/wp\/v2\/media?parent=41"}],"curies":[{"name":"wp","href":"https:\/\/api.w.org\/{rel}","templated":true}]}}